{"id":809,"date":"2023-02-21T19:52:54","date_gmt":"2023-02-21T19:52:54","guid":{"rendered":"https:\/\/www.nbscett.nb.ca\/?page_id=809"},"modified":"2023-02-21T19:53:25","modified_gmt":"2023-02-21T19:53:25","slug":"loi-sur-les-techniques-du-genie","status":"publish","type":"page","link":"https:\/\/www.nbscett.nb.ca\/fr\/membres\/loi-sur-les-techniques-du-genie\/","title":{"rendered":"Loi sur les techniques du g\u00e9nie"},"content":{"rendered":"<div class=\"wpb-content-wrapper\"><p>[vc_row][vc_column][vc_column_text]<\/p>\n<h3>T\u00e9l\u00e9charger un version PDF de la\u00a0<a href=\"\/wp-content\/uploads\/2023\/02\/NBSCETT-French-Act-CONSOLIDATED.pdf\" target=\"_blank\" rel=\"noopener\">Loi sur les techniques du g\u00e9nie<\/a><\/h3>\n<p>** \u00c0 noter qu&rsquo;il vous faut le lecteur PDF pour pouvoir lire ces fichiers ** <a href=\"http:\/\/www.adobe.com\/products\/acrobat\/readstep.html\" target=\"_blank\" rel=\"noopener noreferrer\">http:\/\/www.adobe.com\/products\/acrobat\/readstep.html<\/a>[\/vc_column_text][\/vc_column][\/vc_row]<\/p>\n<\/div>","protected":false},"excerpt":{"rendered":"<p>[vc_row][vc_column][vc_column_text] T\u00e9l\u00e9charger un version PDF de la\u00a0Loi sur les techniques du g\u00e9nie ** \u00c0 noter qu&rsquo;il vous faut le lecteur PDF pour pouvoir lire ces fichiers ** http:\/\/www.adobe.com\/products\/acrobat\/readstep.html[\/vc_column_text][\/vc_column][\/vc_row]<\/p>\n","protected":false},"author":2,"featured_media":0,"parent":343,"menu_order":15,"comment_status":"closed","ping_status":"closed","template":"","meta":{"footnotes":""},"class_list":["post-809","page","type-page","status-publish","hentry"],"yoast_head":"<!-- This site is optimized with the Yoast SEO plugin v26.7 - https:\/\/yoast.com\/wordpress\/plugins\/seo\/ -->\n<title>Loi sur les techniques du g\u00e9nie - SttagN-B<\/title>\n<meta name=\"robots\" content=\"index, follow, max-snippet:-1, max-image-preview:large, max-video-preview:-1\" \/>\n<link rel=\"canonical\" href=\"https:\/\/www.nbscett.nb.ca\/en\/members\/cet-liability-insurance\/\" \/>\n<meta property=\"og:locale\" content=\"fr_FR\" \/>\n<meta property=\"og:type\" content=\"article\" \/>\n<meta property=\"og:title\" content=\"Loi sur les techniques du g\u00e9nie - SttagN-B\" \/>\n<meta property=\"og:description\" content=\"[vc_row][vc_column][vc_column_text] T\u00e9l\u00e9charger un version PDF de la\u00a0Loi sur les techniques du g\u00e9nie ** \u00c0 noter qu&rsquo;il vous faut le lecteur PDF pour pouvoir lire ces fichiers ** http:\/\/www.adobe.com\/products\/acrobat\/readstep.html[\/vc_column_text][\/vc_column][\/vc_row]\" \/>\n<meta property=\"og:url\" content=\"https:\/\/www.nbscett.nb.ca\/en\/members\/cet-liability-insurance\/\" \/>\n<meta property=\"og:site_name\" content=\"SttagN-B\" \/>\n<meta property=\"article:modified_time\" content=\"2023-02-21T19:53:25+00:00\" \/>\n<meta name=\"twitter:card\" content=\"summary_large_image\" \/>\n<script type=\"application\/ld+json\" class=\"yoast-schema-graph\">{\"@context\":\"https:\/\/schema.org\",\"@graph\":[{\"@type\":\"WebPage\",\"@id\":\"https:\/\/www.nbscett.nb.ca\/en\/members\/cet-liability-insurance\/\",\"url\":\"https:\/\/www.nbscett.nb.ca\/en\/members\/cet-liability-insurance\/\",\"name\":\"Loi sur les techniques du g\u00e9nie - SttagN-B\",\"isPartOf\":{\"@id\":\"https:\/\/www.nbscett.nb.ca\/en\/#website\"},\"datePublished\":\"2023-02-21T19:52:54+00:00\",\"dateModified\":\"2023-02-21T19:53:25+00:00\",\"breadcrumb\":{\"@id\":\"https:\/\/www.nbscett.nb.ca\/en\/members\/cet-liability-insurance\/#breadcrumb\"},\"inLanguage\":\"fr-FR\",\"potentialAction\":[{\"@type\":\"ReadAction\",\"target\":[\"https:\/\/www.nbscett.nb.ca\/en\/members\/cet-liability-insurance\/\"]}]},{\"@type\":\"BreadcrumbList\",\"@id\":\"https:\/\/www.nbscett.nb.ca\/en\/members\/cet-liability-insurance\/#breadcrumb\",\"itemListElement\":[{\"@type\":\"ListItem\",\"position\":1,\"name\":\"home\",\"item\":\"https:\/\/www.nbscett.nb.ca\/fr\/\"},{\"@type\":\"ListItem\",\"position\":2,\"name\":\"Membres\",\"item\":\"https:\/\/www.nbscett.nb.ca\/fr\/membres\/\"},{\"@type\":\"ListItem\",\"position\":3,\"name\":\"Loi sur les techniques du g\u00e9nie\"}]},{\"@type\":\"WebSite\",\"@id\":\"https:\/\/www.nbscett.nb.ca\/en\/#website\",\"url\":\"https:\/\/www.nbscett.nb.ca\/en\/\",\"name\":\"SttagN-B\",\"description\":\"\",\"potentialAction\":[{\"@type\":\"SearchAction\",\"target\":{\"@type\":\"EntryPoint\",\"urlTemplate\":\"https:\/\/www.nbscett.nb.ca\/en\/?s={search_term_string}\"},\"query-input\":{\"@type\":\"PropertyValueSpecification\",\"valueRequired\":true,\"valueName\":\"search_term_string\"}}],\"inLanguage\":\"fr-FR\"}]}<\/script>\n<!-- \/ Yoast SEO plugin. -->","yoast_head_json":{"title":"Loi sur les techniques du g\u00e9nie - SttagN-B","robots":{"index":"index","follow":"follow","max-snippet":"max-snippet:-1","max-image-preview":"max-image-preview:large","max-video-preview":"max-video-preview:-1"},"canonical":"https:\/\/www.nbscett.nb.ca\/en\/members\/cet-liability-insurance\/","og_locale":"fr_FR","og_type":"article","og_title":"Loi sur les techniques du g\u00e9nie - SttagN-B","og_description":"[vc_row][vc_column][vc_column_text] T\u00e9l\u00e9charger un version PDF de la\u00a0Loi sur les techniques du g\u00e9nie ** \u00c0 noter qu&rsquo;il vous faut le lecteur PDF pour pouvoir lire ces fichiers ** http:\/\/www.adobe.com\/products\/acrobat\/readstep.html[\/vc_column_text][\/vc_column][\/vc_row]","og_url":"https:\/\/www.nbscett.nb.ca\/en\/members\/cet-liability-insurance\/","og_site_name":"SttagN-B","article_modified_time":"2023-02-21T19:53:25+00:00","twitter_card":"summary_large_image","schema":{"@context":"https:\/\/schema.org","@graph":[{"@type":"WebPage","@id":"https:\/\/www.nbscett.nb.ca\/en\/members\/cet-liability-insurance\/","url":"https:\/\/www.nbscett.nb.ca\/en\/members\/cet-liability-insurance\/","name":"Loi sur les techniques du g\u00e9nie - SttagN-B","isPartOf":{"@id":"https:\/\/www.nbscett.nb.ca\/en\/#website"},"datePublished":"2023-02-21T19:52:54+00:00","dateModified":"2023-02-21T19:53:25+00:00","breadcrumb":{"@id":"https:\/\/www.nbscett.nb.ca\/en\/members\/cet-liability-insurance\/#breadcrumb"},"inLanguage":"fr-FR","potentialAction":[{"@type":"ReadAction","target":["https:\/\/www.nbscett.nb.ca\/en\/members\/cet-liability-insurance\/"]}]},{"@type":"BreadcrumbList","@id":"https:\/\/www.nbscett.nb.ca\/en\/members\/cet-liability-insurance\/#breadcrumb","itemListElement":[{"@type":"ListItem","position":1,"name":"home","item":"https:\/\/www.nbscett.nb.ca\/fr\/"},{"@type":"ListItem","position":2,"name":"Membres","item":"https:\/\/www.nbscett.nb.ca\/fr\/membres\/"},{"@type":"ListItem","position":3,"name":"Loi sur les techniques du g\u00e9nie"}]},{"@type":"WebSite","@id":"https:\/\/www.nbscett.nb.ca\/en\/#website","url":"https:\/\/www.nbscett.nb.ca\/en\/","name":"SttagN-B","description":"","potentialAction":[{"@type":"SearchAction","target":{"@type":"EntryPoint","urlTemplate":"https:\/\/www.nbscett.nb.ca\/en\/?s={search_term_string}"},"query-input":{"@type":"PropertyValueSpecification","valueRequired":true,"valueName":"search_term_string"}}],"inLanguage":"fr-FR"}]}},"_links":{"self":[{"href":"https:\/\/www.nbscett.nb.ca\/fr\/wp-json\/wp\/v2\/pages\/809","targetHints":{"allow":["GET"]}}],"collection":[{"href":"https:\/\/www.nbscett.nb.ca\/fr\/wp-json\/wp\/v2\/pages"}],"about":[{"href":"https:\/\/www.nbscett.nb.ca\/fr\/wp-json\/wp\/v2\/types\/page"}],"author":[{"embeddable":true,"href":"https:\/\/www.nbscett.nb.ca\/fr\/wp-json\/wp\/v2\/users\/2"}],"replies":[{"embeddable":true,"href":"https:\/\/www.nbscett.nb.ca\/fr\/wp-json\/wp\/v2\/comments?post=809"}],"version-history":[{"count":0,"href":"https:\/\/www.nbscett.nb.ca\/fr\/wp-json\/wp\/v2\/pages\/809\/revisions"}],"up":[{"embeddable":true,"href":"https:\/\/www.nbscett.nb.ca\/fr\/wp-json\/wp\/v2\/pages\/343"}],"wp:attachment":[{"href":"https:\/\/www.nbscett.nb.ca\/fr\/wp-json\/wp\/v2\/media?parent=809"}],"curies":[{"name":"wp","href":"https:\/\/api.w.org\/{rel}","templated":true}]}}