{"id":729,"date":"2019-05-14T13:25:15","date_gmt":"2019-05-14T13:25:15","guid":{"rendered":"https:\/\/nbscettdev.wpengine.com\/demande-dinscription-a-titre-de-stagiaire-diplome-en-technologie\/merci\/"},"modified":"2019-11-07T17:53:56","modified_gmt":"2019-11-07T17:53:56","slug":"confirmation","status":"publish","type":"page","link":"https:\/\/www.nbscett.nb.ca\/fr\/demande-dinscription-a-titre-de-stagiaire-diplome-en-technologie\/confirmation\/","title":{"rendered":"Merci"},"content":{"rendered":"<p><span style=\"font-weight: 400;\">Merci pour votre candidature. Une fois le paiement trait\u00e9, vous recevrez un courriel avec un re\u00e7u, une lettre de confirmation et des informations compl\u00e9mentaires.<\/span><\/p>\n","protected":false},"excerpt":{"rendered":"<p>Merci pour votre candidature. Une fois le paiement trait\u00e9, vous recevrez un courriel avec un re\u00e7u, une lettre de confirmation et des informations compl\u00e9mentaires.<\/p>\n","protected":false},"author":2,"featured_media":0,"parent":776,"menu_order":0,"comment_status":"closed","ping_status":"closed","template":"","meta":{"footnotes":""},"class_list":["post-729","page","type-page","status-publish","hentry"],"yoast_head":"<!-- This site is optimized with the Yoast SEO plugin v26.7 - https:\/\/yoast.com\/wordpress\/plugins\/seo\/ -->\n<title>Merci - SttagN-B<\/title>\n<meta name=\"robots\" content=\"index, follow, max-snippet:-1, max-image-preview:large, max-video-preview:-1\" \/>\n<link rel=\"canonical\" href=\"https:\/\/www.nbscett.nb.ca\/fr\/demande-dinscription-a-titre-de-stagiaire-diplome-en-technologie\/confirmation\/\" \/>\n<meta property=\"og:locale\" content=\"fr_FR\" \/>\n<meta property=\"og:type\" content=\"article\" \/>\n<meta property=\"og:title\" content=\"Merci - SttagN-B\" \/>\n<meta property=\"og:description\" content=\"Merci pour votre candidature. Une fois le paiement trait\u00e9, vous recevrez un courriel avec un re\u00e7u, une lettre de confirmation et des informations compl\u00e9mentaires.\" \/>\n<meta property=\"og:url\" content=\"https:\/\/www.nbscett.nb.ca\/fr\/demande-dinscription-a-titre-de-stagiaire-diplome-en-technologie\/confirmation\/\" \/>\n<meta property=\"og:site_name\" content=\"SttagN-B\" \/>\n<meta property=\"article:modified_time\" content=\"2019-11-07T17:53:56+00:00\" \/>\n<meta name=\"twitter:card\" content=\"summary_large_image\" \/>\n<script type=\"application\/ld+json\" class=\"yoast-schema-graph\">{\"@context\":\"https:\/\/schema.org\",\"@graph\":[{\"@type\":\"WebPage\",\"@id\":\"https:\/\/www.nbscett.nb.ca\/fr\/demande-dinscription-a-titre-de-stagiaire-diplome-en-technologie\/confirmation\/\",\"url\":\"https:\/\/www.nbscett.nb.ca\/fr\/demande-dinscription-a-titre-de-stagiaire-diplome-en-technologie\/confirmation\/\",\"name\":\"Merci - SttagN-B\",\"isPartOf\":{\"@id\":\"https:\/\/www.nbscett.nb.ca\/en\/#website\"},\"datePublished\":\"2019-05-14T13:25:15+00:00\",\"dateModified\":\"2019-11-07T17:53:56+00:00\",\"breadcrumb\":{\"@id\":\"https:\/\/www.nbscett.nb.ca\/fr\/demande-dinscription-a-titre-de-stagiaire-diplome-en-technologie\/confirmation\/#breadcrumb\"},\"inLanguage\":\"fr-FR\",\"potentialAction\":[{\"@type\":\"ReadAction\",\"target\":[\"https:\/\/www.nbscett.nb.ca\/fr\/demande-dinscription-a-titre-de-stagiaire-diplome-en-technologie\/confirmation\/\"]}]},{\"@type\":\"BreadcrumbList\",\"@id\":\"https:\/\/www.nbscett.nb.ca\/fr\/demande-dinscription-a-titre-de-stagiaire-diplome-en-technologie\/confirmation\/#breadcrumb\",\"itemListElement\":[{\"@type\":\"ListItem\",\"position\":1,\"name\":\"home\",\"item\":\"https:\/\/www.nbscett.nb.ca\/fr\/\"},{\"@type\":\"ListItem\",\"position\":2,\"name\":\"Demande d\u2019inscription \u00e0 titre de : Stagiaire dipl\u00f4m\u00e9 en technologie\",\"item\":\"https:\/\/www.nbscett.nb.ca\/fr\/demande-dinscription-a-titre-de-stagiaire-diplome-en-technologie\/\"},{\"@type\":\"ListItem\",\"position\":3,\"name\":\"Merci\"}]},{\"@type\":\"WebSite\",\"@id\":\"https:\/\/www.nbscett.nb.ca\/en\/#website\",\"url\":\"https:\/\/www.nbscett.nb.ca\/en\/\",\"name\":\"SttagN-B\",\"description\":\"\",\"potentialAction\":[{\"@type\":\"SearchAction\",\"target\":{\"@type\":\"EntryPoint\",\"urlTemplate\":\"https:\/\/www.nbscett.nb.ca\/en\/?s={search_term_string}\"},\"query-input\":{\"@type\":\"PropertyValueSpecification\",\"valueRequired\":true,\"valueName\":\"search_term_string\"}}],\"inLanguage\":\"fr-FR\"}]}<\/script>\n<!-- \/ Yoast SEO plugin. -->","yoast_head_json":{"title":"Merci - SttagN-B","robots":{"index":"index","follow":"follow","max-snippet":"max-snippet:-1","max-image-preview":"max-image-preview:large","max-video-preview":"max-video-preview:-1"},"canonical":"https:\/\/www.nbscett.nb.ca\/fr\/demande-dinscription-a-titre-de-stagiaire-diplome-en-technologie\/confirmation\/","og_locale":"fr_FR","og_type":"article","og_title":"Merci - SttagN-B","og_description":"Merci pour votre candidature. Une fois le paiement trait\u00e9, vous recevrez un courriel avec un re\u00e7u, une lettre de confirmation et des informations compl\u00e9mentaires.","og_url":"https:\/\/www.nbscett.nb.ca\/fr\/demande-dinscription-a-titre-de-stagiaire-diplome-en-technologie\/confirmation\/","og_site_name":"SttagN-B","article_modified_time":"2019-11-07T17:53:56+00:00","twitter_card":"summary_large_image","schema":{"@context":"https:\/\/schema.org","@graph":[{"@type":"WebPage","@id":"https:\/\/www.nbscett.nb.ca\/fr\/demande-dinscription-a-titre-de-stagiaire-diplome-en-technologie\/confirmation\/","url":"https:\/\/www.nbscett.nb.ca\/fr\/demande-dinscription-a-titre-de-stagiaire-diplome-en-technologie\/confirmation\/","name":"Merci - SttagN-B","isPartOf":{"@id":"https:\/\/www.nbscett.nb.ca\/en\/#website"},"datePublished":"2019-05-14T13:25:15+00:00","dateModified":"2019-11-07T17:53:56+00:00","breadcrumb":{"@id":"https:\/\/www.nbscett.nb.ca\/fr\/demande-dinscription-a-titre-de-stagiaire-diplome-en-technologie\/confirmation\/#breadcrumb"},"inLanguage":"fr-FR","potentialAction":[{"@type":"ReadAction","target":["https:\/\/www.nbscett.nb.ca\/fr\/demande-dinscription-a-titre-de-stagiaire-diplome-en-technologie\/confirmation\/"]}]},{"@type":"BreadcrumbList","@id":"https:\/\/www.nbscett.nb.ca\/fr\/demande-dinscription-a-titre-de-stagiaire-diplome-en-technologie\/confirmation\/#breadcrumb","itemListElement":[{"@type":"ListItem","position":1,"name":"home","item":"https:\/\/www.nbscett.nb.ca\/fr\/"},{"@type":"ListItem","position":2,"name":"Demande d\u2019inscription \u00e0 titre de : Stagiaire dipl\u00f4m\u00e9 en technologie","item":"https:\/\/www.nbscett.nb.ca\/fr\/demande-dinscription-a-titre-de-stagiaire-diplome-en-technologie\/"},{"@type":"ListItem","position":3,"name":"Merci"}]},{"@type":"WebSite","@id":"https:\/\/www.nbscett.nb.ca\/en\/#website","url":"https:\/\/www.nbscett.nb.ca\/en\/","name":"SttagN-B","description":"","potentialAction":[{"@type":"SearchAction","target":{"@type":"EntryPoint","urlTemplate":"https:\/\/www.nbscett.nb.ca\/en\/?s={search_term_string}"},"query-input":{"@type":"PropertyValueSpecification","valueRequired":true,"valueName":"search_term_string"}}],"inLanguage":"fr-FR"}]}},"_links":{"self":[{"href":"https:\/\/www.nbscett.nb.ca\/fr\/wp-json\/wp\/v2\/pages\/729","targetHints":{"allow":["GET"]}}],"collection":[{"href":"https:\/\/www.nbscett.nb.ca\/fr\/wp-json\/wp\/v2\/pages"}],"about":[{"href":"https:\/\/www.nbscett.nb.ca\/fr\/wp-json\/wp\/v2\/types\/page"}],"author":[{"embeddable":true,"href":"https:\/\/www.nbscett.nb.ca\/fr\/wp-json\/wp\/v2\/users\/2"}],"replies":[{"embeddable":true,"href":"https:\/\/www.nbscett.nb.ca\/fr\/wp-json\/wp\/v2\/comments?post=729"}],"version-history":[{"count":0,"href":"https:\/\/www.nbscett.nb.ca\/fr\/wp-json\/wp\/v2\/pages\/729\/revisions"}],"up":[{"embeddable":true,"href":"https:\/\/www.nbscett.nb.ca\/fr\/wp-json\/wp\/v2\/pages\/776"}],"wp:attachment":[{"href":"https:\/\/www.nbscett.nb.ca\/fr\/wp-json\/wp\/v2\/media?parent=729"}],"curies":[{"name":"wp","href":"https:\/\/api.w.org\/{rel}","templated":true}]}}