{"id":716,"date":"2019-04-29T13:38:12","date_gmt":"2019-04-29T13:38:12","guid":{"rendered":"http:\/\/nbscettdev.wpengine.com\/demande-dinscription-ou-de-reclassement\/confirmation\/"},"modified":"2025-07-29T18:22:47","modified_gmt":"2025-07-29T18:22:47","slug":"confirmation","status":"publish","type":"page","link":"https:\/\/www.nbscett.nb.ca\/fr\/demande-dinscription-ou-de-reclassement\/confirmation\/","title":{"rendered":"Merci"},"content":{"rendered":"<p>Merci d&rsquo;avoir soumis votre demande. Notre adjointe administrative, Rylee, vous contactera sous peu pour vous informer des prochaines \u00e9tapes du processus de certification. Si vous n&rsquo;avez pas re\u00e7u de courriel dans les deux semaines suivant votre candidature, n&rsquo;h\u00e9sitez pas \u00e0 contacter notre bureau au <a href=\"tel:1-506-454-6124\">506-454-6124<\/a>.<\/p>\n","protected":false},"excerpt":{"rendered":"<p>Merci d&rsquo;avoir soumis votre demande. Notre adjointe administrative, Rylee, vous contactera sous peu pour vous informer des prochaines \u00e9tapes du processus de certification. Si vous n&rsquo;avez pas re\u00e7u de courriel dans les deux semaines suivant votre candidature, n&rsquo;h\u00e9sitez pas \u00e0 contacter notre bureau au 506-454-6124.<\/p>\n","protected":false},"author":2,"featured_media":0,"parent":712,"menu_order":-1,"comment_status":"closed","ping_status":"closed","template":"","meta":{"footnotes":""},"class_list":["post-716","page","type-page","status-publish","hentry"],"yoast_head":"<!-- This site is optimized with the Yoast SEO plugin v26.7 - https:\/\/yoast.com\/wordpress\/plugins\/seo\/ -->\n<title>Merci - SttagN-B<\/title>\n<meta name=\"robots\" content=\"index, follow, max-snippet:-1, max-image-preview:large, max-video-preview:-1\" \/>\n<link rel=\"canonical\" href=\"https:\/\/www.nbscett.nb.ca\/fr\/demande-dinscription-ou-de-reclassement\/confirmation\/\" \/>\n<meta property=\"og:locale\" content=\"fr_FR\" \/>\n<meta property=\"og:type\" content=\"article\" \/>\n<meta property=\"og:title\" content=\"Merci - SttagN-B\" \/>\n<meta property=\"og:description\" content=\"Merci d&rsquo;avoir soumis votre demande. Notre adjointe administrative, Rylee, vous contactera sous peu pour vous informer des prochaines \u00e9tapes du processus de certification. Si vous n&rsquo;avez pas re\u00e7u de courriel dans les deux semaines suivant votre candidature, n&rsquo;h\u00e9sitez pas \u00e0 contacter notre bureau au 506-454-6124.\" \/>\n<meta property=\"og:url\" content=\"https:\/\/www.nbscett.nb.ca\/fr\/demande-dinscription-ou-de-reclassement\/confirmation\/\" \/>\n<meta property=\"og:site_name\" content=\"SttagN-B\" \/>\n<meta property=\"article:modified_time\" content=\"2025-07-29T18:22:47+00:00\" \/>\n<meta name=\"twitter:card\" content=\"summary_large_image\" \/>\n<meta name=\"twitter:label1\" content=\"Dur\u00e9e de lecture estim\u00e9e\" \/>\n\t<meta name=\"twitter:data1\" content=\"1 minute\" \/>\n<script type=\"application\/ld+json\" class=\"yoast-schema-graph\">{\"@context\":\"https:\/\/schema.org\",\"@graph\":[{\"@type\":\"WebPage\",\"@id\":\"https:\/\/www.nbscett.nb.ca\/fr\/demande-dinscription-ou-de-reclassement\/confirmation\/\",\"url\":\"https:\/\/www.nbscett.nb.ca\/fr\/demande-dinscription-ou-de-reclassement\/confirmation\/\",\"name\":\"Merci - SttagN-B\",\"isPartOf\":{\"@id\":\"https:\/\/www.nbscett.nb.ca\/en\/#website\"},\"datePublished\":\"2019-04-29T13:38:12+00:00\",\"dateModified\":\"2025-07-29T18:22:47+00:00\",\"breadcrumb\":{\"@id\":\"https:\/\/www.nbscett.nb.ca\/fr\/demande-dinscription-ou-de-reclassement\/confirmation\/#breadcrumb\"},\"inLanguage\":\"fr-FR\",\"potentialAction\":[{\"@type\":\"ReadAction\",\"target\":[\"https:\/\/www.nbscett.nb.ca\/fr\/demande-dinscription-ou-de-reclassement\/confirmation\/\"]}]},{\"@type\":\"BreadcrumbList\",\"@id\":\"https:\/\/www.nbscett.nb.ca\/fr\/demande-dinscription-ou-de-reclassement\/confirmation\/#breadcrumb\",\"itemListElement\":[{\"@type\":\"ListItem\",\"position\":1,\"name\":\"home\",\"item\":\"https:\/\/www.nbscett.nb.ca\/fr\/\"},{\"@type\":\"ListItem\",\"position\":2,\"name\":\"Demande d\u2019inscription ou de reclassement\",\"item\":\"https:\/\/www.nbscett.nb.ca\/fr\/demande-dinscription-ou-de-reclassement\/\"},{\"@type\":\"ListItem\",\"position\":3,\"name\":\"Merci\"}]},{\"@type\":\"WebSite\",\"@id\":\"https:\/\/www.nbscett.nb.ca\/en\/#website\",\"url\":\"https:\/\/www.nbscett.nb.ca\/en\/\",\"name\":\"SttagN-B\",\"description\":\"\",\"potentialAction\":[{\"@type\":\"SearchAction\",\"target\":{\"@type\":\"EntryPoint\",\"urlTemplate\":\"https:\/\/www.nbscett.nb.ca\/en\/?s={search_term_string}\"},\"query-input\":{\"@type\":\"PropertyValueSpecification\",\"valueRequired\":true,\"valueName\":\"search_term_string\"}}],\"inLanguage\":\"fr-FR\"}]}<\/script>\n<!-- \/ Yoast SEO plugin. -->","yoast_head_json":{"title":"Merci - SttagN-B","robots":{"index":"index","follow":"follow","max-snippet":"max-snippet:-1","max-image-preview":"max-image-preview:large","max-video-preview":"max-video-preview:-1"},"canonical":"https:\/\/www.nbscett.nb.ca\/fr\/demande-dinscription-ou-de-reclassement\/confirmation\/","og_locale":"fr_FR","og_type":"article","og_title":"Merci - SttagN-B","og_description":"Merci d&rsquo;avoir soumis votre demande. Notre adjointe administrative, Rylee, vous contactera sous peu pour vous informer des prochaines \u00e9tapes du processus de certification. Si vous n&rsquo;avez pas re\u00e7u de courriel dans les deux semaines suivant votre candidature, n&rsquo;h\u00e9sitez pas \u00e0 contacter notre bureau au 506-454-6124.","og_url":"https:\/\/www.nbscett.nb.ca\/fr\/demande-dinscription-ou-de-reclassement\/confirmation\/","og_site_name":"SttagN-B","article_modified_time":"2025-07-29T18:22:47+00:00","twitter_card":"summary_large_image","twitter_misc":{"Dur\u00e9e de lecture estim\u00e9e":"1 minute"},"schema":{"@context":"https:\/\/schema.org","@graph":[{"@type":"WebPage","@id":"https:\/\/www.nbscett.nb.ca\/fr\/demande-dinscription-ou-de-reclassement\/confirmation\/","url":"https:\/\/www.nbscett.nb.ca\/fr\/demande-dinscription-ou-de-reclassement\/confirmation\/","name":"Merci - SttagN-B","isPartOf":{"@id":"https:\/\/www.nbscett.nb.ca\/en\/#website"},"datePublished":"2019-04-29T13:38:12+00:00","dateModified":"2025-07-29T18:22:47+00:00","breadcrumb":{"@id":"https:\/\/www.nbscett.nb.ca\/fr\/demande-dinscription-ou-de-reclassement\/confirmation\/#breadcrumb"},"inLanguage":"fr-FR","potentialAction":[{"@type":"ReadAction","target":["https:\/\/www.nbscett.nb.ca\/fr\/demande-dinscription-ou-de-reclassement\/confirmation\/"]}]},{"@type":"BreadcrumbList","@id":"https:\/\/www.nbscett.nb.ca\/fr\/demande-dinscription-ou-de-reclassement\/confirmation\/#breadcrumb","itemListElement":[{"@type":"ListItem","position":1,"name":"home","item":"https:\/\/www.nbscett.nb.ca\/fr\/"},{"@type":"ListItem","position":2,"name":"Demande d\u2019inscription ou de reclassement","item":"https:\/\/www.nbscett.nb.ca\/fr\/demande-dinscription-ou-de-reclassement\/"},{"@type":"ListItem","position":3,"name":"Merci"}]},{"@type":"WebSite","@id":"https:\/\/www.nbscett.nb.ca\/en\/#website","url":"https:\/\/www.nbscett.nb.ca\/en\/","name":"SttagN-B","description":"","potentialAction":[{"@type":"SearchAction","target":{"@type":"EntryPoint","urlTemplate":"https:\/\/www.nbscett.nb.ca\/en\/?s={search_term_string}"},"query-input":{"@type":"PropertyValueSpecification","valueRequired":true,"valueName":"search_term_string"}}],"inLanguage":"fr-FR"}]}},"_links":{"self":[{"href":"https:\/\/www.nbscett.nb.ca\/fr\/wp-json\/wp\/v2\/pages\/716","targetHints":{"allow":["GET"]}}],"collection":[{"href":"https:\/\/www.nbscett.nb.ca\/fr\/wp-json\/wp\/v2\/pages"}],"about":[{"href":"https:\/\/www.nbscett.nb.ca\/fr\/wp-json\/wp\/v2\/types\/page"}],"author":[{"embeddable":true,"href":"https:\/\/www.nbscett.nb.ca\/fr\/wp-json\/wp\/v2\/users\/2"}],"replies":[{"embeddable":true,"href":"https:\/\/www.nbscett.nb.ca\/fr\/wp-json\/wp\/v2\/comments?post=716"}],"version-history":[{"count":0,"href":"https:\/\/www.nbscett.nb.ca\/fr\/wp-json\/wp\/v2\/pages\/716\/revisions"}],"up":[{"embeddable":true,"href":"https:\/\/www.nbscett.nb.ca\/fr\/wp-json\/wp\/v2\/pages\/712"}],"wp:attachment":[{"href":"https:\/\/www.nbscett.nb.ca\/fr\/wp-json\/wp\/v2\/media?parent=716"}],"curies":[{"name":"wp","href":"https:\/\/api.w.org\/{rel}","templated":true}]}}