{"id":715,"date":"2019-04-29T13:37:14","date_gmt":"2019-04-29T13:37:14","guid":{"rendered":"http:\/\/nbscettdev.wpengine.com\/demande-dinscription-ou-de-reclassement\/instructions-for-application-for-membership-or-reclassification\/"},"modified":"2023-04-04T15:19:02","modified_gmt":"2023-04-04T15:19:02","slug":"instructions-for-application-for-membership-or-reclassification","status":"publish","type":"page","link":"https:\/\/www.nbscett.nb.ca\/fr\/demande-dinscription-ou-de-reclassement\/instructions-for-application-for-membership-or-reclassification\/","title":{"rendered":"Instructions pour les demandes d&rsquo;adh\u00e9sion ou de reclassement"},"content":{"rendered":"<p><b>\u00c9ducation<\/b><\/p>\n<p><span style=\"font-weight: 400;\">Un dossier complet et document\u00e9 de vos \u00e9tudes doit \u00eatre fourni. Si vous ne fournissez pas la documentation compl\u00e8te sur les cours termin\u00e9s, le traitement de votre demande sera retard\u00e9.<\/span><\/p>\n<ul>\n<li style=\"font-weight: 400;\"><span style=\"font-weight: 400;\">Des scans ou des copies de dipl\u00f4mes ou de certificats doivent \u00eatre soumis avec la demande (aucun original, s&rsquo;il vous pla\u00eet).<\/span><\/li>\n<li style=\"font-weight: 400;\"><span style=\"font-weight: 400;\">Les membres en r\u00e8gle du programme de formation en technologie qui ont d\u00e9j\u00e0 fourni une copie de leur dipl\u00f4me n&rsquo;ont pas besoin de l&rsquo;envoyer \u00e0 nouveau.<\/span><\/li>\n<li style=\"font-weight: 400;\"><span style=\"font-weight: 400;\">Si vous n&rsquo;avez pas re\u00e7u de dipl\u00f4me mais que vous avez compl\u00e9t\u00e9 une ou plusieurs mati\u00e8res au coll\u00e8ge, joignez un relev\u00e9 de notes. Ceci peut \u00eatre obtenu en contactant le coll\u00e8ge.<\/span><\/li>\n<\/ul>\n<p><b>Exp\u00e9rience technique<\/b><\/p>\n<ul>\n<li style=\"font-weight: 400;\"><span style=\"font-weight: 400;\">Incluez une description compl\u00e8te de votre poste actuel, et pas seulement la \u00abdescription de poste\u00bb de l&rsquo;entreprise. Le Bureau de la certification peut uniquement \u00e9valuer votre exp\u00e9rience technique en fonction des informations que vous fournissez.<\/span><\/li>\n<li style=\"font-weight: 400;\"><span style=\"font-weight: 400;\">Pour les postes techniques pr\u00e9c\u00e9dents, incluez \u00e9galement une description d\u00e9taill\u00e9e, y compris les t\u00e2ches et les responsabilit\u00e9s.<\/span><\/li>\n<\/ul>\n<p><b>Discipline et Option<\/b><\/p>\n<p><span style=\"font-weight: 400;\">Le certificat d\u00e9livr\u00e9 ne sp\u00e9cifie pas les disciplines des sciences appliqu\u00e9es ou de la technologie d&rsquo;ing\u00e9nierie; Cependant, pour vous aider \u00e0 choisir les programmes d&rsquo;\u00e9tudes \/ examens appropri\u00e9s pour ceux qui ne poss\u00e8dent pas toutes les exigences en mati\u00e8re d&rsquo;\u00e9tudes, indiquez la discipline \/ l&rsquo;option que vous avez choisie \u00e0 la demande du formulaire de candidature.<\/span><\/p>\n<p><b>Reclassement<\/b><\/p>\n<ul>\n<li style=\"font-weight: 400;\"><span style=\"font-weight: 400;\">Ce formulaire doit \u00eatre utilis\u00e9 par les membres associ\u00e9s \/ techniciens certifi\u00e9s qui souhaitent \u00eatre consid\u00e9r\u00e9s pour une reclassification en tant que techniciens certifi\u00e9s \/ technologues professionnels.<\/span><\/li>\n<li style=\"font-weight: 400;\"><span style=\"font-weight: 400;\">Il est rappel\u00e9 aux candidats au reclassement que toutes les cotisations annuelles, y compris l\u2019ann\u00e9e en cours, doivent \u00eatre int\u00e9gralement pay\u00e9es avant que la demande de reclassement puisse \u00eatre examin\u00e9e.<\/span><\/li>\n<li style=\"font-weight: 400;\"><span style=\"font-weight: 400;\">Le reclassement ne sera accord\u00e9 qu\u2019\u00e0 la fin des cr\u00e9dits acad\u00e9miques qui sont consid\u00e9r\u00e9s par le Comit\u00e9 de certification en fonction des exigences acad\u00e9miques sp\u00e9cifiques auxquelles chaque individu doit satisfaire.<\/span><\/li>\n<\/ul>\n<p><b>Transfert au Nouveau-Brunswick d&rsquo;une autre soci\u00e9t\u00e9 \/ association constitutive au Canada<\/b><\/p>\n<p><span style=\"font-weight: 400;\">Les candidats qui sont membres en r\u00e8gle d&rsquo;un des membres constituants des technologues professionnels du Canada (TPC) ou qui peuvent fournir la preuve de leur statut d&rsquo;organisme certifi\u00e9 ailleurs, peuvent utiliser le formulaire de transfert interprovincial du CCTT pour pr\u00e9senter une demande de transfert \u00e0 la SttagN-B.<\/span><\/p>\n<p><b>Collecte d&rsquo;informations personnelles<\/b><\/p>\n<p><span style=\"font-weight: 400;\">La SttagN-B recueille, utilise et divulgue des informations personnelles pour s&rsquo;acquitter de son mandat en vertu de la Loi sur les technologies du g\u00e9nie consistant \u00e0 prot\u00e9ger le public, \u00e0 des fins de r\u00e9glementation professionnelle, de recherche, de statistique, d&rsquo;\u00e9ducation, de planification et de base de donn\u00e9es, ainsi qu&rsquo;\u00e0 fournir des services d&rsquo;offre \u00e0 ses membres directement ou par TD Assurance Meloche Monnex et autres (\u00abtiers\u00bb) lorsque la SttagN-B d\u00e9termine que de tels services peuvent int\u00e9resser les membres (\u00abservices\u00bb).<\/span><\/p>\n<p><b>Compr\u00e9hension et Remerciements<\/b><\/p>\n<p><span style=\"font-weight: 400;\">En remplissant votre demande d&rsquo;adh\u00e9sion, vous consentez \u00e0 recevoir des communications \u00e9lectroniques de la SttagN-B et de tiers concernant de tels services et vous pouvez retirer ce consentement \u00e0 tout moment. Vous pouvez contacter la SttagN-B \u00e0 tout moment pour d\u00e9terminer l&rsquo;utilisation de la divulgation des informations que vous fournissez \u00e0 la SttagN-B.<\/span><\/p>\n<p><span style=\"font-weight: 400;\">En faisant votre demande, vous comprenez que l\u2019accr\u00e9ditation ne vous donne pas le droit de pratiquer l\u2019ing\u00e9nierie professionnelle et que le certificat mural reste la propri\u00e9t\u00e9 de la Soci\u00e9t\u00e9 et doit \u00eatre restitu\u00e9 lorsque votre adh\u00e9sion cesse pour une raison quelconque.<\/span><\/p>\n<p><span style=\"font-weight: 400;\">En faisant votre demande, vous acceptez de respecter le \u00abCode d&rsquo;\u00e9thique\u00bb de la Soci\u00e9t\u00e9 en tant que membre de NBSCETT \/ SttagN-B.<\/span><\/p>\n<p><span style=\"font-weight: 400;\">La \u00abloi sur la technologie du g\u00e9nie\u00bb du Nouveau-Brunswick pr\u00e9voit des amendes et une peine d\u2019emprisonnement pour avoir sciemment fourni des informations fausses ou trompeuses concernant une demande d\u2019accr\u00e9ditation.<\/span><\/p>\n","protected":false},"excerpt":{"rendered":"<p>\u00c9ducation Un dossier complet et document\u00e9 de vos \u00e9tudes doit \u00eatre fourni. Si vous ne fournissez pas la documentation compl\u00e8te sur les cours termin\u00e9s, le traitement de votre demande sera retard\u00e9. Des scans ou des copies de dipl\u00f4mes ou de certificats doivent \u00eatre soumis avec la demande (aucun original, s&rsquo;il vous pla\u00eet). Les membres en [&hellip;]<\/p>\n","protected":false},"author":2,"featured_media":0,"parent":712,"menu_order":0,"comment_status":"closed","ping_status":"closed","template":"","meta":{"footnotes":""},"class_list":["post-715","page","type-page","status-publish","hentry"],"yoast_head":"<!-- This site is optimized with the Yoast SEO plugin v26.7 - https:\/\/yoast.com\/wordpress\/plugins\/seo\/ -->\n<title>Instructions pour les demandes d&#039;adh\u00e9sion ou de reclassement - SttagN-B<\/title>\n<meta name=\"robots\" content=\"index, follow, max-snippet:-1, max-image-preview:large, max-video-preview:-1\" \/>\n<link rel=\"canonical\" href=\"https:\/\/www.nbscett.nb.ca\/fr\/demande-dinscription-ou-de-reclassement\/instructions-for-application-for-membership-or-reclassification\/\" \/>\n<meta property=\"og:locale\" content=\"fr_FR\" \/>\n<meta property=\"og:type\" content=\"article\" \/>\n<meta property=\"og:title\" content=\"Instructions pour les demandes d&#039;adh\u00e9sion ou de reclassement - SttagN-B\" \/>\n<meta property=\"og:description\" content=\"\u00c9ducation Un dossier complet et document\u00e9 de vos \u00e9tudes doit \u00eatre fourni. Si vous ne fournissez pas la documentation compl\u00e8te sur les cours termin\u00e9s, le traitement de votre demande sera retard\u00e9. Des scans ou des copies de dipl\u00f4mes ou de certificats doivent \u00eatre soumis avec la demande (aucun original, s&rsquo;il vous pla\u00eet). Les membres en [&hellip;]\" \/>\n<meta property=\"og:url\" content=\"https:\/\/www.nbscett.nb.ca\/fr\/demande-dinscription-ou-de-reclassement\/instructions-for-application-for-membership-or-reclassification\/\" \/>\n<meta property=\"og:site_name\" content=\"SttagN-B\" \/>\n<meta property=\"article:modified_time\" content=\"2023-04-04T15:19:02+00:00\" \/>\n<meta name=\"twitter:card\" content=\"summary_large_image\" \/>\n<meta name=\"twitter:label1\" content=\"Dur\u00e9e de lecture estim\u00e9e\" \/>\n\t<meta name=\"twitter:data1\" content=\"3 minutes\" \/>\n<script type=\"application\/ld+json\" class=\"yoast-schema-graph\">{\"@context\":\"https:\/\/schema.org\",\"@graph\":[{\"@type\":\"WebPage\",\"@id\":\"https:\/\/www.nbscett.nb.ca\/fr\/demande-dinscription-ou-de-reclassement\/instructions-for-application-for-membership-or-reclassification\/\",\"url\":\"https:\/\/www.nbscett.nb.ca\/fr\/demande-dinscription-ou-de-reclassement\/instructions-for-application-for-membership-or-reclassification\/\",\"name\":\"Instructions pour les demandes d'adh\u00e9sion ou de reclassement - SttagN-B\",\"isPartOf\":{\"@id\":\"https:\/\/www.nbscett.nb.ca\/en\/#website\"},\"datePublished\":\"2019-04-29T13:37:14+00:00\",\"dateModified\":\"2023-04-04T15:19:02+00:00\",\"breadcrumb\":{\"@id\":\"https:\/\/www.nbscett.nb.ca\/fr\/demande-dinscription-ou-de-reclassement\/instructions-for-application-for-membership-or-reclassification\/#breadcrumb\"},\"inLanguage\":\"fr-FR\",\"potentialAction\":[{\"@type\":\"ReadAction\",\"target\":[\"https:\/\/www.nbscett.nb.ca\/fr\/demande-dinscription-ou-de-reclassement\/instructions-for-application-for-membership-or-reclassification\/\"]}]},{\"@type\":\"BreadcrumbList\",\"@id\":\"https:\/\/www.nbscett.nb.ca\/fr\/demande-dinscription-ou-de-reclassement\/instructions-for-application-for-membership-or-reclassification\/#breadcrumb\",\"itemListElement\":[{\"@type\":\"ListItem\",\"position\":1,\"name\":\"home\",\"item\":\"https:\/\/www.nbscett.nb.ca\/fr\/\"},{\"@type\":\"ListItem\",\"position\":2,\"name\":\"Demande d\u2019inscription ou de reclassement\",\"item\":\"https:\/\/www.nbscett.nb.ca\/fr\/demande-dinscription-ou-de-reclassement\/\"},{\"@type\":\"ListItem\",\"position\":3,\"name\":\"Instructions pour les demandes d&#8217;adh\u00e9sion ou de reclassement\"}]},{\"@type\":\"WebSite\",\"@id\":\"https:\/\/www.nbscett.nb.ca\/en\/#website\",\"url\":\"https:\/\/www.nbscett.nb.ca\/en\/\",\"name\":\"SttagN-B\",\"description\":\"\",\"potentialAction\":[{\"@type\":\"SearchAction\",\"target\":{\"@type\":\"EntryPoint\",\"urlTemplate\":\"https:\/\/www.nbscett.nb.ca\/en\/?s={search_term_string}\"},\"query-input\":{\"@type\":\"PropertyValueSpecification\",\"valueRequired\":true,\"valueName\":\"search_term_string\"}}],\"inLanguage\":\"fr-FR\"}]}<\/script>\n<!-- \/ Yoast SEO plugin. -->","yoast_head_json":{"title":"Instructions pour les demandes d'adh\u00e9sion ou de reclassement - SttagN-B","robots":{"index":"index","follow":"follow","max-snippet":"max-snippet:-1","max-image-preview":"max-image-preview:large","max-video-preview":"max-video-preview:-1"},"canonical":"https:\/\/www.nbscett.nb.ca\/fr\/demande-dinscription-ou-de-reclassement\/instructions-for-application-for-membership-or-reclassification\/","og_locale":"fr_FR","og_type":"article","og_title":"Instructions pour les demandes d'adh\u00e9sion ou de reclassement - SttagN-B","og_description":"\u00c9ducation Un dossier complet et document\u00e9 de vos \u00e9tudes doit \u00eatre fourni. Si vous ne fournissez pas la documentation compl\u00e8te sur les cours termin\u00e9s, le traitement de votre demande sera retard\u00e9. Des scans ou des copies de dipl\u00f4mes ou de certificats doivent \u00eatre soumis avec la demande (aucun original, s&rsquo;il vous pla\u00eet). Les membres en [&hellip;]","og_url":"https:\/\/www.nbscett.nb.ca\/fr\/demande-dinscription-ou-de-reclassement\/instructions-for-application-for-membership-or-reclassification\/","og_site_name":"SttagN-B","article_modified_time":"2023-04-04T15:19:02+00:00","twitter_card":"summary_large_image","twitter_misc":{"Dur\u00e9e de lecture estim\u00e9e":"3 minutes"},"schema":{"@context":"https:\/\/schema.org","@graph":[{"@type":"WebPage","@id":"https:\/\/www.nbscett.nb.ca\/fr\/demande-dinscription-ou-de-reclassement\/instructions-for-application-for-membership-or-reclassification\/","url":"https:\/\/www.nbscett.nb.ca\/fr\/demande-dinscription-ou-de-reclassement\/instructions-for-application-for-membership-or-reclassification\/","name":"Instructions pour les demandes d'adh\u00e9sion ou de reclassement - SttagN-B","isPartOf":{"@id":"https:\/\/www.nbscett.nb.ca\/en\/#website"},"datePublished":"2019-04-29T13:37:14+00:00","dateModified":"2023-04-04T15:19:02+00:00","breadcrumb":{"@id":"https:\/\/www.nbscett.nb.ca\/fr\/demande-dinscription-ou-de-reclassement\/instructions-for-application-for-membership-or-reclassification\/#breadcrumb"},"inLanguage":"fr-FR","potentialAction":[{"@type":"ReadAction","target":["https:\/\/www.nbscett.nb.ca\/fr\/demande-dinscription-ou-de-reclassement\/instructions-for-application-for-membership-or-reclassification\/"]}]},{"@type":"BreadcrumbList","@id":"https:\/\/www.nbscett.nb.ca\/fr\/demande-dinscription-ou-de-reclassement\/instructions-for-application-for-membership-or-reclassification\/#breadcrumb","itemListElement":[{"@type":"ListItem","position":1,"name":"home","item":"https:\/\/www.nbscett.nb.ca\/fr\/"},{"@type":"ListItem","position":2,"name":"Demande d\u2019inscription ou de reclassement","item":"https:\/\/www.nbscett.nb.ca\/fr\/demande-dinscription-ou-de-reclassement\/"},{"@type":"ListItem","position":3,"name":"Instructions pour les demandes d&#8217;adh\u00e9sion ou de reclassement"}]},{"@type":"WebSite","@id":"https:\/\/www.nbscett.nb.ca\/en\/#website","url":"https:\/\/www.nbscett.nb.ca\/en\/","name":"SttagN-B","description":"","potentialAction":[{"@type":"SearchAction","target":{"@type":"EntryPoint","urlTemplate":"https:\/\/www.nbscett.nb.ca\/en\/?s={search_term_string}"},"query-input":{"@type":"PropertyValueSpecification","valueRequired":true,"valueName":"search_term_string"}}],"inLanguage":"fr-FR"}]}},"_links":{"self":[{"href":"https:\/\/www.nbscett.nb.ca\/fr\/wp-json\/wp\/v2\/pages\/715","targetHints":{"allow":["GET"]}}],"collection":[{"href":"https:\/\/www.nbscett.nb.ca\/fr\/wp-json\/wp\/v2\/pages"}],"about":[{"href":"https:\/\/www.nbscett.nb.ca\/fr\/wp-json\/wp\/v2\/types\/page"}],"author":[{"embeddable":true,"href":"https:\/\/www.nbscett.nb.ca\/fr\/wp-json\/wp\/v2\/users\/2"}],"replies":[{"embeddable":true,"href":"https:\/\/www.nbscett.nb.ca\/fr\/wp-json\/wp\/v2\/comments?post=715"}],"version-history":[{"count":0,"href":"https:\/\/www.nbscett.nb.ca\/fr\/wp-json\/wp\/v2\/pages\/715\/revisions"}],"up":[{"embeddable":true,"href":"https:\/\/www.nbscett.nb.ca\/fr\/wp-json\/wp\/v2\/pages\/712"}],"wp:attachment":[{"href":"https:\/\/www.nbscett.nb.ca\/fr\/wp-json\/wp\/v2\/media?parent=715"}],"curies":[{"name":"wp","href":"https:\/\/api.w.org\/{rel}","templated":true}]}}