{"id":714,"date":"2019-04-29T13:36:46","date_gmt":"2019-04-29T13:36:46","guid":{"rendered":"http:\/\/nbscettdev.wpengine.com\/demande-dinscription-ou-de-reclassement\/information-for-new-membership-applicants\/"},"modified":"2019-11-07T17:59:20","modified_gmt":"2019-11-07T17:59:20","slug":"information-for-new-membership-applicants","status":"publish","type":"page","link":"https:\/\/www.nbscett.nb.ca\/fr\/demande-dinscription-ou-de-reclassement\/information-for-new-membership-applicants\/","title":{"rendered":"Information pour les nouveaux candidats"},"content":{"rendered":"<p><span style=\"font-weight: 400;\">Ce sommaire vous aidera \u00e0 mieux comprendre les diff\u00e9rentes \u00e9tapes du processus d&rsquo;adh\u00e9sion d&rsquo;une demande.<\/span><\/p>\n<ol style=\"list-style-type: lower-alpha;\">\n<li><span style=\"font-weight: 400;\">\u00c0 la r\u00e9ception d&rsquo;une demande, toutes les informations pertinentes requises sont confirm\u00e9es, c&rsquo;est-\u00e0-dire une documentation compl\u00e8te, les frais de candidature, les r\u00e9f\u00e9rences et la signature.<\/span><\/li>\n<li><span style=\"font-weight: 400;\">Les formulaires de r\u00e9f\u00e9rence, accompagn\u00e9s d\u2019une photocopie de la description de poste soumise par le candidat, sont envoy\u00e9s \u00e0 chacun des r\u00e9pondants. Les candidats sont pri\u00e9s de demander \u00e0 leurs arbitres de renvoyer les formulaires rapidement car une demande sera retard\u00e9e jusqu&rsquo;\u00e0 ce que tous les formulaires aient \u00e9t\u00e9 renvoy\u00e9s.<\/span><\/li>\n<li><span style=\"font-weight: 400;\">Lorsque toute la documentation est compl\u00e8te, le dossier du demandeur est pr\u00e9sent\u00e9 au Comit\u00e9 d\u2019agr\u00e9ment. Le comit\u00e9 d\u2019agr\u00e9ment se r\u00e9unit quatre fois par ann\u00e9e.<\/span><\/li>\n<li><span style=\"font-weight: 400;\">Un retard dans le processus peut \u00eatre caus\u00e9 par l\u2019absence de preuves des cours suivis, des \u00e9coles dipl\u00f4m\u00e9es, etc. Tous les dipl\u00f4m\u00e9s des programmes de technologie du Coll\u00e8ge communautaire doivent inclure une photocopie de leur dipl\u00f4me.<\/span><\/li>\n<li><span style=\"font-weight: 400;\">\u00c0 la suite de l\u2019examen d\u2019une demande par le Comit\u00e9 d\u2019agr\u00e9ment, l\u2019une des mesures suivantes peut \u00eatre prise:<\/span>\n<ol style=\"list-style-type: lower-roman;\">\n<li><span style=\"font-weight: 400;\">recommander la certification \/ d\u00e9signation, technologue professionnel (PTech), technicien certifi\u00e9 (CTech) ou accorder le statut d&rsquo;associ\u00e9;<\/span><\/li>\n<li><span style=\"font-weight: 400;\">demander des documents suppl\u00e9mentaires au demandeur;<\/span><\/li>\n<li><span style=\"font-weight: 400;\">refuser la certification jusqu&rsquo;\u00e0 ce que toutes les exigences acad\u00e9miques ou d&rsquo;exp\u00e9rience soient remplies;<\/span><\/li>\n<li><span style=\"font-weight: 400;\">obtenir une \u00e9valuation des cr\u00e9dits acad\u00e9miques;<\/span><\/li>\n<li><span style=\"font-weight: 400;\">rejeter la demande.<\/span><\/li>\n<\/ol>\n<\/li>\n<li><span style=\"font-weight: 400;\">\u00c0 la suite de l\u2019examen du Comit\u00e9 d\u2019agr\u00e9ment, le candidat retenu doit acquitter les cotisations de l\u2019ann\u00e9e en cours (calcul\u00e9es au prorata durant l\u2019ann\u00e9e), ainsi que l\u2019examen de \u201cR\u00e8gles d\u2019exercice professionnelle, l\u00e9gislation et de la d\u00e9ontologie\u201d, si applicable.<\/span><\/li>\n<li><span style=\"font-weight: 400;\"> \u00c0 la r\u00e9ception des cotisations applicables et \u00e0 la r\u00e9ussite de l\u2019examen, le nom du demandeur et les informations pertinentes sont transmis au Conseil de la Soci\u00e9t\u00e9, qui est habilit\u00e9 \u00e0 octroyer la qualit\u00e9 de membre. La qualit\u00e9 de membre \u00e0 part enti\u00e8re est offerte \u00e0 tous les candidats qui obtiennent une certification en vertu des dispositions de la loi sur les technologies de l\u2019ing\u00e9nierie. Les frais d&rsquo;adh\u00e9sion, dus lorsque la certification est recommand\u00e9e, doivent \u00eatre pay\u00e9s avant l&rsquo;inscription au registre. (Loi sur les techniques du g\u00e9nie 16 (a) (b)). L\u2019agr\u00e9ment n\u2019est pas attribu\u00e9e au demandeur tant que son nom n\u2019est pas inscrit au registre de la Soci\u00e9t\u00e9. (Loi sur les techniques du g\u00e9nie 2 (I)<\/span><\/li>\n<\/ol>\n<p><span style=\"text-decoration: underline;\">G\u00e9n\u00e9ral:<\/span><span style=\"font-weight: 400;\"> Les candidats ne postulent pas sp\u00e9cifiquement pour le titre de technologue professionnel ou de technicien certifi\u00e9. Le Comit\u00e9 d\u2019agr\u00e9ment accorde automatiquement le niveau auquel le candidat est admissible selon les renseignements fournis dans la demande.<\/span><\/p>\n<p><span style=\"text-decoration: underline;\"><span style=\"font-weight: 400;\">Apr\u00e8s le paiement des cotisations annuelles de la premi\u00e8re ann\u00e9e et suivant l\u2019autorisation du Conseil, le membre recevra:<\/span><\/span><\/p>\n<ol style=\"list-style-type: lower-alpha;\">\n<li><span style=\"font-weight: 400;\"> lettre officielle notifiant le d\u00e9posant de la certification et de la d\u00e9signation;<\/span><\/li>\n<li><span style=\"font-weight: 400;\">Certificat mural; Carte de portefeuille et re\u00e7u; copie corrig\u00e9e de l&rsquo;examen de la pratique professionnelle et de l&rsquo;\u00e9thique, le cas \u00e9ch\u00e9ant;<\/span><\/li>\n<li><span style=\"font-weight: 400;\">sceau de validation et toute autre information pertinente; et<\/span><\/li>\n<li><span style=\"font-weight: 400;\"> renseignements sur les programmes d&rsquo;avantages pour les consommateurs, y compris les assurances, la location, la sant\u00e9 et les investissements, approuv\u00e9s par la SttagN-B.<\/span><\/li>\n<\/ol>\n<p><span style=\"font-weight: 400;\">Chaque demande est trait\u00e9e sur une base individuelle et strictement confidentielle. Merci de votre appui \u00e0 l\u2019agr\u00e9ment.<\/span><\/p>\n<p><i><span style=\"font-weight: 400;\">Kenneth C. Brown, PTech<br \/>\n<\/span><\/i><span style=\"font-weight: 400;\">R\u00e9gistraire<\/span><\/p>\n","protected":false},"excerpt":{"rendered":"<p>Ce sommaire vous aidera \u00e0 mieux comprendre les diff\u00e9rentes \u00e9tapes du processus d&rsquo;adh\u00e9sion d&rsquo;une demande. \u00c0 la r\u00e9ception d&rsquo;une demande, toutes les informations pertinentes requises sont confirm\u00e9es, c&rsquo;est-\u00e0-dire une documentation compl\u00e8te, les frais de candidature, les r\u00e9f\u00e9rences et la signature. Les formulaires de r\u00e9f\u00e9rence, accompagn\u00e9s d\u2019une photocopie de la description de poste soumise par le [&hellip;]<\/p>\n","protected":false},"author":2,"featured_media":0,"parent":712,"menu_order":2,"comment_status":"closed","ping_status":"closed","template":"","meta":{"footnotes":""},"class_list":["post-714","page","type-page","status-publish","hentry"],"yoast_head":"<!-- This site is optimized with the Yoast SEO plugin v26.7 - https:\/\/yoast.com\/wordpress\/plugins\/seo\/ -->\n<title>Information pour les nouveaux candidats - SttagN-B<\/title>\n<meta name=\"robots\" content=\"index, follow, max-snippet:-1, max-image-preview:large, max-video-preview:-1\" \/>\n<link rel=\"canonical\" href=\"https:\/\/www.nbscett.nb.ca\/fr\/demande-dinscription-ou-de-reclassement\/information-for-new-membership-applicants\/\" \/>\n<meta property=\"og:locale\" content=\"fr_FR\" \/>\n<meta property=\"og:type\" content=\"article\" \/>\n<meta property=\"og:title\" content=\"Information pour les nouveaux candidats - SttagN-B\" \/>\n<meta property=\"og:description\" content=\"Ce sommaire vous aidera \u00e0 mieux comprendre les diff\u00e9rentes \u00e9tapes du processus d&rsquo;adh\u00e9sion d&rsquo;une demande. \u00c0 la r\u00e9ception d&rsquo;une demande, toutes les informations pertinentes requises sont confirm\u00e9es, c&rsquo;est-\u00e0-dire une documentation compl\u00e8te, les frais de candidature, les r\u00e9f\u00e9rences et la signature. Les formulaires de r\u00e9f\u00e9rence, accompagn\u00e9s d\u2019une photocopie de la description de poste soumise par le [&hellip;]\" \/>\n<meta property=\"og:url\" content=\"https:\/\/www.nbscett.nb.ca\/fr\/demande-dinscription-ou-de-reclassement\/information-for-new-membership-applicants\/\" \/>\n<meta property=\"og:site_name\" content=\"SttagN-B\" \/>\n<meta property=\"article:modified_time\" content=\"2019-11-07T17:59:20+00:00\" \/>\n<meta name=\"twitter:card\" content=\"summary_large_image\" \/>\n<meta name=\"twitter:label1\" content=\"Dur\u00e9e de lecture estim\u00e9e\" \/>\n\t<meta name=\"twitter:data1\" content=\"3 minutes\" \/>\n<script type=\"application\/ld+json\" class=\"yoast-schema-graph\">{\"@context\":\"https:\/\/schema.org\",\"@graph\":[{\"@type\":\"WebPage\",\"@id\":\"https:\/\/www.nbscett.nb.ca\/fr\/demande-dinscription-ou-de-reclassement\/information-for-new-membership-applicants\/\",\"url\":\"https:\/\/www.nbscett.nb.ca\/fr\/demande-dinscription-ou-de-reclassement\/information-for-new-membership-applicants\/\",\"name\":\"Information pour les nouveaux candidats - SttagN-B\",\"isPartOf\":{\"@id\":\"https:\/\/www.nbscett.nb.ca\/en\/#website\"},\"datePublished\":\"2019-04-29T13:36:46+00:00\",\"dateModified\":\"2019-11-07T17:59:20+00:00\",\"breadcrumb\":{\"@id\":\"https:\/\/www.nbscett.nb.ca\/fr\/demande-dinscription-ou-de-reclassement\/information-for-new-membership-applicants\/#breadcrumb\"},\"inLanguage\":\"fr-FR\",\"potentialAction\":[{\"@type\":\"ReadAction\",\"target\":[\"https:\/\/www.nbscett.nb.ca\/fr\/demande-dinscription-ou-de-reclassement\/information-for-new-membership-applicants\/\"]}]},{\"@type\":\"BreadcrumbList\",\"@id\":\"https:\/\/www.nbscett.nb.ca\/fr\/demande-dinscription-ou-de-reclassement\/information-for-new-membership-applicants\/#breadcrumb\",\"itemListElement\":[{\"@type\":\"ListItem\",\"position\":1,\"name\":\"home\",\"item\":\"https:\/\/www.nbscett.nb.ca\/fr\/\"},{\"@type\":\"ListItem\",\"position\":2,\"name\":\"Demande d\u2019inscription ou de reclassement\",\"item\":\"https:\/\/www.nbscett.nb.ca\/fr\/demande-dinscription-ou-de-reclassement\/\"},{\"@type\":\"ListItem\",\"position\":3,\"name\":\"Information pour les nouveaux candidats\"}]},{\"@type\":\"WebSite\",\"@id\":\"https:\/\/www.nbscett.nb.ca\/en\/#website\",\"url\":\"https:\/\/www.nbscett.nb.ca\/en\/\",\"name\":\"SttagN-B\",\"description\":\"\",\"potentialAction\":[{\"@type\":\"SearchAction\",\"target\":{\"@type\":\"EntryPoint\",\"urlTemplate\":\"https:\/\/www.nbscett.nb.ca\/en\/?s={search_term_string}\"},\"query-input\":{\"@type\":\"PropertyValueSpecification\",\"valueRequired\":true,\"valueName\":\"search_term_string\"}}],\"inLanguage\":\"fr-FR\"}]}<\/script>\n<!-- \/ Yoast SEO plugin. -->","yoast_head_json":{"title":"Information pour les nouveaux candidats - SttagN-B","robots":{"index":"index","follow":"follow","max-snippet":"max-snippet:-1","max-image-preview":"max-image-preview:large","max-video-preview":"max-video-preview:-1"},"canonical":"https:\/\/www.nbscett.nb.ca\/fr\/demande-dinscription-ou-de-reclassement\/information-for-new-membership-applicants\/","og_locale":"fr_FR","og_type":"article","og_title":"Information pour les nouveaux candidats - SttagN-B","og_description":"Ce sommaire vous aidera \u00e0 mieux comprendre les diff\u00e9rentes \u00e9tapes du processus d&rsquo;adh\u00e9sion d&rsquo;une demande. \u00c0 la r\u00e9ception d&rsquo;une demande, toutes les informations pertinentes requises sont confirm\u00e9es, c&rsquo;est-\u00e0-dire une documentation compl\u00e8te, les frais de candidature, les r\u00e9f\u00e9rences et la signature. Les formulaires de r\u00e9f\u00e9rence, accompagn\u00e9s d\u2019une photocopie de la description de poste soumise par le [&hellip;]","og_url":"https:\/\/www.nbscett.nb.ca\/fr\/demande-dinscription-ou-de-reclassement\/information-for-new-membership-applicants\/","og_site_name":"SttagN-B","article_modified_time":"2019-11-07T17:59:20+00:00","twitter_card":"summary_large_image","twitter_misc":{"Dur\u00e9e de lecture estim\u00e9e":"3 minutes"},"schema":{"@context":"https:\/\/schema.org","@graph":[{"@type":"WebPage","@id":"https:\/\/www.nbscett.nb.ca\/fr\/demande-dinscription-ou-de-reclassement\/information-for-new-membership-applicants\/","url":"https:\/\/www.nbscett.nb.ca\/fr\/demande-dinscription-ou-de-reclassement\/information-for-new-membership-applicants\/","name":"Information pour les nouveaux candidats - SttagN-B","isPartOf":{"@id":"https:\/\/www.nbscett.nb.ca\/en\/#website"},"datePublished":"2019-04-29T13:36:46+00:00","dateModified":"2019-11-07T17:59:20+00:00","breadcrumb":{"@id":"https:\/\/www.nbscett.nb.ca\/fr\/demande-dinscription-ou-de-reclassement\/information-for-new-membership-applicants\/#breadcrumb"},"inLanguage":"fr-FR","potentialAction":[{"@type":"ReadAction","target":["https:\/\/www.nbscett.nb.ca\/fr\/demande-dinscription-ou-de-reclassement\/information-for-new-membership-applicants\/"]}]},{"@type":"BreadcrumbList","@id":"https:\/\/www.nbscett.nb.ca\/fr\/demande-dinscription-ou-de-reclassement\/information-for-new-membership-applicants\/#breadcrumb","itemListElement":[{"@type":"ListItem","position":1,"name":"home","item":"https:\/\/www.nbscett.nb.ca\/fr\/"},{"@type":"ListItem","position":2,"name":"Demande d\u2019inscription ou de reclassement","item":"https:\/\/www.nbscett.nb.ca\/fr\/demande-dinscription-ou-de-reclassement\/"},{"@type":"ListItem","position":3,"name":"Information pour les nouveaux candidats"}]},{"@type":"WebSite","@id":"https:\/\/www.nbscett.nb.ca\/en\/#website","url":"https:\/\/www.nbscett.nb.ca\/en\/","name":"SttagN-B","description":"","potentialAction":[{"@type":"SearchAction","target":{"@type":"EntryPoint","urlTemplate":"https:\/\/www.nbscett.nb.ca\/en\/?s={search_term_string}"},"query-input":{"@type":"PropertyValueSpecification","valueRequired":true,"valueName":"search_term_string"}}],"inLanguage":"fr-FR"}]}},"_links":{"self":[{"href":"https:\/\/www.nbscett.nb.ca\/fr\/wp-json\/wp\/v2\/pages\/714","targetHints":{"allow":["GET"]}}],"collection":[{"href":"https:\/\/www.nbscett.nb.ca\/fr\/wp-json\/wp\/v2\/pages"}],"about":[{"href":"https:\/\/www.nbscett.nb.ca\/fr\/wp-json\/wp\/v2\/types\/page"}],"author":[{"embeddable":true,"href":"https:\/\/www.nbscett.nb.ca\/fr\/wp-json\/wp\/v2\/users\/2"}],"replies":[{"embeddable":true,"href":"https:\/\/www.nbscett.nb.ca\/fr\/wp-json\/wp\/v2\/comments?post=714"}],"version-history":[{"count":0,"href":"https:\/\/www.nbscett.nb.ca\/fr\/wp-json\/wp\/v2\/pages\/714\/revisions"}],"up":[{"embeddable":true,"href":"https:\/\/www.nbscett.nb.ca\/fr\/wp-json\/wp\/v2\/pages\/712"}],"wp:attachment":[{"href":"https:\/\/www.nbscett.nb.ca\/fr\/wp-json\/wp\/v2\/media?parent=714"}],"curies":[{"name":"wp","href":"https:\/\/api.w.org\/{rel}","templated":true}]}}