{"id":46,"date":"2015-12-08T16:06:31","date_gmt":"2015-12-08T16:06:31","guid":{"rendered":"http:\/\/nbscett.local\/fr\/?page_id=46"},"modified":"2025-10-09T16:43:42","modified_gmt":"2025-10-09T16:43:42","slug":"home-2","status":"publish","type":"page","link":"https:\/\/www.nbscett.nb.ca\/fr\/","title":{"rendered":"Accueil"},"content":{"rendered":"<div class=\"wpb-content-wrapper\"><p>[vc_row full_width=\u00a0\u00bbstretch_row\u00a0\u00bb el_class=\u00a0\u00bbslider-holder\u00a0\u00bb css=\u00a0\u00bb.vc_custom_1449687316877{margin-bottom: 0px !important;}\u00a0\u00bb][vc_column][rev_slider_vc alias=\u00a0\u00bbsliderFrench\u00a0\u00bb][\/vc_column][\/vc_row][vc_row][vc_column][vc_single_image image=\u00a0\u00bb1593&Prime; img_size=\u00a0\u00bbfull\u00a0\u00bb alignment=\u00a0\u00bbcenter\u00a0\u00bb onclick=\u00a0\u00bbcustom_link\u00a0\u00bb css=\u00a0\u00bb.vc_custom_1760028220952{margin-top: 35px !important;}\u00a0\u00bb link=\u00a0\u00bbhttps:\/\/www.tdassurance.com\/affinity\/NBSCETT?src=AFFINITYAPDG\u00a0\u00bb][\/vc_column][\/vc_row][vc_row disable_element=\u00a0\u00bbyes\u00a0\u00bb][vc_column][vc_raw_html css=\u00a0\u00bb.vc_custom_1462817019823{padding-top: 35px !important;}\u00a0\u00bb]JTNDc2NyaXB0JTIwdHlwZSUzRCUyMnRleHQlMkZqYXZhc2NyaXB0JTIyJTNFdmFyJTIwcCUzRCUyMmh0dHAlMjIlMkNkJTNEJTIyc3RhdGljJTIyJTNCaWYlMjhkb2N1bWVudC5sb2NhdGlvbi5wcm90b2NvbCUzRCUzRCUyMmh0dHBzJTNBJTIyJTI5JTdCcCUyQiUzRCUyMnMlMjIlM0JkJTNEJTIyZW5naW5lJTIyJTNCJTdEdmFyJTIweiUzRGRvY3VtZW50LmNyZWF0ZUVsZW1lbnQlMjglMjJzY3JpcHQlMjIlMjklM0J6LnR5cGUlM0QlMjJ0ZXh0JTJGamF2YXNjcmlwdCUyMiUzQnouYXN5bmMlM0R0cnVlJTNCei5zcmMlM0RwJTJCJTIyJTNBJTJGJTJGJTIyJTJCZCUyQiUyMi5tdWx0aXZpZXcuY29tJTJGYWRvcy5qcyUyMiUzQnZhciUyMHMlM0Rkb2N1bWVudC5nZXRFbGVtZW50c0J5VGFnTmFtZSUyOCUyMnNjcmlwdCUyMiUyOSU1QjAlNUQlM0JzLnBhcmVudE5vZGUuaW5zZXJ0QmVmb3JlJTI4eiUyQ3MlMjklM0IlM0MlMkZzY3JpcHQlM0UlMEElM0NzY3JpcHQlMjB0eXBlJTNEJTIydGV4dCUyRmphdmFzY3JpcHQlMjIlM0UlMEF2YXIlMjBhZG9zJTIwJTNEJTIwYWRvcyUyMCU3QyU3QyUyMCU3QiU3RCUzQiUwQWFkb3MucnVuJTIwJTNEJTIwYWRvcy5ydW4lMjAlN0MlN0MlMjAlNUIlNUQlM0IlMEFhZG9zLnJ1bi5wdXNoJTI4ZnVuY3Rpb24lMjglMjklMjAlN0IlMEElMkYlMkElMjBsb2FkJTIwcGxhY2VtZW50JTIwZm9yJTIwYWNjb3VudCUzQSUyME11bHRpdmlldyUyQyUyMHNpdGUlM0ElMjBOQlNDRVRUd2ViJTIwLSUyME5ldyUyMEJydW5zd2ljayUyMFNvY2lldHklMjBvZiUyMENlcnRpZmllZCUyMEVuZ2luZWVyaW5nJTIwVGVjaG5pY2lhbnMlMjBhbmQlMjBUZWNoJTJDJTIwc2l6ZSUzQSUyMDcyOHg5MCUyMC0lMjBMZWFkZXJib2FyZCUyQyUyMHpvbmUlM0ElMjBOQlNDRVRUd2ViJTIwLSUyMExlYWRlcmJvYXJkJTIwLSUyMDcyOHg5MCUyMCUyOG5ldyUyMHdlYnNpdGUlMjklMkElMkYlMEFhZG9zX2FkZF9wbGFjZW1lbnQlMjg0NDY2JTJDJTIwNTQ4MTYlMkMlMjAlMjJtdkJhbm5lciUyMiUyQyUyMDQlMjkuc2V0Wm9uZSUyODE1NzYxMSUyOSUzQiUwQWFkb3Nfc2V0RG9tYWluJTI4JTI3ZW5naW5lLm11bHRpdmlldy5jb20lMjclMjklM0IlMEFhZG9zX2xvYWQlMjglMjklM0IlMEElN0QlMjklM0IlM0MlMkZzY3JpcHQlM0UlMEElM0NzdHlsZSUyMHR5cGUlM0QlMjJ0ZXh0JTJGY3NzJTIyJTNFJTBBJTIzbXZCYW5uZXIlMjBpbWclMjAlN0IlMEElMjAlMjAlMjAlMjAlMjAlMjBtYXgtd2lkdGglM0ExMDAlMjUlMjAlMjFpbXBvcnRhbnQlM0IlMjAlMEElMjAlMjAlMjAlMjAlMjAlMjBoZWlnaHQlM0ElMjBhdXRvJTIwJTIxaW1wb3J0YW50JTNCJTBBJTdEJTBBJTBBJTNDJTJGc3R5bGUlM0UlMEElM0NkaXYlMjBpZCUzRCUyMm12QmFubmVyJTIyJTIwc3R5bGUlM0QlMjJ0ZXh0LWFsaWduJTNBY2VudGVyJTNCJTIyJTNFJTNDJTJGZGl2JTNFJTBB[\/vc_raw_html][\/vc_column][\/vc_row][vc_row full_width=\u00a0\u00bbstretch_row\u00a0\u00bb css=\u00a0\u00bb.vc_custom_1449678563667{margin-bottom: 0px !important;padding-top: 40px !important;background-image: url(https:\/\/www.nbscett.nb.ca\/wp-content\/uploads\/2015\/12\/home-bg.jpg?id=116) !important;background-position: center !important;background-repeat: no-repeat !important;background-size: cover !important;}\u00a0\u00bb el_class=\u00a0\u00bbhome-call\u00a0\u00bb][vc_column css=\u00a0\u00bb.vc_custom_1449678066271{margin-bottom: 0px !important;}\u00a0\u00bb][vc_column_text css=\u00a0\u00bb.vc_custom_1461949696055{margin-top: 20px !important;padding-right: 115px !important;padding-left: 115px !important;}\u00a0\u00bb el_class=\u00a0\u00bbhome-call-heading\u00a0\u00bb]<\/p>\n<h2 style=\"text-align: center;\"><strong>Obtenez une reconnaissance professionnelle par l\u2019agr\u00e9ment national<\/strong><\/h2>\n<p>[\/vc_column_text][vc_column_text css=\u00a0\u00bb.vc_custom_1461949710342{margin-bottom: 0px !important;}\u00a0\u00bb]<\/p>\n<h3 style=\"text-align: center;\">L\u2019agr\u00e9ment offre une reconnaissance nationale et internationale de vos comp\u00e9tences professionnelles de m\u00eame que nos nombreux autres avantages importants. Avancez votre carri\u00e8re en devenant professionnel de technologie agr\u00e9\u00e9.<\/h3>\n<p>[\/vc_column_text][vc_row_inner css=\u00a0\u00bb.vc_custom_1449678153841{margin-bottom: 60px !important;}\u00a0\u00bb][vc_column_inner width=\u00a0\u00bb1\/4&Prime; offset=\u00a0\u00bbvc_hidden-sm vc_hidden-xs\u00a0\u00bb][\/vc_column_inner][vc_column_inner offset=\u00a0\u00bbvc_col-md-6&Prime;][vc_column_text]<a class=\"btn btn-primary btn-lg\" href=\"\/fr\/agrement-national\/\">Votre cheminement vers l\u2019agr\u00e9ment commence ici!<i class=\"material-icons\">\ue5c8<\/i><\/a>[\/vc_column_text][\/vc_column_inner][vc_column_inner width=\u00a0\u00bb1\/4&Prime; offset=\u00a0\u00bbvc_hidden-sm vc_hidden-xs\u00a0\u00bb][\/vc_column_inner][\/vc_row_inner][\/vc_column][\/vc_row][vc_row css=\u00a0\u00bb.vc_custom_1449679424563{margin-top: 60px !important;}\u00a0\u00bb][vc_column css=\u00a0\u00bb.vc_custom_1449682096985{margin-bottom: 25px !important;padding-right: 30px !important;background-position: center !important;background-repeat: no-repeat !important;background-size: cover !important;}\u00a0\u00bb el_class=\u00a0\u00bbhome-block\u00a0\u00bb offset=\u00a0\u00bbvc_col-lg-4 vc_col-md-4 vc_col-xs-12&Prime;][vc_row_inner css=\u00a0\u00bb.vc_custom_1449680497157{margin-bottom: 0px !important;}\u00a0\u00bb][vc_column_inner css=\u00a0\u00bb.vc_custom_1449680819843{padding-right: 35px !important;padding-left: 35px !important;background-image: url(https:\/\/www.nbscett.nb.ca\/wp-content\/uploads\/2015\/12\/home-employers.jpg?id=135) !important;background-position: center !important;background-repeat: no-repeat !important;background-size: cover !important;}\u00a0\u00bb][vc_column_text]<\/p>\n<h3>Employeurs<\/h3>\n<p>Le professionnels de la technologie agr\u00e9\u00e9s sont un moteur de productivit\u00e9.[\/vc_column_text][\/vc_column_inner][\/vc_row_inner][vc_column_text]<a href=\"\/fr\/employeurs\/\">Plus d\u2019info au sujet des employeurs<i class=\"material-icons\">\ue5c8<\/i><\/a>[\/vc_column_text][\/vc_column][vc_column css=\u00a0\u00bb.vc_custom_1449682106609{margin-bottom: 25px !important;padding-right: 30px !important;padding-left: 30px !important;background-position: center !important;background-repeat: no-repeat !important;background-size: cover !important;}\u00a0\u00bb el_class=\u00a0\u00bbhome-block\u00a0\u00bb offset=\u00a0\u00bbvc_col-lg-4 vc_col-md-4 vc_col-xs-12&Prime;][vc_row_inner css=\u00a0\u00bb.vc_custom_1449680507827{margin-bottom: 0px !important;}\u00a0\u00bb][vc_column_inner css=\u00a0\u00bb.vc_custom_1449680829805{padding-right: 35px !important;padding-left: 35px !important;background-image: url(https:\/\/www.nbscett.nb.ca\/wp-content\/uploads\/2015\/12\/home-arrivals.jpg?id=136) !important;background-position: center !important;background-repeat: no-repeat !important;background-size: cover !important;}\u00a0\u00bb][vc_column_text]<\/p>\n<h3>Nouveaux arrivants et professionnels form\u00e9s \u00e0 l\u2019\u00e9tranger<\/h3>\n<p>Le Canada a besoins de vos comp\u00e9tences. Faites \u00e9valuer vos titres de comp\u00e9tences.[\/vc_column_text][\/vc_column_inner][\/vc_row_inner][vc_column_text]<a href=\"\/fr\/techs-formes-a-letranger\/travailler-au-canada\/\">Plus d\u2019info sur les nouveaux arrivants et les professionnels form\u00e9s \u00e0 l\u2019\u00e9tranger<i class=\"material-icons\">\ue5c8<\/i><\/a>[\/vc_column_text][\/vc_column][vc_column css=\u00a0\u00bb.vc_custom_1449682119710{margin-bottom: 25px !important;padding-left: 30px !important;background-position: center !important;background-repeat: no-repeat !important;background-size: cover !important;}\u00a0\u00bb el_class=\u00a0\u00bbhome-block\u00a0\u00bb offset=\u00a0\u00bbvc_col-lg-4 vc_col-md-4 vc_col-xs-12&Prime;][vc_row_inner css=\u00a0\u00bb.vc_custom_1449680517806{margin-bottom: 0px !important;}\u00a0\u00bb][vc_column_inner css=\u00a0\u00bb.vc_custom_1449680842135{padding-right: 35px !important;padding-left: 35px !important;background-image: url(https:\/\/www.nbscett.nb.ca\/wp-content\/uploads\/2015\/12\/home-technology.jpg?id=137) !important;background-position: center !important;background-repeat: no-repeat !important;background-size: cover !important;}\u00a0\u00bb][vc_column_text]<\/p>\n<h3>Carri\u00e8res en technologie<\/h3>\n<p>Un travail stimulant! Une r\u00e9mun\u00e9ration hors pair![\/vc_column_text][\/vc_column_inner][\/vc_row_inner][vc_column_text]<a href=\"\/fr\/carrieres-en-technologie\/une-profession-valorisante-un-avenir-enrichissant\/\">Plus d\u2019info au sujet des carri\u00e8res en technologie<i class=\"material-icons\">\ue5c8<\/i><\/a>[\/vc_column_text][\/vc_column][\/vc_row]<\/p>\n<\/div>","protected":false},"excerpt":{"rendered":"<p>[vc_row full_width=\u00a0\u00bbstretch_row\u00a0\u00bb el_class=\u00a0\u00bbslider-holder\u00a0\u00bb css=\u00a0\u00bb.vc_custom_1449687316877{margin-bottom: 0px !important;}\u00a0\u00bb][vc_column][rev_slider_vc alias=\u00a0\u00bbsliderFrench\u00a0\u00bb][\/vc_column][\/vc_row][vc_row][vc_column][vc_single_image image=\u00a0\u00bb1593&Prime; img_size=\u00a0\u00bbfull\u00a0\u00bb alignment=\u00a0\u00bbcenter\u00a0\u00bb onclick=\u00a0\u00bbcustom_link\u00a0\u00bb css=\u00a0\u00bb.vc_custom_1760028220952{margin-top: 35px !important;}\u00a0\u00bb link=\u00a0\u00bbhttps:\/\/www.tdassurance.com\/affinity\/NBSCETT?src=AFFINITYAPDG\u00a0\u00bb][\/vc_column][\/vc_row][vc_row disable_element=\u00a0\u00bbyes\u00a0\u00bb][vc_column][vc_raw_html css=\u00a0\u00bb.vc_custom_1462817019823{padding-top: 35px !important;}\u00a0\u00bb]JTNDc2NyaXB0JTIwdHlwZSUzRCUyMnRleHQlMkZqYXZhc2NyaXB0JTIyJTNFdmFyJTIwcCUzRCUyMmh0dHAlMjIlMkNkJTNEJTIyc3RhdGljJTIyJTNCaWYlMjhkb2N1bWVudC5sb2NhdGlvbi5wcm90b2NvbCUzRCUzRCUyMmh0dHBzJTNBJTIyJTI5JTdCcCUyQiUzRCUyMnMlMjIlM0JkJTNEJTIyZW5naW5lJTIyJTNCJTdEdmFyJTIweiUzRGRvY3VtZW50LmNyZWF0ZUVsZW1lbnQlMjglMjJzY3JpcHQlMjIlMjklM0J6LnR5cGUlM0QlMjJ0ZXh0JTJGamF2YXNjcmlwdCUyMiUzQnouYXN5bmMlM0R0cnVlJTNCei5zcmMlM0RwJTJCJTIyJTNBJTJGJTJGJTIyJTJCZCUyQiUyMi5tdWx0aXZpZXcuY29tJTJGYWRvcy5qcyUyMiUzQnZhciUyMHMlM0Rkb2N1bWVudC5nZXRFbGVtZW50c0J5VGFnTmFtZSUyOCUyMnNjcmlwdCUyMiUyOSU1QjAlNUQlM0JzLnBhcmVudE5vZGUuaW5zZXJ0QmVmb3JlJTI4eiUyQ3MlMjklM0IlM0MlMkZzY3JpcHQlM0UlMEElM0NzY3JpcHQlMjB0eXBlJTNEJTIydGV4dCUyRmphdmFzY3JpcHQlMjIlM0UlMEF2YXIlMjBhZG9zJTIwJTNEJTIwYWRvcyUyMCU3QyU3QyUyMCU3QiU3RCUzQiUwQWFkb3MucnVuJTIwJTNEJTIwYWRvcy5ydW4lMjAlN0MlN0MlMjAlNUIlNUQlM0IlMEFhZG9zLnJ1bi5wdXNoJTI4ZnVuY3Rpb24lMjglMjklMjAlN0IlMEElMkYlMkElMjBsb2FkJTIwcGxhY2VtZW50JTIwZm9yJTIwYWNjb3VudCUzQSUyME11bHRpdmlldyUyQyUyMHNpdGUlM0ElMjBOQlNDRVRUd2ViJTIwLSUyME5ldyUyMEJydW5zd2ljayUyMFNvY2lldHklMjBvZiUyMENlcnRpZmllZCUyMEVuZ2luZWVyaW5nJTIwVGVjaG5pY2lhbnMlMjBhbmQlMjBUZWNoJTJDJTIwc2l6ZSUzQSUyMDcyOHg5MCUyMC0lMjBMZWFkZXJib2FyZCUyQyUyMHpvbmUlM0ElMjBOQlNDRVRUd2ViJTIwLSUyMExlYWRlcmJvYXJkJTIwLSUyMDcyOHg5MCUyMCUyOG5ldyUyMHdlYnNpdGUlMjklMkElMkYlMEFhZG9zX2FkZF9wbGFjZW1lbnQlMjg0NDY2JTJDJTIwNTQ4MTYlMkMlMjAlMjJtdkJhbm5lciUyMiUyQyUyMDQlMjkuc2V0Wm9uZSUyODE1NzYxMSUyOSUzQiUwQWFkb3Nfc2V0RG9tYWluJTI4JTI3ZW5naW5lLm11bHRpdmlldy5jb20lMjclMjklM0IlMEFhZG9zX2xvYWQlMjglMjklM0IlMEElN0QlMjklM0IlM0MlMkZzY3JpcHQlM0UlMEElM0NzdHlsZSUyMHR5cGUlM0QlMjJ0ZXh0JTJGY3NzJTIyJTNFJTBBJTIzbXZCYW5uZXIlMjBpbWclMjAlN0IlMEElMjAlMjAlMjAlMjAlMjAlMjBtYXgtd2lkdGglM0ExMDAlMjUlMjAlMjFpbXBvcnRhbnQlM0IlMjAlMEElMjAlMjAlMjAlMjAlMjAlMjBoZWlnaHQlM0ElMjBhdXRvJTIwJTIxaW1wb3J0YW50JTNCJTBBJTdEJTBBJTBBJTNDJTJGc3R5bGUlM0UlMEElM0NkaXYlMjBpZCUzRCUyMm12QmFubmVyJTIyJTIwc3R5bGUlM0QlMjJ0ZXh0LWFsaWduJTNBY2VudGVyJTNCJTIyJTNFJTNDJTJGZGl2JTNFJTBB[\/vc_raw_html][\/vc_column][\/vc_row][vc_row full_width=\u00a0\u00bbstretch_row\u00a0\u00bb css=\u00a0\u00bb.vc_custom_1449678563667{margin-bottom: 0px !important;padding-top: 40px !important;background-image: url(https:\/\/www.nbscett.nb.ca\/wp-content\/uploads\/2015\/12\/home-bg.jpg?id=116) !important;background-position: center !important;background-repeat: no-repeat !important;background-size: cover !important;}\u00a0\u00bb el_class=\u00a0\u00bbhome-call\u00a0\u00bb][vc_column css=\u00a0\u00bb.vc_custom_1449678066271{margin-bottom: 0px !important;}\u00a0\u00bb][vc_column_text css=\u00a0\u00bb.vc_custom_1461949696055{margin-top: 20px !important;padding-right: 115px !important;padding-left: 115px !important;}\u00a0\u00bb el_class=\u00a0\u00bbhome-call-heading\u00a0\u00bb] Obtenez une reconnaissance professionnelle par l\u2019agr\u00e9ment national [\/vc_column_text][vc_column_text css=\u00a0\u00bb.vc_custom_1461949710342{margin-bottom: 0px [&hellip;]<\/p>\n","protected":false},"author":1,"featured_media":0,"parent":0,"menu_order":0,"comment_status":"closed","ping_status":"closed","template":"","meta":{"footnotes":""},"class_list":["post-46","page","type-page","status-publish","hentry"],"yoast_head":"<!-- This site is optimized with the Yoast SEO plugin v26.7 - https:\/\/yoast.com\/wordpress\/plugins\/seo\/ -->\n<title>Accueil - SttagN-B<\/title>\n<meta name=\"robots\" content=\"index, follow, max-snippet:-1, max-image-preview:large, max-video-preview:-1\" \/>\n<link rel=\"canonical\" href=\"https:\/\/www.nbscett.nb.ca\/fr\/\" \/>\n<meta property=\"og:locale\" content=\"fr_FR\" \/>\n<meta property=\"og:type\" content=\"article\" \/>\n<meta property=\"og:title\" content=\"Accueil - SttagN-B\" \/>\n<meta property=\"og:description\" content=\"[vc_row full_width=\u00a0\u00bbstretch_row\u00a0\u00bb el_class=\u00a0\u00bbslider-holder\u00a0\u00bb css=\u00a0\u00bb.vc_custom_1449687316877{margin-bottom: 0px !important;}\u00a0\u00bb][vc_column][rev_slider_vc alias=\u00a0\u00bbsliderFrench\u00a0\u00bb][\/vc_column][\/vc_row][vc_row][vc_column][vc_single_image image=\u00a0\u00bb1593&Prime; img_size=\u00a0\u00bbfull\u00a0\u00bb alignment=\u00a0\u00bbcenter\u00a0\u00bb onclick=\u00a0\u00bbcustom_link\u00a0\u00bb css=\u00a0\u00bb.vc_custom_1760028220952{margin-top: 35px !important;}\u00a0\u00bb link=\u00a0\u00bbhttps:\/\/www.tdassurance.com\/affinity\/NBSCETT?src=AFFINITYAPDG\u00a0\u00bb][\/vc_column][\/vc_row][vc_row disable_element=\u00a0\u00bbyes\u00a0\u00bb][vc_column][vc_raw_html css=\u00a0\u00bb.vc_custom_1462817019823{padding-top: 35px !important;}\u00a0\u00bb]JTNDc2NyaXB0JTIwdHlwZSUzRCUyMnRleHQlMkZqYXZhc2NyaXB0JTIyJTNFdmFyJTIwcCUzRCUyMmh0dHAlMjIlMkNkJTNEJTIyc3RhdGljJTIyJTNCaWYlMjhkb2N1bWVudC5sb2NhdGlvbi5wcm90b2NvbCUzRCUzRCUyMmh0dHBzJTNBJTIyJTI5JTdCcCUyQiUzRCUyMnMlMjIlM0JkJTNEJTIyZW5naW5lJTIyJTNCJTdEdmFyJTIweiUzRGRvY3VtZW50LmNyZWF0ZUVsZW1lbnQlMjglMjJzY3JpcHQlMjIlMjklM0J6LnR5cGUlM0QlMjJ0ZXh0JTJGamF2YXNjcmlwdCUyMiUzQnouYXN5bmMlM0R0cnVlJTNCei5zcmMlM0RwJTJCJTIyJTNBJTJGJTJGJTIyJTJCZCUyQiUyMi5tdWx0aXZpZXcuY29tJTJGYWRvcy5qcyUyMiUzQnZhciUyMHMlM0Rkb2N1bWVudC5nZXRFbGVtZW50c0J5VGFnTmFtZSUyOCUyMnNjcmlwdCUyMiUyOSU1QjAlNUQlM0JzLnBhcmVudE5vZGUuaW5zZXJ0QmVmb3JlJTI4eiUyQ3MlMjklM0IlM0MlMkZzY3JpcHQlM0UlMEElM0NzY3JpcHQlMjB0eXBlJTNEJTIydGV4dCUyRmphdmFzY3JpcHQlMjIlM0UlMEF2YXIlMjBhZG9zJTIwJTNEJTIwYWRvcyUyMCU3QyU3QyUyMCU3QiU3RCUzQiUwQWFkb3MucnVuJTIwJTNEJTIwYWRvcy5ydW4lMjAlN0MlN0MlMjAlNUIlNUQlM0IlMEFhZG9zLnJ1bi5wdXNoJTI4ZnVuY3Rpb24lMjglMjklMjAlN0IlMEElMkYlMkElMjBsb2FkJTIwcGxhY2VtZW50JTIwZm9yJTIwYWNjb3VudCUzQSUyME11bHRpdmlldyUyQyUyMHNpdGUlM0ElMjBOQlNDRVRUd2ViJTIwLSUyME5ldyUyMEJydW5zd2ljayUyMFNvY2lldHklMjBvZiUyMENlcnRpZmllZCUyMEVuZ2luZWVyaW5nJTIwVGVjaG5pY2lhbnMlMjBhbmQlMjBUZWNoJTJDJTIwc2l6ZSUzQSUyMDcyOHg5MCUyMC0lMjBMZWFkZXJib2FyZCUyQyUyMHpvbmUlM0ElMjBOQlNDRVRUd2ViJTIwLSUyMExlYWRlcmJvYXJkJTIwLSUyMDcyOHg5MCUyMCUyOG5ldyUyMHdlYnNpdGUlMjklMkElMkYlMEFhZG9zX2FkZF9wbGFjZW1lbnQlMjg0NDY2JTJDJTIwNTQ4MTYlMkMlMjAlMjJtdkJhbm5lciUyMiUyQyUyMDQlMjkuc2V0Wm9uZSUyODE1NzYxMSUyOSUzQiUwQWFkb3Nfc2V0RG9tYWluJTI4JTI3ZW5naW5lLm11bHRpdmlldy5jb20lMjclMjklM0IlMEFhZG9zX2xvYWQlMjglMjklM0IlMEElN0QlMjklM0IlM0MlMkZzY3JpcHQlM0UlMEElM0NzdHlsZSUyMHR5cGUlM0QlMjJ0ZXh0JTJGY3NzJTIyJTNFJTBBJTIzbXZCYW5uZXIlMjBpbWclMjAlN0IlMEElMjAlMjAlMjAlMjAlMjAlMjBtYXgtd2lkdGglM0ExMDAlMjUlMjAlMjFpbXBvcnRhbnQlM0IlMjAlMEElMjAlMjAlMjAlMjAlMjAlMjBoZWlnaHQlM0ElMjBhdXRvJTIwJTIxaW1wb3J0YW50JTNCJTBBJTdEJTBBJTBBJTNDJTJGc3R5bGUlM0UlMEElM0NkaXYlMjBpZCUzRCUyMm12QmFubmVyJTIyJTIwc3R5bGUlM0QlMjJ0ZXh0LWFsaWduJTNBY2VudGVyJTNCJTIyJTNFJTNDJTJGZGl2JTNFJTBB[\/vc_raw_html][\/vc_column][\/vc_row][vc_row full_width=\u00a0\u00bbstretch_row\u00a0\u00bb css=\u00a0\u00bb.vc_custom_1449678563667{margin-bottom: 0px !important;padding-top: 40px !important;background-image: url(https:\/\/www.nbscett.nb.ca\/wp-content\/uploads\/2015\/12\/home-bg.jpg?id=116) !important;background-position: center !important;background-repeat: no-repeat !important;background-size: cover !important;}\u00a0\u00bb el_class=\u00a0\u00bbhome-call\u00a0\u00bb][vc_column css=\u00a0\u00bb.vc_custom_1449678066271{margin-bottom: 0px !important;}\u00a0\u00bb][vc_column_text css=\u00a0\u00bb.vc_custom_1461949696055{margin-top: 20px !important;padding-right: 115px !important;padding-left: 115px !important;}\u00a0\u00bb el_class=\u00a0\u00bbhome-call-heading\u00a0\u00bb] Obtenez une reconnaissance professionnelle par l\u2019agr\u00e9ment national [\/vc_column_text][vc_column_text css=\u00a0\u00bb.vc_custom_1461949710342{margin-bottom: 0px [&hellip;]\" \/>\n<meta property=\"og:url\" content=\"https:\/\/www.nbscett.nb.ca\/fr\/\" \/>\n<meta property=\"og:site_name\" content=\"SttagN-B\" \/>\n<meta property=\"article:modified_time\" content=\"2025-10-09T16:43:42+00:00\" \/>\n<meta name=\"twitter:card\" content=\"summary_large_image\" \/>\n<meta name=\"twitter:label1\" content=\"Dur\u00e9e de lecture estim\u00e9e\" \/>\n\t<meta name=\"twitter:data1\" content=\"2 minutes\" \/>\n<script type=\"application\/ld+json\" class=\"yoast-schema-graph\">{\"@context\":\"https:\/\/schema.org\",\"@graph\":[{\"@type\":\"WebPage\",\"@id\":\"https:\/\/www.nbscett.nb.ca\/fr\/\",\"url\":\"https:\/\/www.nbscett.nb.ca\/fr\/\",\"name\":\"Accueil - SttagN-B\",\"isPartOf\":{\"@id\":\"https:\/\/www.nbscett.nb.ca\/en\/#website\"},\"datePublished\":\"2015-12-08T16:06:31+00:00\",\"dateModified\":\"2025-10-09T16:43:42+00:00\",\"breadcrumb\":{\"@id\":\"https:\/\/www.nbscett.nb.ca\/fr\/#breadcrumb\"},\"inLanguage\":\"fr-FR\",\"potentialAction\":[{\"@type\":\"ReadAction\",\"target\":[\"https:\/\/www.nbscett.nb.ca\/fr\/\"]}]},{\"@type\":\"BreadcrumbList\",\"@id\":\"https:\/\/www.nbscett.nb.ca\/fr\/#breadcrumb\",\"itemListElement\":[{\"@type\":\"ListItem\",\"position\":1,\"name\":\"home\",\"item\":\"https:\/\/www.nbscett.nb.ca\/fr\/\"},{\"@type\":\"ListItem\",\"position\":2,\"name\":\"Accueil\"}]},{\"@type\":\"WebSite\",\"@id\":\"https:\/\/www.nbscett.nb.ca\/en\/#website\",\"url\":\"https:\/\/www.nbscett.nb.ca\/en\/\",\"name\":\"SttagN-B\",\"description\":\"\",\"potentialAction\":[{\"@type\":\"SearchAction\",\"target\":{\"@type\":\"EntryPoint\",\"urlTemplate\":\"https:\/\/www.nbscett.nb.ca\/en\/?s={search_term_string}\"},\"query-input\":{\"@type\":\"PropertyValueSpecification\",\"valueRequired\":true,\"valueName\":\"search_term_string\"}}],\"inLanguage\":\"fr-FR\"}]}<\/script>\n<!-- \/ Yoast SEO plugin. -->","yoast_head_json":{"title":"Accueil - SttagN-B","robots":{"index":"index","follow":"follow","max-snippet":"max-snippet:-1","max-image-preview":"max-image-preview:large","max-video-preview":"max-video-preview:-1"},"canonical":"https:\/\/www.nbscett.nb.ca\/fr\/","og_locale":"fr_FR","og_type":"article","og_title":"Accueil - SttagN-B","og_description":"[vc_row full_width=\u00a0\u00bbstretch_row\u00a0\u00bb el_class=\u00a0\u00bbslider-holder\u00a0\u00bb css=\u00a0\u00bb.vc_custom_1449687316877{margin-bottom: 0px !important;}\u00a0\u00bb][vc_column][rev_slider_vc alias=\u00a0\u00bbsliderFrench\u00a0\u00bb][\/vc_column][\/vc_row][vc_row][vc_column][vc_single_image image=\u00a0\u00bb1593&Prime; img_size=\u00a0\u00bbfull\u00a0\u00bb alignment=\u00a0\u00bbcenter\u00a0\u00bb onclick=\u00a0\u00bbcustom_link\u00a0\u00bb css=\u00a0\u00bb.vc_custom_1760028220952{margin-top: 35px !important;}\u00a0\u00bb link=\u00a0\u00bbhttps:\/\/www.tdassurance.com\/affinity\/NBSCETT?src=AFFINITYAPDG\u00a0\u00bb][\/vc_column][\/vc_row][vc_row disable_element=\u00a0\u00bbyes\u00a0\u00bb][vc_column][vc_raw_html css=\u00a0\u00bb.vc_custom_1462817019823{padding-top: 35px !important;}\u00a0\u00bb]JTNDc2NyaXB0JTIwdHlwZSUzRCUyMnRleHQlMkZqYXZhc2NyaXB0JTIyJTNFdmFyJTIwcCUzRCUyMmh0dHAlMjIlMkNkJTNEJTIyc3RhdGljJTIyJTNCaWYlMjhkb2N1bWVudC5sb2NhdGlvbi5wcm90b2NvbCUzRCUzRCUyMmh0dHBzJTNBJTIyJTI5JTdCcCUyQiUzRCUyMnMlMjIlM0JkJTNEJTIyZW5naW5lJTIyJTNCJTdEdmFyJTIweiUzRGRvY3VtZW50LmNyZWF0ZUVsZW1lbnQlMjglMjJzY3JpcHQlMjIlMjklM0J6LnR5cGUlM0QlMjJ0ZXh0JTJGamF2YXNjcmlwdCUyMiUzQnouYXN5bmMlM0R0cnVlJTNCei5zcmMlM0RwJTJCJTIyJTNBJTJGJTJGJTIyJTJCZCUyQiUyMi5tdWx0aXZpZXcuY29tJTJGYWRvcy5qcyUyMiUzQnZhciUyMHMlM0Rkb2N1bWVudC5nZXRFbGVtZW50c0J5VGFnTmFtZSUyOCUyMnNjcmlwdCUyMiUyOSU1QjAlNUQlM0JzLnBhcmVudE5vZGUuaW5zZXJ0QmVmb3JlJTI4eiUyQ3MlMjklM0IlM0MlMkZzY3JpcHQlM0UlMEElM0NzY3JpcHQlMjB0eXBlJTNEJTIydGV4dCUyRmphdmFzY3JpcHQlMjIlM0UlMEF2YXIlMjBhZG9zJTIwJTNEJTIwYWRvcyUyMCU3QyU3QyUyMCU3QiU3RCUzQiUwQWFkb3MucnVuJTIwJTNEJTIwYWRvcy5ydW4lMjAlN0MlN0MlMjAlNUIlNUQlM0IlMEFhZG9zLnJ1bi5wdXNoJTI4ZnVuY3Rpb24lMjglMjklMjAlN0IlMEElMkYlMkElMjBsb2FkJTIwcGxhY2VtZW50JTIwZm9yJTIwYWNjb3VudCUzQSUyME11bHRpdmlldyUyQyUyMHNpdGUlM0ElMjBOQlNDRVRUd2ViJTIwLSUyME5ldyUyMEJydW5zd2ljayUyMFNvY2lldHklMjBvZiUyMENlcnRpZmllZCUyMEVuZ2luZWVyaW5nJTIwVGVjaG5pY2lhbnMlMjBhbmQlMjBUZWNoJTJDJTIwc2l6ZSUzQSUyMDcyOHg5MCUyMC0lMjBMZWFkZXJib2FyZCUyQyUyMHpvbmUlM0ElMjBOQlNDRVRUd2ViJTIwLSUyMExlYWRlcmJvYXJkJTIwLSUyMDcyOHg5MCUyMCUyOG5ldyUyMHdlYnNpdGUlMjklMkElMkYlMEFhZG9zX2FkZF9wbGFjZW1lbnQlMjg0NDY2JTJDJTIwNTQ4MTYlMkMlMjAlMjJtdkJhbm5lciUyMiUyQyUyMDQlMjkuc2V0Wm9uZSUyODE1NzYxMSUyOSUzQiUwQWFkb3Nfc2V0RG9tYWluJTI4JTI3ZW5naW5lLm11bHRpdmlldy5jb20lMjclMjklM0IlMEFhZG9zX2xvYWQlMjglMjklM0IlMEElN0QlMjklM0IlM0MlMkZzY3JpcHQlM0UlMEElM0NzdHlsZSUyMHR5cGUlM0QlMjJ0ZXh0JTJGY3NzJTIyJTNFJTBBJTIzbXZCYW5uZXIlMjBpbWclMjAlN0IlMEElMjAlMjAlMjAlMjAlMjAlMjBtYXgtd2lkdGglM0ExMDAlMjUlMjAlMjFpbXBvcnRhbnQlM0IlMjAlMEElMjAlMjAlMjAlMjAlMjAlMjBoZWlnaHQlM0ElMjBhdXRvJTIwJTIxaW1wb3J0YW50JTNCJTBBJTdEJTBBJTBBJTNDJTJGc3R5bGUlM0UlMEElM0NkaXYlMjBpZCUzRCUyMm12QmFubmVyJTIyJTIwc3R5bGUlM0QlMjJ0ZXh0LWFsaWduJTNBY2VudGVyJTNCJTIyJTNFJTNDJTJGZGl2JTNFJTBB[\/vc_raw_html][\/vc_column][\/vc_row][vc_row full_width=\u00a0\u00bbstretch_row\u00a0\u00bb css=\u00a0\u00bb.vc_custom_1449678563667{margin-bottom: 0px !important;padding-top: 40px !important;background-image: url(https:\/\/www.nbscett.nb.ca\/wp-content\/uploads\/2015\/12\/home-bg.jpg?id=116) !important;background-position: center !important;background-repeat: no-repeat !important;background-size: cover !important;}\u00a0\u00bb el_class=\u00a0\u00bbhome-call\u00a0\u00bb][vc_column css=\u00a0\u00bb.vc_custom_1449678066271{margin-bottom: 0px !important;}\u00a0\u00bb][vc_column_text css=\u00a0\u00bb.vc_custom_1461949696055{margin-top: 20px !important;padding-right: 115px !important;padding-left: 115px !important;}\u00a0\u00bb el_class=\u00a0\u00bbhome-call-heading\u00a0\u00bb] Obtenez une reconnaissance professionnelle par l\u2019agr\u00e9ment national [\/vc_column_text][vc_column_text css=\u00a0\u00bb.vc_custom_1461949710342{margin-bottom: 0px [&hellip;]","og_url":"https:\/\/www.nbscett.nb.ca\/fr\/","og_site_name":"SttagN-B","article_modified_time":"2025-10-09T16:43:42+00:00","twitter_card":"summary_large_image","twitter_misc":{"Dur\u00e9e de lecture estim\u00e9e":"2 minutes"},"schema":{"@context":"https:\/\/schema.org","@graph":[{"@type":"WebPage","@id":"https:\/\/www.nbscett.nb.ca\/fr\/","url":"https:\/\/www.nbscett.nb.ca\/fr\/","name":"Accueil - SttagN-B","isPartOf":{"@id":"https:\/\/www.nbscett.nb.ca\/en\/#website"},"datePublished":"2015-12-08T16:06:31+00:00","dateModified":"2025-10-09T16:43:42+00:00","breadcrumb":{"@id":"https:\/\/www.nbscett.nb.ca\/fr\/#breadcrumb"},"inLanguage":"fr-FR","potentialAction":[{"@type":"ReadAction","target":["https:\/\/www.nbscett.nb.ca\/fr\/"]}]},{"@type":"BreadcrumbList","@id":"https:\/\/www.nbscett.nb.ca\/fr\/#breadcrumb","itemListElement":[{"@type":"ListItem","position":1,"name":"home","item":"https:\/\/www.nbscett.nb.ca\/fr\/"},{"@type":"ListItem","position":2,"name":"Accueil"}]},{"@type":"WebSite","@id":"https:\/\/www.nbscett.nb.ca\/en\/#website","url":"https:\/\/www.nbscett.nb.ca\/en\/","name":"SttagN-B","description":"","potentialAction":[{"@type":"SearchAction","target":{"@type":"EntryPoint","urlTemplate":"https:\/\/www.nbscett.nb.ca\/en\/?s={search_term_string}"},"query-input":{"@type":"PropertyValueSpecification","valueRequired":true,"valueName":"search_term_string"}}],"inLanguage":"fr-FR"}]}},"_links":{"self":[{"href":"https:\/\/www.nbscett.nb.ca\/fr\/wp-json\/wp\/v2\/pages\/46","targetHints":{"allow":["GET"]}}],"collection":[{"href":"https:\/\/www.nbscett.nb.ca\/fr\/wp-json\/wp\/v2\/pages"}],"about":[{"href":"https:\/\/www.nbscett.nb.ca\/fr\/wp-json\/wp\/v2\/types\/page"}],"author":[{"embeddable":true,"href":"https:\/\/www.nbscett.nb.ca\/fr\/wp-json\/wp\/v2\/users\/1"}],"replies":[{"embeddable":true,"href":"https:\/\/www.nbscett.nb.ca\/fr\/wp-json\/wp\/v2\/comments?post=46"}],"version-history":[{"count":0,"href":"https:\/\/www.nbscett.nb.ca\/fr\/wp-json\/wp\/v2\/pages\/46\/revisions"}],"wp:attachment":[{"href":"https:\/\/www.nbscett.nb.ca\/fr\/wp-json\/wp\/v2\/media?parent=46"}],"curies":[{"name":"wp","href":"https:\/\/api.w.org\/{rel}","templated":true}]}}