{"id":456,"date":"2016-04-28T18:02:55","date_gmt":"2016-04-28T18:02:55","guid":{"rendered":"http:\/\/nbscett.wpengine.com\/fr\/?page_id=456"},"modified":"2025-08-07T17:36:41","modified_gmt":"2025-08-07T17:36:41","slug":"conseil","status":"publish","type":"page","link":"https:\/\/www.nbscett.nb.ca\/fr\/au-sujet-de-la-sttagn-b\/conseil\/","title":{"rendered":"Conseil"},"content":{"rendered":"<div class=\"wpb-content-wrapper\"><p>[vc_row][vc_column][vc_column_text css=\u00a0\u00bb\u00a0\u00bb]<\/p>\n<h3>Participants du conseil 2024-2025<\/h3>\n<p>Thomas Beers, CTech &#8211; Pr\u00e9sident<br \/>\nStephen Love, PTech &#8211; Pr\u00e9sidente \u00e9lue<br \/>\nKelly Jewer, PTech &#8211; Vice-pr\u00e9sident<br \/>\nScott Davis, PTech &#8211; Pr\u00e9sident sortant<br \/>\nGreg Gagnon, PTech &#8211; Conseillere, Fredericton<br \/>\nJonathan Thornton, PTech &#8211; Conseillere, Fredericton<br \/>\nYves Gallant, PTech &#8211; Conseiller, Moncton<br \/>\nLuc Doucette, PTech &#8211; Conseiller, Moncton<br \/>\nDavid P. Thibodeau, PTech &#8211; Conseillere, Nord<br \/>\nLori Catherine, CET &#8211; Conseiller, Nord-est<br \/>\nJean-Luc Michaud, PTech- Conseiller, Nord-Ouest<br \/>\nRobert Hunt, CTech- Conseillere, Saint John<br \/>\nStephanie Sheaves, PTech &#8211; Conseill\u00e8re, Saint John<br \/>\nBonnie Doughty &#8211; Repr\u00e9sentante du public<\/p>\n<p>Directrice g\u00e9n\u00e9ral : Jennifer Lawson-Day<br \/>\nDirecteur g\u00e9n\u00e9ral Emeritus: Edward F. Leslie, CAE, PTech<br \/>\nRegistraire : David Sheaves, PTech<br \/>\nAdjointe \u00e0 la registraire : Rui Zhang, PTech<br \/>\nRegistrar Emeritus : Kenneth C. Brown, PTech<br \/>\nPr\u00e9sident du bureau d\u2019agr\u00e9ment : Timothy Scammell, PTech<br \/>\nRepr\u00e9sentant du BCAT : Kenneth Geldart, PTech<br \/>\nHR Chair \u2013 E. James Nyers<br \/>\nAdjointe \u00e0 la direction : Sabrina Pineau<br \/>\nAdjointe administrative : Rylee Bunting[\/vc_column_text][\/vc_column][\/vc_row][vc_row][vc_column width=\u00a0\u00bb1\/6&Prime;][vc_single_image image=\u00a0\u00bb1283&Prime; css=\u00a0\u00bb.vc_custom_1694615979184{margin-bottom: 0px !important;}\u00a0\u00bb][vc_column_text css=\u00a0\u00bb\u00a0\u00bb el_class=\u00a0\u00bbsmall-text\u00a0\u00bb]Thomas Beers, CTech \u2013 Pr\u00e9sidente[\/vc_column_text][\/vc_column][vc_column width=\u00a0\u00bb1\/6&Prime;][vc_single_image image=\u00a0\u00bb849&Prime; css=\u00a0\u00bb.vc_custom_1623948979768{margin-bottom: 0px !important;}\u00a0\u00bb][vc_column_text css=\u00a0\u00bb\u00a0\u00bb el_class=\u00a0\u00bbsmall-text\u00a0\u00bb]Stephen Love, PTech \u2013 Pr\u00e9sidente \u00e9lue[\/vc_column_text][\/vc_column][vc_column width=\u00a0\u00bb1\/6&Prime;][vc_single_image image=\u00a0\u00bb1285&Prime; css=\u00a0\u00bb.vc_custom_1747936002021{margin-bottom: 0px !important;}\u00a0\u00bb][vc_column_text css=\u00a0\u00bb.vc_custom_1747848203057{margin-top: 0px !important;}\u00a0\u00bb el_class=\u00a0\u00bbsmall-text\u00a0\u00bb]Kelly Jewer, PTech \u2013 Vice-pr\u00e9sident[\/vc_column_text][\/vc_column][vc_column width=\u00a0\u00bb1\/6&Prime;][vc_single_image image=\u00a0\u00bb1281&Prime; css=\u00a0\u00bb.vc_custom_1694615909488{margin-bottom: 0px !important;}\u00a0\u00bb][vc_column_text css=\u00a0\u00bb\u00a0\u00bb el_class=\u00a0\u00bbsmall-text\u00a0\u00bb]Scott Davis, PTech \u2013 Pr\u00e9sidente sortante[\/vc_column_text][\/vc_column][vc_column width=\u00a0\u00bb1\/6&Prime;][vc_single_image image=\u00a0\u00bb1510&Prime; css=\u00a0\u00bb.vc_custom_1747944156261{margin-bottom: 0px !important;}\u00a0\u00bb][vc_column_text css=\u00a0\u00bb\u00a0\u00bb el_class=\u00a0\u00bbsmall-text\u00a0\u00bb]Greg Gagnon, PTech \u2014 Conseillere, Fredericton[\/vc_column_text][\/vc_column][vc_column width=\u00a0\u00bb1\/6&Prime;][vc_single_image image=\u00a0\u00bb1536&Prime; css=\u00a0\u00bb.vc_custom_1751919255506{margin-bottom: 0px !important;}\u00a0\u00bb][vc_column_text css=\u00a0\u00bb\u00a0\u00bb el_class=\u00a0\u00bbsmall-text\u00a0\u00bb]Jonathan Thornton, PTech \u2014 Conseillere, Fredericton[\/vc_column_text][\/vc_column][\/vc_row][vc_row][vc_column width=\u00a0\u00bb1\/6&Prime;][vc_single_image image=\u00a0\u00bb1558&Prime; css=\u00a0\u00bb.vc_custom_1754588045800{margin-bottom: 0px !important;}\u00a0\u00bb][vc_column_text css=\u00a0\u00bb\u00a0\u00bb el_class=\u00a0\u00bbsmall-text\u00a0\u00bb]Yves Gallant, PTech \u2013 Conseillere, Moncton[\/vc_column_text][\/vc_column][vc_column width=\u00a0\u00bb1\/6&Prime;][vc_single_image image=\u00a0\u00bb1553&Prime; css=\u00a0\u00bb.vc_custom_1753815502476{margin-bottom: 0px !important;}\u00a0\u00bb][vc_column_text css=\u00a0\u00bb\u00a0\u00bb el_class=\u00a0\u00bbsmall-text\u00a0\u00bb]Luc Doucette, PTech \u2013 Conseillere, Moncton[\/vc_column_text][\/vc_column][vc_column width=\u00a0\u00bb1\/6&Prime;][vc_single_image image=\u00a0\u00bb1356&Prime; css=\u00a0\u00bb.vc_custom_1707748543614{margin-bottom: 0px !important;}\u00a0\u00bb][vc_column_text css=\u00a0\u00bb\u00a0\u00bb el_class=\u00a0\u00bbsmall-text\u00a0\u00bb]David P. Thibodeau, PTech \u2014 Conseiller, Nord[\/vc_column_text][\/vc_column][vc_column width=\u00a0\u00bb1\/6&Prime;][vc_single_image image=\u00a0\u00bb1512&Prime; css=\u00a0\u00bb.vc_custom_1747944212598{margin-bottom: 0px !important;}\u00a0\u00bb][vc_column_text css=\u00a0\u00bb\u00a0\u00bb el_class=\u00a0\u00bbsmall-text\u00a0\u00bb]Lori Catherine, CET \u2014 Conseiller, Nord-est[\/vc_column_text][\/vc_column][vc_column width=\u00a0\u00bb1\/6&Prime;][vc_single_image image=\u00a0\u00bb1539&Prime; css=\u00a0\u00bb.vc_custom_1751919385770{margin-bottom: 0px !important;}\u00a0\u00bb][vc_column_text css=\u00a0\u00bb\u00a0\u00bb el_class=\u00a0\u00bbsmall-text\u00a0\u00bb]Jean &#8211; Luc Michaud, PTech \u2014 Conseiller, Nord-Ouest[\/vc_column_text][\/vc_column][vc_column width=\u00a0\u00bb1\/6&Prime;][vc_single_image image=\u00a0\u00bb1531&Prime; css=\u00a0\u00bb.vc_custom_1750439704794{margin-bottom: 0px !important;}\u00a0\u00bb][vc_column_text css=\u00a0\u00bb\u00a0\u00bb el_class=\u00a0\u00bbsmall-text\u00a0\u00bb]Robert Hunt, CTech \u2014 Conseillere, Saint John[\/vc_column_text][\/vc_column][\/vc_row][vc_row][vc_column width=\u00a0\u00bb1\/6&Prime;][vc_single_image image=\u00a0\u00bb1523&Prime; css=\u00a0\u00bb.vc_custom_1749062754654{margin-bottom: 0px !important;}\u00a0\u00bb][vc_column_text css=\u00a0\u00bb\u00a0\u00bb el_class=\u00a0\u00bbsmall-text\u00a0\u00bb]Stephanie Sheaves, PTech \u2014 Conseillere, Saint John[\/vc_column_text][\/vc_column][vc_column width=\u00a0\u00bb1\/6&Prime;][vc_single_image image=\u00a0\u00bb791&Prime; css=\u00a0\u00bb.vc_custom_1581625743656{margin-bottom: 0px !important;}\u00a0\u00bb][vc_column_text css=\u00a0\u00bb.vc_custom_1747849222713{margin-top: 0px !important;}\u00a0\u00bb el_class=\u00a0\u00bbsmall-text\u00a0\u00bb]Bonnie Doughty \u2013 Repr\u00e9sentante du public[\/vc_column_text][\/vc_column][vc_column width=\u00a0\u00bb1\/6&Prime;][vc_single_image image=\u00a0\u00bb1533&Prime; css=\u00a0\u00bb.vc_custom_1750956343619{margin-bottom: 0px !important;}\u00a0\u00bb][vc_column_text css=\u00a0\u00bb\u00a0\u00bb el_class=\u00a0\u00bbsmall-text\u00a0\u00bb]Jennifer Lawson-Day \u2014 Directrice ex\u00e9cutif[\/vc_column_text][\/vc_column][vc_column width=\u00a0\u00bb1\/6&Prime;][vc_single_image image=\u00a0\u00bb537&Prime; css=\u00a0\u00bb.vc_custom_1472838603396{margin-bottom: 0px !important;}\u00a0\u00bb][vc_column_text css=\u00a0\u00bb\u00a0\u00bb el_class=\u00a0\u00bbsmall-text\u00a0\u00bb]Edward F. Leslie, CAE, PTech \u2014 Directeur g\u00e9n\u00e9ral Emeritus[\/vc_column_text][\/vc_column][vc_column width=\u00a0\u00bb1\/6&Prime;][vc_single_image image=\u00a0\u00bb1287&Prime; css=\u00a0\u00bb.vc_custom_1747842078419{margin-bottom: 0px !important;}\u00a0\u00bb][vc_column_text css=\u00a0\u00bb\u00a0\u00bb el_class=\u00a0\u00bbsmall-text\u00a0\u00bb]David Sheaves, PTech\u00a0\u2013 Registraire[\/vc_column_text][\/vc_column][vc_column width=\u00a0\u00bb1\/6&Prime;][vc_single_image image=\u00a0\u00bb1538&Prime; css=\u00a0\u00bb.vc_custom_1751919276623{margin-bottom: 0px !important;}\u00a0\u00bb][vc_column_text css=\u00a0\u00bb\u00a0\u00bb el_class=\u00a0\u00bbsmall-text\u00a0\u00bb]Rui Zhang, PTech \u2014 Adjointe registraire[\/vc_column_text][\/vc_column][\/vc_row][vc_row][vc_column width=\u00a0\u00bb1\/6&Prime;][vc_single_image image=\u00a0\u00bb548&Prime; css=\u00a0\u00bb.vc_custom_1474387681592{margin-bottom: 0px !important;}\u00a0\u00bb][vc_column_text css=\u00a0\u00bb\u00a0\u00bb el_class=\u00a0\u00bbsmall-text\u00a0\u00bb]Kenneth C. Brown, PTech \u2013 Registrar Emeritus[\/vc_column_text][\/vc_column][vc_column width=\u00a0\u00bb1\/6&Prime;][vc_single_image image=\u00a0\u00bb612&Prime; css=\u00a0\u00bb.vc_custom_1504211421288{margin-bottom: 0px !important;}\u00a0\u00bb][vc_column_text css=\u00a0\u00bb\u00a0\u00bb el_class=\u00a0\u00bbsmall-text\u00a0\u00bb]Timothy Scammell, PTech \u2014 Pr\u00e9sident du bureau d\u2019agr\u00e9ment[\/vc_column_text][\/vc_column][vc_column width=\u00a0\u00bb1\/6&Prime;][vc_single_image image=\u00a0\u00bb1354&Prime; css=\u00a0\u00bb.vc_custom_1747842331047{margin-bottom: 0px !important;}\u00a0\u00bb][vc_column_text css=\u00a0\u00bb\u00a0\u00bb el_class=\u00a0\u00bbsmall-text\u00a0\u00bb]Ken Geldart, PTech \u2014 Repr\u00e9sentant du BCAT[\/vc_column_text][\/vc_column][vc_column width=\u00a0\u00bb1\/6&Prime;][vc_single_image image=\u00a0\u00bb658&Prime; css=\u00a0\u00bb.vc_custom_1529439244353{margin-bottom: 0px !important;}\u00a0\u00bb][vc_column_text css=\u00a0\u00bb\u00a0\u00bb el_class=\u00a0\u00bbsmall-text\u00a0\u00bb]E. James Nyers, PTech \u2014 HR Chair[\/vc_column_text][\/vc_column][vc_column width=\u00a0\u00bb1\/6&Prime;][vc_single_image image=\u00a0\u00bb611&Prime; css=\u00a0\u00bb.vc_custom_1504210734956{margin-bottom: 0px !important;}\u00a0\u00bb][vc_column_text css=\u00a0\u00bb\u00a0\u00bb el_class=\u00a0\u00bbsmall-text\u00a0\u00bb]Sabrina Pineau \u2014 Adjointe administrative[\/vc_column_text][\/vc_column][vc_column width=\u00a0\u00bb1\/6&Prime;][vc_single_image image=\u00a0\u00bb1519&Prime; css=\u00a0\u00bb.vc_custom_1748449283484{margin-bottom: 0px !important;}\u00a0\u00bb][vc_column_text css=\u00a0\u00bb\u00a0\u00bb el_class=\u00a0\u00bbsmall-text\u00a0\u00bb]Rylee Bunting \u2014 Adjointe administrative[\/vc_column_text][\/vc_column][\/vc_row][vc_row][vc_column][vc_column_text css=\u00a0\u00bb\u00a0\u00bb]<\/p>\n<h3>Membres des comit\u00e9s et du conseil<\/h3>\n<p>Directeur g\u00e9n\u00e9ral Emeritus : Edward F. Leslie, CAE, PTech<br \/>\nRegistraire : Ken C. Brown, PTech<br \/>\nPr\u00e9sident du comit\u00e9 des ressources humaines : \u00a0E.J. Nyers, PTech<br \/>\nPr\u00e9sident du bureau d\u2019agr\u00e9ment : Tim Scammell, PTech.<\/p>\n<p><strong><a href=\"\/wp-content\/uploads\/2016\/04\/ConfidentialityAgreement.pdf\">Entente de confidentialit\u00e9<\/a><\/strong>[\/vc_column_text][\/vc_column][\/vc_row][vc_row][vc_column width=\u00a0\u00bb1\/6&Prime;][vc_single_image image=\u00a0\u00bb537&Prime; css=\u00a0\u00bb.vc_custom_1472837884532{margin-bottom: 0px !important;}\u00a0\u00bb][vc_column_text css=\u00a0\u00bb.vc_custom_1748456598697{margin-top: 0px !important;}\u00a0\u00bb el_class=\u00a0\u00bbsmall-text\u00a0\u00bb]Directeur g\u00e9n\u00e9ral Emeritus : Edward F. Leslie, CAE, PTech[\/vc_column_text][\/vc_column][vc_column width=\u00a0\u00bb1\/6&Prime;][vc_single_image image=\u00a0\u00bb548&Prime; css=\u00a0\u00bb.vc_custom_1474387774895{margin-bottom: 0px !important;}\u00a0\u00bb][vc_column_text css=\u00a0\u00bb.vc_custom_1464883187965{margin-top: 0px !important;}\u00a0\u00bb el_class=\u00a0\u00bbsmall-text\u00a0\u00bb]Registraire : Ken C. Brown, PTech[\/vc_column_text][\/vc_column][vc_column width=\u00a0\u00bb1\/6&Prime;][vc_single_image image=\u00a0\u00bb658&Prime; css=\u00a0\u00bb.vc_custom_1529442267616{margin-bottom: 0px !important;}\u00a0\u00bb][vc_column_text css=\u00a0\u00bb.vc_custom_1529442251966{margin-top: 0px !important;}\u00a0\u00bb el_class=\u00a0\u00bbsmall-text\u00a0\u00bb]Pr\u00e9sident du comit\u00e9 des ressources humaines : \u00a0E.J. Nyers, PTech[\/vc_column_text][\/vc_column][vc_column width=\u00a0\u00bb1\/6&Prime;][vc_single_image image=\u00a0\u00bb612&Prime; css=\u00a0\u00bb.vc_custom_1504211721914{margin-bottom: 0px !important;}\u00a0\u00bb][vc_column_text css=\u00a0\u00bb.vc_custom_1504211730784{margin-top: 0px !important;}\u00a0\u00bb el_class=\u00a0\u00bbsmall-text\u00a0\u00bb]Pr\u00e9sident du bureau d\u2019agr\u00e9ment : Tim Scammell[\/vc_column_text][\/vc_column][vc_column width=\u00a0\u00bb1\/6&Prime;][\/vc_column][vc_column width=\u00a0\u00bb1\/6&Prime;][\/vc_column][\/vc_row][vc_row][vc_column][vc_column_text css=\u00a0\u00bb\u00a0\u00bb]<\/p>\n<h3>Permanence<\/h3>\n<p>Directeur g\u00e9n\u00e9ral Emeritus : Edward F. Leslie, CAE, PTech<br \/>\nAdjointe \u00e0 la direction : Jennifer\u00a0Lawson-Day<br \/>\nAdjointe administrative : Sabrina Pineau<br \/>\nAdjointe administrative : Rylee Bunting<\/p>\n<p><a href=\"https:\/\/www.nbscett.nb.ca\/wp-content\/uploads\/2022\/06\/By-Laws-30-April-22.pdf\"><strong>R\u00e8glements du conseil<\/strong><\/a>[\/vc_column_text][\/vc_column][\/vc_row][vc_row][vc_column width=\u00a0\u00bb1\/6&Prime;][vc_single_image image=\u00a0\u00bb537&Prime; css=\u00a0\u00bb.vc_custom_1473788634146{margin-bottom: 0px !important;}\u00a0\u00bb][vc_column_text css=\u00a0\u00bb.vc_custom_1748456610323{margin-top: 0px !important;}\u00a0\u00bb el_class=\u00a0\u00bbsmall-text\u00a0\u00bb]Directeur g\u00e9n\u00e9ral Emeritus : Edward F. Leslie, CAE, PTech[\/vc_column_text][\/vc_column][vc_column width=\u00a0\u00bb1\/6&Prime;][vc_single_image image=\u00a0\u00bb1533&Prime; css=\u00a0\u00bb.vc_custom_1750956365519{margin-bottom: 0px !important;}\u00a0\u00bb][vc_column_text css=\u00a0\u00bb.vc_custom_1464883375514{margin-top: 0px !important;}\u00a0\u00bb el_class=\u00a0\u00bbsmall-text\u00a0\u00bb]Adjointe \u00e0 la direction : Jennifer\u00a0Lawson-Day[\/vc_column_text][\/vc_column][vc_column width=\u00a0\u00bb1\/6&Prime;][vc_single_image image=\u00a0\u00bb611&Prime; css=\u00a0\u00bb.vc_custom_1504211748633{margin-bottom: 0px !important;}\u00a0\u00bb][vc_column_text css=\u00a0\u00bb.vc_custom_1464883429479{margin-top: 0px !important;}\u00a0\u00bb el_class=\u00a0\u00bbsmall-text\u00a0\u00bb]Adjointe administrative : Sabrina Pineau[\/vc_column_text][\/vc_column][vc_column width=\u00a0\u00bb1\/6&Prime;][vc_single_image image=\u00a0\u00bb1518&Prime; css=\u00a0\u00bb.vc_custom_1748449199792{margin-bottom: 0px !important;}\u00a0\u00bb][vc_column_text css=\u00a0\u00bb\u00a0\u00bb el_class=\u00a0\u00bbsmall-text\u00a0\u00bb]Rylee Bunting \u2014 Adjointe administrative[\/vc_column_text][\/vc_column][vc_column width=\u00a0\u00bb1\/6&Prime;][\/vc_column][vc_column width=\u00a0\u00bb1\/6&Prime;][\/vc_column][\/vc_row]<\/p>\n<\/div>","protected":false},"excerpt":{"rendered":"<p>[vc_row][vc_column][vc_column_text css=\u00a0\u00bb\u00a0\u00bb] Participants du conseil 2024-2025 Thomas Beers, CTech &#8211; Pr\u00e9sident Stephen Love, PTech &#8211; Pr\u00e9sidente \u00e9lue Kelly Jewer, PTech &#8211; Vice-pr\u00e9sident Scott Davis, PTech &#8211; Pr\u00e9sident sortant Greg Gagnon, PTech &#8211; Conseillere, Fredericton Jonathan Thornton, PTech &#8211; Conseillere, Fredericton Yves Gallant, PTech &#8211; Conseiller, Moncton Luc Doucette, PTech &#8211; Conseiller, Moncton David P. Thibodeau, [&hellip;]<\/p>\n","protected":false},"author":2,"featured_media":0,"parent":308,"menu_order":10,"comment_status":"closed","ping_status":"closed","template":"","meta":{"footnotes":""},"class_list":["post-456","page","type-page","status-publish","hentry"],"yoast_head":"<!-- This site is optimized with the Yoast SEO plugin v26.7 - https:\/\/yoast.com\/wordpress\/plugins\/seo\/ -->\n<title>Conseil - SttagN-B<\/title>\n<meta name=\"robots\" content=\"index, follow, max-snippet:-1, max-image-preview:large, max-video-preview:-1\" \/>\n<link rel=\"canonical\" href=\"https:\/\/www.nbscett.nb.ca\/fr\/au-sujet-de-la-sttagn-b\/conseil\/\" \/>\n<meta property=\"og:locale\" content=\"fr_FR\" \/>\n<meta property=\"og:type\" content=\"article\" \/>\n<meta property=\"og:title\" content=\"Conseil - SttagN-B\" \/>\n<meta property=\"og:description\" content=\"[vc_row][vc_column][vc_column_text css=\u00a0\u00bb\u00a0\u00bb] Participants du conseil 2024-2025 Thomas Beers, CTech &#8211; Pr\u00e9sident Stephen Love, PTech &#8211; Pr\u00e9sidente \u00e9lue Kelly Jewer, PTech &#8211; Vice-pr\u00e9sident Scott Davis, PTech &#8211; Pr\u00e9sident sortant Greg Gagnon, PTech &#8211; Conseillere, Fredericton Jonathan Thornton, PTech &#8211; Conseillere, Fredericton Yves Gallant, PTech &#8211; Conseiller, Moncton Luc Doucette, PTech &#8211; Conseiller, Moncton David P. Thibodeau, [&hellip;]\" \/>\n<meta property=\"og:url\" content=\"https:\/\/www.nbscett.nb.ca\/fr\/au-sujet-de-la-sttagn-b\/conseil\/\" \/>\n<meta property=\"og:site_name\" content=\"SttagN-B\" \/>\n<meta property=\"article:modified_time\" content=\"2025-08-07T17:36:41+00:00\" \/>\n<meta name=\"twitter:card\" content=\"summary_large_image\" \/>\n<meta name=\"twitter:label1\" content=\"Dur\u00e9e de lecture estim\u00e9e\" \/>\n\t<meta name=\"twitter:data1\" content=\"9 minutes\" \/>\n<script type=\"application\/ld+json\" class=\"yoast-schema-graph\">{\"@context\":\"https:\/\/schema.org\",\"@graph\":[{\"@type\":\"WebPage\",\"@id\":\"https:\/\/www.nbscett.nb.ca\/fr\/au-sujet-de-la-sttagn-b\/conseil\/\",\"url\":\"https:\/\/www.nbscett.nb.ca\/fr\/au-sujet-de-la-sttagn-b\/conseil\/\",\"name\":\"Conseil - SttagN-B\",\"isPartOf\":{\"@id\":\"https:\/\/www.nbscett.nb.ca\/en\/#website\"},\"datePublished\":\"2016-04-28T18:02:55+00:00\",\"dateModified\":\"2025-08-07T17:36:41+00:00\",\"breadcrumb\":{\"@id\":\"https:\/\/www.nbscett.nb.ca\/fr\/au-sujet-de-la-sttagn-b\/conseil\/#breadcrumb\"},\"inLanguage\":\"fr-FR\",\"potentialAction\":[{\"@type\":\"ReadAction\",\"target\":[\"https:\/\/www.nbscett.nb.ca\/fr\/au-sujet-de-la-sttagn-b\/conseil\/\"]}]},{\"@type\":\"BreadcrumbList\",\"@id\":\"https:\/\/www.nbscett.nb.ca\/fr\/au-sujet-de-la-sttagn-b\/conseil\/#breadcrumb\",\"itemListElement\":[{\"@type\":\"ListItem\",\"position\":1,\"name\":\"home\",\"item\":\"https:\/\/www.nbscett.nb.ca\/fr\/\"},{\"@type\":\"ListItem\",\"position\":2,\"name\":\"Au sujet de la SttagN-B\",\"item\":\"https:\/\/www.nbscett.nb.ca\/fr\/au-sujet-de-la-sttagn-b\/\"},{\"@type\":\"ListItem\",\"position\":3,\"name\":\"Conseil\"}]},{\"@type\":\"WebSite\",\"@id\":\"https:\/\/www.nbscett.nb.ca\/en\/#website\",\"url\":\"https:\/\/www.nbscett.nb.ca\/en\/\",\"name\":\"SttagN-B\",\"description\":\"\",\"potentialAction\":[{\"@type\":\"SearchAction\",\"target\":{\"@type\":\"EntryPoint\",\"urlTemplate\":\"https:\/\/www.nbscett.nb.ca\/en\/?s={search_term_string}\"},\"query-input\":{\"@type\":\"PropertyValueSpecification\",\"valueRequired\":true,\"valueName\":\"search_term_string\"}}],\"inLanguage\":\"fr-FR\"}]}<\/script>\n<!-- \/ Yoast SEO plugin. -->","yoast_head_json":{"title":"Conseil - SttagN-B","robots":{"index":"index","follow":"follow","max-snippet":"max-snippet:-1","max-image-preview":"max-image-preview:large","max-video-preview":"max-video-preview:-1"},"canonical":"https:\/\/www.nbscett.nb.ca\/fr\/au-sujet-de-la-sttagn-b\/conseil\/","og_locale":"fr_FR","og_type":"article","og_title":"Conseil - SttagN-B","og_description":"[vc_row][vc_column][vc_column_text css=\u00a0\u00bb\u00a0\u00bb] Participants du conseil 2024-2025 Thomas Beers, CTech &#8211; Pr\u00e9sident Stephen Love, PTech &#8211; Pr\u00e9sidente \u00e9lue Kelly Jewer, PTech &#8211; Vice-pr\u00e9sident Scott Davis, PTech &#8211; Pr\u00e9sident sortant Greg Gagnon, PTech &#8211; Conseillere, Fredericton Jonathan Thornton, PTech &#8211; Conseillere, Fredericton Yves Gallant, PTech &#8211; Conseiller, Moncton Luc Doucette, PTech &#8211; Conseiller, Moncton David P. Thibodeau, [&hellip;]","og_url":"https:\/\/www.nbscett.nb.ca\/fr\/au-sujet-de-la-sttagn-b\/conseil\/","og_site_name":"SttagN-B","article_modified_time":"2025-08-07T17:36:41+00:00","twitter_card":"summary_large_image","twitter_misc":{"Dur\u00e9e de lecture estim\u00e9e":"9 minutes"},"schema":{"@context":"https:\/\/schema.org","@graph":[{"@type":"WebPage","@id":"https:\/\/www.nbscett.nb.ca\/fr\/au-sujet-de-la-sttagn-b\/conseil\/","url":"https:\/\/www.nbscett.nb.ca\/fr\/au-sujet-de-la-sttagn-b\/conseil\/","name":"Conseil - SttagN-B","isPartOf":{"@id":"https:\/\/www.nbscett.nb.ca\/en\/#website"},"datePublished":"2016-04-28T18:02:55+00:00","dateModified":"2025-08-07T17:36:41+00:00","breadcrumb":{"@id":"https:\/\/www.nbscett.nb.ca\/fr\/au-sujet-de-la-sttagn-b\/conseil\/#breadcrumb"},"inLanguage":"fr-FR","potentialAction":[{"@type":"ReadAction","target":["https:\/\/www.nbscett.nb.ca\/fr\/au-sujet-de-la-sttagn-b\/conseil\/"]}]},{"@type":"BreadcrumbList","@id":"https:\/\/www.nbscett.nb.ca\/fr\/au-sujet-de-la-sttagn-b\/conseil\/#breadcrumb","itemListElement":[{"@type":"ListItem","position":1,"name":"home","item":"https:\/\/www.nbscett.nb.ca\/fr\/"},{"@type":"ListItem","position":2,"name":"Au sujet de la SttagN-B","item":"https:\/\/www.nbscett.nb.ca\/fr\/au-sujet-de-la-sttagn-b\/"},{"@type":"ListItem","position":3,"name":"Conseil"}]},{"@type":"WebSite","@id":"https:\/\/www.nbscett.nb.ca\/en\/#website","url":"https:\/\/www.nbscett.nb.ca\/en\/","name":"SttagN-B","description":"","potentialAction":[{"@type":"SearchAction","target":{"@type":"EntryPoint","urlTemplate":"https:\/\/www.nbscett.nb.ca\/en\/?s={search_term_string}"},"query-input":{"@type":"PropertyValueSpecification","valueRequired":true,"valueName":"search_term_string"}}],"inLanguage":"fr-FR"}]}},"_links":{"self":[{"href":"https:\/\/www.nbscett.nb.ca\/fr\/wp-json\/wp\/v2\/pages\/456","targetHints":{"allow":["GET"]}}],"collection":[{"href":"https:\/\/www.nbscett.nb.ca\/fr\/wp-json\/wp\/v2\/pages"}],"about":[{"href":"https:\/\/www.nbscett.nb.ca\/fr\/wp-json\/wp\/v2\/types\/page"}],"author":[{"embeddable":true,"href":"https:\/\/www.nbscett.nb.ca\/fr\/wp-json\/wp\/v2\/users\/2"}],"replies":[{"embeddable":true,"href":"https:\/\/www.nbscett.nb.ca\/fr\/wp-json\/wp\/v2\/comments?post=456"}],"version-history":[{"count":0,"href":"https:\/\/www.nbscett.nb.ca\/fr\/wp-json\/wp\/v2\/pages\/456\/revisions"}],"up":[{"embeddable":true,"href":"https:\/\/www.nbscett.nb.ca\/fr\/wp-json\/wp\/v2\/pages\/308"}],"wp:attachment":[{"href":"https:\/\/www.nbscett.nb.ca\/fr\/wp-json\/wp\/v2\/media?parent=456"}],"curies":[{"name":"wp","href":"https:\/\/api.w.org\/{rel}","templated":true}]}}