{"id":425,"date":"2016-04-26T20:26:29","date_gmt":"2016-04-26T20:26:29","guid":{"rendered":"http:\/\/nbscett.wpengine.com\/fr\/?page_id=425"},"modified":"2023-04-03T23:40:25","modified_gmt":"2023-04-03T23:40:25","slug":"assurance-de-developpement-professionnel","status":"publish","type":"page","link":"https:\/\/www.nbscett.nb.ca\/fr\/membres\/assurance-de-developpement-professionnel\/","title":{"rendered":"Assurance de d\u00e9veloppement professionnel"},"content":{"rendered":"<div class=\"wpb-content-wrapper\"><p>[vc_row][vc_column][vc_column_text]<\/p>\n<h3>Le programme d\u2019assurance de d\u00e9veloppement professionnel (ADP) de la SttagN-B a \u00e9t\u00e9 approuv\u00e9 lors de la 37<sup>e<\/sup> assembl\u00e9e g\u00e9n\u00e9rale annuelle.<\/h3>\n<h3><a href=\"\/wp-content\/uploads\/2016\/04\/PDA_info_e-f__15.pdf\">Introduction<\/a><\/h3>\n<ul>\n<li>Les techniciens et technologues agr\u00e9\u00e9s sont motiv\u00e9s par l\u2019\u00e9volution de la technologie pour poursuivre leur d\u00e9veloppement professionnel<\/li>\n<li>Un format standard pour documenter le d\u00e9veloppement professionnel continu b\u00e9n\u00e9ficie aux techniciens et aux technologues agr\u00e9\u00e9s, de m\u00eame qu\u2019\u00e0 la profession et au public.<\/li>\n<li>Le public a meilleure confiance en les services professionnels fournis par des techniciens et des technologues agr\u00e9\u00e9s.<\/li>\n<li>La participation des membres dans ce programme est automatique<\/li>\n<\/ul>\n<h3><a href=\"\/wp-content\/uploads\/2016\/04\/PDA_form_Fr__15.pdf\">Le programme ADP <\/a><\/h3>\n<ul>\n<li>Il d\u00e9finit les cat\u00e9gories de d\u00e9veloppement professionnel continu<\/li>\n<li>Il \u00e9tablit un classement pour chaque cat\u00e9gorie de d\u00e9veloppement professionnel continu<\/li>\n<li>Il accorde un minimum de cr\u00e9dit dans chaque cat\u00e9gorie<\/li>\n<li>Il exige que chaque membre remplisse le formulaire de d\u00e9veloppement professionnel continu (disponible sur le site Web de la SttagN-B) tous les ans et qu\u2019il le transmette \u00e0 la SttagN-B pour inclusion dans son dossier de membre. Ces informations demeurent confidentielles.<\/li>\n<li>Les cr\u00e9dits pour le d\u00e9veloppement professionnel non r\u00e9clam\u00e9s dans toutes les cat\u00e9gories de a) \u00e0 f) (cr\u00e9dits d\u00e9passant le maximum annuel) peuvent \u00eatre r\u00e9clam\u00e9s dans les deux ann\u00e9es suivant la demande de cr\u00e9dit initiale.<\/li>\n<\/ul>\n<h3>Demande de participation au programme ADP<\/h3>\n<ul>\n<li>La SttagN-B choisit au hasard 5 dossiers de membres agr\u00e9\u00e9s sur 1000 pour examiner leurs activit\u00e9s de d\u00e9veloppement professionnel<\/li>\n<li>Cet examen \u00e9tablit le statut ADP pour l\u2019adh\u00e9sion \u00e0 la SttagN-B.<\/li>\n<li>Les d\u00e9ficiences identifi\u00e9es lors de cet examen sont pr\u00e9sent\u00e9es aux membres examin\u00e9s, avec des suggestions pour les aider \u00e0 les r\u00e9soudre<\/li>\n<\/ul>\n<h3>B\u00e9n\u00e9fices pour les techniciens et les technologues agr\u00e9\u00e9s<\/h3>\n<ul>\n<li>D\u00e9veloppement professionnel continu<\/li>\n<li>enforcement de l\u2019importance des d\u00e9signations de technicien et de technologue agr\u00e9\u00e9 aupr\u00e8s des employeurs et du public<\/li>\n<li>Ressources pour la mise \u00e0 jour de CV<\/li>\n<\/ul>\n<h3><a href=\"\/wp-content\/uploads\/2016\/04\/cctt-InsurProgJan_06-ENG.pdf\" target=\"_blank\" rel=\"noopener\">La SttagN-B\/NBSCETT lance un nouveau programme d\u2019assurance de responsabilit\u00e9 professionnelle<\/a><\/h3>\n<h2>Assurance de responsabilit\u00e9 professionnelle et assurance de responsabilit\u00e9<\/h2>\n<p>Assurance de responsabilit\u00e9 professionnelle et assurance de responsabilit\u00e9<br \/>\nPar Frederick C. McElman, C.M.<br \/>\n<strong>La crise de l\u2019assurance <\/strong><\/p>\n<p>\u00ab\u00a0Ces derni\u00e8res ann\u00e9es, nous avons vu beaucoup de publicit\u00e9 au sujet de la \u2018crise de l\u2019assurance\u2019 au Canada.\u00a0 Cette \u2018crise\u2019 a touch\u00e9 la plupart des professions et des municipalit\u00e9s, ainsi que de nombreuses entreprises.\u00a0Les ing\u00e9nieurs et les firmes d\u2019ing\u00e9nierie on vu leurs primes d\u2019assurance monter en fl\u00e8che. De plus, la disponibilit\u00e9 d\u2019assurances de responsabilit\u00e9 professionnelle a \u00e9t\u00e9 consid\u00e9rablement r\u00e9duite dans certains cas.<\/p>\n<p>Il existe plusieurs th\u00e9ories expliquant les causes de ces changements, et plusieurs se demandent s\u2019il y a des raisons rationnelles justifiant ces probl\u00e8mes.\u00a0Quelles qu\u2019en soient les causes, les r\u00e9cents probl\u00e8mes dans l\u2019industrie de l\u2019assurance ont davantage mis en \u00e9vidence les questions de responsabilit\u00e9 chez les professionnels.<\/p>\n<h3>Responsabilit\u00e9s individuelles des techniciens et des technologues<\/h3>\n<p>Les personnes poss\u00e9dant une formation, des comp\u00e9tences ou des connaissances particuli\u00e8res sont responsables de leur application diligente.\u00a0 Les techniciens et les technologues en g\u00e9nie sont individuellement responsables de satisfaire les normes de performance attendues d\u2019un professionnel.\u00a0Chaque technicien ou technologue en g\u00e9nie se doit de fournir ses services d\u2019une mani\u00e8re raisonnable et prudente, selon les normes \u00e9tablies dans sa discipline.\u00a0\u00a0Les techniciens et les technologues en g\u00e9nie ont un devoir personnel envers les personnes qui d\u00e9pendent de la qualit\u00e9 de leur travail, incluant les clients et les employeurs.\u00a0Si les normes de performance d\u2019un technicien ou d\u2019un technologue en g\u00e9nie raisonnable et prudent ne sont pas satisfaites, le technicien ou le technologue est alors responsable de ses actes.\u00a0De m\u00eame, les ing\u00e9nieurs et autres professionnels doivent respecter les normes de leurs propres disciplines.\u00a0La responsabilit\u00e9 individuelle des techniciens et des technologues en g\u00e9nie s\u2019applique autant aux employ\u00e9s qu\u2019\u00e0 ceux qui travaillent en pratique priv\u00e9e.<\/p>\n<h3>Responsabilit\u00e9s des techniciens et des technologues en g\u00e9nie qui travaillent \u00e0 leur propre compte<\/h3>\n<p>Les techniciens et les technologues en g\u00e9nie sont responsables de leur travail \u00e0 l\u2019\u00e9gard des personnes qui peuvent \u00eatre affect\u00e9es par leur travail, qu\u2019il s\u2019agisse de clients ou de tierces parties qui pourraient subir des dommages dus au travail du technicien ou du technologue.<\/p>\n<p>Par exemple, si un technicien a \u00e9t\u00e9 n\u00e9gligeant dans ses services \u00e0 une firme d\u2019ing\u00e9nierie ou de construction et dont le client subit des pertes comme r\u00e9sultat, le technicien, en l\u2019absence d\u2019un contrat ou de circonstances qui limitent sa responsabilit\u00e9, serait responsable \u00e0 l\u2019\u00e9gard de la firme d\u2019ing\u00e9nierie et de son client.\u00a0\u00a0Les techniciens et technologues autonomes devraient examiner leur assurance de responsabilit\u00e9 pour d\u00e9terminer si elle couvre bien la plupart ou toutes les situations pour lesquelles ils pourraient \u00eatre tenus responsables.\u00a0 Un tel examen devrait au moins d\u00e9terminer si l\u2019assurance couvre les situations o\u00f9 les services ne sont par fournis directement \u00e0 l\u2019utilisateur final mais \u00e0 un interm\u00e9diaire comme une firme d\u2019ing\u00e9nierie ou de construction.<\/p>\n<p>La meilleure mani\u00e8re pour un professionnel autonome d\u2019\u00e9valuer sa couverture d\u2019assurance est de commencer par d\u00e9terminer ce que le client attend lorsqu\u2019il engage un professionnel.\u00a0 Un client qui engage un professionnel autonome s\u2019attend \u00e0 ce le technicien ou technologue fasse preuve d\u2019un niveau professionnel de comp\u00e9tence et de diligence.\u00a0 Le client s\u2019attend aussi, dans le cas o\u00f9 le professionnel est n\u00e9gligeant, qu\u2019il sera financi\u00e8rement responsable des cons\u00e9quences de sa n\u00e9gligence.\u00a0 Il est tr\u00e8s courant aujourd\u2019hui que les clients demandent aux professionnels le type d\u2019assurance qu\u2019ils d\u00e9tiennent avant de les engager.\u00a0 Si le professionnel ne r\u00e9pond pas \u00e0 la question de mani\u00e8re satisfaisante, il ne poss\u00e8de probablement pas une assurance suffisante.\u00a0 Si la couverture requise n\u2019est pas disponible ou trop ch\u00e8re, le technicien ou le technologue autonome peut devoir consid\u00e9rer certaines options, incluant\u00a0:<\/p>\n<ol>\n<li>Est-ce que le client acceptera de limiter la responsabilit\u00e9 du technicien ou du technologue au montant de l\u2019assurance qu\u2019il peut obtenir?<\/li>\n<li>Est-ce que le client est pr\u00eat \u00e0 payer une prime s\u00e9par\u00e9e pour une assurance sp\u00e9ciale pour des travaux qui pourraient entra\u00eener un niveau de responsabilit\u00e9 qui d\u00e9passerait la limite de l\u2019assurance du professionnel?<\/li>\n<li>Si une couverture suffisante n\u2019est pas disponible, est-ce que client accepterait de limiter la responsabilit\u00e9 du professionnel \u00e0 un montant fixe pr\u00e9d\u00e9termin\u00e9?<\/li>\n<li>Si des services sont fournis \u00e0 des firmes d\u2019ing\u00e9nierie ou \u00e0 des organismes gouvernementaux, est-ce que ces clients seront pr\u00eats, par contrat, \u00e0 fournir une assurance dans le cadre de leurs propres polices? Les d\u00e9cisions relatives \u00e0 l\u2019assurance de responsabilit\u00e9 de techniciens et de technologues autonomes sont compliqu\u00e9es et varient selon le type d\u2019activit\u00e9 professionnelle et selon le march\u00e9 de l\u2019assurance au moment o\u00f9 une couverture est requise.\u00a0 Il n\u2019y a pas de solution facile.\u00a0 Les contrats qui limitent la responsabilit\u00e9 d\u2019un professionnel doivent \u00eatre tr\u00e8s bien libell\u00e9s et requi\u00e8rent les services d\u2019un avocat. Tous les professionnels autonomes doivent savoir que les clients qui retiennent leurs services s\u2019attendent \u00e0 ce que le professionnel soit responsable des services fournis et qu\u2019il ait l\u2019assurance n\u00e9cessaire en cas d\u2019erreur.<\/li>\n<\/ol>\n<h3>Responsabilit\u00e9 du technicien ou du technologue en g\u00e9nie en tant qu\u2019employ\u00e9<\/h3>\n<p>Trop souvent, les techniciens et les technologues supposent \u2013 parce qu\u2019ils travaillent pour une firme d\u2019ing\u00e9nierie, une entreprise ou le gouvernement \u2013 que leur employeur est responsable de toute erreur qu\u2019ils pourraient faire.\u00a0 Bien que les employeurs soient responsables des actes et des omissions de leurs employ\u00e9s, ces employ\u00e9s ont aussi une responsabilit\u00e9 individuelle.\u00a0 Un employ\u00e9 n\u00e9gligeant peut faire l\u2019objet d\u2019une poursuite par une tierce partie qui subit des dommages, et m\u00eame par l\u2019employeur lui-m\u00eame.\u00a0 Si un employeur doit payer pour une r\u00e9clamation d\u2019une tierce partie \u00e0 cause d\u2019un acte n\u00e9gligeant par un employ\u00e9, dans la plupart des cas l\u2019employeur peut poursuivre l\u2019employ\u00e9 pour r\u00e9cup\u00e9rer le montant pay\u00e9 en vertu de la r\u00e9clamation.\u00a0 Bien que de telles poursuites ne soient pas communes, la possibilit\u00e9 de ces poursuites s\u2019est accrue.\u00a0 En effet, selon les stipulations de l\u2019assurance de responsabilit\u00e9 d\u00e9tenue par l\u2019employeur, la compagnie d\u2019assurance peut avoir le droit de faire une r\u00e9clamation contre l\u2019employ\u00e9 pour r\u00e9cup\u00e9rer les montants d\u00e9bours\u00e9s.\u00a0 Dans ces circonstances, la compagnie d\u2019assurance est consid\u00e9r\u00e9e \u00eatre subrog\u00e9e aux droits de l\u2019employeur pour r\u00e9cup\u00e9rer des frais aupr\u00e8s d\u2019un employ\u00e9 n\u00e9gligeant.\u00a0 Lorsqu\u2019il y a un droit de subrogation, c\u2019est la compagnie d\u2019assurance qui d\u00e9cide si elle entend poursuivre l\u2019employ\u00e9, et non l\u2019employeur.\u00a0\u00a0La possibilit\u00e9 de poursuites par des employeurs contre les employ\u00e9s n\u00e9gligents pour r\u00e9cup\u00e9rer des montants pay\u00e9s \u00e0 des tiers s\u2019est accrue en partie en raison du co\u00fbt \u00e9lev\u00e9 de primes d\u2019assurance et parce que la franchise de plusieurs assurances de responsabilit\u00e9 a consid\u00e9rablement augment\u00e9.\u00a0 Les employ\u00e9s ont souvent des maisons, des \u00e9conomies, des REER et d\u2019autres actifs qui peuvent \u00eatre saisis pour compenser un employeur pour une franchise de 50 $ ou de 75 000 $ que l\u2019employeur pourrait devoir payer, m\u00eame si employeur a une assurance.<\/p>\n<h3>Protection des employ\u00e9s<\/h3>\n<p>Compte tenu des facteurs \u00e9nonc\u00e9s plus haut, tout employ\u00e9 dont le travail pourrait mener \u00e0 une r\u00e9clamation contre l\u2019employ\u00e9 ou l\u2019employeur devrait se renseigner sur la les assurances de l\u2019employeur.\u00a0 Parmi les questions \u00e0 poser :<\/p>\n<ol>\n<li>Est-ce que l\u2019employeur a une assurance de responsabilit\u00e9 et, le cas \u00e9ch\u00e9ant, quel est le montant de l\u2019assurance et de la franchise?<\/li>\n<li>Est-ce que l\u2019assurance couvre aussi l\u2019employ\u00e9?<\/li>\n<li>Est-ce que la police d\u2019assurance pr\u00e9cise que les employ\u00e9s sont aussi couverts?<\/li>\n<li>Est-ce la compagnie d\u2019assurance \u00e0 renonc\u00e9 \u00e0 tout droit de subrogation contre les employ\u00e9s?<\/li>\n<li>Si l\u2019employeur doit payer une franchise en raison d\u2019une r\u00e9clamation caus\u00e9e par un employ\u00e9, est-ce que l\u2019employeur la paiera, ou est-ce la responsabilit\u00e9 de l\u2019employ\u00e9?\u00a0 Qui est responsable de la franchise si l\u2019employ\u00e9 change d\u2019employeur?\u00a0 Cette question devrait \u00eatre r\u00e9gl\u00e9e dans un contrat entre l\u2019employeur et l\u2019employ\u00e9 avant qu\u2019un probl\u00e8me survienne.<\/li>\n<li>Si une couverture suffisante n\u2019est pas fournie par les assurances de l\u2019employeur, quelles autres assurances sont disponibles \u00e0 l\u2019employ\u00e9?<\/li>\n<\/ol>\n<h3>Conclusion<\/h3>\n<p>Les techniciens et technologues en g\u00e9nie procurent de plus en plus des services professionnels qui n\u00e9cessitent des niveaux \u00e9lev\u00e9s de connaissances et de comp\u00e9tences.\u00a0 En m\u00eame temps, la responsabilit\u00e9 professionnelle de techniciens et de technologues en g\u00e9nie s\u2019est \u00e9galement accrue.<br \/>\nLe devoir de diligence des techniciens et des technologues est un devoir personnel qui n\u2019est pas \u00e9limin\u00e9 du fait qu\u2019ils travaillent pour une firme d\u2019ing\u00e9nierie, le gouvernement ou une entreprise.\u00a0 Les techniciens et les technologues en g\u00e9nie ne sont pas lib\u00e9r\u00e9s de leur devoir de diligence simplement parce qu\u2019un ing\u00e9nieur ou un employeur dit qu\u2019il sera responsable du travail d\u2019un technicien ou d\u2019un technologue.\u00a0 Heureusement, il n\u2019y a eu que peu tr\u00e8s de r\u00e9clamations \u00e0 l\u2019\u00e9gard de techniciens ou de technologues en g\u00e9nie pour n\u00e9gligence.\u00a0 Cependant, les probl\u00e8mes r\u00e9cents dans le march\u00e9 de l\u2019assurance et les cons\u00e9quences financi\u00e8res ruineuses qui pourraient r\u00e9sulter d\u2019une poursuite devraient inciter tous les techniciens et technologues en g\u00e9nie, qu\u2019ils soient employ\u00e9s ou travailleurs autonomes, \u00e0 r\u00e9examiner l\u2019assurance de responsabilit\u00e9 qui leur est offerte par leurs employeurs ou \u00e0 titre personnel.\u00a0 C\u2019est aussi un temps opportun pour les associations professionnelles de techniciens et de technologues de v\u00e9rifier si une assurance de responsabilit\u00e9 professionnelle pour les membres est disponible et abordable.[\/vc_column_text][\/vc_column][\/vc_row]<\/p>\n<\/div>","protected":false},"excerpt":{"rendered":"<p>[vc_row][vc_column][vc_column_text] Le programme d\u2019assurance de d\u00e9veloppement professionnel (ADP) de la SttagN-B a \u00e9t\u00e9 approuv\u00e9 lors de la 37e assembl\u00e9e g\u00e9n\u00e9rale annuelle. Introduction Les techniciens et technologues agr\u00e9\u00e9s sont motiv\u00e9s par l\u2019\u00e9volution de la technologie pour poursuivre leur d\u00e9veloppement professionnel Un format standard pour documenter le d\u00e9veloppement professionnel continu b\u00e9n\u00e9ficie aux techniciens et aux technologues agr\u00e9\u00e9s, [&hellip;]<\/p>\n","protected":false},"author":2,"featured_media":0,"parent":343,"menu_order":20,"comment_status":"closed","ping_status":"closed","template":"","meta":{"footnotes":""},"class_list":["post-425","page","type-page","status-publish","hentry"],"yoast_head":"<!-- This site is optimized with the Yoast SEO plugin v26.7 - https:\/\/yoast.com\/wordpress\/plugins\/seo\/ -->\n<title>Assurance de d\u00e9veloppement professionnel - SttagN-B<\/title>\n<meta name=\"robots\" content=\"index, follow, max-snippet:-1, max-image-preview:large, max-video-preview:-1\" \/>\n<link rel=\"canonical\" href=\"https:\/\/www.nbscett.nb.ca\/fr\/membres\/assurance-de-developpement-professionnel\/\" \/>\n<meta property=\"og:locale\" content=\"fr_FR\" \/>\n<meta property=\"og:type\" content=\"article\" \/>\n<meta property=\"og:title\" content=\"Assurance de d\u00e9veloppement professionnel - SttagN-B\" \/>\n<meta property=\"og:description\" content=\"[vc_row][vc_column][vc_column_text] Le programme d\u2019assurance de d\u00e9veloppement professionnel (ADP) de la SttagN-B a \u00e9t\u00e9 approuv\u00e9 lors de la 37e assembl\u00e9e g\u00e9n\u00e9rale annuelle. Introduction Les techniciens et technologues agr\u00e9\u00e9s sont motiv\u00e9s par l\u2019\u00e9volution de la technologie pour poursuivre leur d\u00e9veloppement professionnel Un format standard pour documenter le d\u00e9veloppement professionnel continu b\u00e9n\u00e9ficie aux techniciens et aux technologues agr\u00e9\u00e9s, [&hellip;]\" \/>\n<meta property=\"og:url\" content=\"https:\/\/www.nbscett.nb.ca\/fr\/membres\/assurance-de-developpement-professionnel\/\" \/>\n<meta property=\"og:site_name\" content=\"SttagN-B\" \/>\n<meta property=\"article:modified_time\" content=\"2023-04-03T23:40:25+00:00\" \/>\n<meta name=\"twitter:card\" content=\"summary_large_image\" \/>\n<meta name=\"twitter:label1\" content=\"Dur\u00e9e de lecture estim\u00e9e\" \/>\n\t<meta name=\"twitter:data1\" content=\"8 minutes\" \/>\n<script type=\"application\/ld+json\" class=\"yoast-schema-graph\">{\"@context\":\"https:\/\/schema.org\",\"@graph\":[{\"@type\":\"WebPage\",\"@id\":\"https:\/\/www.nbscett.nb.ca\/fr\/membres\/assurance-de-developpement-professionnel\/\",\"url\":\"https:\/\/www.nbscett.nb.ca\/fr\/membres\/assurance-de-developpement-professionnel\/\",\"name\":\"Assurance de d\u00e9veloppement professionnel - SttagN-B\",\"isPartOf\":{\"@id\":\"https:\/\/www.nbscett.nb.ca\/en\/#website\"},\"datePublished\":\"2016-04-26T20:26:29+00:00\",\"dateModified\":\"2023-04-03T23:40:25+00:00\",\"breadcrumb\":{\"@id\":\"https:\/\/www.nbscett.nb.ca\/fr\/membres\/assurance-de-developpement-professionnel\/#breadcrumb\"},\"inLanguage\":\"fr-FR\",\"potentialAction\":[{\"@type\":\"ReadAction\",\"target\":[\"https:\/\/www.nbscett.nb.ca\/fr\/membres\/assurance-de-developpement-professionnel\/\"]}]},{\"@type\":\"BreadcrumbList\",\"@id\":\"https:\/\/www.nbscett.nb.ca\/fr\/membres\/assurance-de-developpement-professionnel\/#breadcrumb\",\"itemListElement\":[{\"@type\":\"ListItem\",\"position\":1,\"name\":\"home\",\"item\":\"https:\/\/www.nbscett.nb.ca\/fr\/\"},{\"@type\":\"ListItem\",\"position\":2,\"name\":\"Membres\",\"item\":\"https:\/\/www.nbscett.nb.ca\/fr\/membres\/\"},{\"@type\":\"ListItem\",\"position\":3,\"name\":\"Assurance de d\u00e9veloppement professionnel\"}]},{\"@type\":\"WebSite\",\"@id\":\"https:\/\/www.nbscett.nb.ca\/en\/#website\",\"url\":\"https:\/\/www.nbscett.nb.ca\/en\/\",\"name\":\"SttagN-B\",\"description\":\"\",\"potentialAction\":[{\"@type\":\"SearchAction\",\"target\":{\"@type\":\"EntryPoint\",\"urlTemplate\":\"https:\/\/www.nbscett.nb.ca\/en\/?s={search_term_string}\"},\"query-input\":{\"@type\":\"PropertyValueSpecification\",\"valueRequired\":true,\"valueName\":\"search_term_string\"}}],\"inLanguage\":\"fr-FR\"}]}<\/script>\n<!-- \/ Yoast SEO plugin. -->","yoast_head_json":{"title":"Assurance de d\u00e9veloppement professionnel - SttagN-B","robots":{"index":"index","follow":"follow","max-snippet":"max-snippet:-1","max-image-preview":"max-image-preview:large","max-video-preview":"max-video-preview:-1"},"canonical":"https:\/\/www.nbscett.nb.ca\/fr\/membres\/assurance-de-developpement-professionnel\/","og_locale":"fr_FR","og_type":"article","og_title":"Assurance de d\u00e9veloppement professionnel - SttagN-B","og_description":"[vc_row][vc_column][vc_column_text] Le programme d\u2019assurance de d\u00e9veloppement professionnel (ADP) de la SttagN-B a \u00e9t\u00e9 approuv\u00e9 lors de la 37e assembl\u00e9e g\u00e9n\u00e9rale annuelle. Introduction Les techniciens et technologues agr\u00e9\u00e9s sont motiv\u00e9s par l\u2019\u00e9volution de la technologie pour poursuivre leur d\u00e9veloppement professionnel Un format standard pour documenter le d\u00e9veloppement professionnel continu b\u00e9n\u00e9ficie aux techniciens et aux technologues agr\u00e9\u00e9s, [&hellip;]","og_url":"https:\/\/www.nbscett.nb.ca\/fr\/membres\/assurance-de-developpement-professionnel\/","og_site_name":"SttagN-B","article_modified_time":"2023-04-03T23:40:25+00:00","twitter_card":"summary_large_image","twitter_misc":{"Dur\u00e9e de lecture estim\u00e9e":"8 minutes"},"schema":{"@context":"https:\/\/schema.org","@graph":[{"@type":"WebPage","@id":"https:\/\/www.nbscett.nb.ca\/fr\/membres\/assurance-de-developpement-professionnel\/","url":"https:\/\/www.nbscett.nb.ca\/fr\/membres\/assurance-de-developpement-professionnel\/","name":"Assurance de d\u00e9veloppement professionnel - SttagN-B","isPartOf":{"@id":"https:\/\/www.nbscett.nb.ca\/en\/#website"},"datePublished":"2016-04-26T20:26:29+00:00","dateModified":"2023-04-03T23:40:25+00:00","breadcrumb":{"@id":"https:\/\/www.nbscett.nb.ca\/fr\/membres\/assurance-de-developpement-professionnel\/#breadcrumb"},"inLanguage":"fr-FR","potentialAction":[{"@type":"ReadAction","target":["https:\/\/www.nbscett.nb.ca\/fr\/membres\/assurance-de-developpement-professionnel\/"]}]},{"@type":"BreadcrumbList","@id":"https:\/\/www.nbscett.nb.ca\/fr\/membres\/assurance-de-developpement-professionnel\/#breadcrumb","itemListElement":[{"@type":"ListItem","position":1,"name":"home","item":"https:\/\/www.nbscett.nb.ca\/fr\/"},{"@type":"ListItem","position":2,"name":"Membres","item":"https:\/\/www.nbscett.nb.ca\/fr\/membres\/"},{"@type":"ListItem","position":3,"name":"Assurance de d\u00e9veloppement professionnel"}]},{"@type":"WebSite","@id":"https:\/\/www.nbscett.nb.ca\/en\/#website","url":"https:\/\/www.nbscett.nb.ca\/en\/","name":"SttagN-B","description":"","potentialAction":[{"@type":"SearchAction","target":{"@type":"EntryPoint","urlTemplate":"https:\/\/www.nbscett.nb.ca\/en\/?s={search_term_string}"},"query-input":{"@type":"PropertyValueSpecification","valueRequired":true,"valueName":"search_term_string"}}],"inLanguage":"fr-FR"}]}},"_links":{"self":[{"href":"https:\/\/www.nbscett.nb.ca\/fr\/wp-json\/wp\/v2\/pages\/425","targetHints":{"allow":["GET"]}}],"collection":[{"href":"https:\/\/www.nbscett.nb.ca\/fr\/wp-json\/wp\/v2\/pages"}],"about":[{"href":"https:\/\/www.nbscett.nb.ca\/fr\/wp-json\/wp\/v2\/types\/page"}],"author":[{"embeddable":true,"href":"https:\/\/www.nbscett.nb.ca\/fr\/wp-json\/wp\/v2\/users\/2"}],"replies":[{"embeddable":true,"href":"https:\/\/www.nbscett.nb.ca\/fr\/wp-json\/wp\/v2\/comments?post=425"}],"version-history":[{"count":0,"href":"https:\/\/www.nbscett.nb.ca\/fr\/wp-json\/wp\/v2\/pages\/425\/revisions"}],"up":[{"embeddable":true,"href":"https:\/\/www.nbscett.nb.ca\/fr\/wp-json\/wp\/v2\/pages\/343"}],"wp:attachment":[{"href":"https:\/\/www.nbscett.nb.ca\/fr\/wp-json\/wp\/v2\/media?parent=425"}],"curies":[{"name":"wp","href":"https:\/\/api.w.org\/{rel}","templated":true}]}}