{"id":392,"date":"2016-04-26T19:58:32","date_gmt":"2016-04-26T19:58:32","guid":{"rendered":"http:\/\/nbscett.wpengine.com\/fr\/?page_id=392"},"modified":"2016-04-26T20:29:36","modified_gmt":"2016-04-26T20:29:36","slug":"fondation-de-la-technologie","status":"publish","type":"page","link":"https:\/\/www.nbscett.nb.ca\/fr\/membres\/fondation-de-la-technologie\/","title":{"rendered":"Fondation de la technologie"},"content":{"rendered":"<div class=\"wpb-content-wrapper\"><p>[vc_row][vc_column][vc_column_text]<\/p>\n<h3 class=\"bodytext\">19.1 Objets<\/h3>\n<p class=\"bodytext\">La Fondation de la technologie &#8211; Charit\u00e9 Technologie (\u00a0\u00bb la Fondation \u00ab\u00a0) est \u00e9tablie par la Soci\u00e9t\u00e9 pour promouvoir la formation et les \u00e9tudes des membres et des membres \u00e9ventuels en offrant des bourses, des subventions ou une aide financi\u00e8re aux personnes qui fr\u00e9quentent ou pr\u00e9voient fr\u00e9quenter une \u00e9cole, un coll\u00e8ge ou une universit\u00e9 et entreprennent ou se proposent d&rsquo;entreprendre des \u00e9tudes en vue du dipl\u00f4me de techniques en g\u00e9nie ou en sciences appliqu\u00e9es au Nouveau Brunswick ou ailleurs, en suivant des programmes acceptables \u00e0 la Fondation.\u00a0 La Fondation peut solliciter, recevoir et accepter tous les types de contributions, dons, legs et de biens personnels d&rsquo;un particulier, d&rsquo;une entreprise ou d&rsquo;une soci\u00e9t\u00e9.<\/p>\n<h3 class=\"bodytext\">19.2 Conseil d&rsquo;administration<\/h3>\n<p class=\"bodytext\">Les activit\u00e9s de la Fondation sont g\u00e9r\u00e9es par un conseil de sept membres, qui sont tous au moment de leur nomination et pendant toute la dur\u00e9e de leur mandat, membres de la Soci\u00e9t\u00e9.\u00a0 Chaque conseiller est nomm\u00e9 par la Soci\u00e9t\u00e9 pour si\u00e9ger jusqu&rsquo;\u00e0 la premi\u00e8re assembl\u00e9e annuelle apr\u00e8s sa nomination ou jusqu&rsquo;\u00e0 ce que son successeur soit d\u00fbment nomm\u00e9 et habilit\u00e9.\u00a0 Les membres du conseil quittent leurs fonctions \u00e0 chaque assembl\u00e9e g\u00e9n\u00e9rale annuelle mais peuvent \u00eatre nomm\u00e9s \u00e0 nouveau s&rsquo;ils sont autrement qualifi\u00e9s.\u00a0 Le conseil nomme les conseillers de la Fondation \u00e0 sa premi\u00e8re r\u00e9union apr\u00e8s l&rsquo;assembl\u00e9e annuelle de la Soci\u00e9t\u00e9.\u00a0 Le conseil peut, par voie de r\u00e9solution adopt\u00e9e par au moins deux tiers des voix exprim\u00e9es \u00e0 une r\u00e9union dont un avis indiquant l&rsquo;intention d&rsquo;adopter une telle r\u00e9solution a \u00e9t\u00e9 signifi\u00e9, relever de ses fonctions un conseiller avant l&rsquo;expiration de son mandat.\u00a0 Il peut \u00e0 la majorit\u00e9 des voix exprim\u00e9es \u00e0 cette r\u00e9union, \u00e9lire une personne pour remplacer le conseiller destitu\u00e9 de ses fonctions pendant le reste de son mandat.<\/p>\n<h3 class=\"bodytext\">19.3 Vacances, conseil d&rsquo;administration<\/h3>\n<p class=\"bodytext\">Le conseil peut, s&rsquo;il le juge appropri\u00e9, choisir des rempla\u00e7ants parmi les membres qualifi\u00e9s de la Soci\u00e9t\u00e9 pour combler les vacances au sein du conseil d&rsquo;administration, quelle qu&rsquo;en soit la cause, \u00e0 condition qu&rsquo;un quorum de conseillers demeure en fonction.\u00a0 Autrement, ces vacances sont pourvues \u00e0 la premi\u00e8re r\u00e9union du conseil suivant l&rsquo;assembl\u00e9e annuelle de l&rsquo;Association, mais s&rsquo;il n&rsquo;y a pas quorum des conseillers, le conseil convoque imm\u00e9diatement une r\u00e9union extraordinaire et nomme une personne pour pourvoir le poste vacant.<\/p>\n<h3 class=\"bodytext\">19.4 Rapports<\/h3>\n<p class=\"bodytext\">Le conseil d&rsquo;administration communique r\u00e9guli\u00e8rement avec le conseil et lui soumet un rapport annuel \u00e0 sa r\u00e9union qui co\u00efncide avec l&rsquo;assembl\u00e9e annuelle.\u00a0 La Fondation fera parvenir des \u00e9tats financiers v\u00e9rifi\u00e9s annuels au conseil avant l&rsquo;assembl\u00e9e annuelle de la Soci\u00e9t\u00e9.<\/p>\n<h3 class=\"bodytext\">Veuillez t\u00e9l\u00e9charger les <a href=\"\/fr\/membres\/formulaires\/\">formulaires<\/a><\/h3>\n<p>[\/vc_column_text][\/vc_column][\/vc_row]<\/p>\n<\/div>","protected":false},"excerpt":{"rendered":"<p>[vc_row][vc_column][vc_column_text] 19.1 Objets La Fondation de la technologie &#8211; Charit\u00e9 Technologie (\u00a0\u00bb la Fondation \u00ab\u00a0) est \u00e9tablie par la Soci\u00e9t\u00e9 pour promouvoir la formation et les \u00e9tudes des membres et des membres \u00e9ventuels en offrant des bourses, des subventions ou une aide financi\u00e8re aux personnes qui fr\u00e9quentent ou pr\u00e9voient fr\u00e9quenter une \u00e9cole, un coll\u00e8ge ou [&hellip;]<\/p>\n","protected":false},"author":2,"featured_media":0,"parent":343,"menu_order":50,"comment_status":"closed","ping_status":"closed","template":"","meta":{"footnotes":""},"class_list":["post-392","page","type-page","status-publish","hentry"],"yoast_head":"<!-- This site is optimized with the Yoast SEO plugin v26.7 - https:\/\/yoast.com\/wordpress\/plugins\/seo\/ -->\n<title>Fondation de la technologie - SttagN-B<\/title>\n<meta name=\"robots\" content=\"index, follow, max-snippet:-1, max-image-preview:large, max-video-preview:-1\" \/>\n<link rel=\"canonical\" href=\"https:\/\/www.nbscett.nb.ca\/fr\/membres\/fondation-de-la-technologie\/\" \/>\n<meta property=\"og:locale\" content=\"fr_FR\" \/>\n<meta property=\"og:type\" content=\"article\" \/>\n<meta property=\"og:title\" content=\"Fondation de la technologie - SttagN-B\" \/>\n<meta property=\"og:description\" content=\"[vc_row][vc_column][vc_column_text] 19.1 Objets La Fondation de la technologie &#8211; Charit\u00e9 Technologie (\u00a0\u00bb la Fondation \u00ab\u00a0) est \u00e9tablie par la Soci\u00e9t\u00e9 pour promouvoir la formation et les \u00e9tudes des membres et des membres \u00e9ventuels en offrant des bourses, des subventions ou une aide financi\u00e8re aux personnes qui fr\u00e9quentent ou pr\u00e9voient fr\u00e9quenter une \u00e9cole, un coll\u00e8ge ou [&hellip;]\" \/>\n<meta property=\"og:url\" content=\"https:\/\/www.nbscett.nb.ca\/fr\/membres\/fondation-de-la-technologie\/\" \/>\n<meta property=\"og:site_name\" content=\"SttagN-B\" \/>\n<meta property=\"article:modified_time\" content=\"2016-04-26T20:29:36+00:00\" \/>\n<meta name=\"twitter:card\" content=\"summary_large_image\" \/>\n<meta name=\"twitter:label1\" content=\"Dur\u00e9e de lecture estim\u00e9e\" \/>\n\t<meta name=\"twitter:data1\" content=\"2 minutes\" \/>\n<script type=\"application\/ld+json\" class=\"yoast-schema-graph\">{\"@context\":\"https:\/\/schema.org\",\"@graph\":[{\"@type\":\"WebPage\",\"@id\":\"https:\/\/www.nbscett.nb.ca\/fr\/membres\/fondation-de-la-technologie\/\",\"url\":\"https:\/\/www.nbscett.nb.ca\/fr\/membres\/fondation-de-la-technologie\/\",\"name\":\"Fondation de la technologie - SttagN-B\",\"isPartOf\":{\"@id\":\"https:\/\/www.nbscett.nb.ca\/en\/#website\"},\"datePublished\":\"2016-04-26T19:58:32+00:00\",\"dateModified\":\"2016-04-26T20:29:36+00:00\",\"breadcrumb\":{\"@id\":\"https:\/\/www.nbscett.nb.ca\/fr\/membres\/fondation-de-la-technologie\/#breadcrumb\"},\"inLanguage\":\"fr-FR\",\"potentialAction\":[{\"@type\":\"ReadAction\",\"target\":[\"https:\/\/www.nbscett.nb.ca\/fr\/membres\/fondation-de-la-technologie\/\"]}]},{\"@type\":\"BreadcrumbList\",\"@id\":\"https:\/\/www.nbscett.nb.ca\/fr\/membres\/fondation-de-la-technologie\/#breadcrumb\",\"itemListElement\":[{\"@type\":\"ListItem\",\"position\":1,\"name\":\"home\",\"item\":\"https:\/\/www.nbscett.nb.ca\/fr\/\"},{\"@type\":\"ListItem\",\"position\":2,\"name\":\"Membres\",\"item\":\"https:\/\/www.nbscett.nb.ca\/fr\/membres\/\"},{\"@type\":\"ListItem\",\"position\":3,\"name\":\"Fondation de la technologie\"}]},{\"@type\":\"WebSite\",\"@id\":\"https:\/\/www.nbscett.nb.ca\/en\/#website\",\"url\":\"https:\/\/www.nbscett.nb.ca\/en\/\",\"name\":\"SttagN-B\",\"description\":\"\",\"potentialAction\":[{\"@type\":\"SearchAction\",\"target\":{\"@type\":\"EntryPoint\",\"urlTemplate\":\"https:\/\/www.nbscett.nb.ca\/en\/?s={search_term_string}\"},\"query-input\":{\"@type\":\"PropertyValueSpecification\",\"valueRequired\":true,\"valueName\":\"search_term_string\"}}],\"inLanguage\":\"fr-FR\"}]}<\/script>\n<!-- \/ Yoast SEO plugin. -->","yoast_head_json":{"title":"Fondation de la technologie - SttagN-B","robots":{"index":"index","follow":"follow","max-snippet":"max-snippet:-1","max-image-preview":"max-image-preview:large","max-video-preview":"max-video-preview:-1"},"canonical":"https:\/\/www.nbscett.nb.ca\/fr\/membres\/fondation-de-la-technologie\/","og_locale":"fr_FR","og_type":"article","og_title":"Fondation de la technologie - SttagN-B","og_description":"[vc_row][vc_column][vc_column_text] 19.1 Objets La Fondation de la technologie &#8211; Charit\u00e9 Technologie (\u00a0\u00bb la Fondation \u00ab\u00a0) est \u00e9tablie par la Soci\u00e9t\u00e9 pour promouvoir la formation et les \u00e9tudes des membres et des membres \u00e9ventuels en offrant des bourses, des subventions ou une aide financi\u00e8re aux personnes qui fr\u00e9quentent ou pr\u00e9voient fr\u00e9quenter une \u00e9cole, un coll\u00e8ge ou [&hellip;]","og_url":"https:\/\/www.nbscett.nb.ca\/fr\/membres\/fondation-de-la-technologie\/","og_site_name":"SttagN-B","article_modified_time":"2016-04-26T20:29:36+00:00","twitter_card":"summary_large_image","twitter_misc":{"Dur\u00e9e de lecture estim\u00e9e":"2 minutes"},"schema":{"@context":"https:\/\/schema.org","@graph":[{"@type":"WebPage","@id":"https:\/\/www.nbscett.nb.ca\/fr\/membres\/fondation-de-la-technologie\/","url":"https:\/\/www.nbscett.nb.ca\/fr\/membres\/fondation-de-la-technologie\/","name":"Fondation de la technologie - SttagN-B","isPartOf":{"@id":"https:\/\/www.nbscett.nb.ca\/en\/#website"},"datePublished":"2016-04-26T19:58:32+00:00","dateModified":"2016-04-26T20:29:36+00:00","breadcrumb":{"@id":"https:\/\/www.nbscett.nb.ca\/fr\/membres\/fondation-de-la-technologie\/#breadcrumb"},"inLanguage":"fr-FR","potentialAction":[{"@type":"ReadAction","target":["https:\/\/www.nbscett.nb.ca\/fr\/membres\/fondation-de-la-technologie\/"]}]},{"@type":"BreadcrumbList","@id":"https:\/\/www.nbscett.nb.ca\/fr\/membres\/fondation-de-la-technologie\/#breadcrumb","itemListElement":[{"@type":"ListItem","position":1,"name":"home","item":"https:\/\/www.nbscett.nb.ca\/fr\/"},{"@type":"ListItem","position":2,"name":"Membres","item":"https:\/\/www.nbscett.nb.ca\/fr\/membres\/"},{"@type":"ListItem","position":3,"name":"Fondation de la technologie"}]},{"@type":"WebSite","@id":"https:\/\/www.nbscett.nb.ca\/en\/#website","url":"https:\/\/www.nbscett.nb.ca\/en\/","name":"SttagN-B","description":"","potentialAction":[{"@type":"SearchAction","target":{"@type":"EntryPoint","urlTemplate":"https:\/\/www.nbscett.nb.ca\/en\/?s={search_term_string}"},"query-input":{"@type":"PropertyValueSpecification","valueRequired":true,"valueName":"search_term_string"}}],"inLanguage":"fr-FR"}]}},"_links":{"self":[{"href":"https:\/\/www.nbscett.nb.ca\/fr\/wp-json\/wp\/v2\/pages\/392","targetHints":{"allow":["GET"]}}],"collection":[{"href":"https:\/\/www.nbscett.nb.ca\/fr\/wp-json\/wp\/v2\/pages"}],"about":[{"href":"https:\/\/www.nbscett.nb.ca\/fr\/wp-json\/wp\/v2\/types\/page"}],"author":[{"embeddable":true,"href":"https:\/\/www.nbscett.nb.ca\/fr\/wp-json\/wp\/v2\/users\/2"}],"replies":[{"embeddable":true,"href":"https:\/\/www.nbscett.nb.ca\/fr\/wp-json\/wp\/v2\/comments?post=392"}],"version-history":[{"count":0,"href":"https:\/\/www.nbscett.nb.ca\/fr\/wp-json\/wp\/v2\/pages\/392\/revisions"}],"up":[{"embeddable":true,"href":"https:\/\/www.nbscett.nb.ca\/fr\/wp-json\/wp\/v2\/pages\/343"}],"wp:attachment":[{"href":"https:\/\/www.nbscett.nb.ca\/fr\/wp-json\/wp\/v2\/media?parent=392"}],"curies":[{"name":"wp","href":"https:\/\/api.w.org\/{rel}","templated":true}]}}