{"id":387,"date":"2016-04-26T19:30:57","date_gmt":"2016-04-26T19:30:57","guid":{"rendered":"http:\/\/nbscett.wpengine.com\/fr\/?page_id=387"},"modified":"2016-05-16T21:33:26","modified_gmt":"2016-05-16T21:33:26","slug":"plan-du-site","status":"publish","type":"page","link":"https:\/\/www.nbscett.nb.ca\/fr\/plan-du-site\/","title":{"rendered":"Plan du site"},"content":{"rendered":"<p>\n<!-- Page-list plugin v.5.9 wordpress.org\/plugins\/page-list\/ -->\n<ul class=\"page-list \">\n<li class=\"page_item page-item-46\"><a href=\"https:\/\/www.nbscett.nb.ca\/fr\/\">Accueil<\/a><\/li>\n<li class=\"page_item page-item-1406\"><a href=\"https:\/\/www.nbscett.nb.ca\/fr\/formulaire-de-participation-au-concours-de-projets-integrateurs\/\">Concours de la Semaine des TGSA : SttagN-B et TPC<\/a><\/li>\n<li class=\"page_item page-item-1410\"><a href=\"https:\/\/www.nbscett.nb.ca\/fr\/merci\/\">Concours de la Semaine des TGSA : SttagN-B et TPC &#8211; Merci<\/a><\/li>\n<li class=\"page_item page-item-721 page_item_has_children\"><a href=\"https:\/\/www.nbscett.nb.ca\/fr\/declaration-sous-serment-de-membre-a-la-retraite\/\">D\u00e9claration sous serment de membre \u00e0 la retraite<\/a>\n<ul class='children'>\n\t<li class=\"page_item page-item-736\"><a href=\"https:\/\/www.nbscett.nb.ca\/fr\/declaration-sous-serment-de-membre-a-la-retraite\/confirmation\/\">Merci<\/a><\/li>\n<\/ul>\n<\/li>\n<li class=\"page_item page-item-774 page_item_has_children\"><a href=\"https:\/\/www.nbscett.nb.ca\/fr\/declaration-sous-serment-de-membre-sans-emploi\/\">D\u00e9claration sous serment de membre sans emploi<\/a>\n<ul class='children'>\n\t<li class=\"page_item page-item-781\"><a href=\"https:\/\/www.nbscett.nb.ca\/fr\/declaration-sous-serment-de-membre-sans-emploi\/confirmation\/\">Merci<\/a><\/li>\n<\/ul>\n<\/li>\n<li class=\"page_item page-item-776 page_item_has_children\"><a href=\"https:\/\/www.nbscett.nb.ca\/fr\/demande-dinscription-a-titre-de-stagiaire-diplome-en-technologie\/\">Demande d\u2019inscription \u00e0 titre de : Stagiaire dipl\u00f4m\u00e9 en technologie<\/a>\n<ul class='children'>\n\t<li class=\"page_item page-item-729\"><a href=\"https:\/\/www.nbscett.nb.ca\/fr\/demande-dinscription-a-titre-de-stagiaire-diplome-en-technologie\/confirmation\/\">Merci<\/a><\/li>\n<\/ul>\n<\/li>\n<li class=\"page_item page-item-712 page_item_has_children\"><a href=\"https:\/\/www.nbscett.nb.ca\/fr\/demande-dinscription-ou-de-reclassement\/\">Demande d\u2019inscription ou de reclassement<\/a>\n<ul class='children'>\n\t<li class=\"page_item page-item-716\"><a href=\"https:\/\/www.nbscett.nb.ca\/fr\/demande-dinscription-ou-de-reclassement\/confirmation\/\">Merci<\/a><\/li>\n\t<li class=\"page_item page-item-715\"><a href=\"https:\/\/www.nbscett.nb.ca\/fr\/demande-dinscription-ou-de-reclassement\/instructions-for-application-for-membership-or-reclassification\/\">Instructions pour les demandes d&rsquo;adh\u00e9sion ou de reclassement<\/a><\/li>\n\t<li class=\"page_item page-item-714\"><a href=\"https:\/\/www.nbscett.nb.ca\/fr\/demande-dinscription-ou-de-reclassement\/information-for-new-membership-applicants\/\">Information pour les nouveaux candidats<\/a><\/li>\n\t<li class=\"page_item page-item-713\"><a href=\"https:\/\/www.nbscett.nb.ca\/fr\/demande-dinscription-ou-de-reclassement\/code-de-deontologie\/\">Code de d\u00e9ontologie<\/a><\/li>\n<\/ul>\n<\/li>\n<li class=\"page_item page-item-772 page_item_has_children\"><a href=\"https:\/\/www.nbscett.nb.ca\/fr\/demande-dinscription-pour-etudiants\/\">Demande d\u2019inscription pour \u00e9tudiants<\/a>\n<ul class='children'>\n\t<li class=\"page_item page-item-779\"><a href=\"https:\/\/www.nbscett.nb.ca\/fr\/demande-dinscription-pour-etudiants\/confirmation\/\">Merci<\/a><\/li>\n<\/ul>\n<\/li>\n<li class=\"page_item page-item-786 page_item_has_children\"><a href=\"https:\/\/www.nbscett.nb.ca\/fr\/formulaire-de-commande-de-bijoux-de-la-sttagn-b\/\">Formulaire de commande de bijoux de la SttagN-B<\/a>\n<ul class='children'>\n\t<li class=\"page_item page-item-787\"><a href=\"https:\/\/www.nbscett.nb.ca\/fr\/formulaire-de-commande-de-bijoux-de-la-sttagn-b\/confirmation\/\">Merci<\/a><\/li>\n<\/ul>\n<\/li>\n<li class=\"page_item page-item-783 page_item_has_children\"><a href=\"https:\/\/www.nbscett.nb.ca\/fr\/formulaire-de-commande-de-sceau-des-membres\/\">Formulaire de commande de sceau des membres<\/a>\n<ul class='children'>\n\t<li class=\"page_item page-item-740\"><a href=\"https:\/\/www.nbscett.nb.ca\/fr\/formulaire-de-commande-de-sceau-des-membres\/confirmation\/\">Merci<\/a><\/li>\n<\/ul>\n<\/li>\n<li class=\"page_item page-item-1313\"><a href=\"https:\/\/www.nbscett.nb.ca\/fr\/offres-demploi\/\">Offres d&#8217;emploi<\/a><\/li>\n<li class=\"page_item page-item-308 page_item_has_children\"><a href=\"https:\/\/www.nbscett.nb.ca\/fr\/au-sujet-de-la-sttagn-b\/\">Au sujet de la SttagN-B<\/a>\n<ul class='children'>\n\t<li class=\"page_item page-item-1245\"><a href=\"https:\/\/www.nbscett.nb.ca\/fr\/au-sujet-de-la-sttagn-b\/loi-sur-les-techniques-du-genie\/\">Loi sur les techniques du g\u00e9nie<\/a><\/li>\n\t<li class=\"page_item page-item-456\"><a href=\"https:\/\/www.nbscett.nb.ca\/fr\/au-sujet-de-la-sttagn-b\/conseil\/\">Conseil<\/a><\/li>\n\t<li class=\"page_item page-item-926\"><a href=\"https:\/\/www.nbscett.nb.ca\/fr\/au-sujet-de-la-sttagn-b\/anciens-presidents\/\">Anciens pr\u00e9sidents<\/a><\/li>\n<\/ul>\n<\/li>\n<li class=\"page_item page-item-309 page_item_has_children\"><a href=\"https:\/\/www.nbscett.nb.ca\/fr\/agrement-national\/\">Agr\u00e9ment national<\/a>\n<ul class='children'>\n\t<li class=\"page_item page-item-312\"><a href=\"https:\/\/www.nbscett.nb.ca\/fr\/agrement-national\/designations-professionnelles-2\/\">D\u00e9signations professionnelles<\/a><\/li>\n\t<li class=\"page_item page-item-313\"><a href=\"https:\/\/www.nbscett.nb.ca\/fr\/agrement-national\/avantages-pour-les-membres\/\">Avantages pour les membres<\/a><\/li>\n\t<li class=\"page_item page-item-311\"><a href=\"https:\/\/www.nbscett.nb.ca\/fr\/agrement-national\/pourquoi-lagrement\/\">Pourquoi l\u2019agr\u00e9ment?<\/a><\/li>\n<\/ul>\n<\/li>\n<li class=\"page_item page-item-316\"><a href=\"https:\/\/www.nbscett.nb.ca\/fr\/employeurs\/\">Employeurs<\/a><\/li>\n<li class=\"page_item page-item-317 page_item_has_children\"><a href=\"https:\/\/www.nbscett.nb.ca\/fr\/techs-formes-a-letranger\/\">Techs form\u00e9s \u00e0 l\u2019\u00e9tranger<\/a>\n<ul class='children'>\n\t<li class=\"page_item page-item-318\"><a href=\"https:\/\/www.nbscett.nb.ca\/fr\/techs-formes-a-letranger\/travailler-au-canada\/\">Travailler au Canada<\/a><\/li>\n\t<li class=\"page_item page-item-319\"><a href=\"https:\/\/www.nbscett.nb.ca\/fr\/techs-formes-a-letranger\/reconnaissance-des-titres-de-competences\/\">Reconnaissance des titres de comp\u00e9tences<\/a><\/li>\n\t<li class=\"page_item page-item-320\"><a href=\"https:\/\/www.nbscett.nb.ca\/fr\/techs-formes-a-letranger\/technologue-agree-en-genie-sciences-appliquees\/\">Technologue agr\u00e9\u00e9 en g\u00e9nie \/ sciences appliqu\u00e9es<\/a><\/li>\n\t<li class=\"page_item page-item-321\"><a href=\"https:\/\/www.nbscett.nb.ca\/fr\/techs-formes-a-letranger\/technicien-agree-en-genie\/\">Technicien agr\u00e9\u00e9 en g\u00e9nie<\/a><\/li>\n\t<li class=\"page_item page-item-323\"><a href=\"https:\/\/www.nbscett.nb.ca\/fr\/techs-formes-a-letranger\/options-de-cheminements-de-carriere\/\">Options de cheminements de carri\u00e8re<\/a><\/li>\n\t<li class=\"page_item page-item-324\"><a href=\"https:\/\/www.nbscett.nb.ca\/fr\/techs-formes-a-letranger\/evaluation-des-competences-acquises-a-letranger\/\">\u00c9valuation des comp\u00e9tences acquises \u00e0 l\u2019\u00e9tranger<\/a><\/li>\n\t<li class=\"page_item page-item-325\"><a href=\"https:\/\/www.nbscett.nb.ca\/fr\/techs-formes-a-letranger\/le-reseau-canadien-dimmigrants-qualifies-en-technologie\/\">Le R\u00e9seau canadien d\u2019immigrants qualifi\u00e9s en technologie<\/a><\/li>\n\t<li class=\"page_item page-item-327\"><a href=\"https:\/\/www.nbscett.nb.ca\/fr\/techs-formes-a-letranger\/immigration-et-etablissement-au-canada\/\">Immigration et \u00e9tablissement au Canada<\/a><\/li>\n<\/ul>\n<\/li>\n<li class=\"page_item page-item-329 page_item_has_children\"><a href=\"https:\/\/www.nbscett.nb.ca\/fr\/carrieres-en-technologie\/\">Carri\u00e8res en technologie<\/a>\n<ul class='children'>\n\t<li class=\"page_item page-item-330\"><a href=\"https:\/\/www.nbscett.nb.ca\/fr\/carrieres-en-technologie\/une-profession-valorisante-un-avenir-enrichissant\/\">Une profession valorisante\u2026 un avenir enrichissant<\/a><\/li>\n\t<li class=\"page_item page-item-332\"><a href=\"https:\/\/www.nbscett.nb.ca\/fr\/carrieres-en-technologie\/quest-ce-quun-technicien-agree\/\">Qu&rsquo;est ce qu&rsquo;un technicien agr\u00e9\u00e9?<\/a><\/li>\n\t<li class=\"page_item page-item-333\"><a href=\"https:\/\/www.nbscett.nb.ca\/fr\/carrieres-en-technologie\/quest-ce-quun-technologue-agree\/\">Qu&rsquo;est ce qu&rsquo;un technologue agree?<\/a><\/li>\n\t<li class=\"page_item page-item-334\"><a href=\"https:\/\/www.nbscett.nb.ca\/fr\/carrieres-en-technologie\/pour-les-etudiants\/\">Pour les \u00e9tudiants<\/a><\/li>\n\t<li class=\"page_item page-item-704\"><a href=\"https:\/\/www.nbscett.nb.ca\/fr\/carrieres-en-technologie\/cap-sur-lavenir\/\">Cap sur l&rsquo;avenir<\/a><\/li>\n<\/ul>\n<\/li>\n<li class=\"page_item page-item-344 page_item_has_children\"><a href=\"https:\/\/www.nbscett.nb.ca\/fr\/nouvelles\/\">Nouvelles<\/a>\n<ul class='children'>\n\t<li class=\"page_item page-item-384\"><a href=\"https:\/\/www.nbscett.nb.ca\/fr\/nouvelles\/communique-de-presse\/\">Communiqu\u00e9 de presse<\/a><\/li>\n\t<li class=\"page_item page-item-383\"><a href=\"https:\/\/www.nbscett.nb.ca\/fr\/nouvelles\/atlantech\/\">AtlanTECH<\/a><\/li>\n\t<li class=\"page_item page-item-359\"><a href=\"https:\/\/www.nbscett.nb.ca\/fr\/nouvelles\/labour-market-study-fr\/\">\u00c9tude du march\u00e9 du travail<\/a><\/li>\n<\/ul>\n<\/li>\n<li class=\"page_item page-item-340\"><a href=\"https:\/\/www.nbscett.nb.ca\/fr\/contact\/\">Contactez-nous<\/a><\/li>\n<li class=\"page_item page-item-343 page_item_has_children\"><a href=\"https:\/\/www.nbscett.nb.ca\/fr\/membres\/\">Membres<\/a>\n<ul class='children'>\n\t<li class=\"page_item page-item-569 page_item_has_children\"><a href=\"https:\/\/www.nbscett.nb.ca\/fr\/membres\/paiement-pour-membres\/\">Paiement pour membres<\/a>\n\t<ul class='children'>\n\t\t<li class=\"page_item page-item-575\"><a href=\"https:\/\/www.nbscett.nb.ca\/fr\/membres\/paiement-pour-membres\/anneau\/\">Anneau<\/a><\/li>\n\t\t<li class=\"page_item page-item-574\"><a href=\"https:\/\/www.nbscett.nb.ca\/fr\/membres\/paiement-pour-membres\/cotisations-annuelles\/\">Cotisations annuelles 2026<\/a><\/li>\n\t\t<li class=\"page_item page-item-573\"><a href=\"https:\/\/www.nbscett.nb.ca\/fr\/membres\/paiement-pour-membres\/frais-de-demande\/\">Frais de demande<\/a><\/li>\n\t\t<li class=\"page_item page-item-576\"><a href=\"https:\/\/www.nbscett.nb.ca\/fr\/membres\/paiement-pour-membres\/sceau-didentification\/\">Sceau d&rsquo;identification<\/a><\/li>\n\t<\/ul>\n<\/li>\n\t<li class=\"page_item page-item-585\"><a href=\"https:\/\/www.nbscett.nb.ca\/fr\/membres\/loi-sur-les-techniques-du-genie-2\/\">Loi sur les techniques du g\u00e9nie<\/a><\/li>\n\t<li class=\"page_item page-item-809\"><a href=\"https:\/\/www.nbscett.nb.ca\/fr\/membres\/loi-sur-les-techniques-du-genie\/\">Loi sur les techniques du g\u00e9nie<\/a><\/li>\n\t<li class=\"page_item page-item-425\"><a href=\"https:\/\/www.nbscett.nb.ca\/fr\/membres\/assurance-de-developpement-professionnel\/\">Assurance de d\u00e9veloppement professionnel<\/a><\/li>\n\t<li class=\"page_item page-item-426\"><a href=\"https:\/\/www.nbscett.nb.ca\/fr\/membres\/travailler-aux-etats-unis-dans-le-cadre-de-lalena\/\">Travailler aux \u00c9tats-Unis dans le cadre de l\u2019ALENA<\/a><\/li>\n\t<li class=\"page_item page-item-392\"><a href=\"https:\/\/www.nbscett.nb.ca\/fr\/membres\/fondation-de-la-technologie\/\">Fondation de la technologie<\/a><\/li>\n\t<li class=\"page_item page-item-394\"><a href=\"https:\/\/www.nbscett.nb.ca\/fr\/membres\/formulaires\/\">Formulaires<\/a><\/li>\n\t<li class=\"page_item page-item-617\"><a href=\"https:\/\/www.nbscett.nb.ca\/fr\/membres\/membres-actuels\/\">Les membres actuels<\/a><\/li>\n\t<li class=\"page_item page-item-628\"><a href=\"https:\/\/www.nbscett.nb.ca\/fr\/membres\/acronymes\/\">Acronymes<\/a><\/li>\n<\/ul>\n<\/li>\n<li class=\"page_item page-item-345 page_item_has_children\"><a href=\"https:\/\/www.nbscett.nb.ca\/fr\/liens\/\">Liens<\/a>\n<ul class='children'>\n\t<li class=\"page_item page-item-351\"><a href=\"https:\/\/www.nbscett.nb.ca\/fr\/liens\/organisations-soeurs\/\">Organisations soeurs<\/a><\/li>\n\t<li class=\"page_item page-item-352\"><a href=\"https:\/\/www.nbscett.nb.ca\/fr\/liens\/partenaires\/\">Partenaires<\/a><\/li>\n\t<li class=\"page_item page-item-353\"><a href=\"https:\/\/www.nbscett.nb.ca\/fr\/liens\/autres-liens\/\">Autres liens<\/a><\/li>\n<\/ul>\n<\/li>\n\n<\/ul> \n<!-- Page-list plugin v.5.9 wordpress.org\/plugins\/page-list\/ -->\n<!-- no pages to show --><\/p>\n","protected":false},"excerpt":{"rendered":"Accueil Concours de la Semaine des TGSA : SttagN-B et TPC Concours de la Semaine des TGSA : SttagN-B et TPC &#8211; Merci D\u00e9claration sous serment de membre \u00e0 la retraite Merci D\u00e9claration sous serment de membre sans emploi Merci Demande d\u2019inscription \u00e0 titre de : Stagiaire dipl\u00f4m\u00e9 en technologie Merci Demande d\u2019inscription ou de [...]","protected":false},"author":2,"featured_media":0,"parent":0,"menu_order":100,"comment_status":"closed","ping_status":"closed","template":"","meta":{"footnotes":""},"class_list":["post-387","page","type-page","status-publish","hentry"],"yoast_head":"<!-- This site is optimized with the Yoast SEO plugin v26.7 - https:\/\/yoast.com\/wordpress\/plugins\/seo\/ -->\n<title>Plan du site - SttagN-B<\/title>\n<meta name=\"robots\" content=\"index, follow, max-snippet:-1, max-image-preview:large, max-video-preview:-1\" \/>\n<link rel=\"canonical\" href=\"https:\/\/www.nbscett.nb.ca\/fr\/plan-du-site\/\" \/>\n<meta property=\"og:locale\" content=\"fr_FR\" \/>\n<meta property=\"og:type\" content=\"article\" \/>\n<meta property=\"og:title\" content=\"Plan du site - SttagN-B\" \/>\n<meta property=\"og:url\" content=\"https:\/\/www.nbscett.nb.ca\/fr\/plan-du-site\/\" \/>\n<meta property=\"og:site_name\" content=\"SttagN-B\" \/>\n<meta property=\"article:modified_time\" content=\"2016-05-16T21:33:26+00:00\" \/>\n<meta name=\"twitter:card\" content=\"summary_large_image\" \/>\n<script type=\"application\/ld+json\" class=\"yoast-schema-graph\">{\"@context\":\"https:\/\/schema.org\",\"@graph\":[{\"@type\":\"WebPage\",\"@id\":\"https:\/\/www.nbscett.nb.ca\/fr\/plan-du-site\/\",\"url\":\"https:\/\/www.nbscett.nb.ca\/fr\/plan-du-site\/\",\"name\":\"Plan du site - SttagN-B\",\"isPartOf\":{\"@id\":\"https:\/\/www.nbscett.nb.ca\/en\/#website\"},\"datePublished\":\"2016-04-26T19:30:57+00:00\",\"dateModified\":\"2016-05-16T21:33:26+00:00\",\"breadcrumb\":{\"@id\":\"https:\/\/www.nbscett.nb.ca\/fr\/plan-du-site\/#breadcrumb\"},\"inLanguage\":\"fr-FR\",\"potentialAction\":[{\"@type\":\"ReadAction\",\"target\":[\"https:\/\/www.nbscett.nb.ca\/fr\/plan-du-site\/\"]}]},{\"@type\":\"BreadcrumbList\",\"@id\":\"https:\/\/www.nbscett.nb.ca\/fr\/plan-du-site\/#breadcrumb\",\"itemListElement\":[{\"@type\":\"ListItem\",\"position\":1,\"name\":\"home\",\"item\":\"https:\/\/www.nbscett.nb.ca\/fr\/\"},{\"@type\":\"ListItem\",\"position\":2,\"name\":\"Plan du site\"}]},{\"@type\":\"WebSite\",\"@id\":\"https:\/\/www.nbscett.nb.ca\/en\/#website\",\"url\":\"https:\/\/www.nbscett.nb.ca\/en\/\",\"name\":\"SttagN-B\",\"description\":\"\",\"potentialAction\":[{\"@type\":\"SearchAction\",\"target\":{\"@type\":\"EntryPoint\",\"urlTemplate\":\"https:\/\/www.nbscett.nb.ca\/en\/?s={search_term_string}\"},\"query-input\":{\"@type\":\"PropertyValueSpecification\",\"valueRequired\":true,\"valueName\":\"search_term_string\"}}],\"inLanguage\":\"fr-FR\"}]}<\/script>\n<!-- \/ Yoast SEO plugin. -->","yoast_head_json":{"title":"Plan du site - SttagN-B","robots":{"index":"index","follow":"follow","max-snippet":"max-snippet:-1","max-image-preview":"max-image-preview:large","max-video-preview":"max-video-preview:-1"},"canonical":"https:\/\/www.nbscett.nb.ca\/fr\/plan-du-site\/","og_locale":"fr_FR","og_type":"article","og_title":"Plan du site - SttagN-B","og_url":"https:\/\/www.nbscett.nb.ca\/fr\/plan-du-site\/","og_site_name":"SttagN-B","article_modified_time":"2016-05-16T21:33:26+00:00","twitter_card":"summary_large_image","schema":{"@context":"https:\/\/schema.org","@graph":[{"@type":"WebPage","@id":"https:\/\/www.nbscett.nb.ca\/fr\/plan-du-site\/","url":"https:\/\/www.nbscett.nb.ca\/fr\/plan-du-site\/","name":"Plan du site - SttagN-B","isPartOf":{"@id":"https:\/\/www.nbscett.nb.ca\/en\/#website"},"datePublished":"2016-04-26T19:30:57+00:00","dateModified":"2016-05-16T21:33:26+00:00","breadcrumb":{"@id":"https:\/\/www.nbscett.nb.ca\/fr\/plan-du-site\/#breadcrumb"},"inLanguage":"fr-FR","potentialAction":[{"@type":"ReadAction","target":["https:\/\/www.nbscett.nb.ca\/fr\/plan-du-site\/"]}]},{"@type":"BreadcrumbList","@id":"https:\/\/www.nbscett.nb.ca\/fr\/plan-du-site\/#breadcrumb","itemListElement":[{"@type":"ListItem","position":1,"name":"home","item":"https:\/\/www.nbscett.nb.ca\/fr\/"},{"@type":"ListItem","position":2,"name":"Plan du site"}]},{"@type":"WebSite","@id":"https:\/\/www.nbscett.nb.ca\/en\/#website","url":"https:\/\/www.nbscett.nb.ca\/en\/","name":"SttagN-B","description":"","potentialAction":[{"@type":"SearchAction","target":{"@type":"EntryPoint","urlTemplate":"https:\/\/www.nbscett.nb.ca\/en\/?s={search_term_string}"},"query-input":{"@type":"PropertyValueSpecification","valueRequired":true,"valueName":"search_term_string"}}],"inLanguage":"fr-FR"}]}},"_links":{"self":[{"href":"https:\/\/www.nbscett.nb.ca\/fr\/wp-json\/wp\/v2\/pages\/387","targetHints":{"allow":["GET"]}}],"collection":[{"href":"https:\/\/www.nbscett.nb.ca\/fr\/wp-json\/wp\/v2\/pages"}],"about":[{"href":"https:\/\/www.nbscett.nb.ca\/fr\/wp-json\/wp\/v2\/types\/page"}],"author":[{"embeddable":true,"href":"https:\/\/www.nbscett.nb.ca\/fr\/wp-json\/wp\/v2\/users\/2"}],"replies":[{"embeddable":true,"href":"https:\/\/www.nbscett.nb.ca\/fr\/wp-json\/wp\/v2\/comments?post=387"}],"version-history":[{"count":0,"href":"https:\/\/www.nbscett.nb.ca\/fr\/wp-json\/wp\/v2\/pages\/387\/revisions"}],"wp:attachment":[{"href":"https:\/\/www.nbscett.nb.ca\/fr\/wp-json\/wp\/v2\/media?parent=387"}],"curies":[{"name":"wp","href":"https:\/\/api.w.org\/{rel}","templated":true}]}}