{"id":384,"date":"2016-04-26T19:12:13","date_gmt":"2016-04-26T19:12:13","guid":{"rendered":"http:\/\/nbscett.wpengine.com\/fr\/?page_id=384"},"modified":"2019-07-22T16:33:20","modified_gmt":"2019-07-22T16:33:20","slug":"communique-de-presse","status":"publish","type":"page","link":"https:\/\/www.nbscett.nb.ca\/fr\/nouvelles\/communique-de-presse\/","title":{"rendered":"Communiqu\u00e9 de presse"},"content":{"rendered":"<div class=\"wpb-content-wrapper\"><p>[vc_row][vc_column][vc_column_text]<div class=\"nbscett-news-wrapper\"><h3 class=\"nbscett-news-title\">Assembl\u00e9e g\u00e9n\u00e9rale annuelle \u2013 2026<\/h3><p class=\"nbscett-news-excerpt\">Veuillez confirmer votre pr\u00e9sence avant le 20 avril 2026.<\/p><a class=\"nbscett-news-btn\" href=\"https:\/\/www.nbscett.nb.ca\/fr\/assemblee-generale-annuelle-2026\/\">Lire la suite<\/a><\/div><hr\/><div class=\"nbscett-news-wrapper\"><h3 class=\"nbscett-news-title\">La bourse de formation continue de la SttagN-B \u2013 TD Assurance<\/h3><p class=\"nbscett-news-excerpt\">La bourse annuelle d\u2019\u00e9ducation permanente TD Assurance de la SttagN-B est accessible \u00e0 tous les membres certifi\u00e9s et les membres de leur famille \u00e9largie, qui sont officiellement inscrits \u00e0 un programme de formation, reconnu \u00e0 l\u2019\u00e9chelle nationale, en technologie des sciences appliqu\u00e9es ou du g\u00e9nie, ou (les membres certifi\u00e9s) \u00e0 des cours ou programmes d\u2019\u00e9ducation r\u00e9guliers ou \u00e0 distance dans une discipline li\u00e9e \u00e0 une mise \u00e0 jour ou menant \u00e0 une reclassification du titre de technicien certifi\u00e9 \u00e0 celui de technologue agr\u00e9\u00e9 professionnel. <\/p><a class=\"nbscett-news-btn\" href=\"https:\/\/www.nbscett.nb.ca\/fr\/la-bourse-de-formation-continue-de-la-sttagn-b-td-assurance\/\">Lire la suite<\/a><\/div><hr\/><div class=\"nbscett-news-wrapper\"><h3 class=\"nbscett-news-title\">Avis aux membres, informations relatives aux factures 2026<\/h3><p class=\"nbscett-news-excerpt\">Nous mettons \u00e0 jour notre syst\u00e8me de facturation cette ann\u00e9e!<\/p><a class=\"nbscett-news-btn\" href=\"https:\/\/www.nbscett.nb.ca\/fr\/avis-aux-membres-informations-relatives-aux-factures-2026\/\">Lire la suite<\/a><\/div><hr\/><div class=\"nbscett-news-wrapper\"><h3 class=\"nbscett-news-title\">Nous recrutons des repr\u00e9sentants \u00e9tudiants SttagN-B!<\/h3><p class=\"nbscett-news-excerpt\">Nous lan\u00e7ons notre programme des repr\u00e9sentants \u00e9tudiants, en choisissant 2 repr\u00e9sentants de chaque campus NBCC et CCNB avec des programmes de technologie de g\u00e9nie et nous voulons que VOUS en fassiez partie!<\/p><a class=\"nbscett-news-btn\" href=\"https:\/\/www.nbscett.nb.ca\/fr\/nous-recrutons-des-representants-etudiants-sttagn-b\/\">Lire la suite<\/a><\/div><hr\/><div class=\"nbscett-news-wrapper\"><h3 class=\"nbscett-news-title\">Assembl\u00e9e g\u00e9n\u00e9rale annuelle - 2025<\/h3><p class=\"nbscett-news-excerpt\">Au menu: Les changements de la \u2018Loi sur les techniques du g\u00e9nie\u2019, annonce des membres adh\u00e9rents depuis 25 ans et 40 ans; et pr\u00e9sentation de nouveaux membres du Conseil, et la retraite d\u2019Ed Leslie.<\/p><a class=\"nbscett-news-btn\" href=\"https:\/\/www.nbscett.nb.ca\/fr\/assemblee-generale-annuelle-2025\/\">Lire la suite<\/a><\/div><hr\/><div class=\"nbscett-news-wrapper\"><h3 class=\"nbscett-news-title\">Assembl\u00e9e g\u00e9n\u00e9rale annuelle - 2024<\/h3><p class=\"nbscett-news-excerpt\">56 ann\u00e9es de Succ\u00e8s Agr\u00e9\u00e9\r\nSamedi 27 avril 2024 \u00e0 10 h\r\nFredericton Inn<\/p><a class=\"nbscett-news-btn\" target=\"_blank\" href=\"https:\/\/www.nbscett.nb.ca\/wp-content\/uploads\/2024\/03\/56-agm-advert-27-Apr24.pdf\">En plus<\/a><\/div><hr\/>[\/vc_column_text][\/vc_column][\/vc_row]<\/p>\n<\/div>","protected":false},"excerpt":{"rendered":"<p>[vc_row][vc_column][vc_column_text][\/vc_column_text][\/vc_column][\/vc_row]<\/p>\n","protected":false},"author":1,"featured_media":0,"parent":344,"menu_order":10,"comment_status":"closed","ping_status":"closed","template":"","meta":{"footnotes":""},"class_list":["post-384","page","type-page","status-publish","hentry"],"yoast_head":"<!-- This site is optimized with the Yoast SEO plugin v26.7 - https:\/\/yoast.com\/wordpress\/plugins\/seo\/ -->\n<title>Communiqu\u00e9 de presse - SttagN-B<\/title>\n<meta name=\"robots\" content=\"index, follow, max-snippet:-1, max-image-preview:large, max-video-preview:-1\" \/>\n<link rel=\"canonical\" href=\"https:\/\/www.nbscett.nb.ca\/fr\/nouvelles\/communique-de-presse\/\" \/>\n<meta property=\"og:locale\" content=\"fr_FR\" \/>\n<meta property=\"og:type\" content=\"article\" \/>\n<meta property=\"og:title\" content=\"Communiqu\u00e9 de presse - SttagN-B\" \/>\n<meta property=\"og:description\" content=\"[vc_row][vc_column][vc_column_text][\/vc_column_text][\/vc_column][\/vc_row]\" \/>\n<meta property=\"og:url\" content=\"https:\/\/www.nbscett.nb.ca\/fr\/nouvelles\/communique-de-presse\/\" \/>\n<meta property=\"og:site_name\" content=\"SttagN-B\" \/>\n<meta property=\"article:modified_time\" content=\"2019-07-22T16:33:20+00:00\" \/>\n<meta name=\"twitter:card\" content=\"summary_large_image\" \/>\n<script type=\"application\/ld+json\" class=\"yoast-schema-graph\">{\"@context\":\"https:\/\/schema.org\",\"@graph\":[{\"@type\":\"WebPage\",\"@id\":\"https:\/\/www.nbscett.nb.ca\/fr\/nouvelles\/communique-de-presse\/\",\"url\":\"https:\/\/www.nbscett.nb.ca\/fr\/nouvelles\/communique-de-presse\/\",\"name\":\"Communiqu\u00e9 de presse - SttagN-B\",\"isPartOf\":{\"@id\":\"https:\/\/www.nbscett.nb.ca\/en\/#website\"},\"datePublished\":\"2016-04-26T19:12:13+00:00\",\"dateModified\":\"2019-07-22T16:33:20+00:00\",\"breadcrumb\":{\"@id\":\"https:\/\/www.nbscett.nb.ca\/fr\/nouvelles\/communique-de-presse\/#breadcrumb\"},\"inLanguage\":\"fr-FR\",\"potentialAction\":[{\"@type\":\"ReadAction\",\"target\":[\"https:\/\/www.nbscett.nb.ca\/fr\/nouvelles\/communique-de-presse\/\"]}]},{\"@type\":\"BreadcrumbList\",\"@id\":\"https:\/\/www.nbscett.nb.ca\/fr\/nouvelles\/communique-de-presse\/#breadcrumb\",\"itemListElement\":[{\"@type\":\"ListItem\",\"position\":1,\"name\":\"home\",\"item\":\"https:\/\/www.nbscett.nb.ca\/fr\/\"},{\"@type\":\"ListItem\",\"position\":2,\"name\":\"Nouvelles\",\"item\":\"https:\/\/www.nbscett.nb.ca\/fr\/nouvelles\/\"},{\"@type\":\"ListItem\",\"position\":3,\"name\":\"Communiqu\u00e9 de presse\"}]},{\"@type\":\"WebSite\",\"@id\":\"https:\/\/www.nbscett.nb.ca\/en\/#website\",\"url\":\"https:\/\/www.nbscett.nb.ca\/en\/\",\"name\":\"SttagN-B\",\"description\":\"\",\"potentialAction\":[{\"@type\":\"SearchAction\",\"target\":{\"@type\":\"EntryPoint\",\"urlTemplate\":\"https:\/\/www.nbscett.nb.ca\/en\/?s={search_term_string}\"},\"query-input\":{\"@type\":\"PropertyValueSpecification\",\"valueRequired\":true,\"valueName\":\"search_term_string\"}}],\"inLanguage\":\"fr-FR\"}]}<\/script>\n<!-- \/ Yoast SEO plugin. -->","yoast_head_json":{"title":"Communiqu\u00e9 de presse - SttagN-B","robots":{"index":"index","follow":"follow","max-snippet":"max-snippet:-1","max-image-preview":"max-image-preview:large","max-video-preview":"max-video-preview:-1"},"canonical":"https:\/\/www.nbscett.nb.ca\/fr\/nouvelles\/communique-de-presse\/","og_locale":"fr_FR","og_type":"article","og_title":"Communiqu\u00e9 de presse - SttagN-B","og_description":"[vc_row][vc_column][vc_column_text][\/vc_column_text][\/vc_column][\/vc_row]","og_url":"https:\/\/www.nbscett.nb.ca\/fr\/nouvelles\/communique-de-presse\/","og_site_name":"SttagN-B","article_modified_time":"2019-07-22T16:33:20+00:00","twitter_card":"summary_large_image","schema":{"@context":"https:\/\/schema.org","@graph":[{"@type":"WebPage","@id":"https:\/\/www.nbscett.nb.ca\/fr\/nouvelles\/communique-de-presse\/","url":"https:\/\/www.nbscett.nb.ca\/fr\/nouvelles\/communique-de-presse\/","name":"Communiqu\u00e9 de presse - SttagN-B","isPartOf":{"@id":"https:\/\/www.nbscett.nb.ca\/en\/#website"},"datePublished":"2016-04-26T19:12:13+00:00","dateModified":"2019-07-22T16:33:20+00:00","breadcrumb":{"@id":"https:\/\/www.nbscett.nb.ca\/fr\/nouvelles\/communique-de-presse\/#breadcrumb"},"inLanguage":"fr-FR","potentialAction":[{"@type":"ReadAction","target":["https:\/\/www.nbscett.nb.ca\/fr\/nouvelles\/communique-de-presse\/"]}]},{"@type":"BreadcrumbList","@id":"https:\/\/www.nbscett.nb.ca\/fr\/nouvelles\/communique-de-presse\/#breadcrumb","itemListElement":[{"@type":"ListItem","position":1,"name":"home","item":"https:\/\/www.nbscett.nb.ca\/fr\/"},{"@type":"ListItem","position":2,"name":"Nouvelles","item":"https:\/\/www.nbscett.nb.ca\/fr\/nouvelles\/"},{"@type":"ListItem","position":3,"name":"Communiqu\u00e9 de presse"}]},{"@type":"WebSite","@id":"https:\/\/www.nbscett.nb.ca\/en\/#website","url":"https:\/\/www.nbscett.nb.ca\/en\/","name":"SttagN-B","description":"","potentialAction":[{"@type":"SearchAction","target":{"@type":"EntryPoint","urlTemplate":"https:\/\/www.nbscett.nb.ca\/en\/?s={search_term_string}"},"query-input":{"@type":"PropertyValueSpecification","valueRequired":true,"valueName":"search_term_string"}}],"inLanguage":"fr-FR"}]}},"_links":{"self":[{"href":"https:\/\/www.nbscett.nb.ca\/fr\/wp-json\/wp\/v2\/pages\/384","targetHints":{"allow":["GET"]}}],"collection":[{"href":"https:\/\/www.nbscett.nb.ca\/fr\/wp-json\/wp\/v2\/pages"}],"about":[{"href":"https:\/\/www.nbscett.nb.ca\/fr\/wp-json\/wp\/v2\/types\/page"}],"author":[{"embeddable":true,"href":"https:\/\/www.nbscett.nb.ca\/fr\/wp-json\/wp\/v2\/users\/1"}],"replies":[{"embeddable":true,"href":"https:\/\/www.nbscett.nb.ca\/fr\/wp-json\/wp\/v2\/comments?post=384"}],"version-history":[{"count":0,"href":"https:\/\/www.nbscett.nb.ca\/fr\/wp-json\/wp\/v2\/pages\/384\/revisions"}],"up":[{"embeddable":true,"href":"https:\/\/www.nbscett.nb.ca\/fr\/wp-json\/wp\/v2\/pages\/344"}],"wp:attachment":[{"href":"https:\/\/www.nbscett.nb.ca\/fr\/wp-json\/wp\/v2\/media?parent=384"}],"curies":[{"name":"wp","href":"https:\/\/api.w.org\/{rel}","templated":true}]}}