{"id":383,"date":"2016-04-26T19:09:26","date_gmt":"2016-04-26T19:09:26","guid":{"rendered":"http:\/\/nbscett.wpengine.com\/fr\/?page_id=383"},"modified":"2016-04-26T19:13:20","modified_gmt":"2016-04-26T19:13:20","slug":"atlantech","status":"publish","type":"page","link":"https:\/\/www.nbscett.nb.ca\/fr\/nouvelles\/atlantech\/","title":{"rendered":"AtlanTECH"},"content":{"rendered":"<div class=\"wpb-content-wrapper\"><p>[vc_row][vc_column][vc_column_text]<\/p>\n<h3>Cliquez sur un lien pour t\u00e9l\u00e9charger un num\u00e9ro en pdf de AtlanTECH:<\/h3>\n<ul>\n<li><a href=\"\/wp-content\/uploads\/2016\/04\/atlanTECH-summer_09.pdf\"><strong>\u00c9t\u00e9 2009<\/strong><\/a><\/li>\n<li><a href=\"\/wp-content\/uploads\/2016\/04\/atlanTECH-summer_08.pdf\"><strong>\u00c9t\u00e9 2008<\/strong><\/a><\/li>\n<li><a href=\"\/wp-content\/uploads\/2016\/04\/atlanTECH-web_Feb_08.pdf\"><strong>f\u00e9vrier 2008<\/strong><\/a><\/li>\n<li><a href=\"\/wp-content\/uploads\/2016\/04\/atlanTECH-summer_07.pdf\"><strong>\u00c9t\u00e9-Automnel 2007<\/strong><\/a><\/li>\n<li><a href=\"\/wp-content\/uploads\/2016\/04\/atlanTECH-Feb07-web.pdf\"><strong>f\u00e9vrier 2007<\/strong><\/a><\/li>\n<li><a href=\"\/wp-content\/uploads\/2016\/04\/atlanTECH-Dec_06-web.pdf\"><strong>d\u00e9cembre 2006<\/strong><\/a><\/li>\n<li><a href=\"\/wp-content\/uploads\/2016\/04\/atlanTECH-Sept06-web.pdf\"><strong>septembre 2006<\/strong><\/a><\/li>\n<li><a href=\"\/wp-content\/uploads\/2016\/04\/atlanTECH-June_06.pdf\"><strong>juin 2006<\/strong><\/a><\/li>\n<li><a href=\"\/wp-content\/uploads\/2016\/04\/atlanTECH-Feb06.pdf\"><strong>f\u00e9vrier 2006<\/strong><\/a><\/li>\n<li><a href=\"\/wp-content\/uploads\/2016\/04\/aTECH-0511.pdf\"><strong>novembre 2005<\/strong><\/a><\/li>\n<li><a href=\"\/wp-content\/uploads\/2016\/04\/aTECH-0506.pdf\"><strong>juin 2005<\/strong><\/a><\/li>\n<li><a href=\"\/wp-content\/uploads\/2016\/04\/aTECH-0503.pdf\"><strong>mars 2005<\/strong><\/a><\/li>\n<li><a href=\"\/wp-content\/uploads\/2016\/04\/aTECH-0412.pdf\"><strong>d\u00e9cembre 2004<\/strong><\/a><\/li>\n<li><a href=\"\/wp-content\/uploads\/2016\/04\/aTECH-0409.pdf\"><strong>septembre 2004<\/strong><\/a><\/li>\n<li><a href=\"\/wp-content\/uploads\/2016\/04\/aTECH-0406.pdf\"><strong>juin 2004<\/strong><\/a><\/li>\n<li><a href=\"\/wp-content\/uploads\/2016\/04\/aTECH-0403.pdf\"><strong>mars 2004<\/strong><\/a><\/li>\n<li><a href=\"\/wp-content\/uploads\/2016\/04\/aTECH-0401.pdf\"><strong>January 2004<\/strong><\/a><\/li>\n<li><a href=\"\/wp-content\/uploads\/2016\/04\/aTECH-0212.pdf\"><strong>d\u00e9cembre 2002<\/strong><\/a><\/li>\n<li><a href=\"\/wp-content\/uploads\/2016\/04\/aTECH-0206.pdf\"><strong>juin 2002<\/strong><\/a><\/li>\n<li><a href=\"\/wp-content\/uploads\/2016\/04\/aTECH-0110.pdf\"><strong>octobre 2001<\/strong><\/a><\/li>\n<li><a href=\"\/wp-content\/uploads\/2016\/04\/aTECH-0106.pdf\"><strong>juin 2001<\/strong><\/a><\/li>\n<li><a href=\"\/wp-content\/uploads\/2016\/04\/aTECH-0103.pdf\"><strong>mars 2001<\/strong><\/a><\/li>\n<li><a href=\"\/wp-content\/uploads\/2016\/04\/aTECH-0012.pdf\"><strong>d\u00e9cembre 2000<\/strong><\/a><\/li>\n<li><a href=\"\/wp-content\/uploads\/2016\/04\/atlanTECH-summer_10.pdf\"><strong>\u00c9t\u00e9 2010<\/strong><\/a><\/li>\n<li><a href=\"\/wp-content\/uploads\/2016\/04\/atlanTECH-summer_11.pdf\"><strong>\u00c9t\u00e9 2011<\/strong><\/a><\/li>\n<li><a href=\"\/wp-content\/uploads\/2016\/04\/atlanTECH-summer_12.pdf\"><strong>\u00c9t\u00e9 2012<\/strong><\/a><\/li>\n<\/ul>\n<p>[\/vc_column_text][\/vc_column][\/vc_row]<\/p>\n<\/div>","protected":false},"excerpt":{"rendered":"<p>[vc_row][vc_column][vc_column_text] Cliquez sur un lien pour t\u00e9l\u00e9charger un num\u00e9ro en pdf de AtlanTECH: \u00c9t\u00e9 2009 \u00c9t\u00e9 2008 f\u00e9vrier 2008 \u00c9t\u00e9-Automnel 2007 f\u00e9vrier 2007 d\u00e9cembre 2006 septembre 2006 juin 2006 f\u00e9vrier 2006 novembre 2005 juin 2005 mars 2005 d\u00e9cembre 2004 septembre 2004 juin 2004 mars 2004 January 2004 d\u00e9cembre 2002 juin 2002 octobre 2001 juin 2001 [&hellip;]<\/p>\n","protected":false},"author":2,"featured_media":0,"parent":344,"menu_order":20,"comment_status":"closed","ping_status":"closed","template":"","meta":{"footnotes":""},"class_list":["post-383","page","type-page","status-publish","hentry"],"yoast_head":"<!-- This site is optimized with the Yoast SEO plugin v26.7 - https:\/\/yoast.com\/wordpress\/plugins\/seo\/ -->\n<title>AtlanTECH - SttagN-B<\/title>\n<meta name=\"robots\" content=\"index, follow, max-snippet:-1, max-image-preview:large, max-video-preview:-1\" \/>\n<link rel=\"canonical\" href=\"https:\/\/www.nbscett.nb.ca\/fr\/nouvelles\/atlantech\/\" \/>\n<meta property=\"og:locale\" content=\"fr_FR\" \/>\n<meta property=\"og:type\" content=\"article\" \/>\n<meta property=\"og:title\" content=\"AtlanTECH - SttagN-B\" \/>\n<meta property=\"og:description\" content=\"[vc_row][vc_column][vc_column_text] Cliquez sur un lien pour t\u00e9l\u00e9charger un num\u00e9ro en pdf de AtlanTECH: \u00c9t\u00e9 2009 \u00c9t\u00e9 2008 f\u00e9vrier 2008 \u00c9t\u00e9-Automnel 2007 f\u00e9vrier 2007 d\u00e9cembre 2006 septembre 2006 juin 2006 f\u00e9vrier 2006 novembre 2005 juin 2005 mars 2005 d\u00e9cembre 2004 septembre 2004 juin 2004 mars 2004 January 2004 d\u00e9cembre 2002 juin 2002 octobre 2001 juin 2001 [&hellip;]\" \/>\n<meta property=\"og:url\" content=\"https:\/\/www.nbscett.nb.ca\/fr\/nouvelles\/atlantech\/\" \/>\n<meta property=\"og:site_name\" content=\"SttagN-B\" \/>\n<meta property=\"article:modified_time\" content=\"2016-04-26T19:13:20+00:00\" \/>\n<meta name=\"twitter:card\" content=\"summary_large_image\" \/>\n<script type=\"application\/ld+json\" class=\"yoast-schema-graph\">{\"@context\":\"https:\/\/schema.org\",\"@graph\":[{\"@type\":\"WebPage\",\"@id\":\"https:\/\/www.nbscett.nb.ca\/fr\/nouvelles\/atlantech\/\",\"url\":\"https:\/\/www.nbscett.nb.ca\/fr\/nouvelles\/atlantech\/\",\"name\":\"AtlanTECH - SttagN-B\",\"isPartOf\":{\"@id\":\"https:\/\/www.nbscett.nb.ca\/en\/#website\"},\"datePublished\":\"2016-04-26T19:09:26+00:00\",\"dateModified\":\"2016-04-26T19:13:20+00:00\",\"breadcrumb\":{\"@id\":\"https:\/\/www.nbscett.nb.ca\/fr\/nouvelles\/atlantech\/#breadcrumb\"},\"inLanguage\":\"fr-FR\",\"potentialAction\":[{\"@type\":\"ReadAction\",\"target\":[\"https:\/\/www.nbscett.nb.ca\/fr\/nouvelles\/atlantech\/\"]}]},{\"@type\":\"BreadcrumbList\",\"@id\":\"https:\/\/www.nbscett.nb.ca\/fr\/nouvelles\/atlantech\/#breadcrumb\",\"itemListElement\":[{\"@type\":\"ListItem\",\"position\":1,\"name\":\"home\",\"item\":\"https:\/\/www.nbscett.nb.ca\/fr\/\"},{\"@type\":\"ListItem\",\"position\":2,\"name\":\"Nouvelles\",\"item\":\"https:\/\/www.nbscett.nb.ca\/fr\/nouvelles\/\"},{\"@type\":\"ListItem\",\"position\":3,\"name\":\"AtlanTECH\"}]},{\"@type\":\"WebSite\",\"@id\":\"https:\/\/www.nbscett.nb.ca\/en\/#website\",\"url\":\"https:\/\/www.nbscett.nb.ca\/en\/\",\"name\":\"SttagN-B\",\"description\":\"\",\"potentialAction\":[{\"@type\":\"SearchAction\",\"target\":{\"@type\":\"EntryPoint\",\"urlTemplate\":\"https:\/\/www.nbscett.nb.ca\/en\/?s={search_term_string}\"},\"query-input\":{\"@type\":\"PropertyValueSpecification\",\"valueRequired\":true,\"valueName\":\"search_term_string\"}}],\"inLanguage\":\"fr-FR\"}]}<\/script>\n<!-- \/ Yoast SEO plugin. -->","yoast_head_json":{"title":"AtlanTECH - SttagN-B","robots":{"index":"index","follow":"follow","max-snippet":"max-snippet:-1","max-image-preview":"max-image-preview:large","max-video-preview":"max-video-preview:-1"},"canonical":"https:\/\/www.nbscett.nb.ca\/fr\/nouvelles\/atlantech\/","og_locale":"fr_FR","og_type":"article","og_title":"AtlanTECH - SttagN-B","og_description":"[vc_row][vc_column][vc_column_text] Cliquez sur un lien pour t\u00e9l\u00e9charger un num\u00e9ro en pdf de AtlanTECH: \u00c9t\u00e9 2009 \u00c9t\u00e9 2008 f\u00e9vrier 2008 \u00c9t\u00e9-Automnel 2007 f\u00e9vrier 2007 d\u00e9cembre 2006 septembre 2006 juin 2006 f\u00e9vrier 2006 novembre 2005 juin 2005 mars 2005 d\u00e9cembre 2004 septembre 2004 juin 2004 mars 2004 January 2004 d\u00e9cembre 2002 juin 2002 octobre 2001 juin 2001 [&hellip;]","og_url":"https:\/\/www.nbscett.nb.ca\/fr\/nouvelles\/atlantech\/","og_site_name":"SttagN-B","article_modified_time":"2016-04-26T19:13:20+00:00","twitter_card":"summary_large_image","schema":{"@context":"https:\/\/schema.org","@graph":[{"@type":"WebPage","@id":"https:\/\/www.nbscett.nb.ca\/fr\/nouvelles\/atlantech\/","url":"https:\/\/www.nbscett.nb.ca\/fr\/nouvelles\/atlantech\/","name":"AtlanTECH - SttagN-B","isPartOf":{"@id":"https:\/\/www.nbscett.nb.ca\/en\/#website"},"datePublished":"2016-04-26T19:09:26+00:00","dateModified":"2016-04-26T19:13:20+00:00","breadcrumb":{"@id":"https:\/\/www.nbscett.nb.ca\/fr\/nouvelles\/atlantech\/#breadcrumb"},"inLanguage":"fr-FR","potentialAction":[{"@type":"ReadAction","target":["https:\/\/www.nbscett.nb.ca\/fr\/nouvelles\/atlantech\/"]}]},{"@type":"BreadcrumbList","@id":"https:\/\/www.nbscett.nb.ca\/fr\/nouvelles\/atlantech\/#breadcrumb","itemListElement":[{"@type":"ListItem","position":1,"name":"home","item":"https:\/\/www.nbscett.nb.ca\/fr\/"},{"@type":"ListItem","position":2,"name":"Nouvelles","item":"https:\/\/www.nbscett.nb.ca\/fr\/nouvelles\/"},{"@type":"ListItem","position":3,"name":"AtlanTECH"}]},{"@type":"WebSite","@id":"https:\/\/www.nbscett.nb.ca\/en\/#website","url":"https:\/\/www.nbscett.nb.ca\/en\/","name":"SttagN-B","description":"","potentialAction":[{"@type":"SearchAction","target":{"@type":"EntryPoint","urlTemplate":"https:\/\/www.nbscett.nb.ca\/en\/?s={search_term_string}"},"query-input":{"@type":"PropertyValueSpecification","valueRequired":true,"valueName":"search_term_string"}}],"inLanguage":"fr-FR"}]}},"_links":{"self":[{"href":"https:\/\/www.nbscett.nb.ca\/fr\/wp-json\/wp\/v2\/pages\/383","targetHints":{"allow":["GET"]}}],"collection":[{"href":"https:\/\/www.nbscett.nb.ca\/fr\/wp-json\/wp\/v2\/pages"}],"about":[{"href":"https:\/\/www.nbscett.nb.ca\/fr\/wp-json\/wp\/v2\/types\/page"}],"author":[{"embeddable":true,"href":"https:\/\/www.nbscett.nb.ca\/fr\/wp-json\/wp\/v2\/users\/2"}],"replies":[{"embeddable":true,"href":"https:\/\/www.nbscett.nb.ca\/fr\/wp-json\/wp\/v2\/comments?post=383"}],"version-history":[{"count":0,"href":"https:\/\/www.nbscett.nb.ca\/fr\/wp-json\/wp\/v2\/pages\/383\/revisions"}],"up":[{"embeddable":true,"href":"https:\/\/www.nbscett.nb.ca\/fr\/wp-json\/wp\/v2\/pages\/344"}],"wp:attachment":[{"href":"https:\/\/www.nbscett.nb.ca\/fr\/wp-json\/wp\/v2\/media?parent=383"}],"curies":[{"name":"wp","href":"https:\/\/api.w.org\/{rel}","templated":true}]}}