{"id":359,"date":"2016-04-26T18:37:52","date_gmt":"2016-04-26T18:37:52","guid":{"rendered":"http:\/\/nbscett.wpengine.com\/fr\/?page_id=359"},"modified":"2016-04-28T16:20:08","modified_gmt":"2016-04-28T16:20:08","slug":"labour-market-study-fr","status":"publish","type":"page","link":"https:\/\/www.nbscett.nb.ca\/fr\/nouvelles\/labour-market-study-fr\/","title":{"rendered":"\u00c9tude du march\u00e9 du travail"},"content":{"rendered":"<div class=\"wpb-content-wrapper\"><p>[vc_row][vc_column][vc_column_text]Pour consulter l\u2019\u00e9tude sur le march\u00e9 du travail de 2008-2011, r\u00e9alis\u00e9e en collaboration par le Conseil canadien des techniciens et technologues \u00a0(CCTT) et Ing\u00e9nieurs Canada, <strong><a href=\"\/wp-content\/uploads\/2016\/04\/Labour_Market_Conditions_2008-2011_V.2.pdf\">cliquez ici<\/a><\/strong>.[\/vc_column_text][\/vc_column][\/vc_row]<\/p>\n<\/div>","protected":false},"excerpt":{"rendered":"<p>[vc_row][vc_column][vc_column_text]Pour consulter l\u2019\u00e9tude sur le march\u00e9 du travail de 2008-2011, r\u00e9alis\u00e9e en collaboration par le Conseil canadien des techniciens et technologues \u00a0(CCTT) et Ing\u00e9nieurs Canada, cliquez ici.[\/vc_column_text][\/vc_column][\/vc_row]<\/p>\n","protected":false},"author":2,"featured_media":0,"parent":344,"menu_order":30,"comment_status":"closed","ping_status":"closed","template":"","meta":{"footnotes":""},"class_list":["post-359","page","type-page","status-publish","hentry"],"yoast_head":"<!-- This site is optimized with the Yoast SEO plugin v26.7 - https:\/\/yoast.com\/wordpress\/plugins\/seo\/ -->\n<title>\u00c9tude du march\u00e9 du travail - SttagN-B<\/title>\n<meta name=\"robots\" content=\"index, follow, max-snippet:-1, max-image-preview:large, max-video-preview:-1\" \/>\n<link rel=\"canonical\" href=\"https:\/\/www.nbscett.nb.ca\/fr\/nouvelles\/labour-market-study-fr\/\" \/>\n<meta property=\"og:locale\" content=\"fr_FR\" \/>\n<meta property=\"og:type\" content=\"article\" \/>\n<meta property=\"og:title\" content=\"\u00c9tude du march\u00e9 du travail - SttagN-B\" \/>\n<meta property=\"og:description\" content=\"[vc_row][vc_column][vc_column_text]Pour consulter l\u2019\u00e9tude sur le march\u00e9 du travail de 2008-2011, r\u00e9alis\u00e9e en collaboration par le Conseil canadien des techniciens et technologues \u00a0(CCTT) et Ing\u00e9nieurs Canada, cliquez ici.[\/vc_column_text][\/vc_column][\/vc_row]\" \/>\n<meta property=\"og:url\" content=\"https:\/\/www.nbscett.nb.ca\/fr\/nouvelles\/labour-market-study-fr\/\" \/>\n<meta property=\"og:site_name\" content=\"SttagN-B\" \/>\n<meta property=\"article:modified_time\" content=\"2016-04-28T16:20:08+00:00\" \/>\n<meta name=\"twitter:card\" content=\"summary_large_image\" \/>\n<script type=\"application\/ld+json\" class=\"yoast-schema-graph\">{\"@context\":\"https:\/\/schema.org\",\"@graph\":[{\"@type\":\"WebPage\",\"@id\":\"https:\/\/www.nbscett.nb.ca\/fr\/nouvelles\/labour-market-study-fr\/\",\"url\":\"https:\/\/www.nbscett.nb.ca\/fr\/nouvelles\/labour-market-study-fr\/\",\"name\":\"\u00c9tude du march\u00e9 du travail - SttagN-B\",\"isPartOf\":{\"@id\":\"https:\/\/www.nbscett.nb.ca\/en\/#website\"},\"datePublished\":\"2016-04-26T18:37:52+00:00\",\"dateModified\":\"2016-04-28T16:20:08+00:00\",\"breadcrumb\":{\"@id\":\"https:\/\/www.nbscett.nb.ca\/fr\/nouvelles\/labour-market-study-fr\/#breadcrumb\"},\"inLanguage\":\"fr-FR\",\"potentialAction\":[{\"@type\":\"ReadAction\",\"target\":[\"https:\/\/www.nbscett.nb.ca\/fr\/nouvelles\/labour-market-study-fr\/\"]}]},{\"@type\":\"BreadcrumbList\",\"@id\":\"https:\/\/www.nbscett.nb.ca\/fr\/nouvelles\/labour-market-study-fr\/#breadcrumb\",\"itemListElement\":[{\"@type\":\"ListItem\",\"position\":1,\"name\":\"home\",\"item\":\"https:\/\/www.nbscett.nb.ca\/fr\/\"},{\"@type\":\"ListItem\",\"position\":2,\"name\":\"Nouvelles\",\"item\":\"https:\/\/www.nbscett.nb.ca\/fr\/nouvelles\/\"},{\"@type\":\"ListItem\",\"position\":3,\"name\":\"\u00c9tude du march\u00e9 du travail\"}]},{\"@type\":\"WebSite\",\"@id\":\"https:\/\/www.nbscett.nb.ca\/en\/#website\",\"url\":\"https:\/\/www.nbscett.nb.ca\/en\/\",\"name\":\"SttagN-B\",\"description\":\"\",\"potentialAction\":[{\"@type\":\"SearchAction\",\"target\":{\"@type\":\"EntryPoint\",\"urlTemplate\":\"https:\/\/www.nbscett.nb.ca\/en\/?s={search_term_string}\"},\"query-input\":{\"@type\":\"PropertyValueSpecification\",\"valueRequired\":true,\"valueName\":\"search_term_string\"}}],\"inLanguage\":\"fr-FR\"}]}<\/script>\n<!-- \/ Yoast SEO plugin. -->","yoast_head_json":{"title":"\u00c9tude du march\u00e9 du travail - SttagN-B","robots":{"index":"index","follow":"follow","max-snippet":"max-snippet:-1","max-image-preview":"max-image-preview:large","max-video-preview":"max-video-preview:-1"},"canonical":"https:\/\/www.nbscett.nb.ca\/fr\/nouvelles\/labour-market-study-fr\/","og_locale":"fr_FR","og_type":"article","og_title":"\u00c9tude du march\u00e9 du travail - SttagN-B","og_description":"[vc_row][vc_column][vc_column_text]Pour consulter l\u2019\u00e9tude sur le march\u00e9 du travail de 2008-2011, r\u00e9alis\u00e9e en collaboration par le Conseil canadien des techniciens et technologues \u00a0(CCTT) et Ing\u00e9nieurs Canada, cliquez ici.[\/vc_column_text][\/vc_column][\/vc_row]","og_url":"https:\/\/www.nbscett.nb.ca\/fr\/nouvelles\/labour-market-study-fr\/","og_site_name":"SttagN-B","article_modified_time":"2016-04-28T16:20:08+00:00","twitter_card":"summary_large_image","schema":{"@context":"https:\/\/schema.org","@graph":[{"@type":"WebPage","@id":"https:\/\/www.nbscett.nb.ca\/fr\/nouvelles\/labour-market-study-fr\/","url":"https:\/\/www.nbscett.nb.ca\/fr\/nouvelles\/labour-market-study-fr\/","name":"\u00c9tude du march\u00e9 du travail - SttagN-B","isPartOf":{"@id":"https:\/\/www.nbscett.nb.ca\/en\/#website"},"datePublished":"2016-04-26T18:37:52+00:00","dateModified":"2016-04-28T16:20:08+00:00","breadcrumb":{"@id":"https:\/\/www.nbscett.nb.ca\/fr\/nouvelles\/labour-market-study-fr\/#breadcrumb"},"inLanguage":"fr-FR","potentialAction":[{"@type":"ReadAction","target":["https:\/\/www.nbscett.nb.ca\/fr\/nouvelles\/labour-market-study-fr\/"]}]},{"@type":"BreadcrumbList","@id":"https:\/\/www.nbscett.nb.ca\/fr\/nouvelles\/labour-market-study-fr\/#breadcrumb","itemListElement":[{"@type":"ListItem","position":1,"name":"home","item":"https:\/\/www.nbscett.nb.ca\/fr\/"},{"@type":"ListItem","position":2,"name":"Nouvelles","item":"https:\/\/www.nbscett.nb.ca\/fr\/nouvelles\/"},{"@type":"ListItem","position":3,"name":"\u00c9tude du march\u00e9 du travail"}]},{"@type":"WebSite","@id":"https:\/\/www.nbscett.nb.ca\/en\/#website","url":"https:\/\/www.nbscett.nb.ca\/en\/","name":"SttagN-B","description":"","potentialAction":[{"@type":"SearchAction","target":{"@type":"EntryPoint","urlTemplate":"https:\/\/www.nbscett.nb.ca\/en\/?s={search_term_string}"},"query-input":{"@type":"PropertyValueSpecification","valueRequired":true,"valueName":"search_term_string"}}],"inLanguage":"fr-FR"}]}},"_links":{"self":[{"href":"https:\/\/www.nbscett.nb.ca\/fr\/wp-json\/wp\/v2\/pages\/359","targetHints":{"allow":["GET"]}}],"collection":[{"href":"https:\/\/www.nbscett.nb.ca\/fr\/wp-json\/wp\/v2\/pages"}],"about":[{"href":"https:\/\/www.nbscett.nb.ca\/fr\/wp-json\/wp\/v2\/types\/page"}],"author":[{"embeddable":true,"href":"https:\/\/www.nbscett.nb.ca\/fr\/wp-json\/wp\/v2\/users\/2"}],"replies":[{"embeddable":true,"href":"https:\/\/www.nbscett.nb.ca\/fr\/wp-json\/wp\/v2\/comments?post=359"}],"version-history":[{"count":0,"href":"https:\/\/www.nbscett.nb.ca\/fr\/wp-json\/wp\/v2\/pages\/359\/revisions"}],"up":[{"embeddable":true,"href":"https:\/\/www.nbscett.nb.ca\/fr\/wp-json\/wp\/v2\/pages\/344"}],"wp:attachment":[{"href":"https:\/\/www.nbscett.nb.ca\/fr\/wp-json\/wp\/v2\/media?parent=359"}],"curies":[{"name":"wp","href":"https:\/\/api.w.org\/{rel}","templated":true}]}}