{"id":352,"date":"2016-04-26T18:27:00","date_gmt":"2016-04-26T18:27:00","guid":{"rendered":"http:\/\/nbscett.wpengine.com\/fr\/?page_id=352"},"modified":"2025-10-09T13:49:48","modified_gmt":"2025-10-09T13:49:48","slug":"partenaires","status":"publish","type":"page","link":"https:\/\/www.nbscett.nb.ca\/fr\/liens\/partenaires\/","title":{"rendered":"Partenaires"},"content":{"rendered":"<div class=\"wpb-content-wrapper\"><p>[vc_row][vc_column][vc_column_text css=\u00a0\u00bb\u00a0\u00bb]<\/p>\n<p class=\"itsBold\"><strong><a href=\"https:\/\/www.tdassurance.com\/affinity\/NBSCETT?src=AFFINITYAPDG\"><img loading=\"lazy\" decoding=\"async\" class=\"alignright wp-image-1586 size-full\" src=\"https:\/\/www.nbscett.nb.ca\/wp-content\/uploads\/2025\/10\/24_IN_INM_D_GI-National-Home-Auto_V1_FR_ST_300x250_.jpg\" alt=\"\" width=\"300\" height=\"250\" \/><\/a><a href=\"https:\/\/www.tdassurance.com\/affinity\/NBSCETT?src=AFFINITYAPDG\">TD Assurance<\/a><\/strong><\/p>\n<p>\u00c0 titre de partenaire de confiance, le programme TD Assurance Meloche Monnex est con\u00e7u pour aider les membres de la SttagN-B \u00e0 avoir acc\u00e8s \u00e0 des tarifs d\u2019assurance pr\u00e9f\u00e9rentiels sur l\u2019assurance auto et habitation pour propri\u00e9taire, copropri\u00e9taire et locataire.<\/p>\n<p><a href=\"https:\/\/www.tdassurance.com\/affinity\/NBSCETT?src=AFFINITYAPDG\">Cliquez ici pour savoir comment vous pourriez \u00e9conomiser gros<\/a> &#8211; Sans frais (Canada\/\u00c9.-U.) 1-800-268-8955<\/p>\n<p><a href=\"http:\/\/eranb.ca\/\"><strong>Pleins feux sur l\u2019\u00c9RA<\/strong><b><br \/>\n<\/b><\/a>l\u2019ERA comportera l\u2019\u00e9valuation et la reconnaissance des acquis non formels, informels et\/ou par les apprentissages acquis par l\u2019exp\u00e9rience qui peuvent se solder par la reconnaissance en milieu de travail, ainsi que par des cr\u00e9dits universitaires et coll\u00e9giales ou en titres de comp\u00e9tences. L\u2019ERA comprend des activit\u00e9s telles que l\u2019\u00e9valuation des comp\u00e9tences, l\u2019\u00e9valuation des r\u00e9sultats d\u2019apprentissage et le montage d\u2019un portfolio.<\/p>\n<p>L\u2019\u00e9valuation et la reconnaissancedes acquis est utilis\u00e9 pour \u00e9valuer les comp\u00e9tences acquises hors de la salle de classe pour but de faire l\u2019\u00e9quivalence des unit\u00e9s d\u2019une \u00e9tablissement acad\u00e9mique. Des moyens communs par lesquels des personnes ont acquis des connaissances et comp\u00e9tences au niveau postsecondaire comprennent: la formation militaire ou au travail; l\u2019exp\u00e9rience de travail, l\u2019activit\u00e9 civique et l\u2019\u00e9tude ind\u00e9pendante.<\/p>\n<p><strong><a class=\"external-link-new-window\" title=\"Opens external link in new window\" href=\"http:\/\/ctin.ca\/\" target=\"_blank\" rel=\"noopener noreferrer\">Le R\u00e9seau canadien d&rsquo;immigrants qualifi\u00e9s en technologie (CTIN)<\/a><\/strong><\/p>\n<p><a href=\"https:\/\/nbcc.ca\/campuses\/miramichi\"><strong>NBCC Miramichi<\/strong><\/a><\/p>\n<p><a href=\"https:\/\/nbcc.ca\/campuses\/moncton\"><strong>NBCC Moncton<\/strong><\/a><\/p>\n<p><a href=\"https:\/\/nbcc.ca\/campuses\/saint-john\"><strong>NBCC Saint John<\/strong><\/a><\/p>\n<p><a href=\"https:\/\/ccnb.ca\/\"><strong>CCNB Bathurst<\/strong><\/a><\/p>\n<p><a href=\"https:\/\/ccnb.ca\/\"><strong>CCNB Edmundston<\/strong><\/a><\/p>\n<p><a href=\"https:\/\/www.manulife-insurance.ca\/engineers-canada\/?vanity=www.manulife.ca\/nbscett&amp;MKT=A2031\" target=\"_blank\" rel=\"noopener noreferrer\"><strong>Manulife Insurance<\/strong><\/a><\/p>\n<p><strong><a href=\"http:\/\/garrett.ca\/Engineers\">Garrett Agencies &#8211; Conseiller\u00a0Manulife<br \/>\n<\/a><\/strong>Garrett Agencies est un cabinet de consultation ind\u00e9pendant d\u2019assurance qui soutient et offre des r\u00e9gimes \u00e0 Ing\u00e9nieurs Canada depuis plus de 25 ans. En plus d\u2019\u00eatre le conseiller autoris\u00e9 pour les r\u00e9gimes d\u2019Ing\u00e9nieurs Canada, Garrett Agencies surveille l\u2019ensemble du march\u00e9 de l\u2019assurance au Canada et fournit des analyses ainsi qu\u2019une comparaison des produits d\u2019assurance vie et sant\u00e9 offerts au Canada.<\/p>\n<p><strong><a href=\"http:\/\/www.apegnb.com\/\" target=\"_blank\" rel=\"noopener noreferrer\">Association of Professional Engineers and Geoscientists of New Brunswick<\/a><\/strong><\/p>\n<p><strong><a href=\"http:\/\/www.cheminst.ca\/about\/cic\/csct\" target=\"_blank\" rel=\"noopener noreferrer\">The Canadian Society for Chemical Technology<\/a><\/strong><\/p>\n<p><strong><a href=\"http:\/\/www.cten.ca\/\" target=\"_blank\" rel=\"noopener noreferrer\">Canadian Technical Employment Network<\/a><\/strong><\/p>\n<p><a href=\"http:\/\/www.ctab.ca\/fr\"><b>(TAC) Ag\u00e9ment en Technologie du Canada<\/b><\/a><\/p>\n<p><strong><a class=\"external-link-new-window\" href=\"http:\/\/www.lms.ca\/CCTT\/\" target=\"_blank\" rel=\"noopener noreferrer\">LMS PROLINK Limited<\/a><\/strong>[\/vc_column_text][\/vc_column][\/vc_row]<\/p>\n<\/div>","protected":false},"excerpt":{"rendered":"<p>[vc_row][vc_column][vc_column_text css=\u00a0\u00bb\u00a0\u00bb] TD Assurance \u00c0 titre de partenaire de confiance, le programme TD Assurance Meloche Monnex est con\u00e7u pour aider les membres de la SttagN-B \u00e0 avoir acc\u00e8s \u00e0 des tarifs d\u2019assurance pr\u00e9f\u00e9rentiels sur l\u2019assurance auto et habitation pour propri\u00e9taire, copropri\u00e9taire et locataire. Cliquez ici pour savoir comment vous pourriez \u00e9conomiser gros &#8211; Sans frais [&hellip;]<\/p>\n","protected":false},"author":2,"featured_media":0,"parent":345,"menu_order":30,"comment_status":"closed","ping_status":"closed","template":"","meta":{"footnotes":""},"class_list":["post-352","page","type-page","status-publish","hentry"],"yoast_head":"<!-- This site is optimized with the Yoast SEO plugin v26.7 - https:\/\/yoast.com\/wordpress\/plugins\/seo\/ -->\n<title>Partenaires - SttagN-B<\/title>\n<meta name=\"robots\" content=\"index, follow, max-snippet:-1, max-image-preview:large, max-video-preview:-1\" \/>\n<link rel=\"canonical\" href=\"https:\/\/www.nbscett.nb.ca\/fr\/liens\/partenaires\/\" \/>\n<meta property=\"og:locale\" content=\"fr_FR\" \/>\n<meta property=\"og:type\" content=\"article\" \/>\n<meta property=\"og:title\" content=\"Partenaires - SttagN-B\" \/>\n<meta property=\"og:description\" content=\"[vc_row][vc_column][vc_column_text css=\u00a0\u00bb\u00a0\u00bb] TD Assurance \u00c0 titre de partenaire de confiance, le programme TD Assurance Meloche Monnex est con\u00e7u pour aider les membres de la SttagN-B \u00e0 avoir acc\u00e8s \u00e0 des tarifs d\u2019assurance pr\u00e9f\u00e9rentiels sur l\u2019assurance auto et habitation pour propri\u00e9taire, copropri\u00e9taire et locataire. Cliquez ici pour savoir comment vous pourriez \u00e9conomiser gros &#8211; Sans frais [&hellip;]\" \/>\n<meta property=\"og:url\" content=\"https:\/\/www.nbscett.nb.ca\/fr\/liens\/partenaires\/\" \/>\n<meta property=\"og:site_name\" content=\"SttagN-B\" \/>\n<meta property=\"article:modified_time\" content=\"2025-10-09T13:49:48+00:00\" \/>\n<meta property=\"og:image\" content=\"https:\/\/www.nbscett.nb.ca\/wp-content\/uploads\/2025\/10\/24_IN_INM_D_GI-National-Home-Auto_V1_FR_ST_300x250_.jpg\" \/>\n\t<meta property=\"og:image:width\" content=\"300\" \/>\n\t<meta property=\"og:image:height\" content=\"250\" \/>\n\t<meta property=\"og:image:type\" content=\"image\/jpeg\" \/>\n<meta name=\"twitter:card\" content=\"summary_large_image\" \/>\n<meta name=\"twitter:label1\" content=\"Dur\u00e9e de lecture estim\u00e9e\" \/>\n\t<meta name=\"twitter:data1\" content=\"2 minutes\" \/>\n<script type=\"application\/ld+json\" class=\"yoast-schema-graph\">{\"@context\":\"https:\/\/schema.org\",\"@graph\":[{\"@type\":\"WebPage\",\"@id\":\"https:\/\/www.nbscett.nb.ca\/fr\/liens\/partenaires\/\",\"url\":\"https:\/\/www.nbscett.nb.ca\/fr\/liens\/partenaires\/\",\"name\":\"Partenaires - SttagN-B\",\"isPartOf\":{\"@id\":\"https:\/\/www.nbscett.nb.ca\/en\/#website\"},\"primaryImageOfPage\":{\"@id\":\"https:\/\/www.nbscett.nb.ca\/fr\/liens\/partenaires\/#primaryimage\"},\"image\":{\"@id\":\"https:\/\/www.nbscett.nb.ca\/fr\/liens\/partenaires\/#primaryimage\"},\"thumbnailUrl\":\"https:\/\/www.nbscett.nb.ca\/wp-content\/uploads\/2025\/10\/24_IN_INM_D_GI-National-Home-Auto_V1_FR_ST_300x250_.jpg\",\"datePublished\":\"2016-04-26T18:27:00+00:00\",\"dateModified\":\"2025-10-09T13:49:48+00:00\",\"breadcrumb\":{\"@id\":\"https:\/\/www.nbscett.nb.ca\/fr\/liens\/partenaires\/#breadcrumb\"},\"inLanguage\":\"fr-FR\",\"potentialAction\":[{\"@type\":\"ReadAction\",\"target\":[\"https:\/\/www.nbscett.nb.ca\/fr\/liens\/partenaires\/\"]}]},{\"@type\":\"ImageObject\",\"inLanguage\":\"fr-FR\",\"@id\":\"https:\/\/www.nbscett.nb.ca\/fr\/liens\/partenaires\/#primaryimage\",\"url\":\"https:\/\/www.nbscett.nb.ca\/wp-content\/uploads\/2025\/10\/24_IN_INM_D_GI-National-Home-Auto_V1_FR_ST_300x250_.jpg\",\"contentUrl\":\"https:\/\/www.nbscett.nb.ca\/wp-content\/uploads\/2025\/10\/24_IN_INM_D_GI-National-Home-Auto_V1_FR_ST_300x250_.jpg\"},{\"@type\":\"BreadcrumbList\",\"@id\":\"https:\/\/www.nbscett.nb.ca\/fr\/liens\/partenaires\/#breadcrumb\",\"itemListElement\":[{\"@type\":\"ListItem\",\"position\":1,\"name\":\"home\",\"item\":\"https:\/\/www.nbscett.nb.ca\/fr\/\"},{\"@type\":\"ListItem\",\"position\":2,\"name\":\"Liens\",\"item\":\"https:\/\/www.nbscett.nb.ca\/fr\/liens\/\"},{\"@type\":\"ListItem\",\"position\":3,\"name\":\"Partenaires\"}]},{\"@type\":\"WebSite\",\"@id\":\"https:\/\/www.nbscett.nb.ca\/en\/#website\",\"url\":\"https:\/\/www.nbscett.nb.ca\/en\/\",\"name\":\"SttagN-B\",\"description\":\"\",\"potentialAction\":[{\"@type\":\"SearchAction\",\"target\":{\"@type\":\"EntryPoint\",\"urlTemplate\":\"https:\/\/www.nbscett.nb.ca\/en\/?s={search_term_string}\"},\"query-input\":{\"@type\":\"PropertyValueSpecification\",\"valueRequired\":true,\"valueName\":\"search_term_string\"}}],\"inLanguage\":\"fr-FR\"}]}<\/script>\n<!-- \/ Yoast SEO plugin. -->","yoast_head_json":{"title":"Partenaires - SttagN-B","robots":{"index":"index","follow":"follow","max-snippet":"max-snippet:-1","max-image-preview":"max-image-preview:large","max-video-preview":"max-video-preview:-1"},"canonical":"https:\/\/www.nbscett.nb.ca\/fr\/liens\/partenaires\/","og_locale":"fr_FR","og_type":"article","og_title":"Partenaires - SttagN-B","og_description":"[vc_row][vc_column][vc_column_text css=\u00a0\u00bb\u00a0\u00bb] TD Assurance \u00c0 titre de partenaire de confiance, le programme TD Assurance Meloche Monnex est con\u00e7u pour aider les membres de la SttagN-B \u00e0 avoir acc\u00e8s \u00e0 des tarifs d\u2019assurance pr\u00e9f\u00e9rentiels sur l\u2019assurance auto et habitation pour propri\u00e9taire, copropri\u00e9taire et locataire. Cliquez ici pour savoir comment vous pourriez \u00e9conomiser gros &#8211; Sans frais [&hellip;]","og_url":"https:\/\/www.nbscett.nb.ca\/fr\/liens\/partenaires\/","og_site_name":"SttagN-B","article_modified_time":"2025-10-09T13:49:48+00:00","og_image":[{"width":300,"height":250,"url":"https:\/\/www.nbscett.nb.ca\/wp-content\/uploads\/2025\/10\/24_IN_INM_D_GI-National-Home-Auto_V1_FR_ST_300x250_.jpg","type":"image\/jpeg"}],"twitter_card":"summary_large_image","twitter_misc":{"Dur\u00e9e de lecture estim\u00e9e":"2 minutes"},"schema":{"@context":"https:\/\/schema.org","@graph":[{"@type":"WebPage","@id":"https:\/\/www.nbscett.nb.ca\/fr\/liens\/partenaires\/","url":"https:\/\/www.nbscett.nb.ca\/fr\/liens\/partenaires\/","name":"Partenaires - SttagN-B","isPartOf":{"@id":"https:\/\/www.nbscett.nb.ca\/en\/#website"},"primaryImageOfPage":{"@id":"https:\/\/www.nbscett.nb.ca\/fr\/liens\/partenaires\/#primaryimage"},"image":{"@id":"https:\/\/www.nbscett.nb.ca\/fr\/liens\/partenaires\/#primaryimage"},"thumbnailUrl":"https:\/\/www.nbscett.nb.ca\/wp-content\/uploads\/2025\/10\/24_IN_INM_D_GI-National-Home-Auto_V1_FR_ST_300x250_.jpg","datePublished":"2016-04-26T18:27:00+00:00","dateModified":"2025-10-09T13:49:48+00:00","breadcrumb":{"@id":"https:\/\/www.nbscett.nb.ca\/fr\/liens\/partenaires\/#breadcrumb"},"inLanguage":"fr-FR","potentialAction":[{"@type":"ReadAction","target":["https:\/\/www.nbscett.nb.ca\/fr\/liens\/partenaires\/"]}]},{"@type":"ImageObject","inLanguage":"fr-FR","@id":"https:\/\/www.nbscett.nb.ca\/fr\/liens\/partenaires\/#primaryimage","url":"https:\/\/www.nbscett.nb.ca\/wp-content\/uploads\/2025\/10\/24_IN_INM_D_GI-National-Home-Auto_V1_FR_ST_300x250_.jpg","contentUrl":"https:\/\/www.nbscett.nb.ca\/wp-content\/uploads\/2025\/10\/24_IN_INM_D_GI-National-Home-Auto_V1_FR_ST_300x250_.jpg"},{"@type":"BreadcrumbList","@id":"https:\/\/www.nbscett.nb.ca\/fr\/liens\/partenaires\/#breadcrumb","itemListElement":[{"@type":"ListItem","position":1,"name":"home","item":"https:\/\/www.nbscett.nb.ca\/fr\/"},{"@type":"ListItem","position":2,"name":"Liens","item":"https:\/\/www.nbscett.nb.ca\/fr\/liens\/"},{"@type":"ListItem","position":3,"name":"Partenaires"}]},{"@type":"WebSite","@id":"https:\/\/www.nbscett.nb.ca\/en\/#website","url":"https:\/\/www.nbscett.nb.ca\/en\/","name":"SttagN-B","description":"","potentialAction":[{"@type":"SearchAction","target":{"@type":"EntryPoint","urlTemplate":"https:\/\/www.nbscett.nb.ca\/en\/?s={search_term_string}"},"query-input":{"@type":"PropertyValueSpecification","valueRequired":true,"valueName":"search_term_string"}}],"inLanguage":"fr-FR"}]}},"_links":{"self":[{"href":"https:\/\/www.nbscett.nb.ca\/fr\/wp-json\/wp\/v2\/pages\/352","targetHints":{"allow":["GET"]}}],"collection":[{"href":"https:\/\/www.nbscett.nb.ca\/fr\/wp-json\/wp\/v2\/pages"}],"about":[{"href":"https:\/\/www.nbscett.nb.ca\/fr\/wp-json\/wp\/v2\/types\/page"}],"author":[{"embeddable":true,"href":"https:\/\/www.nbscett.nb.ca\/fr\/wp-json\/wp\/v2\/users\/2"}],"replies":[{"embeddable":true,"href":"https:\/\/www.nbscett.nb.ca\/fr\/wp-json\/wp\/v2\/comments?post=352"}],"version-history":[{"count":0,"href":"https:\/\/www.nbscett.nb.ca\/fr\/wp-json\/wp\/v2\/pages\/352\/revisions"}],"up":[{"embeddable":true,"href":"https:\/\/www.nbscett.nb.ca\/fr\/wp-json\/wp\/v2\/pages\/345"}],"wp:attachment":[{"href":"https:\/\/www.nbscett.nb.ca\/fr\/wp-json\/wp\/v2\/media?parent=352"}],"curies":[{"name":"wp","href":"https:\/\/api.w.org\/{rel}","templated":true}]}}