{"id":334,"date":"2016-04-26T17:16:45","date_gmt":"2016-04-26T17:16:45","guid":{"rendered":"http:\/\/nbscett.wpengine.com\/fr\/?page_id=334"},"modified":"2023-02-21T20:01:38","modified_gmt":"2023-02-21T20:01:38","slug":"pour-les-etudiants","status":"publish","type":"page","link":"https:\/\/www.nbscett.nb.ca\/fr\/carrieres-en-technologie\/pour-les-etudiants\/","title":{"rendered":"Pour les \u00e9tudiants"},"content":{"rendered":"<div class=\"wpb-content-wrapper\"><p>[vc_row][vc_column][vc_column_text]<\/p>\n<h2><a href=\"https:\/\/www.nbscett.nb.ca\/wp-content\/uploads\/2016\/04\/ET_CivilEngineeringTechHighwayAndMunicipal08-e1461171583819.jpg\"><img loading=\"lazy\" decoding=\"async\" class=\"alignright wp-image-303\" src=\"https:\/\/www.nbscett.nb.ca\/wp-content\/uploads\/2016\/04\/ET_CivilEngineeringTechHighwayAndMunicipal08-300x200.jpg\" alt=\"ET_CivilEngineeringTechHighwayAndMunicipal08\" width=\"400\" height=\"267\" \/><\/a><\/h2>\n<h2>Planifier votre carri\u00e8re<\/h2>\n<p>Si vous contemplez une carri\u00e8re en technologie, les options de carri\u00e8re au Canada sont pratiquement illimit\u00e9es et vos possibilit\u00e9s de carri\u00e8re dans d\u2019autres pays sont excellentes si vous \u00eates un technicien ou un technologue form\u00e9 au Canada.<\/p>\n<p>Les techniciens et les technologues \u0153uvrent aux fronti\u00e8res de l\u2019industrie canadienne o\u00f9 l\u2019exploration et les d\u00e9couvertes changent la mani\u00e8re dont nous vivons et travaillons. Ils font partie int\u00e9grale de pratiquement tous les aspects des activit\u00e9s d\u2019une entreprise technique, incluant la gestion de projets, la conception, le soutien technique, la recherche-d\u00e9veloppement, les ventes et le marketing, les op\u00e9rations et la production, la gestion, ainsi que la formation et de d\u00e9veloppement de ressources humaines.<\/p>\n<p>La combinaison de leurs connaissances th\u00e9oriques cibl\u00e9es et de leur exp\u00e9rience pratique garantit que les techniciens et technologues font une diff\u00e9rence dans tous les aspects de leur travail. Si un produit a \u00e9t\u00e9 con\u00e7u au Canada, sa r\u00e9alisation a vraisemblablement b\u00e9n\u00e9fici\u00e9 de la contribution de techniciens ou de technologues hautement qualifi\u00e9s.<\/p>\n<p><strong>Vous \u00eates int\u00e9ress\u00e9?<\/strong> Si vous voulez devenir un professionnel de la technologie au Canada, voici quelques questions que vous devriez vous poser\u00a0:<\/p>\n<ul>\n<li>Est-ce que je bon en maths et en sciences? Est-ce que j\u2019aime ces cours \u00e0 l\u2019\u00e9cole?<\/li>\n<li>Est-ce que je suis cr\u00e9atif? Est-ce que j\u2019aime relever de nouveaux d\u00e9fis, r\u00e9soudre des probl\u00e8mes ou am\u00e9liorer des concepts ou des id\u00e9es?<\/li>\n<li>Est-ce que j\u2019aime travailler en \u00e9quipe et avec d\u2019autres?<\/li>\n<li>Est-ce que j\u2019ai de bonnes comp\u00e9tences en communications?<\/li>\n<li>Est-ce que j\u2019aime travailler en plain air?<\/li>\n<\/ul>\n<p>Si vous avez r\u00e9pondu \u00ab\u00a0Oui\u00a0\u00bb \u00e0 certaines ou \u00e0 toutes ces questions, une carri\u00e8re de technicien ou de technologue peut \u00eatre exactement ce que vous recherchez!<\/p>\n<div align=\"center\"><iframe loading=\"lazy\" src=\"https:\/\/player.vimeo.com\/video\/8911245\" width=\"640\" height=\"480\" frameborder=\"0\" allowfullscreen=\"allowfullscreen\"><\/iframe><\/div>\n<h3>Prochaine \u00e9tape?<\/h3>\n<p>Commencez par faire votre mieux en maths et en sciences \u00e0 votre \u00e9cole!<\/p>\n<p>Ensuite, inscrivez-vous \u00e0 un programme de technologie des sciences appliqu\u00e9es ou du g\u00e9nie dans un coll\u00e8ge communautaire canadien ou une institution d\u2019enseignement postsecondaire. Vous pouvez acc\u00e9l\u00e9rer le processus d\u2019agr\u00e9ment en suivant un programme postsecondaire qui est nationalement agr\u00e9\u00e9 par le Conseil canadien des techniciens et des technologues (CCTT). Comme il y a plus de 240 programmes techniques postsecondaires agr\u00e9\u00e9s par le CCTT Canada, vous avez plein de choix!<\/p>\n<p>Les techniciens et technologues du Canada sont agr\u00e9\u00e9s dans l\u2019une des 18 disciplines suivantes, ce qui signifie que vous avez un vaste choix de carri\u00e8res.<\/p>\n<table style=\"width: 100%;\">\n<tbody>\n<tr>\n<td>\n<div class=\"views-field views-field-title\"><a href=\"http:\/\/www.cctt.ca\/fr\/node\/105\">Petroleum<\/a><\/div>\n<\/td>\n<td>\n<div class=\"views-field views-field-title\"><a href=\"http:\/www.cctt.ca\/fr\/node\/104\">Mineral Resource<\/a><\/div>\n<\/td>\n<td>\n<div class=\"views-field views-field-title\"><a href=\"http:\/www.cctt.ca\/fr\/node\/103\">Mechanical<\/a><\/div>\n<\/td>\n<td>\n<div class=\"views-field views-field-title\"><a href=\"http:\/www.cctt.ca\/fr\/node\/101\">Information Technology<\/a><\/div>\n<\/td>\n<\/tr>\n<tr>\n<td>\n<div class=\"views-field views-field-title\"><a href=\"http:\/www.cctt.ca\/fr\/node\/102\">Industrial<\/a><\/div>\n<\/td>\n<td>\n<div class=\"views-field views-field-title\"><a href=\"http:\/www.cctt.ca\/fr\/node\/100\">Industrial<\/a><\/div>\n<\/td>\n<td>\n<div class=\"views-field views-field-title\"><a href=\"http:\/www.cctt.ca\/fr\/node\/99\">Geomatics<\/a><\/div>\n<\/td>\n<td>\n<div class=\"views-field views-field-title\"><a href=\"http:\/www.cctt.ca\/fr\/node\/98\">Forestry<\/a><\/div>\n<\/td>\n<\/tr>\n<tr>\n<td>\n<div class=\"views-field views-field-title\"><a href=\"http:\/www.cctt.ca\/fr\/node\/97\">Electronics<\/a><\/div>\n<\/td>\n<td>\n<div class=\"views-field views-field-title\"><a href=\"http:\/www.cctt.ca\/fr\/node\/96\">Electrical<\/a><\/div>\n<\/td>\n<td>\n<div class=\"views-field views-field-title\"><a href=\"http:\/www.cctt.ca\/fr\/node\/95\">Civil<\/a><\/div>\n<\/td>\n<td>\n<div class=\"views-field views-field-title\"><a href=\"http:\/www.cctt.ca\/fr\/node\/94\">Chemical<\/a><\/div>\n<\/td>\n<\/tr>\n<tr>\n<td>\n<div class=\"views-field views-field-title\"><a href=\"http:\/www.cctt.ca\/fr\/node\/90\">Building<\/a><\/div>\n<\/td>\n<td>\n<div class=\"views-field views-field-title\"><a href=\"http:\/www.cctt.ca\/fr\/node\/89\">Bioscience<\/a><\/div>\n<\/td>\n<\/tr>\n<\/tbody>\n<\/table>\n<p>Pour consulter les Crit\u00e8res technologiques nationaux pour ces disciplines de niveau technologue et les disciples connexes du niveau technicien, <a href=\"http:\/\/www.cctt.ca\/fr\/benchmarks\">cliquez ici<\/a>.[\/vc_column_text][\/vc_column][\/vc_row]<\/p>\n<\/div>","protected":false},"excerpt":{"rendered":"<p>[vc_row][vc_column][vc_column_text] Planifier votre carri\u00e8re Si vous contemplez une carri\u00e8re en technologie, les options de carri\u00e8re au Canada sont pratiquement illimit\u00e9es et vos possibilit\u00e9s de carri\u00e8re dans d\u2019autres pays sont excellentes si vous \u00eates un technicien ou un technologue form\u00e9 au Canada. Les techniciens et les technologues \u0153uvrent aux fronti\u00e8res de l\u2019industrie canadienne o\u00f9 l\u2019exploration et [&hellip;]<\/p>\n","protected":false},"author":2,"featured_media":0,"parent":329,"menu_order":40,"comment_status":"closed","ping_status":"closed","template":"","meta":{"footnotes":""},"class_list":["post-334","page","type-page","status-publish","hentry"],"yoast_head":"<!-- This site is optimized with the Yoast SEO plugin v26.7 - https:\/\/yoast.com\/wordpress\/plugins\/seo\/ -->\n<title>Pour les \u00e9tudiants - SttagN-B<\/title>\n<meta name=\"robots\" content=\"index, follow, max-snippet:-1, max-image-preview:large, max-video-preview:-1\" \/>\n<link rel=\"canonical\" href=\"https:\/\/www.nbscett.nb.ca\/en\/technology-careers\/for-students\/\" \/>\n<meta property=\"og:locale\" content=\"fr_FR\" \/>\n<meta property=\"og:type\" content=\"article\" \/>\n<meta property=\"og:title\" content=\"Pour les \u00e9tudiants - SttagN-B\" \/>\n<meta property=\"og:description\" content=\"[vc_row][vc_column][vc_column_text] Planifier votre carri\u00e8re Si vous contemplez une carri\u00e8re en technologie, les options de carri\u00e8re au Canada sont pratiquement illimit\u00e9es et vos possibilit\u00e9s de carri\u00e8re dans d\u2019autres pays sont excellentes si vous \u00eates un technicien ou un technologue form\u00e9 au Canada. Les techniciens et les technologues \u0153uvrent aux fronti\u00e8res de l\u2019industrie canadienne o\u00f9 l\u2019exploration et [&hellip;]\" \/>\n<meta property=\"og:url\" content=\"https:\/\/www.nbscett.nb.ca\/en\/technology-careers\/for-students\/\" \/>\n<meta property=\"og:site_name\" content=\"SttagN-B\" \/>\n<meta property=\"article:modified_time\" content=\"2023-02-21T20:01:38+00:00\" \/>\n<meta property=\"og:image\" content=\"https:\/\/www.nbscett.nb.ca\/wp-content\/uploads\/2016\/04\/ET_CivilEngineeringTechHighwayAndMunicipal08-300x200.jpg\" \/>\n<meta name=\"twitter:card\" content=\"summary_large_image\" \/>\n<meta name=\"twitter:label1\" content=\"Dur\u00e9e de lecture estim\u00e9e\" \/>\n\t<meta name=\"twitter:data1\" content=\"2 minutes\" \/>\n<script type=\"application\/ld+json\" class=\"yoast-schema-graph\">{\"@context\":\"https:\/\/schema.org\",\"@graph\":[{\"@type\":\"WebPage\",\"@id\":\"https:\/\/www.nbscett.nb.ca\/en\/technology-careers\/for-students\/\",\"url\":\"https:\/\/www.nbscett.nb.ca\/en\/technology-careers\/for-students\/\",\"name\":\"Pour les \u00e9tudiants - SttagN-B\",\"isPartOf\":{\"@id\":\"https:\/\/www.nbscett.nb.ca\/en\/#website\"},\"primaryImageOfPage\":{\"@id\":\"https:\/\/www.nbscett.nb.ca\/en\/technology-careers\/for-students\/#primaryimage\"},\"image\":{\"@id\":\"https:\/\/www.nbscett.nb.ca\/en\/technology-careers\/for-students\/#primaryimage\"},\"thumbnailUrl\":\"https:\/\/www.nbscett.nb.ca\/wp-content\/uploads\/2016\/04\/ET_CivilEngineeringTechHighwayAndMunicipal08-300x200.jpg\",\"datePublished\":\"2016-04-26T17:16:45+00:00\",\"dateModified\":\"2023-02-21T20:01:38+00:00\",\"breadcrumb\":{\"@id\":\"https:\/\/www.nbscett.nb.ca\/en\/technology-careers\/for-students\/#breadcrumb\"},\"inLanguage\":\"fr-FR\",\"potentialAction\":[{\"@type\":\"ReadAction\",\"target\":[\"https:\/\/www.nbscett.nb.ca\/en\/technology-careers\/for-students\/\"]}]},{\"@type\":\"ImageObject\",\"inLanguage\":\"fr-FR\",\"@id\":\"https:\/\/www.nbscett.nb.ca\/en\/technology-careers\/for-students\/#primaryimage\",\"url\":\"https:\/\/www.nbscett.nb.ca\/wp-content\/uploads\/2016\/04\/ET_CivilEngineeringTechHighwayAndMunicipal08-300x200.jpg\",\"contentUrl\":\"https:\/\/www.nbscett.nb.ca\/wp-content\/uploads\/2016\/04\/ET_CivilEngineeringTechHighwayAndMunicipal08-300x200.jpg\"},{\"@type\":\"BreadcrumbList\",\"@id\":\"https:\/\/www.nbscett.nb.ca\/en\/technology-careers\/for-students\/#breadcrumb\",\"itemListElement\":[{\"@type\":\"ListItem\",\"position\":1,\"name\":\"home\",\"item\":\"https:\/\/www.nbscett.nb.ca\/fr\/\"},{\"@type\":\"ListItem\",\"position\":2,\"name\":\"Carri\u00e8res en technologie\",\"item\":\"https:\/\/www.nbscett.nb.ca\/fr\/carrieres-en-technologie\/\"},{\"@type\":\"ListItem\",\"position\":3,\"name\":\"Pour les \u00e9tudiants\"}]},{\"@type\":\"WebSite\",\"@id\":\"https:\/\/www.nbscett.nb.ca\/en\/#website\",\"url\":\"https:\/\/www.nbscett.nb.ca\/en\/\",\"name\":\"SttagN-B\",\"description\":\"\",\"potentialAction\":[{\"@type\":\"SearchAction\",\"target\":{\"@type\":\"EntryPoint\",\"urlTemplate\":\"https:\/\/www.nbscett.nb.ca\/en\/?s={search_term_string}\"},\"query-input\":{\"@type\":\"PropertyValueSpecification\",\"valueRequired\":true,\"valueName\":\"search_term_string\"}}],\"inLanguage\":\"fr-FR\"}]}<\/script>\n<!-- \/ Yoast SEO plugin. -->","yoast_head_json":{"title":"Pour les \u00e9tudiants - SttagN-B","robots":{"index":"index","follow":"follow","max-snippet":"max-snippet:-1","max-image-preview":"max-image-preview:large","max-video-preview":"max-video-preview:-1"},"canonical":"https:\/\/www.nbscett.nb.ca\/en\/technology-careers\/for-students\/","og_locale":"fr_FR","og_type":"article","og_title":"Pour les \u00e9tudiants - SttagN-B","og_description":"[vc_row][vc_column][vc_column_text] Planifier votre carri\u00e8re Si vous contemplez une carri\u00e8re en technologie, les options de carri\u00e8re au Canada sont pratiquement illimit\u00e9es et vos possibilit\u00e9s de carri\u00e8re dans d\u2019autres pays sont excellentes si vous \u00eates un technicien ou un technologue form\u00e9 au Canada. Les techniciens et les technologues \u0153uvrent aux fronti\u00e8res de l\u2019industrie canadienne o\u00f9 l\u2019exploration et [&hellip;]","og_url":"https:\/\/www.nbscett.nb.ca\/en\/technology-careers\/for-students\/","og_site_name":"SttagN-B","article_modified_time":"2023-02-21T20:01:38+00:00","og_image":[{"url":"https:\/\/www.nbscett.nb.ca\/wp-content\/uploads\/2016\/04\/ET_CivilEngineeringTechHighwayAndMunicipal08-300x200.jpg","type":"","width":"","height":""}],"twitter_card":"summary_large_image","twitter_misc":{"Dur\u00e9e de lecture estim\u00e9e":"2 minutes"},"schema":{"@context":"https:\/\/schema.org","@graph":[{"@type":"WebPage","@id":"https:\/\/www.nbscett.nb.ca\/en\/technology-careers\/for-students\/","url":"https:\/\/www.nbscett.nb.ca\/en\/technology-careers\/for-students\/","name":"Pour les \u00e9tudiants - SttagN-B","isPartOf":{"@id":"https:\/\/www.nbscett.nb.ca\/en\/#website"},"primaryImageOfPage":{"@id":"https:\/\/www.nbscett.nb.ca\/en\/technology-careers\/for-students\/#primaryimage"},"image":{"@id":"https:\/\/www.nbscett.nb.ca\/en\/technology-careers\/for-students\/#primaryimage"},"thumbnailUrl":"https:\/\/www.nbscett.nb.ca\/wp-content\/uploads\/2016\/04\/ET_CivilEngineeringTechHighwayAndMunicipal08-300x200.jpg","datePublished":"2016-04-26T17:16:45+00:00","dateModified":"2023-02-21T20:01:38+00:00","breadcrumb":{"@id":"https:\/\/www.nbscett.nb.ca\/en\/technology-careers\/for-students\/#breadcrumb"},"inLanguage":"fr-FR","potentialAction":[{"@type":"ReadAction","target":["https:\/\/www.nbscett.nb.ca\/en\/technology-careers\/for-students\/"]}]},{"@type":"ImageObject","inLanguage":"fr-FR","@id":"https:\/\/www.nbscett.nb.ca\/en\/technology-careers\/for-students\/#primaryimage","url":"https:\/\/www.nbscett.nb.ca\/wp-content\/uploads\/2016\/04\/ET_CivilEngineeringTechHighwayAndMunicipal08-300x200.jpg","contentUrl":"https:\/\/www.nbscett.nb.ca\/wp-content\/uploads\/2016\/04\/ET_CivilEngineeringTechHighwayAndMunicipal08-300x200.jpg"},{"@type":"BreadcrumbList","@id":"https:\/\/www.nbscett.nb.ca\/en\/technology-careers\/for-students\/#breadcrumb","itemListElement":[{"@type":"ListItem","position":1,"name":"home","item":"https:\/\/www.nbscett.nb.ca\/fr\/"},{"@type":"ListItem","position":2,"name":"Carri\u00e8res en technologie","item":"https:\/\/www.nbscett.nb.ca\/fr\/carrieres-en-technologie\/"},{"@type":"ListItem","position":3,"name":"Pour les \u00e9tudiants"}]},{"@type":"WebSite","@id":"https:\/\/www.nbscett.nb.ca\/en\/#website","url":"https:\/\/www.nbscett.nb.ca\/en\/","name":"SttagN-B","description":"","potentialAction":[{"@type":"SearchAction","target":{"@type":"EntryPoint","urlTemplate":"https:\/\/www.nbscett.nb.ca\/en\/?s={search_term_string}"},"query-input":{"@type":"PropertyValueSpecification","valueRequired":true,"valueName":"search_term_string"}}],"inLanguage":"fr-FR"}]}},"_links":{"self":[{"href":"https:\/\/www.nbscett.nb.ca\/fr\/wp-json\/wp\/v2\/pages\/334","targetHints":{"allow":["GET"]}}],"collection":[{"href":"https:\/\/www.nbscett.nb.ca\/fr\/wp-json\/wp\/v2\/pages"}],"about":[{"href":"https:\/\/www.nbscett.nb.ca\/fr\/wp-json\/wp\/v2\/types\/page"}],"author":[{"embeddable":true,"href":"https:\/\/www.nbscett.nb.ca\/fr\/wp-json\/wp\/v2\/users\/2"}],"replies":[{"embeddable":true,"href":"https:\/\/www.nbscett.nb.ca\/fr\/wp-json\/wp\/v2\/comments?post=334"}],"version-history":[{"count":0,"href":"https:\/\/www.nbscett.nb.ca\/fr\/wp-json\/wp\/v2\/pages\/334\/revisions"}],"up":[{"embeddable":true,"href":"https:\/\/www.nbscett.nb.ca\/fr\/wp-json\/wp\/v2\/pages\/329"}],"wp:attachment":[{"href":"https:\/\/www.nbscett.nb.ca\/fr\/wp-json\/wp\/v2\/media?parent=334"}],"curies":[{"name":"wp","href":"https:\/\/api.w.org\/{rel}","templated":true}]}}