{"id":333,"date":"2016-04-26T17:12:40","date_gmt":"2016-04-26T17:12:40","guid":{"rendered":"http:\/\/nbscett.wpengine.com\/fr\/?page_id=333"},"modified":"2016-04-26T17:12:40","modified_gmt":"2016-04-26T17:12:40","slug":"quest-ce-quun-technologue-agree","status":"publish","type":"page","link":"https:\/\/www.nbscett.nb.ca\/fr\/carrieres-en-technologie\/quest-ce-quun-technologue-agree\/","title":{"rendered":"Qu&rsquo;est ce qu&rsquo;un technologue agree?"},"content":{"rendered":"<div class=\"wpb-content-wrapper\"><p>[vc_row][vc_column][vc_column_text]Un technologue agr\u00e9\u00e9 professionnel (PTech) ou un technologue agr\u00e9\u00e9 du g\u00e9nie (CET) ou un technologue des sciences appliqu\u00e9es agr\u00e9\u00e9 (AScT) est un professionnel capable d&rsquo;assumer et de faire preuve de jugement autonome afin de d\u00e9velopper et de g\u00e9rer la technologie.\u00a0 Il accomplit ses t\u00e2ches en s&rsquo;appuyant sur sa formation th\u00e9orique et son exp\u00e9rience pertinente de l&rsquo;application de principes scientifiques et math\u00e9matiques connus.\u00a0 Le technologue agr\u00e9\u00e9 professionnel est dipl\u00f4m\u00e9 d&rsquo;un programme national accr\u00e9dit\u00e9 de technologie (g\u00e9n\u00e9ralement d&rsquo;une dur\u00e9e de deux \u00e0 trois ans) ou titulaire d&rsquo;une \u00e9quivalence.\u00a0 Il compte au moins deux ans d&rsquo;exp\u00e9rience comportant des responsabilit\u00e9s croissantes dans un domaine directement li\u00e9 au programme et a re\u00e7u des r\u00e9f\u00e9rences favorables de ses surveillants.<\/p>\n<p>Le cursus du technologue agr\u00e9\u00e9 professionnel est fonci\u00e8rement bas\u00e9 sur les sciences appliqu\u00e9es n\u00e9cessaires pour r\u00e9soudre des probl\u00e8mes techniques ou g\u00e9rer la technologie.\u00a0 Le programme comprend les principes fondamentaux des sciences appliqu\u00e9es ou de la technologie du g\u00e9nie applicables \u00e0 une discipline particuli\u00e8re ou \u00e0 une sp\u00e9cialit\u00e9 de la technologie.\u00a0 Le volet th\u00e9orique du programme est judicieusement renforc\u00e9 par des exp\u00e9riences en laboratoire, des exercices et des travaux sur le terrain, qui comptent pour environ un tiers du programme.<\/p>\n<p>Le technologue agr\u00e9\u00e9 peut accomplir divers travaux d&rsquo;analyse complexes soit de fa\u00e7on autonome soit sous supervision g\u00e9n\u00e9rale dans des domaines comme le g\u00e9nie, l&rsquo;architecture, la construction, l&rsquo;arpentage, les sciences biologiques, la chimie et la gestion des ressources ou des syst\u00e8mes.\u00a0 Les activit\u00e9s normales comprennent le dessin industriel, la production, le marketing, les essais, le contr\u00f4le de la qualit\u00e9, les estimations, l&rsquo;arpentage, les inspections, l&rsquo;\u00e9valuation diagnostique, la surveillance, la gestion, les ventes techniques et l&rsquo;enseignement.\u00a0 Ces activit\u00e9s peuvent \u00eatre accomplies en collaboration avec d&rsquo;autres professionnels.<\/p>\n<p>Le technologue agr\u00e9\u00e9 professionnel utilise une approche appliqu\u00e9e en se basant sur la compr\u00e9hension exhaustive d&rsquo;une technologie particuli\u00e8re.\u00a0 Le technologue \u00e9value la t\u00e2che \u00e0 accomplir, d\u00e9termine les m\u00e9thodes et met les solutions \u00e0 ex\u00e9cution.\u00a0 Ce faisant, il \u00e9tablit les \u00e9ch\u00e9anciers en fonction des objectifs, participe \u00e0 la planification \u00e0 court et \u00e0 long terme et peut prendre part \u00e0 l&rsquo;\u00e9laboration et \u00e0 la promotion de changements conceptuels.<\/p>\n<p>Les technologues professionnels peuvent assumer des responsabilit\u00e9s de gestion ou d&rsquo;administration pour un vaste \u00e9ventail de d\u00e9fis techniques.\u00a0 Le technologue peut surveiller et coordonner divers groupes de travail et veiller \u00e0 la formation du personnel technique et professionnel moins exp\u00e9riment\u00e9.\u00a0 Le technologue agr\u00e9\u00e9 doit respecter le code d\u00e9ontologique, la Loi sur les techniques du g\u00e9nie du Nouveau Brunswick.\u00a0 Il est reconnu par la d\u00e9signation PTech (CET, AScT) dans l&rsquo;ensemble du Canada.[\/vc_column_text][\/vc_column][\/vc_row]<\/p>\n<\/div>","protected":false},"excerpt":{"rendered":"<p>[vc_row][vc_column][vc_column_text]Un technologue agr\u00e9\u00e9 professionnel (PTech) ou un technologue agr\u00e9\u00e9 du g\u00e9nie (CET) ou un technologue des sciences appliqu\u00e9es agr\u00e9\u00e9 (AScT) est un professionnel capable d&rsquo;assumer et de faire preuve de jugement autonome afin de d\u00e9velopper et de g\u00e9rer la technologie.\u00a0 Il accomplit ses t\u00e2ches en s&rsquo;appuyant sur sa formation th\u00e9orique et son exp\u00e9rience pertinente de [&hellip;]<\/p>\n","protected":false},"author":2,"featured_media":0,"parent":329,"menu_order":30,"comment_status":"closed","ping_status":"closed","template":"","meta":{"footnotes":""},"class_list":["post-333","page","type-page","status-publish","hentry"],"yoast_head":"<!-- This site is optimized with the Yoast SEO plugin v26.7 - https:\/\/yoast.com\/wordpress\/plugins\/seo\/ -->\n<title>Qu&#039;est ce qu&#039;un technologue agree? - SttagN-B<\/title>\n<meta name=\"robots\" content=\"index, follow, max-snippet:-1, max-image-preview:large, max-video-preview:-1\" \/>\n<link rel=\"canonical\" href=\"https:\/\/www.nbscett.nb.ca\/fr\/carrieres-en-technologie\/quest-ce-quun-technologue-agree\/\" \/>\n<meta property=\"og:locale\" content=\"fr_FR\" \/>\n<meta property=\"og:type\" content=\"article\" \/>\n<meta property=\"og:title\" content=\"Qu&#039;est ce qu&#039;un technologue agree? - SttagN-B\" \/>\n<meta property=\"og:description\" content=\"[vc_row][vc_column][vc_column_text]Un technologue agr\u00e9\u00e9 professionnel (PTech) ou un technologue agr\u00e9\u00e9 du g\u00e9nie (CET) ou un technologue des sciences appliqu\u00e9es agr\u00e9\u00e9 (AScT) est un professionnel capable d&rsquo;assumer et de faire preuve de jugement autonome afin de d\u00e9velopper et de g\u00e9rer la technologie.\u00a0 Il accomplit ses t\u00e2ches en s&rsquo;appuyant sur sa formation th\u00e9orique et son exp\u00e9rience pertinente de [&hellip;]\" \/>\n<meta property=\"og:url\" content=\"https:\/\/www.nbscett.nb.ca\/fr\/carrieres-en-technologie\/quest-ce-quun-technologue-agree\/\" \/>\n<meta property=\"og:site_name\" content=\"SttagN-B\" \/>\n<meta name=\"twitter:card\" content=\"summary_large_image\" \/>\n<meta name=\"twitter:label1\" content=\"Dur\u00e9e de lecture estim\u00e9e\" \/>\n\t<meta name=\"twitter:data1\" content=\"2 minutes\" \/>\n<script type=\"application\/ld+json\" class=\"yoast-schema-graph\">{\"@context\":\"https:\/\/schema.org\",\"@graph\":[{\"@type\":\"WebPage\",\"@id\":\"https:\/\/www.nbscett.nb.ca\/fr\/carrieres-en-technologie\/quest-ce-quun-technologue-agree\/\",\"url\":\"https:\/\/www.nbscett.nb.ca\/fr\/carrieres-en-technologie\/quest-ce-quun-technologue-agree\/\",\"name\":\"Qu'est ce qu'un technologue agree? - SttagN-B\",\"isPartOf\":{\"@id\":\"https:\/\/www.nbscett.nb.ca\/en\/#website\"},\"datePublished\":\"2016-04-26T17:12:40+00:00\",\"breadcrumb\":{\"@id\":\"https:\/\/www.nbscett.nb.ca\/fr\/carrieres-en-technologie\/quest-ce-quun-technologue-agree\/#breadcrumb\"},\"inLanguage\":\"fr-FR\",\"potentialAction\":[{\"@type\":\"ReadAction\",\"target\":[\"https:\/\/www.nbscett.nb.ca\/fr\/carrieres-en-technologie\/quest-ce-quun-technologue-agree\/\"]}]},{\"@type\":\"BreadcrumbList\",\"@id\":\"https:\/\/www.nbscett.nb.ca\/fr\/carrieres-en-technologie\/quest-ce-quun-technologue-agree\/#breadcrumb\",\"itemListElement\":[{\"@type\":\"ListItem\",\"position\":1,\"name\":\"home\",\"item\":\"https:\/\/www.nbscett.nb.ca\/fr\/\"},{\"@type\":\"ListItem\",\"position\":2,\"name\":\"Carri\u00e8res en technologie\",\"item\":\"https:\/\/www.nbscett.nb.ca\/fr\/carrieres-en-technologie\/\"},{\"@type\":\"ListItem\",\"position\":3,\"name\":\"Qu&#8217;est ce qu&#8217;un technologue agree?\"}]},{\"@type\":\"WebSite\",\"@id\":\"https:\/\/www.nbscett.nb.ca\/en\/#website\",\"url\":\"https:\/\/www.nbscett.nb.ca\/en\/\",\"name\":\"SttagN-B\",\"description\":\"\",\"potentialAction\":[{\"@type\":\"SearchAction\",\"target\":{\"@type\":\"EntryPoint\",\"urlTemplate\":\"https:\/\/www.nbscett.nb.ca\/en\/?s={search_term_string}\"},\"query-input\":{\"@type\":\"PropertyValueSpecification\",\"valueRequired\":true,\"valueName\":\"search_term_string\"}}],\"inLanguage\":\"fr-FR\"}]}<\/script>\n<!-- \/ Yoast SEO plugin. -->","yoast_head_json":{"title":"Qu'est ce qu'un technologue agree? - SttagN-B","robots":{"index":"index","follow":"follow","max-snippet":"max-snippet:-1","max-image-preview":"max-image-preview:large","max-video-preview":"max-video-preview:-1"},"canonical":"https:\/\/www.nbscett.nb.ca\/fr\/carrieres-en-technologie\/quest-ce-quun-technologue-agree\/","og_locale":"fr_FR","og_type":"article","og_title":"Qu'est ce qu'un technologue agree? - SttagN-B","og_description":"[vc_row][vc_column][vc_column_text]Un technologue agr\u00e9\u00e9 professionnel (PTech) ou un technologue agr\u00e9\u00e9 du g\u00e9nie (CET) ou un technologue des sciences appliqu\u00e9es agr\u00e9\u00e9 (AScT) est un professionnel capable d&rsquo;assumer et de faire preuve de jugement autonome afin de d\u00e9velopper et de g\u00e9rer la technologie.\u00a0 Il accomplit ses t\u00e2ches en s&rsquo;appuyant sur sa formation th\u00e9orique et son exp\u00e9rience pertinente de [&hellip;]","og_url":"https:\/\/www.nbscett.nb.ca\/fr\/carrieres-en-technologie\/quest-ce-quun-technologue-agree\/","og_site_name":"SttagN-B","twitter_card":"summary_large_image","twitter_misc":{"Dur\u00e9e de lecture estim\u00e9e":"2 minutes"},"schema":{"@context":"https:\/\/schema.org","@graph":[{"@type":"WebPage","@id":"https:\/\/www.nbscett.nb.ca\/fr\/carrieres-en-technologie\/quest-ce-quun-technologue-agree\/","url":"https:\/\/www.nbscett.nb.ca\/fr\/carrieres-en-technologie\/quest-ce-quun-technologue-agree\/","name":"Qu'est ce qu'un technologue agree? - SttagN-B","isPartOf":{"@id":"https:\/\/www.nbscett.nb.ca\/en\/#website"},"datePublished":"2016-04-26T17:12:40+00:00","breadcrumb":{"@id":"https:\/\/www.nbscett.nb.ca\/fr\/carrieres-en-technologie\/quest-ce-quun-technologue-agree\/#breadcrumb"},"inLanguage":"fr-FR","potentialAction":[{"@type":"ReadAction","target":["https:\/\/www.nbscett.nb.ca\/fr\/carrieres-en-technologie\/quest-ce-quun-technologue-agree\/"]}]},{"@type":"BreadcrumbList","@id":"https:\/\/www.nbscett.nb.ca\/fr\/carrieres-en-technologie\/quest-ce-quun-technologue-agree\/#breadcrumb","itemListElement":[{"@type":"ListItem","position":1,"name":"home","item":"https:\/\/www.nbscett.nb.ca\/fr\/"},{"@type":"ListItem","position":2,"name":"Carri\u00e8res en technologie","item":"https:\/\/www.nbscett.nb.ca\/fr\/carrieres-en-technologie\/"},{"@type":"ListItem","position":3,"name":"Qu&#8217;est ce qu&#8217;un technologue agree?"}]},{"@type":"WebSite","@id":"https:\/\/www.nbscett.nb.ca\/en\/#website","url":"https:\/\/www.nbscett.nb.ca\/en\/","name":"SttagN-B","description":"","potentialAction":[{"@type":"SearchAction","target":{"@type":"EntryPoint","urlTemplate":"https:\/\/www.nbscett.nb.ca\/en\/?s={search_term_string}"},"query-input":{"@type":"PropertyValueSpecification","valueRequired":true,"valueName":"search_term_string"}}],"inLanguage":"fr-FR"}]}},"_links":{"self":[{"href":"https:\/\/www.nbscett.nb.ca\/fr\/wp-json\/wp\/v2\/pages\/333","targetHints":{"allow":["GET"]}}],"collection":[{"href":"https:\/\/www.nbscett.nb.ca\/fr\/wp-json\/wp\/v2\/pages"}],"about":[{"href":"https:\/\/www.nbscett.nb.ca\/fr\/wp-json\/wp\/v2\/types\/page"}],"author":[{"embeddable":true,"href":"https:\/\/www.nbscett.nb.ca\/fr\/wp-json\/wp\/v2\/users\/2"}],"replies":[{"embeddable":true,"href":"https:\/\/www.nbscett.nb.ca\/fr\/wp-json\/wp\/v2\/comments?post=333"}],"version-history":[{"count":0,"href":"https:\/\/www.nbscett.nb.ca\/fr\/wp-json\/wp\/v2\/pages\/333\/revisions"}],"up":[{"embeddable":true,"href":"https:\/\/www.nbscett.nb.ca\/fr\/wp-json\/wp\/v2\/pages\/329"}],"wp:attachment":[{"href":"https:\/\/www.nbscett.nb.ca\/fr\/wp-json\/wp\/v2\/media?parent=333"}],"curies":[{"name":"wp","href":"https:\/\/api.w.org\/{rel}","templated":true}]}}