{"id":332,"date":"2016-03-02T16:31:10","date_gmt":"2016-03-02T16:31:10","guid":{"rendered":"http:\/\/nbscett.wpengine.com\/fr\/technology-careers-fr\/what-is-a-certified-technician\/"},"modified":"2016-04-26T17:11:17","modified_gmt":"2016-04-26T17:11:17","slug":"quest-ce-quun-technicien-agree","status":"publish","type":"page","link":"https:\/\/www.nbscett.nb.ca\/fr\/carrieres-en-technologie\/quest-ce-quun-technicien-agree\/","title":{"rendered":"Qu&rsquo;est ce qu&rsquo;un technicien agr\u00e9\u00e9?"},"content":{"rendered":"<div class=\"wpb-content-wrapper\"><p>[vc_row][vc_column][vc_column_text]Le technicien agr\u00e9\u00e9 (CTech) ou le technicien agr\u00e9\u00e9 du g\u00e9nie (CET) est un professionnel pouvant accomplir de fa\u00e7on responsable des t\u00e2ches techniques vari\u00e9es relevant toujours d&rsquo;un domaine sp\u00e9cialis\u00e9 des sciences appliqu\u00e9es ou des techniques du g\u00e9nie.\u00a0 Les connaissances th\u00e9oriques, la formation et l&rsquo;exp\u00e9rience habilitent le technicien \u00e0 assumer la responsabilit\u00e9 d\u00e9coulant de nombreux aspects de son travail dans son domaine sp\u00e9cialis\u00e9.\u00a0 Le technicien agr\u00e9\u00e9 est un dipl\u00f4m\u00e9 d&rsquo;un programme accr\u00e9dit\u00e9 (g\u00e9n\u00e9ralement d&rsquo;une dur\u00e9e d&rsquo;un an ou de deux ans) ou titulaire d&rsquo;une \u00e9quivalence.\u00a0 Il compte au moins deux ann\u00e9es ou plus d&rsquo;exp\u00e9rience comportant des responsabilit\u00e9s croissantes dans un domaine directement li\u00e9 au programme et a re\u00e7u des r\u00e9f\u00e9rences favorables de ses surveillants.<\/p>\n<p>Les \u00e9tudes du technicien agr\u00e9\u00e9 sont fondamentalement bas\u00e9es sur les math\u00e9matiques appliqu\u00e9es et les sciences fondamentales indispensables \u00e0 cette discipline.\u00a0 Le volet th\u00e9orique du programme est judicieusement renforc\u00e9 par des travaux pratiques et des projets exp\u00e9rimentaux qui comptent pour environ un tiers du programme.<\/p>\n<p>En g\u00e9n\u00e9ral, le technicien agr\u00e9\u00e9 utilise une approche pratique dans la r\u00e9solution des probl\u00e8mes techniques en se basant sur une assimilation en d\u00e9tail des m\u00e9thodes et techniques standards.\u00a0 Le technicien travaille sous une surveillance g\u00e9n\u00e9rale dans des domaines comme le g\u00e9nie, l&rsquo;architecture, la construction, l&rsquo;arpentage, la foresterie, les sciences biologiques, la chimie et la gestion des ressources ou des syst\u00e8mes.\u00a0 Les activit\u00e9s ordinaires comprennent la v\u00e9rification, le d\u00e9pannage, l&rsquo;inspection, le calibrage, le dessin industriel, le contr\u00f4le de la qualit\u00e9, l&rsquo;entretien, la mod\u00e9lisation, la compilation des donn\u00e9es, l&rsquo;estimation, les ventes, l&rsquo;arpentage et la surveillance des travaux.<\/p>\n<p>Le technicien agr\u00e9\u00e9 examine les t\u00e2ches \u00e0 accomplir, les objectifs et les instructions avant de choisir les m\u00e9thodes et mesures pour r\u00e9soudre les probl\u00e8mes qui lui sont assign\u00e9s.\u00a0 M\u00eame si certaines t\u00e2ches du technicien sont semblables \u00e0 celles du travailleur qualifi\u00e9 ou d&rsquo;une personne form\u00e9e dans un m\u00e9tier, elles s&rsquo;appliquent g\u00e9n\u00e9ralement \u00e0 des proc\u00e9d\u00e9s et \u00e9quipements sophistiqu\u00e9s et ne sont pas de nature routini\u00e8re.\u00a0 Bon nombre de t\u00e2ches du technicien sont semblables \u00e0 celles du technologue et d&rsquo;autres professionnels mais souvent la similitude se limite \u00e0 un domaine de sp\u00e9cialisation particulier.\u00a0 De nombreux techniciens, gr\u00e2ce \u00e0 une longue exp\u00e9rience dans le domaine, deviennent des techniciens experts reconnus.\u00a0 Le technicien agr\u00e9\u00e9 est li\u00e9 par un code de d\u00e9ontologie professionnel et est reconnu partout au Canada par la d\u00e9signation CTech ou CET.[\/vc_column_text][\/vc_column][\/vc_row]<\/p>\n<\/div>","protected":false},"excerpt":{"rendered":"<p>[vc_row][vc_column][vc_column_text]Le technicien agr\u00e9\u00e9 (CTech) ou le technicien agr\u00e9\u00e9 du g\u00e9nie (CET) est un professionnel pouvant accomplir de fa\u00e7on responsable des t\u00e2ches techniques vari\u00e9es relevant toujours d&rsquo;un domaine sp\u00e9cialis\u00e9 des sciences appliqu\u00e9es ou des techniques du g\u00e9nie.\u00a0 Les connaissances th\u00e9oriques, la formation et l&rsquo;exp\u00e9rience habilitent le technicien \u00e0 assumer la responsabilit\u00e9 d\u00e9coulant de nombreux aspects de [&hellip;]<\/p>\n","protected":false},"author":1,"featured_media":0,"parent":329,"menu_order":20,"comment_status":"closed","ping_status":"closed","template":"","meta":{"footnotes":""},"class_list":["post-332","page","type-page","status-publish","hentry"],"yoast_head":"<!-- This site is optimized with the Yoast SEO plugin v26.7 - https:\/\/yoast.com\/wordpress\/plugins\/seo\/ -->\n<title>Qu&#039;est ce qu&#039;un technicien agr\u00e9\u00e9? - SttagN-B<\/title>\n<meta name=\"robots\" content=\"index, follow, max-snippet:-1, max-image-preview:large, max-video-preview:-1\" \/>\n<link rel=\"canonical\" href=\"https:\/\/www.nbscett.nb.ca\/fr\/carrieres-en-technologie\/quest-ce-quun-technicien-agree\/\" \/>\n<meta property=\"og:locale\" content=\"fr_FR\" \/>\n<meta property=\"og:type\" content=\"article\" \/>\n<meta property=\"og:title\" content=\"Qu&#039;est ce qu&#039;un technicien agr\u00e9\u00e9? - SttagN-B\" \/>\n<meta property=\"og:description\" content=\"[vc_row][vc_column][vc_column_text]Le technicien agr\u00e9\u00e9 (CTech) ou le technicien agr\u00e9\u00e9 du g\u00e9nie (CET) est un professionnel pouvant accomplir de fa\u00e7on responsable des t\u00e2ches techniques vari\u00e9es relevant toujours d&rsquo;un domaine sp\u00e9cialis\u00e9 des sciences appliqu\u00e9es ou des techniques du g\u00e9nie.\u00a0 Les connaissances th\u00e9oriques, la formation et l&rsquo;exp\u00e9rience habilitent le technicien \u00e0 assumer la responsabilit\u00e9 d\u00e9coulant de nombreux aspects de [&hellip;]\" \/>\n<meta property=\"og:url\" content=\"https:\/\/www.nbscett.nb.ca\/fr\/carrieres-en-technologie\/quest-ce-quun-technicien-agree\/\" \/>\n<meta property=\"og:site_name\" content=\"SttagN-B\" \/>\n<meta property=\"article:modified_time\" content=\"2016-04-26T17:11:17+00:00\" \/>\n<meta name=\"twitter:card\" content=\"summary_large_image\" \/>\n<meta name=\"twitter:label1\" content=\"Dur\u00e9e de lecture estim\u00e9e\" \/>\n\t<meta name=\"twitter:data1\" content=\"2 minutes\" \/>\n<script type=\"application\/ld+json\" class=\"yoast-schema-graph\">{\"@context\":\"https:\/\/schema.org\",\"@graph\":[{\"@type\":\"WebPage\",\"@id\":\"https:\/\/www.nbscett.nb.ca\/fr\/carrieres-en-technologie\/quest-ce-quun-technicien-agree\/\",\"url\":\"https:\/\/www.nbscett.nb.ca\/fr\/carrieres-en-technologie\/quest-ce-quun-technicien-agree\/\",\"name\":\"Qu'est ce qu'un technicien agr\u00e9\u00e9? - SttagN-B\",\"isPartOf\":{\"@id\":\"https:\/\/www.nbscett.nb.ca\/en\/#website\"},\"datePublished\":\"2016-03-02T16:31:10+00:00\",\"dateModified\":\"2016-04-26T17:11:17+00:00\",\"breadcrumb\":{\"@id\":\"https:\/\/www.nbscett.nb.ca\/fr\/carrieres-en-technologie\/quest-ce-quun-technicien-agree\/#breadcrumb\"},\"inLanguage\":\"fr-FR\",\"potentialAction\":[{\"@type\":\"ReadAction\",\"target\":[\"https:\/\/www.nbscett.nb.ca\/fr\/carrieres-en-technologie\/quest-ce-quun-technicien-agree\/\"]}]},{\"@type\":\"BreadcrumbList\",\"@id\":\"https:\/\/www.nbscett.nb.ca\/fr\/carrieres-en-technologie\/quest-ce-quun-technicien-agree\/#breadcrumb\",\"itemListElement\":[{\"@type\":\"ListItem\",\"position\":1,\"name\":\"home\",\"item\":\"https:\/\/www.nbscett.nb.ca\/fr\/\"},{\"@type\":\"ListItem\",\"position\":2,\"name\":\"Carri\u00e8res en technologie\",\"item\":\"https:\/\/www.nbscett.nb.ca\/fr\/carrieres-en-technologie\/\"},{\"@type\":\"ListItem\",\"position\":3,\"name\":\"Qu&#8217;est ce qu&#8217;un technicien agr\u00e9\u00e9?\"}]},{\"@type\":\"WebSite\",\"@id\":\"https:\/\/www.nbscett.nb.ca\/en\/#website\",\"url\":\"https:\/\/www.nbscett.nb.ca\/en\/\",\"name\":\"SttagN-B\",\"description\":\"\",\"potentialAction\":[{\"@type\":\"SearchAction\",\"target\":{\"@type\":\"EntryPoint\",\"urlTemplate\":\"https:\/\/www.nbscett.nb.ca\/en\/?s={search_term_string}\"},\"query-input\":{\"@type\":\"PropertyValueSpecification\",\"valueRequired\":true,\"valueName\":\"search_term_string\"}}],\"inLanguage\":\"fr-FR\"}]}<\/script>\n<!-- \/ Yoast SEO plugin. -->","yoast_head_json":{"title":"Qu'est ce qu'un technicien agr\u00e9\u00e9? - SttagN-B","robots":{"index":"index","follow":"follow","max-snippet":"max-snippet:-1","max-image-preview":"max-image-preview:large","max-video-preview":"max-video-preview:-1"},"canonical":"https:\/\/www.nbscett.nb.ca\/fr\/carrieres-en-technologie\/quest-ce-quun-technicien-agree\/","og_locale":"fr_FR","og_type":"article","og_title":"Qu'est ce qu'un technicien agr\u00e9\u00e9? - SttagN-B","og_description":"[vc_row][vc_column][vc_column_text]Le technicien agr\u00e9\u00e9 (CTech) ou le technicien agr\u00e9\u00e9 du g\u00e9nie (CET) est un professionnel pouvant accomplir de fa\u00e7on responsable des t\u00e2ches techniques vari\u00e9es relevant toujours d&rsquo;un domaine sp\u00e9cialis\u00e9 des sciences appliqu\u00e9es ou des techniques du g\u00e9nie.\u00a0 Les connaissances th\u00e9oriques, la formation et l&rsquo;exp\u00e9rience habilitent le technicien \u00e0 assumer la responsabilit\u00e9 d\u00e9coulant de nombreux aspects de [&hellip;]","og_url":"https:\/\/www.nbscett.nb.ca\/fr\/carrieres-en-technologie\/quest-ce-quun-technicien-agree\/","og_site_name":"SttagN-B","article_modified_time":"2016-04-26T17:11:17+00:00","twitter_card":"summary_large_image","twitter_misc":{"Dur\u00e9e de lecture estim\u00e9e":"2 minutes"},"schema":{"@context":"https:\/\/schema.org","@graph":[{"@type":"WebPage","@id":"https:\/\/www.nbscett.nb.ca\/fr\/carrieres-en-technologie\/quest-ce-quun-technicien-agree\/","url":"https:\/\/www.nbscett.nb.ca\/fr\/carrieres-en-technologie\/quest-ce-quun-technicien-agree\/","name":"Qu'est ce qu'un technicien agr\u00e9\u00e9? - SttagN-B","isPartOf":{"@id":"https:\/\/www.nbscett.nb.ca\/en\/#website"},"datePublished":"2016-03-02T16:31:10+00:00","dateModified":"2016-04-26T17:11:17+00:00","breadcrumb":{"@id":"https:\/\/www.nbscett.nb.ca\/fr\/carrieres-en-technologie\/quest-ce-quun-technicien-agree\/#breadcrumb"},"inLanguage":"fr-FR","potentialAction":[{"@type":"ReadAction","target":["https:\/\/www.nbscett.nb.ca\/fr\/carrieres-en-technologie\/quest-ce-quun-technicien-agree\/"]}]},{"@type":"BreadcrumbList","@id":"https:\/\/www.nbscett.nb.ca\/fr\/carrieres-en-technologie\/quest-ce-quun-technicien-agree\/#breadcrumb","itemListElement":[{"@type":"ListItem","position":1,"name":"home","item":"https:\/\/www.nbscett.nb.ca\/fr\/"},{"@type":"ListItem","position":2,"name":"Carri\u00e8res en technologie","item":"https:\/\/www.nbscett.nb.ca\/fr\/carrieres-en-technologie\/"},{"@type":"ListItem","position":3,"name":"Qu&#8217;est ce qu&#8217;un technicien agr\u00e9\u00e9?"}]},{"@type":"WebSite","@id":"https:\/\/www.nbscett.nb.ca\/en\/#website","url":"https:\/\/www.nbscett.nb.ca\/en\/","name":"SttagN-B","description":"","potentialAction":[{"@type":"SearchAction","target":{"@type":"EntryPoint","urlTemplate":"https:\/\/www.nbscett.nb.ca\/en\/?s={search_term_string}"},"query-input":{"@type":"PropertyValueSpecification","valueRequired":true,"valueName":"search_term_string"}}],"inLanguage":"fr-FR"}]}},"_links":{"self":[{"href":"https:\/\/www.nbscett.nb.ca\/fr\/wp-json\/wp\/v2\/pages\/332","targetHints":{"allow":["GET"]}}],"collection":[{"href":"https:\/\/www.nbscett.nb.ca\/fr\/wp-json\/wp\/v2\/pages"}],"about":[{"href":"https:\/\/www.nbscett.nb.ca\/fr\/wp-json\/wp\/v2\/types\/page"}],"author":[{"embeddable":true,"href":"https:\/\/www.nbscett.nb.ca\/fr\/wp-json\/wp\/v2\/users\/1"}],"replies":[{"embeddable":true,"href":"https:\/\/www.nbscett.nb.ca\/fr\/wp-json\/wp\/v2\/comments?post=332"}],"version-history":[{"count":0,"href":"https:\/\/www.nbscett.nb.ca\/fr\/wp-json\/wp\/v2\/pages\/332\/revisions"}],"up":[{"embeddable":true,"href":"https:\/\/www.nbscett.nb.ca\/fr\/wp-json\/wp\/v2\/pages\/329"}],"wp:attachment":[{"href":"https:\/\/www.nbscett.nb.ca\/fr\/wp-json\/wp\/v2\/media?parent=332"}],"curies":[{"name":"wp","href":"https:\/\/api.w.org\/{rel}","templated":true}]}}