{"id":330,"date":"2016-04-26T17:04:49","date_gmt":"2016-04-26T17:04:49","guid":{"rendered":"http:\/\/nbscett.wpengine.com\/fr\/?page_id=330"},"modified":"2016-04-26T17:04:49","modified_gmt":"2016-04-26T17:04:49","slug":"une-profession-valorisante-un-avenir-enrichissant","status":"publish","type":"page","link":"https:\/\/www.nbscett.nb.ca\/fr\/carrieres-en-technologie\/une-profession-valorisante-un-avenir-enrichissant\/","title":{"rendered":"Une profession valorisante\u2026 un avenir enrichissant"},"content":{"rendered":"<div class=\"wpb-content-wrapper\"><p>[vc_row][vc_column][vc_column_text]<a href=\"https:\/\/www.nbscett.nb.ca\/wp-content\/uploads\/2016\/03\/ROB_7465.jpg\"><img loading=\"lazy\" decoding=\"async\" class=\"alignright wp-image-294\" src=\"https:\/\/www.nbscett.nb.ca\/wp-content\/uploads\/2016\/03\/ROB_7465-300x200.jpg\" alt=\"ROB_7465\" width=\"400\" height=\"266\" srcset=\"https:\/\/www.nbscett.nb.ca\/wp-content\/uploads\/2016\/03\/ROB_7465-300x200.jpg 300w, https:\/\/www.nbscett.nb.ca\/wp-content\/uploads\/2016\/03\/ROB_7465-768x511.jpg 768w, https:\/\/www.nbscett.nb.ca\/wp-content\/uploads\/2016\/03\/ROB_7465-1024x681.jpg 1024w\" sizes=\"auto, (max-width: 400px) 100vw, 400px\" \/><\/a><\/p>\n<p>Les techniciens et les technologues sont des professionnels de la technologie qui participent \u00e0 la conception, \u00e0 la construction, \u00e0 l\u2019inspection, \u00e0 l\u2019essai, \u00e0 l\u2019entretien et \u00e0 la gestion de pratiquement tous les \u00e9l\u00e9ments de notre monde fond\u00e9s sur la technologie, incluant nos b\u00e2timents, nos ordinateurs, nos syst\u00e8mes de production et de distribution d\u2019\u00e9nergie, tous types d\u2019\u00e9quipements, nos routes, notre environnement, ainsi que nos syst\u00e8mes de traitement d\u2019eau portable et d\u2019eaux us\u00e9es. Ils travaillent dans l\u2019entreprise priv\u00e9e, pour des firmes de g\u00e9nie-conseil et de technologie, \u00e0 tous les paliers de gouvernement, ainsi qu\u2019\u00e0 titre de consultants.<\/p>\n<h3>La carri\u00e8re<\/h3>\n<p>Les professionnels de la technologie jouissent de carri\u00e8res stimulantes et valorisantes qui comprennent souvent du travail au bureau \u2013 incluant la conception et la gestion de projets \u2013 de m\u00eame que du travail sur le terrain. Ils sont consid\u00e9r\u00e9s comme des membres importants de \u00ab\u00a0l\u2019\u00e9quipe d\u2019ing\u00e9nierie\u00a0\u00bb qui regroupe des scientifiques, des ing\u00e9nieurs, les technologues, des techniciens et des gens de m\u00e9tiers. Ils sont en grande demande, m\u00eame lorsque l\u2019\u00e9conomie ralentit.<\/p>\n<h3>Reconnaissance<\/h3>\n<p>Les techniciens et les technologues b\u00e9n\u00e9ficient d\u2019une reconnaissance professionnelle par l\u2019agr\u00e9ment et l\u2019adh\u00e9sion \u00e0 une association provinciale de professionnels de la technologie. Chaque association doit s\u2019assurer que ses membres respectent les normes professionnelles et d\u00e9ontologiques les plus \u00e9lev\u00e9es dans l\u2019int\u00e9r\u00eat du public. L\u2019agr\u00e9ment est de plus en plus recherch\u00e9 par les employeurs, incluant le gouvernement, comme mesure des connaissances, des comp\u00e9tences et de l\u2019engagement d\u2019un professionnel de la technologie \u00e0 respecter les normes de travail les plus strictes.<\/p>\n<h3>Ant\u00e9c\u00e9dents<\/h3>\n<p>Les techniciens et les technologues en g\u00e9nie agr\u00e9\u00e9s ont typiquement obtenu un certificat ou un dipl\u00f4me d\u2019un programme de formation en technologie et cumul\u00e9 au moins deux ann\u00e9es d\u2019exp\u00e9rience dans leur discipline. Ila doivent aussi r\u00e9ussir l\u2019examen d\u2019exercice de la profession et d\u2019\u00e9thique professionnelle.[\/vc_column_text][\/vc_column][\/vc_row]<\/p>\n<\/div>","protected":false},"excerpt":{"rendered":"<p>[vc_row][vc_column][vc_column_text] Les techniciens et les technologues sont des professionnels de la technologie qui participent \u00e0 la conception, \u00e0 la construction, \u00e0 l\u2019inspection, \u00e0 l\u2019essai, \u00e0 l\u2019entretien et \u00e0 la gestion de pratiquement tous les \u00e9l\u00e9ments de notre monde fond\u00e9s sur la technologie, incluant nos b\u00e2timents, nos ordinateurs, nos syst\u00e8mes de production et de distribution d\u2019\u00e9nergie, [&hellip;]<\/p>\n","protected":false},"author":2,"featured_media":0,"parent":329,"menu_order":10,"comment_status":"closed","ping_status":"closed","template":"","meta":{"footnotes":""},"class_list":["post-330","page","type-page","status-publish","hentry"],"yoast_head":"<!-- This site is optimized with the Yoast SEO plugin v26.7 - https:\/\/yoast.com\/wordpress\/plugins\/seo\/ -->\n<title>Une profession valorisante\u2026 un avenir enrichissant - SttagN-B<\/title>\n<meta name=\"robots\" content=\"index, follow, max-snippet:-1, max-image-preview:large, max-video-preview:-1\" \/>\n<link rel=\"canonical\" href=\"https:\/\/www.nbscett.nb.ca\/fr\/carrieres-en-technologie\/une-profession-valorisante-un-avenir-enrichissant\/\" \/>\n<meta property=\"og:locale\" content=\"fr_FR\" \/>\n<meta property=\"og:type\" content=\"article\" \/>\n<meta property=\"og:title\" content=\"Une profession valorisante\u2026 un avenir enrichissant - SttagN-B\" \/>\n<meta property=\"og:description\" content=\"[vc_row][vc_column][vc_column_text] Les techniciens et les technologues sont des professionnels de la technologie qui participent \u00e0 la conception, \u00e0 la construction, \u00e0 l\u2019inspection, \u00e0 l\u2019essai, \u00e0 l\u2019entretien et \u00e0 la gestion de pratiquement tous les \u00e9l\u00e9ments de notre monde fond\u00e9s sur la technologie, incluant nos b\u00e2timents, nos ordinateurs, nos syst\u00e8mes de production et de distribution d\u2019\u00e9nergie, [&hellip;]\" \/>\n<meta property=\"og:url\" content=\"https:\/\/www.nbscett.nb.ca\/fr\/carrieres-en-technologie\/une-profession-valorisante-un-avenir-enrichissant\/\" \/>\n<meta property=\"og:site_name\" content=\"SttagN-B\" \/>\n<meta property=\"og:image\" content=\"https:\/\/www.nbscett.nb.ca\/wp-content\/uploads\/2016\/03\/ROB_7465-300x200.jpg\" \/>\n<meta name=\"twitter:card\" content=\"summary_large_image\" \/>\n<meta name=\"twitter:label1\" content=\"Dur\u00e9e de lecture estim\u00e9e\" \/>\n\t<meta name=\"twitter:data1\" content=\"2 minutes\" \/>\n<script type=\"application\/ld+json\" class=\"yoast-schema-graph\">{\"@context\":\"https:\/\/schema.org\",\"@graph\":[{\"@type\":\"WebPage\",\"@id\":\"https:\/\/www.nbscett.nb.ca\/fr\/carrieres-en-technologie\/une-profession-valorisante-un-avenir-enrichissant\/\",\"url\":\"https:\/\/www.nbscett.nb.ca\/fr\/carrieres-en-technologie\/une-profession-valorisante-un-avenir-enrichissant\/\",\"name\":\"Une profession valorisante\u2026 un avenir enrichissant - SttagN-B\",\"isPartOf\":{\"@id\":\"https:\/\/www.nbscett.nb.ca\/en\/#website\"},\"primaryImageOfPage\":{\"@id\":\"https:\/\/www.nbscett.nb.ca\/fr\/carrieres-en-technologie\/une-profession-valorisante-un-avenir-enrichissant\/#primaryimage\"},\"image\":{\"@id\":\"https:\/\/www.nbscett.nb.ca\/fr\/carrieres-en-technologie\/une-profession-valorisante-un-avenir-enrichissant\/#primaryimage\"},\"thumbnailUrl\":\"https:\/\/www.nbscett.nb.ca\/wp-content\/uploads\/2016\/03\/ROB_7465-300x200.jpg\",\"datePublished\":\"2016-04-26T17:04:49+00:00\",\"breadcrumb\":{\"@id\":\"https:\/\/www.nbscett.nb.ca\/fr\/carrieres-en-technologie\/une-profession-valorisante-un-avenir-enrichissant\/#breadcrumb\"},\"inLanguage\":\"fr-FR\",\"potentialAction\":[{\"@type\":\"ReadAction\",\"target\":[\"https:\/\/www.nbscett.nb.ca\/fr\/carrieres-en-technologie\/une-profession-valorisante-un-avenir-enrichissant\/\"]}]},{\"@type\":\"ImageObject\",\"inLanguage\":\"fr-FR\",\"@id\":\"https:\/\/www.nbscett.nb.ca\/fr\/carrieres-en-technologie\/une-profession-valorisante-un-avenir-enrichissant\/#primaryimage\",\"url\":\"https:\/\/www.nbscett.nb.ca\/wp-content\/uploads\/2016\/03\/ROB_7465-300x200.jpg\",\"contentUrl\":\"https:\/\/www.nbscett.nb.ca\/wp-content\/uploads\/2016\/03\/ROB_7465-300x200.jpg\"},{\"@type\":\"BreadcrumbList\",\"@id\":\"https:\/\/www.nbscett.nb.ca\/fr\/carrieres-en-technologie\/une-profession-valorisante-un-avenir-enrichissant\/#breadcrumb\",\"itemListElement\":[{\"@type\":\"ListItem\",\"position\":1,\"name\":\"home\",\"item\":\"https:\/\/www.nbscett.nb.ca\/fr\/\"},{\"@type\":\"ListItem\",\"position\":2,\"name\":\"Carri\u00e8res en technologie\",\"item\":\"https:\/\/www.nbscett.nb.ca\/fr\/carrieres-en-technologie\/\"},{\"@type\":\"ListItem\",\"position\":3,\"name\":\"Une profession valorisante\u2026 un avenir enrichissant\"}]},{\"@type\":\"WebSite\",\"@id\":\"https:\/\/www.nbscett.nb.ca\/en\/#website\",\"url\":\"https:\/\/www.nbscett.nb.ca\/en\/\",\"name\":\"SttagN-B\",\"description\":\"\",\"potentialAction\":[{\"@type\":\"SearchAction\",\"target\":{\"@type\":\"EntryPoint\",\"urlTemplate\":\"https:\/\/www.nbscett.nb.ca\/en\/?s={search_term_string}\"},\"query-input\":{\"@type\":\"PropertyValueSpecification\",\"valueRequired\":true,\"valueName\":\"search_term_string\"}}],\"inLanguage\":\"fr-FR\"}]}<\/script>\n<!-- \/ Yoast SEO plugin. -->","yoast_head_json":{"title":"Une profession valorisante\u2026 un avenir enrichissant - SttagN-B","robots":{"index":"index","follow":"follow","max-snippet":"max-snippet:-1","max-image-preview":"max-image-preview:large","max-video-preview":"max-video-preview:-1"},"canonical":"https:\/\/www.nbscett.nb.ca\/fr\/carrieres-en-technologie\/une-profession-valorisante-un-avenir-enrichissant\/","og_locale":"fr_FR","og_type":"article","og_title":"Une profession valorisante\u2026 un avenir enrichissant - SttagN-B","og_description":"[vc_row][vc_column][vc_column_text] Les techniciens et les technologues sont des professionnels de la technologie qui participent \u00e0 la conception, \u00e0 la construction, \u00e0 l\u2019inspection, \u00e0 l\u2019essai, \u00e0 l\u2019entretien et \u00e0 la gestion de pratiquement tous les \u00e9l\u00e9ments de notre monde fond\u00e9s sur la technologie, incluant nos b\u00e2timents, nos ordinateurs, nos syst\u00e8mes de production et de distribution d\u2019\u00e9nergie, [&hellip;]","og_url":"https:\/\/www.nbscett.nb.ca\/fr\/carrieres-en-technologie\/une-profession-valorisante-un-avenir-enrichissant\/","og_site_name":"SttagN-B","og_image":[{"url":"https:\/\/www.nbscett.nb.ca\/wp-content\/uploads\/2016\/03\/ROB_7465-300x200.jpg","type":"","width":"","height":""}],"twitter_card":"summary_large_image","twitter_misc":{"Dur\u00e9e de lecture estim\u00e9e":"2 minutes"},"schema":{"@context":"https:\/\/schema.org","@graph":[{"@type":"WebPage","@id":"https:\/\/www.nbscett.nb.ca\/fr\/carrieres-en-technologie\/une-profession-valorisante-un-avenir-enrichissant\/","url":"https:\/\/www.nbscett.nb.ca\/fr\/carrieres-en-technologie\/une-profession-valorisante-un-avenir-enrichissant\/","name":"Une profession valorisante\u2026 un avenir enrichissant - SttagN-B","isPartOf":{"@id":"https:\/\/www.nbscett.nb.ca\/en\/#website"},"primaryImageOfPage":{"@id":"https:\/\/www.nbscett.nb.ca\/fr\/carrieres-en-technologie\/une-profession-valorisante-un-avenir-enrichissant\/#primaryimage"},"image":{"@id":"https:\/\/www.nbscett.nb.ca\/fr\/carrieres-en-technologie\/une-profession-valorisante-un-avenir-enrichissant\/#primaryimage"},"thumbnailUrl":"https:\/\/www.nbscett.nb.ca\/wp-content\/uploads\/2016\/03\/ROB_7465-300x200.jpg","datePublished":"2016-04-26T17:04:49+00:00","breadcrumb":{"@id":"https:\/\/www.nbscett.nb.ca\/fr\/carrieres-en-technologie\/une-profession-valorisante-un-avenir-enrichissant\/#breadcrumb"},"inLanguage":"fr-FR","potentialAction":[{"@type":"ReadAction","target":["https:\/\/www.nbscett.nb.ca\/fr\/carrieres-en-technologie\/une-profession-valorisante-un-avenir-enrichissant\/"]}]},{"@type":"ImageObject","inLanguage":"fr-FR","@id":"https:\/\/www.nbscett.nb.ca\/fr\/carrieres-en-technologie\/une-profession-valorisante-un-avenir-enrichissant\/#primaryimage","url":"https:\/\/www.nbscett.nb.ca\/wp-content\/uploads\/2016\/03\/ROB_7465-300x200.jpg","contentUrl":"https:\/\/www.nbscett.nb.ca\/wp-content\/uploads\/2016\/03\/ROB_7465-300x200.jpg"},{"@type":"BreadcrumbList","@id":"https:\/\/www.nbscett.nb.ca\/fr\/carrieres-en-technologie\/une-profession-valorisante-un-avenir-enrichissant\/#breadcrumb","itemListElement":[{"@type":"ListItem","position":1,"name":"home","item":"https:\/\/www.nbscett.nb.ca\/fr\/"},{"@type":"ListItem","position":2,"name":"Carri\u00e8res en technologie","item":"https:\/\/www.nbscett.nb.ca\/fr\/carrieres-en-technologie\/"},{"@type":"ListItem","position":3,"name":"Une profession valorisante\u2026 un avenir enrichissant"}]},{"@type":"WebSite","@id":"https:\/\/www.nbscett.nb.ca\/en\/#website","url":"https:\/\/www.nbscett.nb.ca\/en\/","name":"SttagN-B","description":"","potentialAction":[{"@type":"SearchAction","target":{"@type":"EntryPoint","urlTemplate":"https:\/\/www.nbscett.nb.ca\/en\/?s={search_term_string}"},"query-input":{"@type":"PropertyValueSpecification","valueRequired":true,"valueName":"search_term_string"}}],"inLanguage":"fr-FR"}]}},"_links":{"self":[{"href":"https:\/\/www.nbscett.nb.ca\/fr\/wp-json\/wp\/v2\/pages\/330","targetHints":{"allow":["GET"]}}],"collection":[{"href":"https:\/\/www.nbscett.nb.ca\/fr\/wp-json\/wp\/v2\/pages"}],"about":[{"href":"https:\/\/www.nbscett.nb.ca\/fr\/wp-json\/wp\/v2\/types\/page"}],"author":[{"embeddable":true,"href":"https:\/\/www.nbscett.nb.ca\/fr\/wp-json\/wp\/v2\/users\/2"}],"replies":[{"embeddable":true,"href":"https:\/\/www.nbscett.nb.ca\/fr\/wp-json\/wp\/v2\/comments?post=330"}],"version-history":[{"count":0,"href":"https:\/\/www.nbscett.nb.ca\/fr\/wp-json\/wp\/v2\/pages\/330\/revisions"}],"up":[{"embeddable":true,"href":"https:\/\/www.nbscett.nb.ca\/fr\/wp-json\/wp\/v2\/pages\/329"}],"wp:attachment":[{"href":"https:\/\/www.nbscett.nb.ca\/fr\/wp-json\/wp\/v2\/media?parent=330"}],"curies":[{"name":"wp","href":"https:\/\/api.w.org\/{rel}","templated":true}]}}