{"id":327,"date":"2016-04-26T16:49:41","date_gmt":"2016-04-26T16:49:41","guid":{"rendered":"http:\/\/nbscett.wpengine.com\/fr\/?page_id=327"},"modified":"2016-04-26T16:50:33","modified_gmt":"2016-04-26T16:50:33","slug":"immigration-et-etablissement-au-canada","status":"publish","type":"page","link":"https:\/\/www.nbscett.nb.ca\/fr\/techs-formes-a-letranger\/immigration-et-etablissement-au-canada\/","title":{"rendered":"Immigration et \u00e9tablissement au Canada"},"content":{"rendered":"<div class=\"wpb-content-wrapper\"><p>[vc_row][vc_column][vc_column_text]Au Canada, l\u2019immigration rel\u00e8ve du gouvernement f\u00e9d\u00e9ral et est administr\u00e9e par le minist\u00e8re de la Citoyennet\u00e9 et de l\u2019Immigration (CIC), de m\u00eame que par chacune des provinces canadiennes qui offrent des programmes sp\u00e9cialis\u00e9s visant \u00e0 acc\u00e9l\u00e9rer l\u2019immigration de candidats qualifi\u00e9s.\u00a0 L\u2019immigration n\u00e9cessite une importante pr\u00e9paration pr\u00e9alable.<\/p>\n<p>L\u2019immigration permanente au Canada est une occasion excitante, et le Canada a besoin de vos comp\u00e9tences techniques.<\/p>\n<p>Pour les exigences et les d\u00e9marches dans chaque cat\u00e9gorie, visitez les sections appropri\u00e9es du site de Citoyennet\u00e9 et Immigration Canada ainsi que les liens suivants\u00a0:<\/p>\n<ul>\n<li><a href=\"http:\/\/www.cic.gc.ca\/francais\/immigrer\/qualifie\/index.asp\"><u>Travailleurs qualifi\u00e9s et professionnels<\/u><\/a><br \/>\nPour ceux qui veulent s\u2019installer et travailler au Canada (sauf le Qu\u00e9bec)<\/li>\n<li><a href=\"http:\/\/www.cic.gc.ca\/francais\/immigrer\/quebec\/index.asp\"><u>Travailleurs qualifi\u00e9s s\u00e9lectionn\u00e9s par le Qu\u00e9bec<\/u><\/a><br \/>\nPour les personnes choisies par le gouvernement du Qu\u00e9bec pour s\u2019y installer et y travailler<\/li>\n<li><a href=\"http:\/\/www.cic.gc.ca\/francais\/immigrer\/qualifie\/index.asp\"><u>Cat\u00e9gorie de l\u2019exp\u00e9rience canadienne<\/u><\/a><br \/>\nPour ceux qui ont une r\u00e9cente exp\u00e9rience au Canada ou qui ont re\u00e7u un dipl\u00f4me au Canada et y ont r\u00e9cemment travaill\u00e9<\/li>\n<li><a href=\"http:\/\/www.cic.gc.ca\/english\/immigrate\/apply.asp\"><u>Investisseurs, entrepreneurs et travailleurs autonomes<\/u><\/a><br \/>\nPour les personnes qui veulent lancer une entreprise au Canada<\/li>\n<li><a href=\"http:\/\/www.cic.gc.ca\/francais\/immigrer\/provinces\/index.asp\"><u>Candidats des provinces<\/u><\/a><br \/>\nUne province ou un territoire canadien peuvent proposer votre candidature pour vous y installer et y travailler<\/li>\n<li><a href=\"http:\/\/www.cic.gc.ca\/francais\/immigrer\/parrainer\/index.asp\">Parrainer votre famille<br \/>\n<\/a><span style=\"line-height: 1.5;\">Comment parrainer un membre de votre famille pour vous rejoindre au Canada si vous \u00eates un r\u00e9sident permanent ou un citoyen canadien.<\/span><\/li>\n<\/ul>\n<p>Les organismes d\u2019aide \u00e0 l\u2019\u00e9tablissement procurent des services d\u2019aide \u00e0 l\u2019\u00e9tablissement aux nouveaux arrivants au Canada. Ces organismes comprennent des organismes d\u2019aide aux immigrants et des organismes d\u2019aide aux r\u00e9fugi\u00e9s, par exemple. Ils offrent des services et des programmes qui aident les nouveaux arrivants \u00e0\u00a0:<\/p>\n<ul>\n<li>Acqu\u00e9rir de nouvelles comp\u00e9tences linguistiques<\/li>\n<li>Chercher un emploi<\/li>\n<li>D\u00e9marrer une entreprise<\/li>\n<li>Explorer de nouvelles carri\u00e8res<\/li>\n<li>Identifier des possibilit\u00e9s \u00e9ducatives<\/li>\n<li>Faire traduire des documents<\/li>\n<li>Acc\u00e9der \u00e0 des informations sur les services communautaires, les \u00e9coles et les soins de sant\u00e9<\/li>\n<li>Faire de nouveaux amis pour vous sentir davantage chez vous<\/li>\n<\/ul>\n<p>La plupart des programmes sont gratuits et les services sont souvent offerts dans plus d\u2019une langue. Les services d\u2019aide \u00e0 l\u2019\u00e9tablissement et les programmes linguistiques sont souvent offerts par des organismes comme des biblioth\u00e8ques, des \u00e9coles, des coll\u00e8ges et des universit\u00e9s.<\/p>\n<h3>Services d\u2019aide \u00e0 l\u2019\u00e9tablissement pour les techniciens et les technologues<\/h3>\n<p>En plus des services \u00e9num\u00e9r\u00e9s ci-dessus, plusieurs organismes d\u2019aide \u00e0 l\u2019\u00e9tablissement offrent des services sp\u00e9cifiquement con\u00e7us pour les nouveaux arrivants ayant des comp\u00e9tences technologiques.<\/p>\n<p>Parmi les services offerts :<\/p>\n<ul>\n<li>Aide \u00e0 la compr\u00e9hension des exigences relatives au droit d\u2019exercer une profession<\/li>\n<li>Introduction \u00e0 des employeurs et \u00e0 des r\u00e9seaux d\u2019employeurs<\/li>\n<li>Aide \u00e0 identifier les comp\u00e9tences transf\u00e9rables<\/li>\n<li>Aide \u00e0 la pr\u00e9paration de CV techniques<\/li>\n<li>Acc\u00e8s \u00e0 des programmes permettant d\u2019acqu\u00e9rir une exp\u00e9rience de travail au Canada<\/li>\n<li>Programmes de mentorat<\/li>\n<\/ul>\n<p>Pour plus d\u2019information sur les organismes d\u2019aide \u00e0 l\u2019\u00e9tablissement au Canada, cliquez sur le lien suivant\u00a0:<\/p>\n<p><a href=\"http:\/\/www.cic.gc.ca\/francais\/nouveaux\/map\/services.asp\">http:\/\/www.cic.gc.ca\/francais\/nouveaux\/map\/services.asp<\/a>[\/vc_column_text][\/vc_column][\/vc_row]<\/p>\n<\/div>","protected":false},"excerpt":{"rendered":"<p>[vc_row][vc_column][vc_column_text]Au Canada, l\u2019immigration rel\u00e8ve du gouvernement f\u00e9d\u00e9ral et est administr\u00e9e par le minist\u00e8re de la Citoyennet\u00e9 et de l\u2019Immigration (CIC), de m\u00eame que par chacune des provinces canadiennes qui offrent des programmes sp\u00e9cialis\u00e9s visant \u00e0 acc\u00e9l\u00e9rer l\u2019immigration de candidats qualifi\u00e9s.\u00a0 L\u2019immigration n\u00e9cessite une importante pr\u00e9paration pr\u00e9alable. L\u2019immigration permanente au Canada est une occasion excitante, et [&hellip;]<\/p>\n","protected":false},"author":2,"featured_media":0,"parent":317,"menu_order":90,"comment_status":"closed","ping_status":"closed","template":"","meta":{"footnotes":""},"class_list":["post-327","page","type-page","status-publish","hentry"],"yoast_head":"<!-- This site is optimized with the Yoast SEO plugin v26.7 - https:\/\/yoast.com\/wordpress\/plugins\/seo\/ -->\n<title>Immigration et \u00e9tablissement au Canada - SttagN-B<\/title>\n<meta name=\"robots\" content=\"index, follow, max-snippet:-1, max-image-preview:large, max-video-preview:-1\" \/>\n<link rel=\"canonical\" href=\"https:\/\/www.nbscett.nb.ca\/fr\/techs-formes-a-letranger\/immigration-et-etablissement-au-canada\/\" \/>\n<meta property=\"og:locale\" content=\"fr_FR\" \/>\n<meta property=\"og:type\" content=\"article\" \/>\n<meta property=\"og:title\" content=\"Immigration et \u00e9tablissement au Canada - SttagN-B\" \/>\n<meta property=\"og:description\" content=\"[vc_row][vc_column][vc_column_text]Au Canada, l\u2019immigration rel\u00e8ve du gouvernement f\u00e9d\u00e9ral et est administr\u00e9e par le minist\u00e8re de la Citoyennet\u00e9 et de l\u2019Immigration (CIC), de m\u00eame que par chacune des provinces canadiennes qui offrent des programmes sp\u00e9cialis\u00e9s visant \u00e0 acc\u00e9l\u00e9rer l\u2019immigration de candidats qualifi\u00e9s.\u00a0 L\u2019immigration n\u00e9cessite une importante pr\u00e9paration pr\u00e9alable. L\u2019immigration permanente au Canada est une occasion excitante, et [&hellip;]\" \/>\n<meta property=\"og:url\" content=\"https:\/\/www.nbscett.nb.ca\/fr\/techs-formes-a-letranger\/immigration-et-etablissement-au-canada\/\" \/>\n<meta property=\"og:site_name\" content=\"SttagN-B\" \/>\n<meta property=\"article:modified_time\" content=\"2016-04-26T16:50:33+00:00\" \/>\n<meta name=\"twitter:card\" content=\"summary_large_image\" \/>\n<meta name=\"twitter:label1\" content=\"Dur\u00e9e de lecture estim\u00e9e\" \/>\n\t<meta name=\"twitter:data1\" content=\"3 minutes\" \/>\n<script type=\"application\/ld+json\" class=\"yoast-schema-graph\">{\"@context\":\"https:\/\/schema.org\",\"@graph\":[{\"@type\":\"WebPage\",\"@id\":\"https:\/\/www.nbscett.nb.ca\/fr\/techs-formes-a-letranger\/immigration-et-etablissement-au-canada\/\",\"url\":\"https:\/\/www.nbscett.nb.ca\/fr\/techs-formes-a-letranger\/immigration-et-etablissement-au-canada\/\",\"name\":\"Immigration et \u00e9tablissement au Canada - SttagN-B\",\"isPartOf\":{\"@id\":\"https:\/\/www.nbscett.nb.ca\/en\/#website\"},\"datePublished\":\"2016-04-26T16:49:41+00:00\",\"dateModified\":\"2016-04-26T16:50:33+00:00\",\"breadcrumb\":{\"@id\":\"https:\/\/www.nbscett.nb.ca\/fr\/techs-formes-a-letranger\/immigration-et-etablissement-au-canada\/#breadcrumb\"},\"inLanguage\":\"fr-FR\",\"potentialAction\":[{\"@type\":\"ReadAction\",\"target\":[\"https:\/\/www.nbscett.nb.ca\/fr\/techs-formes-a-letranger\/immigration-et-etablissement-au-canada\/\"]}]},{\"@type\":\"BreadcrumbList\",\"@id\":\"https:\/\/www.nbscett.nb.ca\/fr\/techs-formes-a-letranger\/immigration-et-etablissement-au-canada\/#breadcrumb\",\"itemListElement\":[{\"@type\":\"ListItem\",\"position\":1,\"name\":\"home\",\"item\":\"https:\/\/www.nbscett.nb.ca\/fr\/\"},{\"@type\":\"ListItem\",\"position\":2,\"name\":\"Techs form\u00e9s \u00e0 l\u2019\u00e9tranger\",\"item\":\"https:\/\/www.nbscett.nb.ca\/fr\/techs-formes-a-letranger\/\"},{\"@type\":\"ListItem\",\"position\":3,\"name\":\"Immigration et \u00e9tablissement au Canada\"}]},{\"@type\":\"WebSite\",\"@id\":\"https:\/\/www.nbscett.nb.ca\/en\/#website\",\"url\":\"https:\/\/www.nbscett.nb.ca\/en\/\",\"name\":\"SttagN-B\",\"description\":\"\",\"potentialAction\":[{\"@type\":\"SearchAction\",\"target\":{\"@type\":\"EntryPoint\",\"urlTemplate\":\"https:\/\/www.nbscett.nb.ca\/en\/?s={search_term_string}\"},\"query-input\":{\"@type\":\"PropertyValueSpecification\",\"valueRequired\":true,\"valueName\":\"search_term_string\"}}],\"inLanguage\":\"fr-FR\"}]}<\/script>\n<!-- \/ Yoast SEO plugin. -->","yoast_head_json":{"title":"Immigration et \u00e9tablissement au Canada - SttagN-B","robots":{"index":"index","follow":"follow","max-snippet":"max-snippet:-1","max-image-preview":"max-image-preview:large","max-video-preview":"max-video-preview:-1"},"canonical":"https:\/\/www.nbscett.nb.ca\/fr\/techs-formes-a-letranger\/immigration-et-etablissement-au-canada\/","og_locale":"fr_FR","og_type":"article","og_title":"Immigration et \u00e9tablissement au Canada - SttagN-B","og_description":"[vc_row][vc_column][vc_column_text]Au Canada, l\u2019immigration rel\u00e8ve du gouvernement f\u00e9d\u00e9ral et est administr\u00e9e par le minist\u00e8re de la Citoyennet\u00e9 et de l\u2019Immigration (CIC), de m\u00eame que par chacune des provinces canadiennes qui offrent des programmes sp\u00e9cialis\u00e9s visant \u00e0 acc\u00e9l\u00e9rer l\u2019immigration de candidats qualifi\u00e9s.\u00a0 L\u2019immigration n\u00e9cessite une importante pr\u00e9paration pr\u00e9alable. L\u2019immigration permanente au Canada est une occasion excitante, et [&hellip;]","og_url":"https:\/\/www.nbscett.nb.ca\/fr\/techs-formes-a-letranger\/immigration-et-etablissement-au-canada\/","og_site_name":"SttagN-B","article_modified_time":"2016-04-26T16:50:33+00:00","twitter_card":"summary_large_image","twitter_misc":{"Dur\u00e9e de lecture estim\u00e9e":"3 minutes"},"schema":{"@context":"https:\/\/schema.org","@graph":[{"@type":"WebPage","@id":"https:\/\/www.nbscett.nb.ca\/fr\/techs-formes-a-letranger\/immigration-et-etablissement-au-canada\/","url":"https:\/\/www.nbscett.nb.ca\/fr\/techs-formes-a-letranger\/immigration-et-etablissement-au-canada\/","name":"Immigration et \u00e9tablissement au Canada - SttagN-B","isPartOf":{"@id":"https:\/\/www.nbscett.nb.ca\/en\/#website"},"datePublished":"2016-04-26T16:49:41+00:00","dateModified":"2016-04-26T16:50:33+00:00","breadcrumb":{"@id":"https:\/\/www.nbscett.nb.ca\/fr\/techs-formes-a-letranger\/immigration-et-etablissement-au-canada\/#breadcrumb"},"inLanguage":"fr-FR","potentialAction":[{"@type":"ReadAction","target":["https:\/\/www.nbscett.nb.ca\/fr\/techs-formes-a-letranger\/immigration-et-etablissement-au-canada\/"]}]},{"@type":"BreadcrumbList","@id":"https:\/\/www.nbscett.nb.ca\/fr\/techs-formes-a-letranger\/immigration-et-etablissement-au-canada\/#breadcrumb","itemListElement":[{"@type":"ListItem","position":1,"name":"home","item":"https:\/\/www.nbscett.nb.ca\/fr\/"},{"@type":"ListItem","position":2,"name":"Techs form\u00e9s \u00e0 l\u2019\u00e9tranger","item":"https:\/\/www.nbscett.nb.ca\/fr\/techs-formes-a-letranger\/"},{"@type":"ListItem","position":3,"name":"Immigration et \u00e9tablissement au Canada"}]},{"@type":"WebSite","@id":"https:\/\/www.nbscett.nb.ca\/en\/#website","url":"https:\/\/www.nbscett.nb.ca\/en\/","name":"SttagN-B","description":"","potentialAction":[{"@type":"SearchAction","target":{"@type":"EntryPoint","urlTemplate":"https:\/\/www.nbscett.nb.ca\/en\/?s={search_term_string}"},"query-input":{"@type":"PropertyValueSpecification","valueRequired":true,"valueName":"search_term_string"}}],"inLanguage":"fr-FR"}]}},"_links":{"self":[{"href":"https:\/\/www.nbscett.nb.ca\/fr\/wp-json\/wp\/v2\/pages\/327","targetHints":{"allow":["GET"]}}],"collection":[{"href":"https:\/\/www.nbscett.nb.ca\/fr\/wp-json\/wp\/v2\/pages"}],"about":[{"href":"https:\/\/www.nbscett.nb.ca\/fr\/wp-json\/wp\/v2\/types\/page"}],"author":[{"embeddable":true,"href":"https:\/\/www.nbscett.nb.ca\/fr\/wp-json\/wp\/v2\/users\/2"}],"replies":[{"embeddable":true,"href":"https:\/\/www.nbscett.nb.ca\/fr\/wp-json\/wp\/v2\/comments?post=327"}],"version-history":[{"count":0,"href":"https:\/\/www.nbscett.nb.ca\/fr\/wp-json\/wp\/v2\/pages\/327\/revisions"}],"up":[{"embeddable":true,"href":"https:\/\/www.nbscett.nb.ca\/fr\/wp-json\/wp\/v2\/pages\/317"}],"wp:attachment":[{"href":"https:\/\/www.nbscett.nb.ca\/fr\/wp-json\/wp\/v2\/media?parent=327"}],"curies":[{"name":"wp","href":"https:\/\/api.w.org\/{rel}","templated":true}]}}