{"id":325,"date":"2016-04-26T16:41:27","date_gmt":"2016-04-26T16:41:27","guid":{"rendered":"http:\/\/nbscett.wpengine.com\/fr\/?page_id=325"},"modified":"2016-04-26T16:42:32","modified_gmt":"2016-04-26T16:42:32","slug":"le-reseau-canadien-dimmigrants-qualifies-en-technologie","status":"publish","type":"page","link":"https:\/\/www.nbscett.nb.ca\/fr\/techs-formes-a-letranger\/le-reseau-canadien-dimmigrants-qualifies-en-technologie\/","title":{"rendered":"Le R\u00e9seau canadien d\u2019immigrants qualifi\u00e9s en technologie"},"content":{"rendered":"<div class=\"wpb-content-wrapper\"><p>[vc_row][vc_column][vc_column_text]<a href=\"https:\/\/www.nbscett.nb.ca\/wp-content\/uploads\/2016\/04\/EQTCLogo_colour.jpg\"><img loading=\"lazy\" decoding=\"async\" class=\"alignright wp-image-326 size-medium\" src=\"https:\/\/www.nbscett.nb.ca\/wp-content\/uploads\/2016\/04\/EQTCLogo_colour-300x150.jpg\" alt=\"EQTC \" width=\"300\" height=\"150\" srcset=\"https:\/\/www.nbscett.nb.ca\/wp-content\/uploads\/2016\/04\/EQTCLogo_colour-300x150.jpg 300w, https:\/\/www.nbscett.nb.ca\/wp-content\/uploads\/2016\/04\/EQTCLogo_colour.jpg 432w\" sizes=\"auto, (max-width: 300px) 100vw, 300px\" \/><\/a><\/p>\n<p>Le R\u00e9seau canadien d\u2019immigrants qualifi\u00e9s en technologie (RCIQT) est une source unique pour des renseignements sur les carri\u00e8res ainsi que les programmes et les ressources disponibles pour vous aider \u00e0 r\u00e9ussir dans une profession technologique au Canada. Explorez la diversit\u00e9 des choix de carri\u00e8res offertes aux techniciens et aux technologues agr\u00e9\u00e9s en g\u00e9nie au Canada. Visitez <a href=\"http:\/\/www.ctin.ca\/\">www.ctin.ca<\/a>[\/vc_column_text][\/vc_column][\/vc_row]<\/p>\n<\/div>","protected":false},"excerpt":{"rendered":"<p>[vc_row][vc_column][vc_column_text] Le R\u00e9seau canadien d\u2019immigrants qualifi\u00e9s en technologie (RCIQT) est une source unique pour des renseignements sur les carri\u00e8res ainsi que les programmes et les ressources disponibles pour vous aider \u00e0 r\u00e9ussir dans une profession technologique au Canada. Explorez la diversit\u00e9 des choix de carri\u00e8res offertes aux techniciens et aux technologues agr\u00e9\u00e9s en g\u00e9nie au [&hellip;]<\/p>\n","protected":false},"author":2,"featured_media":0,"parent":317,"menu_order":80,"comment_status":"closed","ping_status":"closed","template":"","meta":{"footnotes":""},"class_list":["post-325","page","type-page","status-publish","hentry"],"yoast_head":"<!-- This site is optimized with the Yoast SEO plugin v26.7 - https:\/\/yoast.com\/wordpress\/plugins\/seo\/ -->\n<title>Le R\u00e9seau canadien d\u2019immigrants qualifi\u00e9s en technologie - SttagN-B<\/title>\n<meta name=\"robots\" content=\"index, follow, max-snippet:-1, max-image-preview:large, max-video-preview:-1\" \/>\n<link rel=\"canonical\" href=\"https:\/\/www.nbscett.nb.ca\/fr\/techs-formes-a-letranger\/le-reseau-canadien-dimmigrants-qualifies-en-technologie\/\" \/>\n<meta property=\"og:locale\" content=\"fr_FR\" \/>\n<meta property=\"og:type\" content=\"article\" \/>\n<meta property=\"og:title\" content=\"Le R\u00e9seau canadien d\u2019immigrants qualifi\u00e9s en technologie - SttagN-B\" \/>\n<meta property=\"og:description\" content=\"[vc_row][vc_column][vc_column_text] Le R\u00e9seau canadien d\u2019immigrants qualifi\u00e9s en technologie (RCIQT) est une source unique pour des renseignements sur les carri\u00e8res ainsi que les programmes et les ressources disponibles pour vous aider \u00e0 r\u00e9ussir dans une profession technologique au Canada. Explorez la diversit\u00e9 des choix de carri\u00e8res offertes aux techniciens et aux technologues agr\u00e9\u00e9s en g\u00e9nie au [&hellip;]\" \/>\n<meta property=\"og:url\" content=\"https:\/\/www.nbscett.nb.ca\/fr\/techs-formes-a-letranger\/le-reseau-canadien-dimmigrants-qualifies-en-technologie\/\" \/>\n<meta property=\"og:site_name\" content=\"SttagN-B\" \/>\n<meta property=\"article:modified_time\" content=\"2016-04-26T16:42:32+00:00\" \/>\n<meta property=\"og:image\" content=\"https:\/\/www.nbscett.nb.ca\/wp-content\/uploads\/2016\/04\/EQTCLogo_colour-300x150.jpg\" \/>\n<meta name=\"twitter:card\" content=\"summary_large_image\" \/>\n<script type=\"application\/ld+json\" class=\"yoast-schema-graph\">{\"@context\":\"https:\/\/schema.org\",\"@graph\":[{\"@type\":\"WebPage\",\"@id\":\"https:\/\/www.nbscett.nb.ca\/fr\/techs-formes-a-letranger\/le-reseau-canadien-dimmigrants-qualifies-en-technologie\/\",\"url\":\"https:\/\/www.nbscett.nb.ca\/fr\/techs-formes-a-letranger\/le-reseau-canadien-dimmigrants-qualifies-en-technologie\/\",\"name\":\"Le R\u00e9seau canadien d\u2019immigrants qualifi\u00e9s en technologie - SttagN-B\",\"isPartOf\":{\"@id\":\"https:\/\/www.nbscett.nb.ca\/en\/#website\"},\"primaryImageOfPage\":{\"@id\":\"https:\/\/www.nbscett.nb.ca\/fr\/techs-formes-a-letranger\/le-reseau-canadien-dimmigrants-qualifies-en-technologie\/#primaryimage\"},\"image\":{\"@id\":\"https:\/\/www.nbscett.nb.ca\/fr\/techs-formes-a-letranger\/le-reseau-canadien-dimmigrants-qualifies-en-technologie\/#primaryimage\"},\"thumbnailUrl\":\"https:\/\/www.nbscett.nb.ca\/wp-content\/uploads\/2016\/04\/EQTCLogo_colour-300x150.jpg\",\"datePublished\":\"2016-04-26T16:41:27+00:00\",\"dateModified\":\"2016-04-26T16:42:32+00:00\",\"breadcrumb\":{\"@id\":\"https:\/\/www.nbscett.nb.ca\/fr\/techs-formes-a-letranger\/le-reseau-canadien-dimmigrants-qualifies-en-technologie\/#breadcrumb\"},\"inLanguage\":\"fr-FR\",\"potentialAction\":[{\"@type\":\"ReadAction\",\"target\":[\"https:\/\/www.nbscett.nb.ca\/fr\/techs-formes-a-letranger\/le-reseau-canadien-dimmigrants-qualifies-en-technologie\/\"]}]},{\"@type\":\"ImageObject\",\"inLanguage\":\"fr-FR\",\"@id\":\"https:\/\/www.nbscett.nb.ca\/fr\/techs-formes-a-letranger\/le-reseau-canadien-dimmigrants-qualifies-en-technologie\/#primaryimage\",\"url\":\"https:\/\/www.nbscett.nb.ca\/wp-content\/uploads\/2016\/04\/EQTCLogo_colour-300x150.jpg\",\"contentUrl\":\"https:\/\/www.nbscett.nb.ca\/wp-content\/uploads\/2016\/04\/EQTCLogo_colour-300x150.jpg\"},{\"@type\":\"BreadcrumbList\",\"@id\":\"https:\/\/www.nbscett.nb.ca\/fr\/techs-formes-a-letranger\/le-reseau-canadien-dimmigrants-qualifies-en-technologie\/#breadcrumb\",\"itemListElement\":[{\"@type\":\"ListItem\",\"position\":1,\"name\":\"home\",\"item\":\"https:\/\/www.nbscett.nb.ca\/fr\/\"},{\"@type\":\"ListItem\",\"position\":2,\"name\":\"Techs form\u00e9s \u00e0 l\u2019\u00e9tranger\",\"item\":\"https:\/\/www.nbscett.nb.ca\/fr\/techs-formes-a-letranger\/\"},{\"@type\":\"ListItem\",\"position\":3,\"name\":\"Le R\u00e9seau canadien d\u2019immigrants qualifi\u00e9s en technologie\"}]},{\"@type\":\"WebSite\",\"@id\":\"https:\/\/www.nbscett.nb.ca\/en\/#website\",\"url\":\"https:\/\/www.nbscett.nb.ca\/en\/\",\"name\":\"SttagN-B\",\"description\":\"\",\"potentialAction\":[{\"@type\":\"SearchAction\",\"target\":{\"@type\":\"EntryPoint\",\"urlTemplate\":\"https:\/\/www.nbscett.nb.ca\/en\/?s={search_term_string}\"},\"query-input\":{\"@type\":\"PropertyValueSpecification\",\"valueRequired\":true,\"valueName\":\"search_term_string\"}}],\"inLanguage\":\"fr-FR\"}]}<\/script>\n<!-- \/ Yoast SEO plugin. -->","yoast_head_json":{"title":"Le R\u00e9seau canadien d\u2019immigrants qualifi\u00e9s en technologie - SttagN-B","robots":{"index":"index","follow":"follow","max-snippet":"max-snippet:-1","max-image-preview":"max-image-preview:large","max-video-preview":"max-video-preview:-1"},"canonical":"https:\/\/www.nbscett.nb.ca\/fr\/techs-formes-a-letranger\/le-reseau-canadien-dimmigrants-qualifies-en-technologie\/","og_locale":"fr_FR","og_type":"article","og_title":"Le R\u00e9seau canadien d\u2019immigrants qualifi\u00e9s en technologie - SttagN-B","og_description":"[vc_row][vc_column][vc_column_text] Le R\u00e9seau canadien d\u2019immigrants qualifi\u00e9s en technologie (RCIQT) est une source unique pour des renseignements sur les carri\u00e8res ainsi que les programmes et les ressources disponibles pour vous aider \u00e0 r\u00e9ussir dans une profession technologique au Canada. Explorez la diversit\u00e9 des choix de carri\u00e8res offertes aux techniciens et aux technologues agr\u00e9\u00e9s en g\u00e9nie au [&hellip;]","og_url":"https:\/\/www.nbscett.nb.ca\/fr\/techs-formes-a-letranger\/le-reseau-canadien-dimmigrants-qualifies-en-technologie\/","og_site_name":"SttagN-B","article_modified_time":"2016-04-26T16:42:32+00:00","og_image":[{"url":"https:\/\/www.nbscett.nb.ca\/wp-content\/uploads\/2016\/04\/EQTCLogo_colour-300x150.jpg","type":"","width":"","height":""}],"twitter_card":"summary_large_image","schema":{"@context":"https:\/\/schema.org","@graph":[{"@type":"WebPage","@id":"https:\/\/www.nbscett.nb.ca\/fr\/techs-formes-a-letranger\/le-reseau-canadien-dimmigrants-qualifies-en-technologie\/","url":"https:\/\/www.nbscett.nb.ca\/fr\/techs-formes-a-letranger\/le-reseau-canadien-dimmigrants-qualifies-en-technologie\/","name":"Le R\u00e9seau canadien d\u2019immigrants qualifi\u00e9s en technologie - SttagN-B","isPartOf":{"@id":"https:\/\/www.nbscett.nb.ca\/en\/#website"},"primaryImageOfPage":{"@id":"https:\/\/www.nbscett.nb.ca\/fr\/techs-formes-a-letranger\/le-reseau-canadien-dimmigrants-qualifies-en-technologie\/#primaryimage"},"image":{"@id":"https:\/\/www.nbscett.nb.ca\/fr\/techs-formes-a-letranger\/le-reseau-canadien-dimmigrants-qualifies-en-technologie\/#primaryimage"},"thumbnailUrl":"https:\/\/www.nbscett.nb.ca\/wp-content\/uploads\/2016\/04\/EQTCLogo_colour-300x150.jpg","datePublished":"2016-04-26T16:41:27+00:00","dateModified":"2016-04-26T16:42:32+00:00","breadcrumb":{"@id":"https:\/\/www.nbscett.nb.ca\/fr\/techs-formes-a-letranger\/le-reseau-canadien-dimmigrants-qualifies-en-technologie\/#breadcrumb"},"inLanguage":"fr-FR","potentialAction":[{"@type":"ReadAction","target":["https:\/\/www.nbscett.nb.ca\/fr\/techs-formes-a-letranger\/le-reseau-canadien-dimmigrants-qualifies-en-technologie\/"]}]},{"@type":"ImageObject","inLanguage":"fr-FR","@id":"https:\/\/www.nbscett.nb.ca\/fr\/techs-formes-a-letranger\/le-reseau-canadien-dimmigrants-qualifies-en-technologie\/#primaryimage","url":"https:\/\/www.nbscett.nb.ca\/wp-content\/uploads\/2016\/04\/EQTCLogo_colour-300x150.jpg","contentUrl":"https:\/\/www.nbscett.nb.ca\/wp-content\/uploads\/2016\/04\/EQTCLogo_colour-300x150.jpg"},{"@type":"BreadcrumbList","@id":"https:\/\/www.nbscett.nb.ca\/fr\/techs-formes-a-letranger\/le-reseau-canadien-dimmigrants-qualifies-en-technologie\/#breadcrumb","itemListElement":[{"@type":"ListItem","position":1,"name":"home","item":"https:\/\/www.nbscett.nb.ca\/fr\/"},{"@type":"ListItem","position":2,"name":"Techs form\u00e9s \u00e0 l\u2019\u00e9tranger","item":"https:\/\/www.nbscett.nb.ca\/fr\/techs-formes-a-letranger\/"},{"@type":"ListItem","position":3,"name":"Le R\u00e9seau canadien d\u2019immigrants qualifi\u00e9s en technologie"}]},{"@type":"WebSite","@id":"https:\/\/www.nbscett.nb.ca\/en\/#website","url":"https:\/\/www.nbscett.nb.ca\/en\/","name":"SttagN-B","description":"","potentialAction":[{"@type":"SearchAction","target":{"@type":"EntryPoint","urlTemplate":"https:\/\/www.nbscett.nb.ca\/en\/?s={search_term_string}"},"query-input":{"@type":"PropertyValueSpecification","valueRequired":true,"valueName":"search_term_string"}}],"inLanguage":"fr-FR"}]}},"_links":{"self":[{"href":"https:\/\/www.nbscett.nb.ca\/fr\/wp-json\/wp\/v2\/pages\/325","targetHints":{"allow":["GET"]}}],"collection":[{"href":"https:\/\/www.nbscett.nb.ca\/fr\/wp-json\/wp\/v2\/pages"}],"about":[{"href":"https:\/\/www.nbscett.nb.ca\/fr\/wp-json\/wp\/v2\/types\/page"}],"author":[{"embeddable":true,"href":"https:\/\/www.nbscett.nb.ca\/fr\/wp-json\/wp\/v2\/users\/2"}],"replies":[{"embeddable":true,"href":"https:\/\/www.nbscett.nb.ca\/fr\/wp-json\/wp\/v2\/comments?post=325"}],"version-history":[{"count":0,"href":"https:\/\/www.nbscett.nb.ca\/fr\/wp-json\/wp\/v2\/pages\/325\/revisions"}],"up":[{"embeddable":true,"href":"https:\/\/www.nbscett.nb.ca\/fr\/wp-json\/wp\/v2\/pages\/317"}],"wp:attachment":[{"href":"https:\/\/www.nbscett.nb.ca\/fr\/wp-json\/wp\/v2\/media?parent=325"}],"curies":[{"name":"wp","href":"https:\/\/api.w.org\/{rel}","templated":true}]}}