{"id":324,"date":"2016-04-26T16:31:57","date_gmt":"2016-04-26T16:31:57","guid":{"rendered":"http:\/\/nbscett.wpengine.com\/fr\/?page_id=324"},"modified":"2016-04-26T16:31:57","modified_gmt":"2016-04-26T16:31:57","slug":"evaluation-des-competences-acquises-a-letranger","status":"publish","type":"page","link":"https:\/\/www.nbscett.nb.ca\/fr\/techs-formes-a-letranger\/evaluation-des-competences-acquises-a-letranger\/","title":{"rendered":"\u00c9valuation des comp\u00e9tences acquises \u00e0 l\u2019\u00e9tranger"},"content":{"rendered":"<div class=\"wpb-content-wrapper\"><p>[vc_row][vc_column][vc_column_text]<\/p>\n<h3><a href=\"https:\/\/www.nbscett.nb.ca\/wp-content\/uploads\/2016\/04\/TQAC_fin-logo.jpg\"><img loading=\"lazy\" decoding=\"async\" class=\"alignright wp-image-306 size-medium\" src=\"https:\/\/www.nbscett.nb.ca\/wp-content\/uploads\/2016\/04\/TQAC_fin-logo-300x158.jpg\" alt=\"TQAC_EQTC_fin logo\" width=\"300\" height=\"158\" srcset=\"https:\/\/www.nbscett.nb.ca\/wp-content\/uploads\/2016\/04\/TQAC_fin-logo-300x158.jpg 300w, https:\/\/www.nbscett.nb.ca\/wp-content\/uploads\/2016\/04\/TQAC_fin-logo-768x405.jpg 768w, https:\/\/www.nbscett.nb.ca\/wp-content\/uploads\/2016\/04\/TQAC_fin-logo-1024x540.jpg 1024w, https:\/\/www.nbscett.nb.ca\/wp-content\/uploads\/2016\/04\/TQAC_fin-logo.jpg 1100w\" sizes=\"auto, (max-width: 300px) 100vw, 300px\" \/><\/a><\/h3>\n<h3>Technology Qualifications Assessment Canada<\/h3>\n<p>Technology Qualifications Assessment Canada offre une \u00e9valuation ind\u00e9pendante de la formation et de l\u2019exp\u00e9rience de professionnels de la technologie des sciences appliqu\u00e9es et du g\u00e9nie form\u00e9s \u00e0 l\u2019\u00e9tranger.<\/p>\n<p>Si vous contemplez immigrer au Canada ou si vos \u00eates un nouvel arrivant au Canada, une \u00e9valuation des comp\u00e9tences acquises \u00e0 l\u2019\u00e9tranger peut vous aider, ainsi que vos employeurs potentiels, \u00e0 comprendre comment votre titres de comp\u00e9tences et votre exp\u00e9rience se comparent aux normes canadiennes.<\/p>\n<p>L\u2019\u00e9valuation des comp\u00e9tences acquises \u00e0 l\u2019\u00e9tranger est une mani\u00e8re \u00e9conomique de faire \u00e9valuer vos titres de comp\u00e9tences par rapport aux crit\u00e8res canadiens, ce qui vous permet de montrer comment votre formation et votre exp\u00e9rience se comparent \u00e0 celle d\u2019un technicien ou d\u2019un technologue form\u00e9 au Canada.<br \/>\nPour plus d\u2019information, visitez <a href=\"http:\/\/www.tqac.ca\/\">www.tqac.ca<\/a><\/p>\n<p>[\/vc_column_text][\/vc_column][\/vc_row]<\/p>\n<\/div>","protected":false},"excerpt":{"rendered":"<p>[vc_row][vc_column][vc_column_text] Technology Qualifications Assessment Canada Technology Qualifications Assessment Canada offre une \u00e9valuation ind\u00e9pendante de la formation et de l\u2019exp\u00e9rience de professionnels de la technologie des sciences appliqu\u00e9es et du g\u00e9nie form\u00e9s \u00e0 l\u2019\u00e9tranger. Si vous contemplez immigrer au Canada ou si vos \u00eates un nouvel arrivant au Canada, une \u00e9valuation des comp\u00e9tences acquises \u00e0 l\u2019\u00e9tranger [&hellip;]<\/p>\n","protected":false},"author":2,"featured_media":0,"parent":317,"menu_order":70,"comment_status":"closed","ping_status":"closed","template":"","meta":{"footnotes":""},"class_list":["post-324","page","type-page","status-publish","hentry"],"yoast_head":"<!-- This site is optimized with the Yoast SEO plugin v26.7 - https:\/\/yoast.com\/wordpress\/plugins\/seo\/ -->\n<title>\u00c9valuation des comp\u00e9tences acquises \u00e0 l\u2019\u00e9tranger - SttagN-B<\/title>\n<meta name=\"robots\" content=\"index, follow, max-snippet:-1, max-image-preview:large, max-video-preview:-1\" \/>\n<link rel=\"canonical\" href=\"https:\/\/www.nbscett.nb.ca\/fr\/techs-formes-a-letranger\/evaluation-des-competences-acquises-a-letranger\/\" \/>\n<meta property=\"og:locale\" content=\"fr_FR\" \/>\n<meta property=\"og:type\" content=\"article\" \/>\n<meta property=\"og:title\" content=\"\u00c9valuation des comp\u00e9tences acquises \u00e0 l\u2019\u00e9tranger - SttagN-B\" \/>\n<meta property=\"og:description\" content=\"[vc_row][vc_column][vc_column_text] Technology Qualifications Assessment Canada Technology Qualifications Assessment Canada offre une \u00e9valuation ind\u00e9pendante de la formation et de l\u2019exp\u00e9rience de professionnels de la technologie des sciences appliqu\u00e9es et du g\u00e9nie form\u00e9s \u00e0 l\u2019\u00e9tranger. Si vous contemplez immigrer au Canada ou si vos \u00eates un nouvel arrivant au Canada, une \u00e9valuation des comp\u00e9tences acquises \u00e0 l\u2019\u00e9tranger [&hellip;]\" \/>\n<meta property=\"og:url\" content=\"https:\/\/www.nbscett.nb.ca\/fr\/techs-formes-a-letranger\/evaluation-des-competences-acquises-a-letranger\/\" \/>\n<meta property=\"og:site_name\" content=\"SttagN-B\" \/>\n<meta property=\"og:image\" content=\"https:\/\/www.nbscett.nb.ca\/wp-content\/uploads\/2016\/04\/TQAC_fin-logo-300x158.jpg\" \/>\n<meta name=\"twitter:card\" content=\"summary_large_image\" \/>\n<meta name=\"twitter:label1\" content=\"Dur\u00e9e de lecture estim\u00e9e\" \/>\n\t<meta name=\"twitter:data1\" content=\"1 minute\" \/>\n<script type=\"application\/ld+json\" class=\"yoast-schema-graph\">{\"@context\":\"https:\/\/schema.org\",\"@graph\":[{\"@type\":\"WebPage\",\"@id\":\"https:\/\/www.nbscett.nb.ca\/fr\/techs-formes-a-letranger\/evaluation-des-competences-acquises-a-letranger\/\",\"url\":\"https:\/\/www.nbscett.nb.ca\/fr\/techs-formes-a-letranger\/evaluation-des-competences-acquises-a-letranger\/\",\"name\":\"\u00c9valuation des comp\u00e9tences acquises \u00e0 l\u2019\u00e9tranger - SttagN-B\",\"isPartOf\":{\"@id\":\"https:\/\/www.nbscett.nb.ca\/en\/#website\"},\"primaryImageOfPage\":{\"@id\":\"https:\/\/www.nbscett.nb.ca\/fr\/techs-formes-a-letranger\/evaluation-des-competences-acquises-a-letranger\/#primaryimage\"},\"image\":{\"@id\":\"https:\/\/www.nbscett.nb.ca\/fr\/techs-formes-a-letranger\/evaluation-des-competences-acquises-a-letranger\/#primaryimage\"},\"thumbnailUrl\":\"https:\/\/www.nbscett.nb.ca\/wp-content\/uploads\/2016\/04\/TQAC_fin-logo-300x158.jpg\",\"datePublished\":\"2016-04-26T16:31:57+00:00\",\"breadcrumb\":{\"@id\":\"https:\/\/www.nbscett.nb.ca\/fr\/techs-formes-a-letranger\/evaluation-des-competences-acquises-a-letranger\/#breadcrumb\"},\"inLanguage\":\"fr-FR\",\"potentialAction\":[{\"@type\":\"ReadAction\",\"target\":[\"https:\/\/www.nbscett.nb.ca\/fr\/techs-formes-a-letranger\/evaluation-des-competences-acquises-a-letranger\/\"]}]},{\"@type\":\"ImageObject\",\"inLanguage\":\"fr-FR\",\"@id\":\"https:\/\/www.nbscett.nb.ca\/fr\/techs-formes-a-letranger\/evaluation-des-competences-acquises-a-letranger\/#primaryimage\",\"url\":\"https:\/\/www.nbscett.nb.ca\/wp-content\/uploads\/2016\/04\/TQAC_fin-logo-300x158.jpg\",\"contentUrl\":\"https:\/\/www.nbscett.nb.ca\/wp-content\/uploads\/2016\/04\/TQAC_fin-logo-300x158.jpg\"},{\"@type\":\"BreadcrumbList\",\"@id\":\"https:\/\/www.nbscett.nb.ca\/fr\/techs-formes-a-letranger\/evaluation-des-competences-acquises-a-letranger\/#breadcrumb\",\"itemListElement\":[{\"@type\":\"ListItem\",\"position\":1,\"name\":\"home\",\"item\":\"https:\/\/www.nbscett.nb.ca\/fr\/\"},{\"@type\":\"ListItem\",\"position\":2,\"name\":\"Techs form\u00e9s \u00e0 l\u2019\u00e9tranger\",\"item\":\"https:\/\/www.nbscett.nb.ca\/fr\/techs-formes-a-letranger\/\"},{\"@type\":\"ListItem\",\"position\":3,\"name\":\"\u00c9valuation des comp\u00e9tences acquises \u00e0 l\u2019\u00e9tranger\"}]},{\"@type\":\"WebSite\",\"@id\":\"https:\/\/www.nbscett.nb.ca\/en\/#website\",\"url\":\"https:\/\/www.nbscett.nb.ca\/en\/\",\"name\":\"SttagN-B\",\"description\":\"\",\"potentialAction\":[{\"@type\":\"SearchAction\",\"target\":{\"@type\":\"EntryPoint\",\"urlTemplate\":\"https:\/\/www.nbscett.nb.ca\/en\/?s={search_term_string}\"},\"query-input\":{\"@type\":\"PropertyValueSpecification\",\"valueRequired\":true,\"valueName\":\"search_term_string\"}}],\"inLanguage\":\"fr-FR\"}]}<\/script>\n<!-- \/ Yoast SEO plugin. -->","yoast_head_json":{"title":"\u00c9valuation des comp\u00e9tences acquises \u00e0 l\u2019\u00e9tranger - SttagN-B","robots":{"index":"index","follow":"follow","max-snippet":"max-snippet:-1","max-image-preview":"max-image-preview:large","max-video-preview":"max-video-preview:-1"},"canonical":"https:\/\/www.nbscett.nb.ca\/fr\/techs-formes-a-letranger\/evaluation-des-competences-acquises-a-letranger\/","og_locale":"fr_FR","og_type":"article","og_title":"\u00c9valuation des comp\u00e9tences acquises \u00e0 l\u2019\u00e9tranger - SttagN-B","og_description":"[vc_row][vc_column][vc_column_text] Technology Qualifications Assessment Canada Technology Qualifications Assessment Canada offre une \u00e9valuation ind\u00e9pendante de la formation et de l\u2019exp\u00e9rience de professionnels de la technologie des sciences appliqu\u00e9es et du g\u00e9nie form\u00e9s \u00e0 l\u2019\u00e9tranger. Si vous contemplez immigrer au Canada ou si vos \u00eates un nouvel arrivant au Canada, une \u00e9valuation des comp\u00e9tences acquises \u00e0 l\u2019\u00e9tranger [&hellip;]","og_url":"https:\/\/www.nbscett.nb.ca\/fr\/techs-formes-a-letranger\/evaluation-des-competences-acquises-a-letranger\/","og_site_name":"SttagN-B","og_image":[{"url":"https:\/\/www.nbscett.nb.ca\/wp-content\/uploads\/2016\/04\/TQAC_fin-logo-300x158.jpg","type":"","width":"","height":""}],"twitter_card":"summary_large_image","twitter_misc":{"Dur\u00e9e de lecture estim\u00e9e":"1 minute"},"schema":{"@context":"https:\/\/schema.org","@graph":[{"@type":"WebPage","@id":"https:\/\/www.nbscett.nb.ca\/fr\/techs-formes-a-letranger\/evaluation-des-competences-acquises-a-letranger\/","url":"https:\/\/www.nbscett.nb.ca\/fr\/techs-formes-a-letranger\/evaluation-des-competences-acquises-a-letranger\/","name":"\u00c9valuation des comp\u00e9tences acquises \u00e0 l\u2019\u00e9tranger - SttagN-B","isPartOf":{"@id":"https:\/\/www.nbscett.nb.ca\/en\/#website"},"primaryImageOfPage":{"@id":"https:\/\/www.nbscett.nb.ca\/fr\/techs-formes-a-letranger\/evaluation-des-competences-acquises-a-letranger\/#primaryimage"},"image":{"@id":"https:\/\/www.nbscett.nb.ca\/fr\/techs-formes-a-letranger\/evaluation-des-competences-acquises-a-letranger\/#primaryimage"},"thumbnailUrl":"https:\/\/www.nbscett.nb.ca\/wp-content\/uploads\/2016\/04\/TQAC_fin-logo-300x158.jpg","datePublished":"2016-04-26T16:31:57+00:00","breadcrumb":{"@id":"https:\/\/www.nbscett.nb.ca\/fr\/techs-formes-a-letranger\/evaluation-des-competences-acquises-a-letranger\/#breadcrumb"},"inLanguage":"fr-FR","potentialAction":[{"@type":"ReadAction","target":["https:\/\/www.nbscett.nb.ca\/fr\/techs-formes-a-letranger\/evaluation-des-competences-acquises-a-letranger\/"]}]},{"@type":"ImageObject","inLanguage":"fr-FR","@id":"https:\/\/www.nbscett.nb.ca\/fr\/techs-formes-a-letranger\/evaluation-des-competences-acquises-a-letranger\/#primaryimage","url":"https:\/\/www.nbscett.nb.ca\/wp-content\/uploads\/2016\/04\/TQAC_fin-logo-300x158.jpg","contentUrl":"https:\/\/www.nbscett.nb.ca\/wp-content\/uploads\/2016\/04\/TQAC_fin-logo-300x158.jpg"},{"@type":"BreadcrumbList","@id":"https:\/\/www.nbscett.nb.ca\/fr\/techs-formes-a-letranger\/evaluation-des-competences-acquises-a-letranger\/#breadcrumb","itemListElement":[{"@type":"ListItem","position":1,"name":"home","item":"https:\/\/www.nbscett.nb.ca\/fr\/"},{"@type":"ListItem","position":2,"name":"Techs form\u00e9s \u00e0 l\u2019\u00e9tranger","item":"https:\/\/www.nbscett.nb.ca\/fr\/techs-formes-a-letranger\/"},{"@type":"ListItem","position":3,"name":"\u00c9valuation des comp\u00e9tences acquises \u00e0 l\u2019\u00e9tranger"}]},{"@type":"WebSite","@id":"https:\/\/www.nbscett.nb.ca\/en\/#website","url":"https:\/\/www.nbscett.nb.ca\/en\/","name":"SttagN-B","description":"","potentialAction":[{"@type":"SearchAction","target":{"@type":"EntryPoint","urlTemplate":"https:\/\/www.nbscett.nb.ca\/en\/?s={search_term_string}"},"query-input":{"@type":"PropertyValueSpecification","valueRequired":true,"valueName":"search_term_string"}}],"inLanguage":"fr-FR"}]}},"_links":{"self":[{"href":"https:\/\/www.nbscett.nb.ca\/fr\/wp-json\/wp\/v2\/pages\/324","targetHints":{"allow":["GET"]}}],"collection":[{"href":"https:\/\/www.nbscett.nb.ca\/fr\/wp-json\/wp\/v2\/pages"}],"about":[{"href":"https:\/\/www.nbscett.nb.ca\/fr\/wp-json\/wp\/v2\/types\/page"}],"author":[{"embeddable":true,"href":"https:\/\/www.nbscett.nb.ca\/fr\/wp-json\/wp\/v2\/users\/2"}],"replies":[{"embeddable":true,"href":"https:\/\/www.nbscett.nb.ca\/fr\/wp-json\/wp\/v2\/comments?post=324"}],"version-history":[{"count":0,"href":"https:\/\/www.nbscett.nb.ca\/fr\/wp-json\/wp\/v2\/pages\/324\/revisions"}],"up":[{"embeddable":true,"href":"https:\/\/www.nbscett.nb.ca\/fr\/wp-json\/wp\/v2\/pages\/317"}],"wp:attachment":[{"href":"https:\/\/www.nbscett.nb.ca\/fr\/wp-json\/wp\/v2\/media?parent=324"}],"curies":[{"name":"wp","href":"https:\/\/api.w.org\/{rel}","templated":true}]}}