{"id":323,"date":"2016-04-26T16:01:07","date_gmt":"2016-04-26T16:01:07","guid":{"rendered":"http:\/\/nbscett.wpengine.com\/fr\/?page_id=323"},"modified":"2016-04-26T16:01:07","modified_gmt":"2016-04-26T16:01:07","slug":"options-de-cheminements-de-carriere","status":"publish","type":"page","link":"https:\/\/www.nbscett.nb.ca\/fr\/techs-formes-a-letranger\/options-de-cheminements-de-carriere\/","title":{"rendered":"Options de cheminements de carri\u00e8re"},"content":{"rendered":"<div class=\"wpb-content-wrapper\"><p>[vc_row][vc_column][vc_column_text]Les professions en g\u00e9nie et en technologie offrent d\u2019excellentes possibilit\u00e9s d\u2019emploi et d\u2019avancement de carri\u00e8re au Canada.\u00a0 Selon vos ant\u00e9c\u00e9dents, votre formation et votre exp\u00e9rience peuvent vous amener \u00e0 une carri\u00e8re \u00e0 titre d\u2019ing\u00e9nieur agr\u00e9\u00e9, ou encore \u00e0 une carri\u00e8re fructueuse en tant que technologue ou technicien en sciences appliqu\u00e9es ou en g\u00e9nie.<\/p>\n<p>De nombreux nouveaux arrivants au Canada qui ont \u00e9t\u00e9 form\u00e9s ailleurs deviennent ing\u00e9nieurs agr\u00e9\u00e9s et trouvent de l\u2019emploi dans leur domaine.\u00a0\u00a0Ce n\u2019est toutefois pas toujours le cas puisque l\u2019agr\u00e9ment \u00e0 titre d\u2019ing\u00e9nieur peut requ\u00e9rir une formation suppl\u00e9mentaire qui peut prendre plusieurs mois pour la compl\u00e9ter.\u00a0\u00a0Dans ces circonstances, une autre option est de choisir, selon vos comp\u00e9tences, un cheminement de carri\u00e8re alternatif qui pourrait vous mener imm\u00e9diatement \u00e0 un emploi avec tr\u00e8s peu ou m\u00eame sans formation suppl\u00e9mentaire.<\/p>\n<p>En consid\u00e9rant le cheminement qui vous conviendra, il est important de savoir que les comp\u00e9tences en l\u2019exp\u00e9rience acquises dans une discipline peuvent souvent servir dans d\u2019autres disciplines.\u00a0\u00a0Si vous avez re\u00e7u une formation internationale ou acquis une exp\u00e9rience en g\u00e9nie, en sciences appliqu\u00e9es ou en technologie, il y a des centaines d\u2019autres types d\u2019emploi o\u00f9 vos comp\u00e9tences peuvent \u00eatre appliqu\u00e9es imm\u00e9diatement.\u00a0 Vous devriez explorer toutes vos options et d\u00e9couvrir le cheminement de carri\u00e8re qui vous donnera acc\u00e8s \u00e0 des emplois enrichissants aussi rapidement que possible selon vos comp\u00e9tences et votre exp\u00e9rience.<\/p>\n<p>Pour explorer toutes les possibilit\u00e9s de carri\u00e8res alternatives, visitez <a href=\"http:\/\/www.engineeringcareerpathways.com\/\">www.engineeringcareerpathways.com <\/a>[\/vc_column_text][\/vc_column][\/vc_row]<\/p>\n<\/div>","protected":false},"excerpt":{"rendered":"<p>[vc_row][vc_column][vc_column_text]Les professions en g\u00e9nie et en technologie offrent d\u2019excellentes possibilit\u00e9s d\u2019emploi et d\u2019avancement de carri\u00e8re au Canada.\u00a0 Selon vos ant\u00e9c\u00e9dents, votre formation et votre exp\u00e9rience peuvent vous amener \u00e0 une carri\u00e8re \u00e0 titre d\u2019ing\u00e9nieur agr\u00e9\u00e9, ou encore \u00e0 une carri\u00e8re fructueuse en tant que technologue ou technicien en sciences appliqu\u00e9es ou en g\u00e9nie. De nombreux [&hellip;]<\/p>\n","protected":false},"author":2,"featured_media":0,"parent":317,"menu_order":60,"comment_status":"closed","ping_status":"closed","template":"","meta":{"footnotes":""},"class_list":["post-323","page","type-page","status-publish","hentry"],"yoast_head":"<!-- This site is optimized with the Yoast SEO plugin v26.7 - https:\/\/yoast.com\/wordpress\/plugins\/seo\/ -->\n<title>Options de cheminements de carri\u00e8re - SttagN-B<\/title>\n<meta name=\"robots\" content=\"index, follow, max-snippet:-1, max-image-preview:large, max-video-preview:-1\" \/>\n<link rel=\"canonical\" href=\"https:\/\/www.nbscett.nb.ca\/fr\/techs-formes-a-letranger\/options-de-cheminements-de-carriere\/\" \/>\n<meta property=\"og:locale\" content=\"fr_FR\" \/>\n<meta property=\"og:type\" content=\"article\" \/>\n<meta property=\"og:title\" content=\"Options de cheminements de carri\u00e8re - SttagN-B\" \/>\n<meta property=\"og:description\" content=\"[vc_row][vc_column][vc_column_text]Les professions en g\u00e9nie et en technologie offrent d\u2019excellentes possibilit\u00e9s d\u2019emploi et d\u2019avancement de carri\u00e8re au Canada.\u00a0 Selon vos ant\u00e9c\u00e9dents, votre formation et votre exp\u00e9rience peuvent vous amener \u00e0 une carri\u00e8re \u00e0 titre d\u2019ing\u00e9nieur agr\u00e9\u00e9, ou encore \u00e0 une carri\u00e8re fructueuse en tant que technologue ou technicien en sciences appliqu\u00e9es ou en g\u00e9nie. De nombreux [&hellip;]\" \/>\n<meta property=\"og:url\" content=\"https:\/\/www.nbscett.nb.ca\/fr\/techs-formes-a-letranger\/options-de-cheminements-de-carriere\/\" \/>\n<meta property=\"og:site_name\" content=\"SttagN-B\" \/>\n<meta name=\"twitter:card\" content=\"summary_large_image\" \/>\n<meta name=\"twitter:label1\" content=\"Dur\u00e9e de lecture estim\u00e9e\" \/>\n\t<meta name=\"twitter:data1\" content=\"1 minute\" \/>\n<script type=\"application\/ld+json\" class=\"yoast-schema-graph\">{\"@context\":\"https:\/\/schema.org\",\"@graph\":[{\"@type\":\"WebPage\",\"@id\":\"https:\/\/www.nbscett.nb.ca\/fr\/techs-formes-a-letranger\/options-de-cheminements-de-carriere\/\",\"url\":\"https:\/\/www.nbscett.nb.ca\/fr\/techs-formes-a-letranger\/options-de-cheminements-de-carriere\/\",\"name\":\"Options de cheminements de carri\u00e8re - SttagN-B\",\"isPartOf\":{\"@id\":\"https:\/\/www.nbscett.nb.ca\/en\/#website\"},\"datePublished\":\"2016-04-26T16:01:07+00:00\",\"breadcrumb\":{\"@id\":\"https:\/\/www.nbscett.nb.ca\/fr\/techs-formes-a-letranger\/options-de-cheminements-de-carriere\/#breadcrumb\"},\"inLanguage\":\"fr-FR\",\"potentialAction\":[{\"@type\":\"ReadAction\",\"target\":[\"https:\/\/www.nbscett.nb.ca\/fr\/techs-formes-a-letranger\/options-de-cheminements-de-carriere\/\"]}]},{\"@type\":\"BreadcrumbList\",\"@id\":\"https:\/\/www.nbscett.nb.ca\/fr\/techs-formes-a-letranger\/options-de-cheminements-de-carriere\/#breadcrumb\",\"itemListElement\":[{\"@type\":\"ListItem\",\"position\":1,\"name\":\"home\",\"item\":\"https:\/\/www.nbscett.nb.ca\/fr\/\"},{\"@type\":\"ListItem\",\"position\":2,\"name\":\"Techs form\u00e9s \u00e0 l\u2019\u00e9tranger\",\"item\":\"https:\/\/www.nbscett.nb.ca\/fr\/techs-formes-a-letranger\/\"},{\"@type\":\"ListItem\",\"position\":3,\"name\":\"Options de cheminements de carri\u00e8re\"}]},{\"@type\":\"WebSite\",\"@id\":\"https:\/\/www.nbscett.nb.ca\/en\/#website\",\"url\":\"https:\/\/www.nbscett.nb.ca\/en\/\",\"name\":\"SttagN-B\",\"description\":\"\",\"potentialAction\":[{\"@type\":\"SearchAction\",\"target\":{\"@type\":\"EntryPoint\",\"urlTemplate\":\"https:\/\/www.nbscett.nb.ca\/en\/?s={search_term_string}\"},\"query-input\":{\"@type\":\"PropertyValueSpecification\",\"valueRequired\":true,\"valueName\":\"search_term_string\"}}],\"inLanguage\":\"fr-FR\"}]}<\/script>\n<!-- \/ Yoast SEO plugin. -->","yoast_head_json":{"title":"Options de cheminements de carri\u00e8re - SttagN-B","robots":{"index":"index","follow":"follow","max-snippet":"max-snippet:-1","max-image-preview":"max-image-preview:large","max-video-preview":"max-video-preview:-1"},"canonical":"https:\/\/www.nbscett.nb.ca\/fr\/techs-formes-a-letranger\/options-de-cheminements-de-carriere\/","og_locale":"fr_FR","og_type":"article","og_title":"Options de cheminements de carri\u00e8re - SttagN-B","og_description":"[vc_row][vc_column][vc_column_text]Les professions en g\u00e9nie et en technologie offrent d\u2019excellentes possibilit\u00e9s d\u2019emploi et d\u2019avancement de carri\u00e8re au Canada.\u00a0 Selon vos ant\u00e9c\u00e9dents, votre formation et votre exp\u00e9rience peuvent vous amener \u00e0 une carri\u00e8re \u00e0 titre d\u2019ing\u00e9nieur agr\u00e9\u00e9, ou encore \u00e0 une carri\u00e8re fructueuse en tant que technologue ou technicien en sciences appliqu\u00e9es ou en g\u00e9nie. De nombreux [&hellip;]","og_url":"https:\/\/www.nbscett.nb.ca\/fr\/techs-formes-a-letranger\/options-de-cheminements-de-carriere\/","og_site_name":"SttagN-B","twitter_card":"summary_large_image","twitter_misc":{"Dur\u00e9e de lecture estim\u00e9e":"1 minute"},"schema":{"@context":"https:\/\/schema.org","@graph":[{"@type":"WebPage","@id":"https:\/\/www.nbscett.nb.ca\/fr\/techs-formes-a-letranger\/options-de-cheminements-de-carriere\/","url":"https:\/\/www.nbscett.nb.ca\/fr\/techs-formes-a-letranger\/options-de-cheminements-de-carriere\/","name":"Options de cheminements de carri\u00e8re - SttagN-B","isPartOf":{"@id":"https:\/\/www.nbscett.nb.ca\/en\/#website"},"datePublished":"2016-04-26T16:01:07+00:00","breadcrumb":{"@id":"https:\/\/www.nbscett.nb.ca\/fr\/techs-formes-a-letranger\/options-de-cheminements-de-carriere\/#breadcrumb"},"inLanguage":"fr-FR","potentialAction":[{"@type":"ReadAction","target":["https:\/\/www.nbscett.nb.ca\/fr\/techs-formes-a-letranger\/options-de-cheminements-de-carriere\/"]}]},{"@type":"BreadcrumbList","@id":"https:\/\/www.nbscett.nb.ca\/fr\/techs-formes-a-letranger\/options-de-cheminements-de-carriere\/#breadcrumb","itemListElement":[{"@type":"ListItem","position":1,"name":"home","item":"https:\/\/www.nbscett.nb.ca\/fr\/"},{"@type":"ListItem","position":2,"name":"Techs form\u00e9s \u00e0 l\u2019\u00e9tranger","item":"https:\/\/www.nbscett.nb.ca\/fr\/techs-formes-a-letranger\/"},{"@type":"ListItem","position":3,"name":"Options de cheminements de carri\u00e8re"}]},{"@type":"WebSite","@id":"https:\/\/www.nbscett.nb.ca\/en\/#website","url":"https:\/\/www.nbscett.nb.ca\/en\/","name":"SttagN-B","description":"","potentialAction":[{"@type":"SearchAction","target":{"@type":"EntryPoint","urlTemplate":"https:\/\/www.nbscett.nb.ca\/en\/?s={search_term_string}"},"query-input":{"@type":"PropertyValueSpecification","valueRequired":true,"valueName":"search_term_string"}}],"inLanguage":"fr-FR"}]}},"_links":{"self":[{"href":"https:\/\/www.nbscett.nb.ca\/fr\/wp-json\/wp\/v2\/pages\/323","targetHints":{"allow":["GET"]}}],"collection":[{"href":"https:\/\/www.nbscett.nb.ca\/fr\/wp-json\/wp\/v2\/pages"}],"about":[{"href":"https:\/\/www.nbscett.nb.ca\/fr\/wp-json\/wp\/v2\/types\/page"}],"author":[{"embeddable":true,"href":"https:\/\/www.nbscett.nb.ca\/fr\/wp-json\/wp\/v2\/users\/2"}],"replies":[{"embeddable":true,"href":"https:\/\/www.nbscett.nb.ca\/fr\/wp-json\/wp\/v2\/comments?post=323"}],"version-history":[{"count":0,"href":"https:\/\/www.nbscett.nb.ca\/fr\/wp-json\/wp\/v2\/pages\/323\/revisions"}],"up":[{"embeddable":true,"href":"https:\/\/www.nbscett.nb.ca\/fr\/wp-json\/wp\/v2\/pages\/317"}],"wp:attachment":[{"href":"https:\/\/www.nbscett.nb.ca\/fr\/wp-json\/wp\/v2\/media?parent=323"}],"curies":[{"name":"wp","href":"https:\/\/api.w.org\/{rel}","templated":true}]}}