{"id":321,"date":"2016-04-26T15:52:25","date_gmt":"2016-04-26T15:52:25","guid":{"rendered":"http:\/\/nbscett.wpengine.com\/fr\/?page_id=321"},"modified":"2016-04-26T15:52:25","modified_gmt":"2016-04-26T15:52:25","slug":"technicien-agree-en-genie","status":"publish","type":"page","link":"https:\/\/www.nbscett.nb.ca\/fr\/techs-formes-a-letranger\/technicien-agree-en-genie\/","title":{"rendered":"Technicien agr\u00e9\u00e9 en g\u00e9nie"},"content":{"rendered":"<div class=\"wpb-content-wrapper\"><p>[vc_row][vc_column][vc_column_text]<a href=\"https:\/\/www.nbscett.nb.ca\/wp-content\/uploads\/2016\/04\/28J2204-e1461171183866.jpg\"><img loading=\"lazy\" decoding=\"async\" class=\"alignright wp-image-302\" src=\"https:\/\/www.nbscett.nb.ca\/wp-content\/uploads\/2016\/04\/28J2204-300x200.jpg\" alt=\"_28J2204\" width=\"400\" height=\"267\" \/><\/a><\/p>\n<p>Un technicien du g\u00e9nie agr\u00e9\u00e9 ou un technicien agr\u00e9\u00e9 (ci-apr\u00e8s le technicien) peut, apr\u00e8s avoir suivi une formation et acquis une exp\u00e9rience en application des principes scientifiques, de g\u00e9nie ou de math\u00e9matiques, assumer la responsabilit\u00e9 et exercer un jugement autonome dans la sp\u00e9cialit\u00e9 du domaine de la technologie du g\u00e9nie ou des sciences appliqu\u00e9es pour laquelle il a suivi une formation.\u00a0 Gr\u00e2ce \u00e0 cette formation et \u00e0 cette exp\u00e9rience, le technicien est pr\u00eat \u00e0 assumer la responsabilit\u00e9 des aspects des travaux dans la sp\u00e9cialit\u00e9 du domaine de formation.<\/p>\n<h3>\u00c9tudes et formation<\/h3>\n<p>La formation formelle d&rsquo;un technicien repose sur un ensemble d&rsquo;\u00e9l\u00e9ments fondamentaux en math\u00e9matiques, en g\u00e9nie et en sciences.\u00a0 Les \u00e9l\u00e9ments de base des math\u00e9matiques comprennent des notions comme l&rsquo;alg\u00e8bre, la g\u00e9om\u00e9trie, la trigonom\u00e9trie, les statistiques descriptives, les applications informatiques et le calcul d&rsquo;introduction dans la mesure o\u00f9 cela est exig\u00e9 pour l&rsquo;explication des composantes techniques de la sp\u00e9cialit\u00e9 du domaine de formation.\u00a0 Le technicien utilisera les math\u00e9matiques comme outil pour r\u00e9gler les probl\u00e8mes techniques de sa sp\u00e9cialit\u00e9.\u00a0 Les \u00e9l\u00e9ments fondamentaux des sciences et du g\u00e9nie assurent une solide base ainsi que les math\u00e9matiques pour la formation sp\u00e9cialis\u00e9e qui normalement appelle des solutions empiriques plut\u00f4t que des solutions analytiques aux probl\u00e8mes techniques.\u00a0 Les parties formelles et th\u00e9oriques d&rsquo;un programme de formation sont enrichies de fa\u00e7on appropri\u00e9e par l&rsquo;exp\u00e9rience en laboratoire et des projets qui repr\u00e9sentent environ la moiti\u00e9 de l&rsquo;ensemble du programme.<\/p>\n<h3>Agr\u00e9ment<\/h3>\n<p>Une personne qui a r\u00e9ussi aux examens d&rsquo;une association provinciale, ou qui obtient un dipl\u00f4me d&rsquo;un programme accr\u00e9dit\u00e9 au niveau de technologue ou qui autrement satisfait aux normes relatives aux \u00e9tudes \u00e9tablies par l&rsquo;organisme d&rsquo;agr\u00e9ment, peut apr\u00e8s avoir acquis deux ann\u00e9es d&rsquo;exp\u00e9rience pratique acceptable dans un domaine de travail directement li\u00e9 au domaine des \u00e9tudes, \u00eatre agr\u00e9\u00e9 comme technologue du g\u00e9nie (CET) ou technologue des sciences appliqu\u00e9es (CTech).<\/p>\n<h3>Perspectives de carri\u00e8re<\/h3>\n<p>Le technicien peut effectuer divers proc\u00e9d\u00e9s de travaux techniques dans le domaine sp\u00e9cialis\u00e9 pour lequel l&rsquo;agr\u00e9ment a \u00e9t\u00e9 accord\u00e9.\u00a0 Il existe des perspectives de carri\u00e8re ou d&#8217;emploi dans bon nombre de phases de l&rsquo;industrie, en consultation, en affaires, au sein d&rsquo;organismes gouvernementaux et publics.\u00a0 Les domaines comprennent normalement : la conception, le marketing, les ventes, l&rsquo;estimation, la recherche et le d\u00e9veloppement, le contr\u00f4le de la production, les achats, les op\u00e9rations et la production, les essais, le contr\u00f4le de la qualit\u00e9, l&rsquo;entretien et le service sur le terrain et \u00e0 la client\u00e8le, la supervision des projets et des gens, l&rsquo;enseignement et la formation.\u00a0 Ces travaux sont habituellement ex\u00e9cut\u00e9s en collaboration avec d&rsquo;autres professionnels au sein d&rsquo;une \u00e9quipe.<\/p>\n<h3>Fonctions et responsabilit\u00e9s<\/h3>\n<p>Le technicien utilise une approche pratique fond\u00e9e sur une compr\u00e9hension approfondie du domaine de la technologie pour lequel l&rsquo;agr\u00e9ment a \u00e9t\u00e9 accord\u00e9.\u00a0 Le technicien \u00e9value ses t\u00e2ches, ses objectifs et ses instructions pour choisir des modalit\u00e9s et des mesures afin de r\u00e9gler le probl\u00e8me assign\u00e9.\u00a0 Le technicien peut :<\/p>\n<ul>\n<li>Collaborer \u00e0 la conception d\u2019\u00e9quipements ou des syst\u00e8mes; collaborer \u00e0 l&rsquo;interpr\u00e9tation et \u00e0 la pr\u00e9paration ou \u00e0 la modification des devis, des dessins techniques ou des instructions; pr\u00e9parer des estimations et superviser les phases des projets d&rsquo;envergure.<\/li>\n<\/ul>\n<ul>\n<li>Effectuer des essais; b\u00e2tir des prototypes ou des mod\u00e8les; exploiter des usines pilotes; faire du d\u00e9pannage pour le mat\u00e9riel; r\u00e9soudre des probl\u00e8mes de production ou de construction; compiler des donn\u00e9es et des rapports.<\/li>\n<li>Superviser les phases de projets de construction; inspecter les projets de construction; effectuer des tests, des relev\u00e9s ou pr\u00e9parer des estimations pour les activit\u00e9s de construction.<\/li>\n<li>Assurer un service de d\u00e9pannage, faire du calibrage ou superviser la r\u00e9paration ou l&rsquo;installation de proc\u00e9d\u00e9s ou de produits d&rsquo;\u00e9quipement.<\/li>\n<li>Fournir un soutien pour les op\u00e9rations, y compris la supervision des op\u00e9rations ou des activit\u00e9s li\u00e9es aux op\u00e9rations comme l&rsquo;assurance de la qualit\u00e9, le contr\u00f4le de la production et l&rsquo;entretien.<\/li>\n<li>Assurer un soutien en laboratoire en effectuant des exp\u00e9riences, en effectuant des essais ou en assurant un service d&rsquo;entretien de l&rsquo;\u00e9quipement complexe pour appuyer la recherche et le d\u00e9veloppement, le contr\u00f4le de la qualit\u00e9 ou les activit\u00e9s formelles.\u00a0 Superviser et former les autres et coordonner leurs activit\u00e9s.<\/li>\n<\/ul>\n<p>M\u00eame si certaines fonctions du technicien peuvent \u00eatre semblables \u00e0 celles de personnes de m\u00e9tier qualifi\u00e9es, elles ne seraient pas normalement de nature routini\u00e8re et seraient appliqu\u00e9es uniquement pour le mat\u00e9riel ou les proc\u00e9d\u00e9s sophistiqu\u00e9s.\u00a0 Bon nombre des fonctions du technicien seront semblables \u00e0 celles du technologue et d&rsquo;autres professionnels, mais cette ressemblance se manifestera dans des sp\u00e9cialit\u00e9s tr\u00e8s s\u00e9lectives.<\/p>\n<p>Le technicien du g\u00e9nie agr\u00e9\u00e9 ou le technicien agr\u00e9\u00e9 peut, gr\u00e2ce \u00e0 sa vaste exp\u00e9rience dans le domaine, devenir reconnu comme un expert technique dans une sp\u00e9cialit\u00e9 bien d\u00e9finie.\u00a0 Il assumera la responsabilit\u00e9 de ses travaux en tout temps et sera li\u00e9 par un code de d\u00e9ontologie professionnel.\u00a0 Il sera identifi\u00e9 par la d\u00e9signation de l&rsquo;agr\u00e9ment suivante : CTech.[\/vc_column_text][\/vc_column][\/vc_row]<\/p>\n<\/div>","protected":false},"excerpt":{"rendered":"<p>[vc_row][vc_column][vc_column_text] Un technicien du g\u00e9nie agr\u00e9\u00e9 ou un technicien agr\u00e9\u00e9 (ci-apr\u00e8s le technicien) peut, apr\u00e8s avoir suivi une formation et acquis une exp\u00e9rience en application des principes scientifiques, de g\u00e9nie ou de math\u00e9matiques, assumer la responsabilit\u00e9 et exercer un jugement autonome dans la sp\u00e9cialit\u00e9 du domaine de la technologie du g\u00e9nie ou des sciences appliqu\u00e9es [&hellip;]<\/p>\n","protected":false},"author":2,"featured_media":0,"parent":317,"menu_order":40,"comment_status":"closed","ping_status":"closed","template":"","meta":{"footnotes":""},"class_list":["post-321","page","type-page","status-publish","hentry"],"yoast_head":"<!-- This site is optimized with the Yoast SEO plugin v26.7 - https:\/\/yoast.com\/wordpress\/plugins\/seo\/ -->\n<title>Technicien agr\u00e9\u00e9 en g\u00e9nie - SttagN-B<\/title>\n<meta name=\"robots\" content=\"index, follow, max-snippet:-1, max-image-preview:large, max-video-preview:-1\" \/>\n<link rel=\"canonical\" href=\"https:\/\/www.nbscett.nb.ca\/fr\/techs-formes-a-letranger\/technicien-agree-en-genie\/\" \/>\n<meta property=\"og:locale\" content=\"fr_FR\" \/>\n<meta property=\"og:type\" content=\"article\" \/>\n<meta property=\"og:title\" content=\"Technicien agr\u00e9\u00e9 en g\u00e9nie - SttagN-B\" \/>\n<meta property=\"og:description\" content=\"[vc_row][vc_column][vc_column_text] Un technicien du g\u00e9nie agr\u00e9\u00e9 ou un technicien agr\u00e9\u00e9 (ci-apr\u00e8s le technicien) peut, apr\u00e8s avoir suivi une formation et acquis une exp\u00e9rience en application des principes scientifiques, de g\u00e9nie ou de math\u00e9matiques, assumer la responsabilit\u00e9 et exercer un jugement autonome dans la sp\u00e9cialit\u00e9 du domaine de la technologie du g\u00e9nie ou des sciences appliqu\u00e9es [&hellip;]\" \/>\n<meta property=\"og:url\" content=\"https:\/\/www.nbscett.nb.ca\/fr\/techs-formes-a-letranger\/technicien-agree-en-genie\/\" \/>\n<meta property=\"og:site_name\" content=\"SttagN-B\" \/>\n<meta property=\"og:image\" content=\"https:\/\/www.nbscett.nb.ca\/wp-content\/uploads\/2016\/04\/28J2204-300x200.jpg\" \/>\n<meta name=\"twitter:card\" content=\"summary_large_image\" \/>\n<meta name=\"twitter:label1\" content=\"Dur\u00e9e de lecture estim\u00e9e\" \/>\n\t<meta name=\"twitter:data1\" content=\"5 minutes\" \/>\n<script type=\"application\/ld+json\" class=\"yoast-schema-graph\">{\"@context\":\"https:\/\/schema.org\",\"@graph\":[{\"@type\":\"WebPage\",\"@id\":\"https:\/\/www.nbscett.nb.ca\/fr\/techs-formes-a-letranger\/technicien-agree-en-genie\/\",\"url\":\"https:\/\/www.nbscett.nb.ca\/fr\/techs-formes-a-letranger\/technicien-agree-en-genie\/\",\"name\":\"Technicien agr\u00e9\u00e9 en g\u00e9nie - SttagN-B\",\"isPartOf\":{\"@id\":\"https:\/\/www.nbscett.nb.ca\/en\/#website\"},\"primaryImageOfPage\":{\"@id\":\"https:\/\/www.nbscett.nb.ca\/fr\/techs-formes-a-letranger\/technicien-agree-en-genie\/#primaryimage\"},\"image\":{\"@id\":\"https:\/\/www.nbscett.nb.ca\/fr\/techs-formes-a-letranger\/technicien-agree-en-genie\/#primaryimage\"},\"thumbnailUrl\":\"https:\/\/www.nbscett.nb.ca\/wp-content\/uploads\/2016\/04\/28J2204-300x200.jpg\",\"datePublished\":\"2016-04-26T15:52:25+00:00\",\"breadcrumb\":{\"@id\":\"https:\/\/www.nbscett.nb.ca\/fr\/techs-formes-a-letranger\/technicien-agree-en-genie\/#breadcrumb\"},\"inLanguage\":\"fr-FR\",\"potentialAction\":[{\"@type\":\"ReadAction\",\"target\":[\"https:\/\/www.nbscett.nb.ca\/fr\/techs-formes-a-letranger\/technicien-agree-en-genie\/\"]}]},{\"@type\":\"ImageObject\",\"inLanguage\":\"fr-FR\",\"@id\":\"https:\/\/www.nbscett.nb.ca\/fr\/techs-formes-a-letranger\/technicien-agree-en-genie\/#primaryimage\",\"url\":\"https:\/\/www.nbscett.nb.ca\/wp-content\/uploads\/2016\/04\/28J2204-300x200.jpg\",\"contentUrl\":\"https:\/\/www.nbscett.nb.ca\/wp-content\/uploads\/2016\/04\/28J2204-300x200.jpg\"},{\"@type\":\"BreadcrumbList\",\"@id\":\"https:\/\/www.nbscett.nb.ca\/fr\/techs-formes-a-letranger\/technicien-agree-en-genie\/#breadcrumb\",\"itemListElement\":[{\"@type\":\"ListItem\",\"position\":1,\"name\":\"home\",\"item\":\"https:\/\/www.nbscett.nb.ca\/fr\/\"},{\"@type\":\"ListItem\",\"position\":2,\"name\":\"Techs form\u00e9s \u00e0 l\u2019\u00e9tranger\",\"item\":\"https:\/\/www.nbscett.nb.ca\/fr\/techs-formes-a-letranger\/\"},{\"@type\":\"ListItem\",\"position\":3,\"name\":\"Technicien agr\u00e9\u00e9 en g\u00e9nie\"}]},{\"@type\":\"WebSite\",\"@id\":\"https:\/\/www.nbscett.nb.ca\/en\/#website\",\"url\":\"https:\/\/www.nbscett.nb.ca\/en\/\",\"name\":\"SttagN-B\",\"description\":\"\",\"potentialAction\":[{\"@type\":\"SearchAction\",\"target\":{\"@type\":\"EntryPoint\",\"urlTemplate\":\"https:\/\/www.nbscett.nb.ca\/en\/?s={search_term_string}\"},\"query-input\":{\"@type\":\"PropertyValueSpecification\",\"valueRequired\":true,\"valueName\":\"search_term_string\"}}],\"inLanguage\":\"fr-FR\"}]}<\/script>\n<!-- \/ Yoast SEO plugin. -->","yoast_head_json":{"title":"Technicien agr\u00e9\u00e9 en g\u00e9nie - SttagN-B","robots":{"index":"index","follow":"follow","max-snippet":"max-snippet:-1","max-image-preview":"max-image-preview:large","max-video-preview":"max-video-preview:-1"},"canonical":"https:\/\/www.nbscett.nb.ca\/fr\/techs-formes-a-letranger\/technicien-agree-en-genie\/","og_locale":"fr_FR","og_type":"article","og_title":"Technicien agr\u00e9\u00e9 en g\u00e9nie - SttagN-B","og_description":"[vc_row][vc_column][vc_column_text] Un technicien du g\u00e9nie agr\u00e9\u00e9 ou un technicien agr\u00e9\u00e9 (ci-apr\u00e8s le technicien) peut, apr\u00e8s avoir suivi une formation et acquis une exp\u00e9rience en application des principes scientifiques, de g\u00e9nie ou de math\u00e9matiques, assumer la responsabilit\u00e9 et exercer un jugement autonome dans la sp\u00e9cialit\u00e9 du domaine de la technologie du g\u00e9nie ou des sciences appliqu\u00e9es [&hellip;]","og_url":"https:\/\/www.nbscett.nb.ca\/fr\/techs-formes-a-letranger\/technicien-agree-en-genie\/","og_site_name":"SttagN-B","og_image":[{"url":"https:\/\/www.nbscett.nb.ca\/wp-content\/uploads\/2016\/04\/28J2204-300x200.jpg","type":"","width":"","height":""}],"twitter_card":"summary_large_image","twitter_misc":{"Dur\u00e9e de lecture estim\u00e9e":"5 minutes"},"schema":{"@context":"https:\/\/schema.org","@graph":[{"@type":"WebPage","@id":"https:\/\/www.nbscett.nb.ca\/fr\/techs-formes-a-letranger\/technicien-agree-en-genie\/","url":"https:\/\/www.nbscett.nb.ca\/fr\/techs-formes-a-letranger\/technicien-agree-en-genie\/","name":"Technicien agr\u00e9\u00e9 en g\u00e9nie - SttagN-B","isPartOf":{"@id":"https:\/\/www.nbscett.nb.ca\/en\/#website"},"primaryImageOfPage":{"@id":"https:\/\/www.nbscett.nb.ca\/fr\/techs-formes-a-letranger\/technicien-agree-en-genie\/#primaryimage"},"image":{"@id":"https:\/\/www.nbscett.nb.ca\/fr\/techs-formes-a-letranger\/technicien-agree-en-genie\/#primaryimage"},"thumbnailUrl":"https:\/\/www.nbscett.nb.ca\/wp-content\/uploads\/2016\/04\/28J2204-300x200.jpg","datePublished":"2016-04-26T15:52:25+00:00","breadcrumb":{"@id":"https:\/\/www.nbscett.nb.ca\/fr\/techs-formes-a-letranger\/technicien-agree-en-genie\/#breadcrumb"},"inLanguage":"fr-FR","potentialAction":[{"@type":"ReadAction","target":["https:\/\/www.nbscett.nb.ca\/fr\/techs-formes-a-letranger\/technicien-agree-en-genie\/"]}]},{"@type":"ImageObject","inLanguage":"fr-FR","@id":"https:\/\/www.nbscett.nb.ca\/fr\/techs-formes-a-letranger\/technicien-agree-en-genie\/#primaryimage","url":"https:\/\/www.nbscett.nb.ca\/wp-content\/uploads\/2016\/04\/28J2204-300x200.jpg","contentUrl":"https:\/\/www.nbscett.nb.ca\/wp-content\/uploads\/2016\/04\/28J2204-300x200.jpg"},{"@type":"BreadcrumbList","@id":"https:\/\/www.nbscett.nb.ca\/fr\/techs-formes-a-letranger\/technicien-agree-en-genie\/#breadcrumb","itemListElement":[{"@type":"ListItem","position":1,"name":"home","item":"https:\/\/www.nbscett.nb.ca\/fr\/"},{"@type":"ListItem","position":2,"name":"Techs form\u00e9s \u00e0 l\u2019\u00e9tranger","item":"https:\/\/www.nbscett.nb.ca\/fr\/techs-formes-a-letranger\/"},{"@type":"ListItem","position":3,"name":"Technicien agr\u00e9\u00e9 en g\u00e9nie"}]},{"@type":"WebSite","@id":"https:\/\/www.nbscett.nb.ca\/en\/#website","url":"https:\/\/www.nbscett.nb.ca\/en\/","name":"SttagN-B","description":"","potentialAction":[{"@type":"SearchAction","target":{"@type":"EntryPoint","urlTemplate":"https:\/\/www.nbscett.nb.ca\/en\/?s={search_term_string}"},"query-input":{"@type":"PropertyValueSpecification","valueRequired":true,"valueName":"search_term_string"}}],"inLanguage":"fr-FR"}]}},"_links":{"self":[{"href":"https:\/\/www.nbscett.nb.ca\/fr\/wp-json\/wp\/v2\/pages\/321","targetHints":{"allow":["GET"]}}],"collection":[{"href":"https:\/\/www.nbscett.nb.ca\/fr\/wp-json\/wp\/v2\/pages"}],"about":[{"href":"https:\/\/www.nbscett.nb.ca\/fr\/wp-json\/wp\/v2\/types\/page"}],"author":[{"embeddable":true,"href":"https:\/\/www.nbscett.nb.ca\/fr\/wp-json\/wp\/v2\/users\/2"}],"replies":[{"embeddable":true,"href":"https:\/\/www.nbscett.nb.ca\/fr\/wp-json\/wp\/v2\/comments?post=321"}],"version-history":[{"count":0,"href":"https:\/\/www.nbscett.nb.ca\/fr\/wp-json\/wp\/v2\/pages\/321\/revisions"}],"up":[{"embeddable":true,"href":"https:\/\/www.nbscett.nb.ca\/fr\/wp-json\/wp\/v2\/pages\/317"}],"wp:attachment":[{"href":"https:\/\/www.nbscett.nb.ca\/fr\/wp-json\/wp\/v2\/media?parent=321"}],"curies":[{"name":"wp","href":"https:\/\/api.w.org\/{rel}","templated":true}]}}