{"id":320,"date":"2016-04-26T15:46:59","date_gmt":"2016-04-26T15:46:59","guid":{"rendered":"http:\/\/nbscett.wpengine.com\/fr\/?page_id=320"},"modified":"2023-02-22T14:07:08","modified_gmt":"2023-02-22T14:07:08","slug":"technologue-agree-en-genie-sciences-appliquees","status":"publish","type":"page","link":"https:\/\/www.nbscett.nb.ca\/fr\/techs-formes-a-letranger\/technologue-agree-en-genie-sciences-appliquees\/","title":{"rendered":"Technologue agr\u00e9\u00e9 en g\u00e9nie \/ sciences appliqu\u00e9es"},"content":{"rendered":"<div class=\"wpb-content-wrapper\"><p>[vc_row][vc_column][vc_column_text]<a href=\"https:\/\/www.nbscett.nb.ca\/wp-content\/uploads\/2016\/04\/28J5277-e1461163452580.jpg\"><img loading=\"lazy\" decoding=\"async\" class=\"alignright wp-image-301\" src=\"https:\/\/www.nbscett.nb.ca\/wp-content\/uploads\/2016\/04\/28J5277-300x200.jpg\" alt=\"_28J5277\" width=\"400\" height=\"267\" \/><\/a><\/p>\n<p>Un technologue agr\u00e9\u00e9 en g\u00e9nie ou en sciences appliqu\u00e9es (ci apr\u00e8s d\u00e9sign\u00e9 le technologue) est un professionnel qui, ayant acquis une formation formelle et une exp\u00e9rience en application des principes scientifiques ou de g\u00e9nie et de math\u00e9matiques, peut assumer la responsabilit\u00e9 d&rsquo;exercer un jugement autonome dans le domaine des techniques du g\u00e9nie ou des sciences appliqu\u00e9es pour lequel il a suivi une formation.\u00a0 Gr\u00e2ce \u00e0 cette formation et \u00e0 cette exp\u00e9rience, le technologue est pr\u00eat \u00e0 assumer la responsabilit\u00e9 finale de tous les aspects des travaux dans ce domaine de formation.<\/p>\n<h3>\u00c9tudes et formation<\/h3>\n<p>La formation formelle d&rsquo;un technologue repose sur un ensemble d&rsquo;\u00e9l\u00e9ments fondamentaux en math\u00e9matiques, en g\u00e9nie et en sciences appliqu\u00e9es.\u00a0 Les \u00e9l\u00e9ments de base des math\u00e9matiques comprennent des notions comme les \u00e9quations diff\u00e9rentielles, l&rsquo;int\u00e9gration, l&rsquo;alg\u00e8bre lin\u00e9aire, la g\u00e9om\u00e9trie analytique, la trigonom\u00e9trie, les statistiques, les math\u00e9matiques para informatiques, qui permettent d&rsquo;effectuer la synth\u00e8se des conceptions ou l&rsquo;analyse des probl\u00e8mes techniques de la discipline.\u00a0 Les \u00e9l\u00e9ments de base du g\u00e9nie et des sciences offrent une solide base ainsi que les math\u00e9matiques pour la formation en sciences appliqu\u00e9es ou en g\u00e9nie, applicables \u00e0 une branche particuli\u00e8re ou \u00e0 une sp\u00e9cialit\u00e9 de la technologie.\u00a0 Les parties formelles et th\u00e9oriques d&rsquo;un programme de formation sont enrichies de fa\u00e7on appropri\u00e9e par les travaux en laboratoire et les exp\u00e9riences des projets qui repr\u00e9sentent environ un tiers de l&rsquo;ensemble du programme.<\/p>\n<h3>Agr\u00e9ment<\/h3>\n<p>Une personne qui a r\u00e9ussi aux examens d&rsquo;une association provinciale, ou qui obtient un dipl\u00f4me d&rsquo;un programme accr\u00e9dit\u00e9 au niveau de technologue ou qui autrement satisfait aux normes relatives aux \u00e9tudes \u00e9tablies par l&rsquo;organisme d&rsquo;agr\u00e9ment, peut apr\u00e8s avoir acquis deux ann\u00e9es d&rsquo;exp\u00e9rience pratique acceptable dans un domaine de travail directement li\u00e9 au domaine des \u00e9tudes, \u00eatre agr\u00e9\u00e9 comme technologue du g\u00e9nie ou technologue des sciences appliqu\u00e9es.<\/p>\n<h3>Perspectives de carri\u00e8re<\/h3>\n<p>Le technologue peut effectuer divers proc\u00e9d\u00e9s de travaux complexes dans la sp\u00e9cialit\u00e9 et dans le domaine de la technologie identifi\u00e9 pour lequel l&rsquo;agr\u00e9ment a \u00e9t\u00e9 accord\u00e9.\u00a0 Il existe des perspectives de carri\u00e8re ou d&#8217;emploi dans la plupart des phases de l&rsquo;industrie, en consultation, en affaires, au sein d&rsquo;organismes gouvernementaux et publics.\u00a0 Les domaines comprendraient normalement la conception, le marketing, les ventes, l&rsquo;estimation et la recherche et le d\u00e9veloppement, le contr\u00f4le de la production, les achats, les op\u00e9rations et la production, les essais, la gestion de la qualit\u00e9, l&rsquo;entretien, les services \u00e0 la client\u00e8le et sur le terrain, la gestion et la supervision des projets et des gens, l&rsquo;enseignement et la formation.\u00a0 Ces travaux peuvent \u00eatre ex\u00e9cut\u00e9s de fa\u00e7on autonome ou en collaboration avec d&rsquo;autres professionnels au sein d&rsquo;une \u00e9quipe.<\/p>\n<h3>Fonctions et responsabilit\u00e9s<\/h3>\n<p>Le technologue utilise une approche appliqu\u00e9e fond\u00e9e sur une compr\u00e9hension approfondie du domaine de la technologie pour lequel l&rsquo;agr\u00e9ment a \u00e9t\u00e9 accord\u00e9.\u00a0 Le technologue \u00e9value les t\u00e2ches, \u00e9tablit les objectifs, d\u00e9finit les probl\u00e8mes et d\u00e9termine les modalit\u00e9s et les mesures \u00e0 suivre pour r\u00e9soudre les probl\u00e8mes.\u00a0 Le technologue peut :<\/p>\n<ul>\n<li>Concevoir de l&rsquo;\u00e9quipement, des proc\u00e9d\u00e9s ou des syst\u00e8mes; interpr\u00e9ter et pr\u00e9parer des devis, des dessins techniques ou des instructions; pr\u00e9parer des estimations et g\u00e9rer des projets.<\/li>\n<li>Pr\u00e9ciser des essais, effectuer des essais non routiniers; d\u00e9velopper des prototypes; exploiter des usines pilotes; faire du d\u00e9pannage pour le mat\u00e9riel complexe; r\u00e9soudre des probl\u00e8mes de production ou de construction; compiler des donn\u00e9es exp\u00e9rimentales ou pr\u00e9parer des rapports.<\/li>\n<li>Superviser, former, coordonner et assumer la responsabilit\u00e9 administrative des travaux des autres et participer \u00e0 la planification \u00e0 court et \u00e0 long terme.<\/li>\n<li>Effectuer des \u00e9tudes, faire des calculs, pr\u00e9parer ou \u00e9laborer des programmes, fournir des instructions ou implanter des projets.<\/li>\n<\/ul>\n<p>Le technologue agr\u00e9\u00e9 en g\u00e9nie ou en sciences appliqu\u00e9es assume la responsabilit\u00e9 de son travail et est en tout temps li\u00e9 par un code de d\u00e9ontologie professionnel.\u00a0 Il sera identifi\u00e9 par les d\u00e9signations d&rsquo;agr\u00e9ment suivantes : CET; AScT; TScA; RET; TP; PTech.<\/p>\n<h2><strong>Formulaires de demandes d\u2019adh\u00e9sion<\/strong><\/h2>\n<p>Le mat\u00e9riel et les formulaires requis, avec paiement, pour une demande d\u2019adh\u00e9sion ou de reclassement sont les suivants\u00a0:<\/p>\n<ul>\n<li><a href=\"\/fr\/demande-dinscription-ou-de-reclassement\/\">Formulaire de demande<\/a><\/li>\n<li>Guide d\u2019information du registraire<\/li>\n<li>Formulaire de demande de changement de d\u00e9signation<\/li>\n<li>Formulaire de libell\u00e9 du certificat mural<\/li>\n<\/ul>\n<p>[\/vc_column_text][\/vc_column][\/vc_row]<\/p>\n<\/div>","protected":false},"excerpt":{"rendered":"<p>[vc_row][vc_column][vc_column_text] Un technologue agr\u00e9\u00e9 en g\u00e9nie ou en sciences appliqu\u00e9es (ci apr\u00e8s d\u00e9sign\u00e9 le technologue) est un professionnel qui, ayant acquis une formation formelle et une exp\u00e9rience en application des principes scientifiques ou de g\u00e9nie et de math\u00e9matiques, peut assumer la responsabilit\u00e9 d&rsquo;exercer un jugement autonome dans le domaine des techniques du g\u00e9nie ou des [&hellip;]<\/p>\n","protected":false},"author":2,"featured_media":0,"parent":317,"menu_order":30,"comment_status":"closed","ping_status":"closed","template":"","meta":{"footnotes":""},"class_list":["post-320","page","type-page","status-publish","hentry"],"yoast_head":"<!-- This site is optimized with the Yoast SEO plugin v26.7 - https:\/\/yoast.com\/wordpress\/plugins\/seo\/ -->\n<title>Technologue agr\u00e9\u00e9 en g\u00e9nie \/ sciences appliqu\u00e9es - SttagN-B<\/title>\n<meta name=\"robots\" content=\"index, follow, max-snippet:-1, max-image-preview:large, max-video-preview:-1\" \/>\n<link rel=\"canonical\" href=\"https:\/\/www.nbscett.nb.ca\/en\/new-arrivals-internationally-trained\/certified-engineering-applied-science-technologist\/\" \/>\n<meta property=\"og:locale\" content=\"fr_FR\" \/>\n<meta property=\"og:type\" content=\"article\" \/>\n<meta property=\"og:title\" content=\"Technologue agr\u00e9\u00e9 en g\u00e9nie \/ sciences appliqu\u00e9es - SttagN-B\" \/>\n<meta property=\"og:description\" content=\"[vc_row][vc_column][vc_column_text] Un technologue agr\u00e9\u00e9 en g\u00e9nie ou en sciences appliqu\u00e9es (ci apr\u00e8s d\u00e9sign\u00e9 le technologue) est un professionnel qui, ayant acquis une formation formelle et une exp\u00e9rience en application des principes scientifiques ou de g\u00e9nie et de math\u00e9matiques, peut assumer la responsabilit\u00e9 d&rsquo;exercer un jugement autonome dans le domaine des techniques du g\u00e9nie ou des [&hellip;]\" \/>\n<meta property=\"og:url\" content=\"https:\/\/www.nbscett.nb.ca\/en\/new-arrivals-internationally-trained\/certified-engineering-applied-science-technologist\/\" \/>\n<meta property=\"og:site_name\" content=\"SttagN-B\" \/>\n<meta property=\"article:modified_time\" content=\"2023-02-22T14:07:08+00:00\" \/>\n<meta property=\"og:image\" content=\"https:\/\/www.nbscett.nb.ca\/wp-content\/uploads\/2016\/04\/28J5277-300x200.jpg\" \/>\n<meta name=\"twitter:card\" content=\"summary_large_image\" \/>\n<meta name=\"twitter:label1\" content=\"Dur\u00e9e de lecture estim\u00e9e\" \/>\n\t<meta name=\"twitter:data1\" content=\"4 minutes\" \/>\n<script type=\"application\/ld+json\" class=\"yoast-schema-graph\">{\"@context\":\"https:\/\/schema.org\",\"@graph\":[{\"@type\":\"WebPage\",\"@id\":\"https:\/\/www.nbscett.nb.ca\/en\/new-arrivals-internationally-trained\/certified-engineering-applied-science-technologist\/\",\"url\":\"https:\/\/www.nbscett.nb.ca\/en\/new-arrivals-internationally-trained\/certified-engineering-applied-science-technologist\/\",\"name\":\"Technologue agr\u00e9\u00e9 en g\u00e9nie \/ sciences appliqu\u00e9es - SttagN-B\",\"isPartOf\":{\"@id\":\"https:\/\/www.nbscett.nb.ca\/en\/#website\"},\"primaryImageOfPage\":{\"@id\":\"https:\/\/www.nbscett.nb.ca\/en\/new-arrivals-internationally-trained\/certified-engineering-applied-science-technologist\/#primaryimage\"},\"image\":{\"@id\":\"https:\/\/www.nbscett.nb.ca\/en\/new-arrivals-internationally-trained\/certified-engineering-applied-science-technologist\/#primaryimage\"},\"thumbnailUrl\":\"https:\/\/www.nbscett.nb.ca\/wp-content\/uploads\/2016\/04\/28J5277-300x200.jpg\",\"datePublished\":\"2016-04-26T15:46:59+00:00\",\"dateModified\":\"2023-02-22T14:07:08+00:00\",\"breadcrumb\":{\"@id\":\"https:\/\/www.nbscett.nb.ca\/en\/new-arrivals-internationally-trained\/certified-engineering-applied-science-technologist\/#breadcrumb\"},\"inLanguage\":\"fr-FR\",\"potentialAction\":[{\"@type\":\"ReadAction\",\"target\":[\"https:\/\/www.nbscett.nb.ca\/en\/new-arrivals-internationally-trained\/certified-engineering-applied-science-technologist\/\"]}]},{\"@type\":\"ImageObject\",\"inLanguage\":\"fr-FR\",\"@id\":\"https:\/\/www.nbscett.nb.ca\/en\/new-arrivals-internationally-trained\/certified-engineering-applied-science-technologist\/#primaryimage\",\"url\":\"https:\/\/www.nbscett.nb.ca\/wp-content\/uploads\/2016\/04\/28J5277-300x200.jpg\",\"contentUrl\":\"https:\/\/www.nbscett.nb.ca\/wp-content\/uploads\/2016\/04\/28J5277-300x200.jpg\"},{\"@type\":\"BreadcrumbList\",\"@id\":\"https:\/\/www.nbscett.nb.ca\/en\/new-arrivals-internationally-trained\/certified-engineering-applied-science-technologist\/#breadcrumb\",\"itemListElement\":[{\"@type\":\"ListItem\",\"position\":1,\"name\":\"home\",\"item\":\"https:\/\/www.nbscett.nb.ca\/fr\/\"},{\"@type\":\"ListItem\",\"position\":2,\"name\":\"Techs form\u00e9s \u00e0 l\u2019\u00e9tranger\",\"item\":\"https:\/\/www.nbscett.nb.ca\/fr\/techs-formes-a-letranger\/\"},{\"@type\":\"ListItem\",\"position\":3,\"name\":\"Technologue agr\u00e9\u00e9 en g\u00e9nie \/ sciences appliqu\u00e9es\"}]},{\"@type\":\"WebSite\",\"@id\":\"https:\/\/www.nbscett.nb.ca\/en\/#website\",\"url\":\"https:\/\/www.nbscett.nb.ca\/en\/\",\"name\":\"SttagN-B\",\"description\":\"\",\"potentialAction\":[{\"@type\":\"SearchAction\",\"target\":{\"@type\":\"EntryPoint\",\"urlTemplate\":\"https:\/\/www.nbscett.nb.ca\/en\/?s={search_term_string}\"},\"query-input\":{\"@type\":\"PropertyValueSpecification\",\"valueRequired\":true,\"valueName\":\"search_term_string\"}}],\"inLanguage\":\"fr-FR\"}]}<\/script>\n<!-- \/ Yoast SEO plugin. -->","yoast_head_json":{"title":"Technologue agr\u00e9\u00e9 en g\u00e9nie \/ sciences appliqu\u00e9es - SttagN-B","robots":{"index":"index","follow":"follow","max-snippet":"max-snippet:-1","max-image-preview":"max-image-preview:large","max-video-preview":"max-video-preview:-1"},"canonical":"https:\/\/www.nbscett.nb.ca\/en\/new-arrivals-internationally-trained\/certified-engineering-applied-science-technologist\/","og_locale":"fr_FR","og_type":"article","og_title":"Technologue agr\u00e9\u00e9 en g\u00e9nie \/ sciences appliqu\u00e9es - SttagN-B","og_description":"[vc_row][vc_column][vc_column_text] Un technologue agr\u00e9\u00e9 en g\u00e9nie ou en sciences appliqu\u00e9es (ci apr\u00e8s d\u00e9sign\u00e9 le technologue) est un professionnel qui, ayant acquis une formation formelle et une exp\u00e9rience en application des principes scientifiques ou de g\u00e9nie et de math\u00e9matiques, peut assumer la responsabilit\u00e9 d&rsquo;exercer un jugement autonome dans le domaine des techniques du g\u00e9nie ou des [&hellip;]","og_url":"https:\/\/www.nbscett.nb.ca\/en\/new-arrivals-internationally-trained\/certified-engineering-applied-science-technologist\/","og_site_name":"SttagN-B","article_modified_time":"2023-02-22T14:07:08+00:00","og_image":[{"url":"https:\/\/www.nbscett.nb.ca\/wp-content\/uploads\/2016\/04\/28J5277-300x200.jpg","type":"","width":"","height":""}],"twitter_card":"summary_large_image","twitter_misc":{"Dur\u00e9e de lecture estim\u00e9e":"4 minutes"},"schema":{"@context":"https:\/\/schema.org","@graph":[{"@type":"WebPage","@id":"https:\/\/www.nbscett.nb.ca\/en\/new-arrivals-internationally-trained\/certified-engineering-applied-science-technologist\/","url":"https:\/\/www.nbscett.nb.ca\/en\/new-arrivals-internationally-trained\/certified-engineering-applied-science-technologist\/","name":"Technologue agr\u00e9\u00e9 en g\u00e9nie \/ sciences appliqu\u00e9es - SttagN-B","isPartOf":{"@id":"https:\/\/www.nbscett.nb.ca\/en\/#website"},"primaryImageOfPage":{"@id":"https:\/\/www.nbscett.nb.ca\/en\/new-arrivals-internationally-trained\/certified-engineering-applied-science-technologist\/#primaryimage"},"image":{"@id":"https:\/\/www.nbscett.nb.ca\/en\/new-arrivals-internationally-trained\/certified-engineering-applied-science-technologist\/#primaryimage"},"thumbnailUrl":"https:\/\/www.nbscett.nb.ca\/wp-content\/uploads\/2016\/04\/28J5277-300x200.jpg","datePublished":"2016-04-26T15:46:59+00:00","dateModified":"2023-02-22T14:07:08+00:00","breadcrumb":{"@id":"https:\/\/www.nbscett.nb.ca\/en\/new-arrivals-internationally-trained\/certified-engineering-applied-science-technologist\/#breadcrumb"},"inLanguage":"fr-FR","potentialAction":[{"@type":"ReadAction","target":["https:\/\/www.nbscett.nb.ca\/en\/new-arrivals-internationally-trained\/certified-engineering-applied-science-technologist\/"]}]},{"@type":"ImageObject","inLanguage":"fr-FR","@id":"https:\/\/www.nbscett.nb.ca\/en\/new-arrivals-internationally-trained\/certified-engineering-applied-science-technologist\/#primaryimage","url":"https:\/\/www.nbscett.nb.ca\/wp-content\/uploads\/2016\/04\/28J5277-300x200.jpg","contentUrl":"https:\/\/www.nbscett.nb.ca\/wp-content\/uploads\/2016\/04\/28J5277-300x200.jpg"},{"@type":"BreadcrumbList","@id":"https:\/\/www.nbscett.nb.ca\/en\/new-arrivals-internationally-trained\/certified-engineering-applied-science-technologist\/#breadcrumb","itemListElement":[{"@type":"ListItem","position":1,"name":"home","item":"https:\/\/www.nbscett.nb.ca\/fr\/"},{"@type":"ListItem","position":2,"name":"Techs form\u00e9s \u00e0 l\u2019\u00e9tranger","item":"https:\/\/www.nbscett.nb.ca\/fr\/techs-formes-a-letranger\/"},{"@type":"ListItem","position":3,"name":"Technologue agr\u00e9\u00e9 en g\u00e9nie \/ sciences appliqu\u00e9es"}]},{"@type":"WebSite","@id":"https:\/\/www.nbscett.nb.ca\/en\/#website","url":"https:\/\/www.nbscett.nb.ca\/en\/","name":"SttagN-B","description":"","potentialAction":[{"@type":"SearchAction","target":{"@type":"EntryPoint","urlTemplate":"https:\/\/www.nbscett.nb.ca\/en\/?s={search_term_string}"},"query-input":{"@type":"PropertyValueSpecification","valueRequired":true,"valueName":"search_term_string"}}],"inLanguage":"fr-FR"}]}},"_links":{"self":[{"href":"https:\/\/www.nbscett.nb.ca\/fr\/wp-json\/wp\/v2\/pages\/320","targetHints":{"allow":["GET"]}}],"collection":[{"href":"https:\/\/www.nbscett.nb.ca\/fr\/wp-json\/wp\/v2\/pages"}],"about":[{"href":"https:\/\/www.nbscett.nb.ca\/fr\/wp-json\/wp\/v2\/types\/page"}],"author":[{"embeddable":true,"href":"https:\/\/www.nbscett.nb.ca\/fr\/wp-json\/wp\/v2\/users\/2"}],"replies":[{"embeddable":true,"href":"https:\/\/www.nbscett.nb.ca\/fr\/wp-json\/wp\/v2\/comments?post=320"}],"version-history":[{"count":0,"href":"https:\/\/www.nbscett.nb.ca\/fr\/wp-json\/wp\/v2\/pages\/320\/revisions"}],"up":[{"embeddable":true,"href":"https:\/\/www.nbscett.nb.ca\/fr\/wp-json\/wp\/v2\/pages\/317"}],"wp:attachment":[{"href":"https:\/\/www.nbscett.nb.ca\/fr\/wp-json\/wp\/v2\/media?parent=320"}],"curies":[{"name":"wp","href":"https:\/\/api.w.org\/{rel}","templated":true}]}}