{"id":319,"date":"2016-04-26T15:40:48","date_gmt":"2016-04-26T15:40:48","guid":{"rendered":"http:\/\/nbscett.wpengine.com\/fr\/?page_id=319"},"modified":"2016-04-26T15:40:48","modified_gmt":"2016-04-26T15:40:48","slug":"reconnaissance-des-titres-de-competences","status":"publish","type":"page","link":"https:\/\/www.nbscett.nb.ca\/fr\/techs-formes-a-letranger\/reconnaissance-des-titres-de-competences\/","title":{"rendered":"Reconnaissance des titres de comp\u00e9tences"},"content":{"rendered":"<div class=\"wpb-content-wrapper\"><p>[vc_row][vc_column][vc_column_text]<a href=\"https:\/\/www.nbscett.nb.ca\/wp-content\/uploads\/2016\/04\/028J0280-e1461171741551.jpg\"><img loading=\"lazy\" decoding=\"async\" class=\"alignright wp-image-304\" src=\"https:\/\/www.nbscett.nb.ca\/wp-content\/uploads\/2016\/04\/028J0280-300x200.jpg\" alt=\"028J0280\" width=\"400\" height=\"267\" \/><\/a><\/p>\n<p>Au Canada, la plupart des techniciens et technologues ne sont pas r\u00e9gis par des lois provinciales. Par contre, de nombreux employeurs requi\u00e8rent que leurs techniciens et technologues soit agr\u00e9\u00e9s, ou du moins pr\u00e9f\u00e8rent embaucher ceux qui ont re\u00e7u l\u2019agr\u00e9ment.<\/p>\n<p>Les associations provinciales, dont la SttagN-B, sont charg\u00e9es de d\u00e9livrer les certificats d\u2019agr\u00e9ment selon des crit\u00e8res nationaux. L\u2019agr\u00e9ment est reconnu par toutes les provinces et facilite la mobilit\u00e9 interprovinciale.<\/p>\n<p>La plupart des associations provinciales offrent l\u2019adh\u00e9sion aux personnes qui ne sont pas encore agr\u00e9\u00e9s mais qui ont entrepris le processus d\u2019agr\u00e9ment. Pour un technologue ou un technicien form\u00e9 \u00e0 l\u2019\u00e9tranger, il peut falloir un an ou plus pour obtenir l\u2019agr\u00e9ment puisqu\u2019il faut un an d\u2019exp\u00e9rience de travail au Canada pour obtenir l\u2019agr\u00e9ment.<\/p>\n<p>Une fois agr\u00e9\u00e9s, les technologues et les techniciens peuvent utiliser l\u2019une des d\u00e9signations suivantes\u00a0: Certified Engineering Technologist (CET), Applied Science Technologis (AscT), Registered Engineering Technologist (RET), Certified Technician (CTech) ou technologue professionnel (TP).<\/p>\n<p>Essayez notre outil d\u2019auto\u00e9valuation pour savoir comment votre scolarit\u00e9 et votre exp\u00e9rience de travail seront \u00e9valu\u00e9s au Canada.<\/p>\n<p>[\/vc_column_text][\/vc_column][\/vc_row]<\/p>\n<\/div>","protected":false},"excerpt":{"rendered":"<p>[vc_row][vc_column][vc_column_text] Au Canada, la plupart des techniciens et technologues ne sont pas r\u00e9gis par des lois provinciales. Par contre, de nombreux employeurs requi\u00e8rent que leurs techniciens et technologues soit agr\u00e9\u00e9s, ou du moins pr\u00e9f\u00e8rent embaucher ceux qui ont re\u00e7u l\u2019agr\u00e9ment. Les associations provinciales, dont la SttagN-B, sont charg\u00e9es de d\u00e9livrer les certificats d\u2019agr\u00e9ment selon des [&hellip;]<\/p>\n","protected":false},"author":2,"featured_media":0,"parent":317,"menu_order":20,"comment_status":"closed","ping_status":"closed","template":"","meta":{"footnotes":""},"class_list":["post-319","page","type-page","status-publish","hentry"],"yoast_head":"<!-- This site is optimized with the Yoast SEO plugin v26.7 - https:\/\/yoast.com\/wordpress\/plugins\/seo\/ -->\n<title>Reconnaissance des titres de comp\u00e9tences - SttagN-B<\/title>\n<meta name=\"robots\" content=\"index, follow, max-snippet:-1, max-image-preview:large, max-video-preview:-1\" \/>\n<link rel=\"canonical\" href=\"https:\/\/www.nbscett.nb.ca\/fr\/techs-formes-a-letranger\/reconnaissance-des-titres-de-competences\/\" \/>\n<meta property=\"og:locale\" content=\"fr_FR\" \/>\n<meta property=\"og:type\" content=\"article\" \/>\n<meta property=\"og:title\" content=\"Reconnaissance des titres de comp\u00e9tences - SttagN-B\" \/>\n<meta property=\"og:description\" content=\"[vc_row][vc_column][vc_column_text] Au Canada, la plupart des techniciens et technologues ne sont pas r\u00e9gis par des lois provinciales. Par contre, de nombreux employeurs requi\u00e8rent que leurs techniciens et technologues soit agr\u00e9\u00e9s, ou du moins pr\u00e9f\u00e8rent embaucher ceux qui ont re\u00e7u l\u2019agr\u00e9ment. Les associations provinciales, dont la SttagN-B, sont charg\u00e9es de d\u00e9livrer les certificats d\u2019agr\u00e9ment selon des [&hellip;]\" \/>\n<meta property=\"og:url\" content=\"https:\/\/www.nbscett.nb.ca\/fr\/techs-formes-a-letranger\/reconnaissance-des-titres-de-competences\/\" \/>\n<meta property=\"og:site_name\" content=\"SttagN-B\" \/>\n<meta property=\"og:image\" content=\"https:\/\/www.nbscett.nb.ca\/wp-content\/uploads\/2016\/04\/028J0280-300x200.jpg\" \/>\n<meta name=\"twitter:card\" content=\"summary_large_image\" \/>\n<meta name=\"twitter:label1\" content=\"Dur\u00e9e de lecture estim\u00e9e\" \/>\n\t<meta name=\"twitter:data1\" content=\"1 minute\" \/>\n<script type=\"application\/ld+json\" class=\"yoast-schema-graph\">{\"@context\":\"https:\/\/schema.org\",\"@graph\":[{\"@type\":\"WebPage\",\"@id\":\"https:\/\/www.nbscett.nb.ca\/fr\/techs-formes-a-letranger\/reconnaissance-des-titres-de-competences\/\",\"url\":\"https:\/\/www.nbscett.nb.ca\/fr\/techs-formes-a-letranger\/reconnaissance-des-titres-de-competences\/\",\"name\":\"Reconnaissance des titres de comp\u00e9tences - SttagN-B\",\"isPartOf\":{\"@id\":\"https:\/\/www.nbscett.nb.ca\/en\/#website\"},\"primaryImageOfPage\":{\"@id\":\"https:\/\/www.nbscett.nb.ca\/fr\/techs-formes-a-letranger\/reconnaissance-des-titres-de-competences\/#primaryimage\"},\"image\":{\"@id\":\"https:\/\/www.nbscett.nb.ca\/fr\/techs-formes-a-letranger\/reconnaissance-des-titres-de-competences\/#primaryimage\"},\"thumbnailUrl\":\"https:\/\/www.nbscett.nb.ca\/wp-content\/uploads\/2016\/04\/028J0280-300x200.jpg\",\"datePublished\":\"2016-04-26T15:40:48+00:00\",\"breadcrumb\":{\"@id\":\"https:\/\/www.nbscett.nb.ca\/fr\/techs-formes-a-letranger\/reconnaissance-des-titres-de-competences\/#breadcrumb\"},\"inLanguage\":\"fr-FR\",\"potentialAction\":[{\"@type\":\"ReadAction\",\"target\":[\"https:\/\/www.nbscett.nb.ca\/fr\/techs-formes-a-letranger\/reconnaissance-des-titres-de-competences\/\"]}]},{\"@type\":\"ImageObject\",\"inLanguage\":\"fr-FR\",\"@id\":\"https:\/\/www.nbscett.nb.ca\/fr\/techs-formes-a-letranger\/reconnaissance-des-titres-de-competences\/#primaryimage\",\"url\":\"https:\/\/www.nbscett.nb.ca\/wp-content\/uploads\/2016\/04\/028J0280-300x200.jpg\",\"contentUrl\":\"https:\/\/www.nbscett.nb.ca\/wp-content\/uploads\/2016\/04\/028J0280-300x200.jpg\"},{\"@type\":\"BreadcrumbList\",\"@id\":\"https:\/\/www.nbscett.nb.ca\/fr\/techs-formes-a-letranger\/reconnaissance-des-titres-de-competences\/#breadcrumb\",\"itemListElement\":[{\"@type\":\"ListItem\",\"position\":1,\"name\":\"home\",\"item\":\"https:\/\/www.nbscett.nb.ca\/fr\/\"},{\"@type\":\"ListItem\",\"position\":2,\"name\":\"Techs form\u00e9s \u00e0 l\u2019\u00e9tranger\",\"item\":\"https:\/\/www.nbscett.nb.ca\/fr\/techs-formes-a-letranger\/\"},{\"@type\":\"ListItem\",\"position\":3,\"name\":\"Reconnaissance des titres de comp\u00e9tences\"}]},{\"@type\":\"WebSite\",\"@id\":\"https:\/\/www.nbscett.nb.ca\/en\/#website\",\"url\":\"https:\/\/www.nbscett.nb.ca\/en\/\",\"name\":\"SttagN-B\",\"description\":\"\",\"potentialAction\":[{\"@type\":\"SearchAction\",\"target\":{\"@type\":\"EntryPoint\",\"urlTemplate\":\"https:\/\/www.nbscett.nb.ca\/en\/?s={search_term_string}\"},\"query-input\":{\"@type\":\"PropertyValueSpecification\",\"valueRequired\":true,\"valueName\":\"search_term_string\"}}],\"inLanguage\":\"fr-FR\"}]}<\/script>\n<!-- \/ Yoast SEO plugin. -->","yoast_head_json":{"title":"Reconnaissance des titres de comp\u00e9tences - SttagN-B","robots":{"index":"index","follow":"follow","max-snippet":"max-snippet:-1","max-image-preview":"max-image-preview:large","max-video-preview":"max-video-preview:-1"},"canonical":"https:\/\/www.nbscett.nb.ca\/fr\/techs-formes-a-letranger\/reconnaissance-des-titres-de-competences\/","og_locale":"fr_FR","og_type":"article","og_title":"Reconnaissance des titres de comp\u00e9tences - SttagN-B","og_description":"[vc_row][vc_column][vc_column_text] Au Canada, la plupart des techniciens et technologues ne sont pas r\u00e9gis par des lois provinciales. Par contre, de nombreux employeurs requi\u00e8rent que leurs techniciens et technologues soit agr\u00e9\u00e9s, ou du moins pr\u00e9f\u00e8rent embaucher ceux qui ont re\u00e7u l\u2019agr\u00e9ment. Les associations provinciales, dont la SttagN-B, sont charg\u00e9es de d\u00e9livrer les certificats d\u2019agr\u00e9ment selon des [&hellip;]","og_url":"https:\/\/www.nbscett.nb.ca\/fr\/techs-formes-a-letranger\/reconnaissance-des-titres-de-competences\/","og_site_name":"SttagN-B","og_image":[{"url":"https:\/\/www.nbscett.nb.ca\/wp-content\/uploads\/2016\/04\/028J0280-300x200.jpg","type":"","width":"","height":""}],"twitter_card":"summary_large_image","twitter_misc":{"Dur\u00e9e de lecture estim\u00e9e":"1 minute"},"schema":{"@context":"https:\/\/schema.org","@graph":[{"@type":"WebPage","@id":"https:\/\/www.nbscett.nb.ca\/fr\/techs-formes-a-letranger\/reconnaissance-des-titres-de-competences\/","url":"https:\/\/www.nbscett.nb.ca\/fr\/techs-formes-a-letranger\/reconnaissance-des-titres-de-competences\/","name":"Reconnaissance des titres de comp\u00e9tences - SttagN-B","isPartOf":{"@id":"https:\/\/www.nbscett.nb.ca\/en\/#website"},"primaryImageOfPage":{"@id":"https:\/\/www.nbscett.nb.ca\/fr\/techs-formes-a-letranger\/reconnaissance-des-titres-de-competences\/#primaryimage"},"image":{"@id":"https:\/\/www.nbscett.nb.ca\/fr\/techs-formes-a-letranger\/reconnaissance-des-titres-de-competences\/#primaryimage"},"thumbnailUrl":"https:\/\/www.nbscett.nb.ca\/wp-content\/uploads\/2016\/04\/028J0280-300x200.jpg","datePublished":"2016-04-26T15:40:48+00:00","breadcrumb":{"@id":"https:\/\/www.nbscett.nb.ca\/fr\/techs-formes-a-letranger\/reconnaissance-des-titres-de-competences\/#breadcrumb"},"inLanguage":"fr-FR","potentialAction":[{"@type":"ReadAction","target":["https:\/\/www.nbscett.nb.ca\/fr\/techs-formes-a-letranger\/reconnaissance-des-titres-de-competences\/"]}]},{"@type":"ImageObject","inLanguage":"fr-FR","@id":"https:\/\/www.nbscett.nb.ca\/fr\/techs-formes-a-letranger\/reconnaissance-des-titres-de-competences\/#primaryimage","url":"https:\/\/www.nbscett.nb.ca\/wp-content\/uploads\/2016\/04\/028J0280-300x200.jpg","contentUrl":"https:\/\/www.nbscett.nb.ca\/wp-content\/uploads\/2016\/04\/028J0280-300x200.jpg"},{"@type":"BreadcrumbList","@id":"https:\/\/www.nbscett.nb.ca\/fr\/techs-formes-a-letranger\/reconnaissance-des-titres-de-competences\/#breadcrumb","itemListElement":[{"@type":"ListItem","position":1,"name":"home","item":"https:\/\/www.nbscett.nb.ca\/fr\/"},{"@type":"ListItem","position":2,"name":"Techs form\u00e9s \u00e0 l\u2019\u00e9tranger","item":"https:\/\/www.nbscett.nb.ca\/fr\/techs-formes-a-letranger\/"},{"@type":"ListItem","position":3,"name":"Reconnaissance des titres de comp\u00e9tences"}]},{"@type":"WebSite","@id":"https:\/\/www.nbscett.nb.ca\/en\/#website","url":"https:\/\/www.nbscett.nb.ca\/en\/","name":"SttagN-B","description":"","potentialAction":[{"@type":"SearchAction","target":{"@type":"EntryPoint","urlTemplate":"https:\/\/www.nbscett.nb.ca\/en\/?s={search_term_string}"},"query-input":{"@type":"PropertyValueSpecification","valueRequired":true,"valueName":"search_term_string"}}],"inLanguage":"fr-FR"}]}},"_links":{"self":[{"href":"https:\/\/www.nbscett.nb.ca\/fr\/wp-json\/wp\/v2\/pages\/319","targetHints":{"allow":["GET"]}}],"collection":[{"href":"https:\/\/www.nbscett.nb.ca\/fr\/wp-json\/wp\/v2\/pages"}],"about":[{"href":"https:\/\/www.nbscett.nb.ca\/fr\/wp-json\/wp\/v2\/types\/page"}],"author":[{"embeddable":true,"href":"https:\/\/www.nbscett.nb.ca\/fr\/wp-json\/wp\/v2\/users\/2"}],"replies":[{"embeddable":true,"href":"https:\/\/www.nbscett.nb.ca\/fr\/wp-json\/wp\/v2\/comments?post=319"}],"version-history":[{"count":0,"href":"https:\/\/www.nbscett.nb.ca\/fr\/wp-json\/wp\/v2\/pages\/319\/revisions"}],"up":[{"embeddable":true,"href":"https:\/\/www.nbscett.nb.ca\/fr\/wp-json\/wp\/v2\/pages\/317"}],"wp:attachment":[{"href":"https:\/\/www.nbscett.nb.ca\/fr\/wp-json\/wp\/v2\/media?parent=319"}],"curies":[{"name":"wp","href":"https:\/\/api.w.org\/{rel}","templated":true}]}}