{"id":318,"date":"2016-04-26T15:38:23","date_gmt":"2016-04-26T15:38:23","guid":{"rendered":"http:\/\/nbscett.wpengine.com\/fr\/?page_id=318"},"modified":"2016-04-26T15:38:23","modified_gmt":"2016-04-26T15:38:23","slug":"travailler-au-canada","status":"publish","type":"page","link":"https:\/\/www.nbscett.nb.ca\/fr\/techs-formes-a-letranger\/travailler-au-canada\/","title":{"rendered":"Travailler au Canada"},"content":{"rendered":"<div class=\"wpb-content-wrapper\"><p>[vc_row][vc_column][vc_column_text]<a href=\"https:\/\/www.nbscett.nb.ca\/wp-content\/uploads\/2016\/03\/CollegePreview-NirmaniKarunaratne-ElecEngTech-IMG_2143.jpg\"><img loading=\"lazy\" decoding=\"async\" class=\"alignright wp-image-292\" src=\"https:\/\/www.nbscett.nb.ca\/wp-content\/uploads\/2016\/03\/CollegePreview-NirmaniKarunaratne-ElecEngTech-IMG_2143-300x200.jpg\" alt=\"CollegePreview-NirmaniKarunaratne-ElecEngTech-IMG_2143\" width=\"400\" height=\"267\" srcset=\"https:\/\/www.nbscett.nb.ca\/wp-content\/uploads\/2016\/03\/CollegePreview-NirmaniKarunaratne-ElecEngTech-IMG_2143-300x200.jpg 300w, https:\/\/www.nbscett.nb.ca\/wp-content\/uploads\/2016\/03\/CollegePreview-NirmaniKarunaratne-ElecEngTech-IMG_2143-768x512.jpg 768w, https:\/\/www.nbscett.nb.ca\/wp-content\/uploads\/2016\/03\/CollegePreview-NirmaniKarunaratne-ElecEngTech-IMG_2143-1024x683.jpg 1024w\" sizes=\"auto, (max-width: 400px) 100vw, 400px\" \/><\/a><\/p>\n<p>Une grande diversit\u00e9 d\u2019occupations font partie des classifications de technologue ou de technicien au Canada. Il est important de comprendre comment vos titres de comp\u00e9tences et votre exp\u00e9rience se comparent \u00e0 ceux de travailleurs canadiens. Par exemple, des professionnels peuvent travailler comme ing\u00e9nieurs dans leurs pays d\u2019origine, mais pourraient trouver qu\u2019ils sont classifi\u00e9s comme technicien ou technologue au Canada.<\/p>\n<p>Les techniciens et les technologues agr\u00e9\u00e9s b\u00e9n\u00e9ficient de salaires concurrentiels et des carri\u00e8res stables et enrichissantes. Comme le Canada fait face \u00e0 une p\u00e9nurie de pr\u00e8s de 20 000 professionnels de la technologie, une carri\u00e8re \u00e0 titre de technicien ou de technologue agr\u00e9\u00e9 peut vous offrir un statut professionnel et beaucoup de succ\u00e8s.<\/p>\n<p>Le Canada a deux langues officielles, soit le fran\u00e7ais et l\u2019anglais. Selon l\u2019endroit o\u00f9 vous d\u00e9cidez de vous installer, vous pourriez \u00eatre appel\u00e9 \u00e0 travailler dans l\u2019une ou l\u2019autre langue, ou les deux. Familiarisez-vous avec les exigences de votre profession dans la province o\u00f9 vous voulez travailler. Des occupations sp\u00e9cifiques et les provinces ont des processus d\u2019agr\u00e9ment l\u00e9g\u00e8rement diff\u00e9rents. Les exigences d\u2019agr\u00e9ment provinciales comprennent g\u00e9n\u00e9ralement une \u00e9valuation de vos comp\u00e9tences linguistiques, de vos titres de comp\u00e9tences et de votre exp\u00e9rience de travail, ainsi qu\u2019un examen.[\/vc_column_text][\/vc_column][\/vc_row]<\/p>\n<\/div>","protected":false},"excerpt":{"rendered":"<p>[vc_row][vc_column][vc_column_text] Une grande diversit\u00e9 d\u2019occupations font partie des classifications de technologue ou de technicien au Canada. Il est important de comprendre comment vos titres de comp\u00e9tences et votre exp\u00e9rience se comparent \u00e0 ceux de travailleurs canadiens. Par exemple, des professionnels peuvent travailler comme ing\u00e9nieurs dans leurs pays d\u2019origine, mais pourraient trouver qu\u2019ils sont classifi\u00e9s comme [&hellip;]<\/p>\n","protected":false},"author":2,"featured_media":0,"parent":317,"menu_order":10,"comment_status":"closed","ping_status":"closed","template":"","meta":{"footnotes":""},"class_list":["post-318","page","type-page","status-publish","hentry"],"yoast_head":"<!-- This site is optimized with the Yoast SEO plugin v26.7 - https:\/\/yoast.com\/wordpress\/plugins\/seo\/ -->\n<title>Travailler au Canada - SttagN-B<\/title>\n<meta name=\"robots\" content=\"index, follow, max-snippet:-1, max-image-preview:large, max-video-preview:-1\" \/>\n<link rel=\"canonical\" href=\"https:\/\/www.nbscett.nb.ca\/fr\/techs-formes-a-letranger\/travailler-au-canada\/\" \/>\n<meta property=\"og:locale\" content=\"fr_FR\" \/>\n<meta property=\"og:type\" content=\"article\" \/>\n<meta property=\"og:title\" content=\"Travailler au Canada - SttagN-B\" \/>\n<meta property=\"og:description\" content=\"[vc_row][vc_column][vc_column_text] Une grande diversit\u00e9 d\u2019occupations font partie des classifications de technologue ou de technicien au Canada. Il est important de comprendre comment vos titres de comp\u00e9tences et votre exp\u00e9rience se comparent \u00e0 ceux de travailleurs canadiens. Par exemple, des professionnels peuvent travailler comme ing\u00e9nieurs dans leurs pays d\u2019origine, mais pourraient trouver qu\u2019ils sont classifi\u00e9s comme [&hellip;]\" \/>\n<meta property=\"og:url\" content=\"https:\/\/www.nbscett.nb.ca\/fr\/techs-formes-a-letranger\/travailler-au-canada\/\" \/>\n<meta property=\"og:site_name\" content=\"SttagN-B\" \/>\n<meta property=\"og:image\" content=\"https:\/\/www.nbscett.nb.ca\/wp-content\/uploads\/2016\/03\/CollegePreview-NirmaniKarunaratne-ElecEngTech-IMG_2143-300x200.jpg\" \/>\n<meta name=\"twitter:card\" content=\"summary_large_image\" \/>\n<meta name=\"twitter:label1\" content=\"Dur\u00e9e de lecture estim\u00e9e\" \/>\n\t<meta name=\"twitter:data1\" content=\"1 minute\" \/>\n<script type=\"application\/ld+json\" class=\"yoast-schema-graph\">{\"@context\":\"https:\/\/schema.org\",\"@graph\":[{\"@type\":\"WebPage\",\"@id\":\"https:\/\/www.nbscett.nb.ca\/fr\/techs-formes-a-letranger\/travailler-au-canada\/\",\"url\":\"https:\/\/www.nbscett.nb.ca\/fr\/techs-formes-a-letranger\/travailler-au-canada\/\",\"name\":\"Travailler au Canada - SttagN-B\",\"isPartOf\":{\"@id\":\"https:\/\/www.nbscett.nb.ca\/en\/#website\"},\"primaryImageOfPage\":{\"@id\":\"https:\/\/www.nbscett.nb.ca\/fr\/techs-formes-a-letranger\/travailler-au-canada\/#primaryimage\"},\"image\":{\"@id\":\"https:\/\/www.nbscett.nb.ca\/fr\/techs-formes-a-letranger\/travailler-au-canada\/#primaryimage\"},\"thumbnailUrl\":\"https:\/\/www.nbscett.nb.ca\/wp-content\/uploads\/2016\/03\/CollegePreview-NirmaniKarunaratne-ElecEngTech-IMG_2143-300x200.jpg\",\"datePublished\":\"2016-04-26T15:38:23+00:00\",\"breadcrumb\":{\"@id\":\"https:\/\/www.nbscett.nb.ca\/fr\/techs-formes-a-letranger\/travailler-au-canada\/#breadcrumb\"},\"inLanguage\":\"fr-FR\",\"potentialAction\":[{\"@type\":\"ReadAction\",\"target\":[\"https:\/\/www.nbscett.nb.ca\/fr\/techs-formes-a-letranger\/travailler-au-canada\/\"]}]},{\"@type\":\"ImageObject\",\"inLanguage\":\"fr-FR\",\"@id\":\"https:\/\/www.nbscett.nb.ca\/fr\/techs-formes-a-letranger\/travailler-au-canada\/#primaryimage\",\"url\":\"https:\/\/www.nbscett.nb.ca\/wp-content\/uploads\/2016\/03\/CollegePreview-NirmaniKarunaratne-ElecEngTech-IMG_2143-300x200.jpg\",\"contentUrl\":\"https:\/\/www.nbscett.nb.ca\/wp-content\/uploads\/2016\/03\/CollegePreview-NirmaniKarunaratne-ElecEngTech-IMG_2143-300x200.jpg\"},{\"@type\":\"BreadcrumbList\",\"@id\":\"https:\/\/www.nbscett.nb.ca\/fr\/techs-formes-a-letranger\/travailler-au-canada\/#breadcrumb\",\"itemListElement\":[{\"@type\":\"ListItem\",\"position\":1,\"name\":\"home\",\"item\":\"https:\/\/www.nbscett.nb.ca\/fr\/\"},{\"@type\":\"ListItem\",\"position\":2,\"name\":\"Techs form\u00e9s \u00e0 l\u2019\u00e9tranger\",\"item\":\"https:\/\/www.nbscett.nb.ca\/fr\/techs-formes-a-letranger\/\"},{\"@type\":\"ListItem\",\"position\":3,\"name\":\"Travailler au Canada\"}]},{\"@type\":\"WebSite\",\"@id\":\"https:\/\/www.nbscett.nb.ca\/en\/#website\",\"url\":\"https:\/\/www.nbscett.nb.ca\/en\/\",\"name\":\"SttagN-B\",\"description\":\"\",\"potentialAction\":[{\"@type\":\"SearchAction\",\"target\":{\"@type\":\"EntryPoint\",\"urlTemplate\":\"https:\/\/www.nbscett.nb.ca\/en\/?s={search_term_string}\"},\"query-input\":{\"@type\":\"PropertyValueSpecification\",\"valueRequired\":true,\"valueName\":\"search_term_string\"}}],\"inLanguage\":\"fr-FR\"}]}<\/script>\n<!-- \/ Yoast SEO plugin. -->","yoast_head_json":{"title":"Travailler au Canada - SttagN-B","robots":{"index":"index","follow":"follow","max-snippet":"max-snippet:-1","max-image-preview":"max-image-preview:large","max-video-preview":"max-video-preview:-1"},"canonical":"https:\/\/www.nbscett.nb.ca\/fr\/techs-formes-a-letranger\/travailler-au-canada\/","og_locale":"fr_FR","og_type":"article","og_title":"Travailler au Canada - SttagN-B","og_description":"[vc_row][vc_column][vc_column_text] Une grande diversit\u00e9 d\u2019occupations font partie des classifications de technologue ou de technicien au Canada. Il est important de comprendre comment vos titres de comp\u00e9tences et votre exp\u00e9rience se comparent \u00e0 ceux de travailleurs canadiens. Par exemple, des professionnels peuvent travailler comme ing\u00e9nieurs dans leurs pays d\u2019origine, mais pourraient trouver qu\u2019ils sont classifi\u00e9s comme [&hellip;]","og_url":"https:\/\/www.nbscett.nb.ca\/fr\/techs-formes-a-letranger\/travailler-au-canada\/","og_site_name":"SttagN-B","og_image":[{"url":"https:\/\/www.nbscett.nb.ca\/wp-content\/uploads\/2016\/03\/CollegePreview-NirmaniKarunaratne-ElecEngTech-IMG_2143-300x200.jpg","type":"","width":"","height":""}],"twitter_card":"summary_large_image","twitter_misc":{"Dur\u00e9e de lecture estim\u00e9e":"1 minute"},"schema":{"@context":"https:\/\/schema.org","@graph":[{"@type":"WebPage","@id":"https:\/\/www.nbscett.nb.ca\/fr\/techs-formes-a-letranger\/travailler-au-canada\/","url":"https:\/\/www.nbscett.nb.ca\/fr\/techs-formes-a-letranger\/travailler-au-canada\/","name":"Travailler au Canada - SttagN-B","isPartOf":{"@id":"https:\/\/www.nbscett.nb.ca\/en\/#website"},"primaryImageOfPage":{"@id":"https:\/\/www.nbscett.nb.ca\/fr\/techs-formes-a-letranger\/travailler-au-canada\/#primaryimage"},"image":{"@id":"https:\/\/www.nbscett.nb.ca\/fr\/techs-formes-a-letranger\/travailler-au-canada\/#primaryimage"},"thumbnailUrl":"https:\/\/www.nbscett.nb.ca\/wp-content\/uploads\/2016\/03\/CollegePreview-NirmaniKarunaratne-ElecEngTech-IMG_2143-300x200.jpg","datePublished":"2016-04-26T15:38:23+00:00","breadcrumb":{"@id":"https:\/\/www.nbscett.nb.ca\/fr\/techs-formes-a-letranger\/travailler-au-canada\/#breadcrumb"},"inLanguage":"fr-FR","potentialAction":[{"@type":"ReadAction","target":["https:\/\/www.nbscett.nb.ca\/fr\/techs-formes-a-letranger\/travailler-au-canada\/"]}]},{"@type":"ImageObject","inLanguage":"fr-FR","@id":"https:\/\/www.nbscett.nb.ca\/fr\/techs-formes-a-letranger\/travailler-au-canada\/#primaryimage","url":"https:\/\/www.nbscett.nb.ca\/wp-content\/uploads\/2016\/03\/CollegePreview-NirmaniKarunaratne-ElecEngTech-IMG_2143-300x200.jpg","contentUrl":"https:\/\/www.nbscett.nb.ca\/wp-content\/uploads\/2016\/03\/CollegePreview-NirmaniKarunaratne-ElecEngTech-IMG_2143-300x200.jpg"},{"@type":"BreadcrumbList","@id":"https:\/\/www.nbscett.nb.ca\/fr\/techs-formes-a-letranger\/travailler-au-canada\/#breadcrumb","itemListElement":[{"@type":"ListItem","position":1,"name":"home","item":"https:\/\/www.nbscett.nb.ca\/fr\/"},{"@type":"ListItem","position":2,"name":"Techs form\u00e9s \u00e0 l\u2019\u00e9tranger","item":"https:\/\/www.nbscett.nb.ca\/fr\/techs-formes-a-letranger\/"},{"@type":"ListItem","position":3,"name":"Travailler au Canada"}]},{"@type":"WebSite","@id":"https:\/\/www.nbscett.nb.ca\/en\/#website","url":"https:\/\/www.nbscett.nb.ca\/en\/","name":"SttagN-B","description":"","potentialAction":[{"@type":"SearchAction","target":{"@type":"EntryPoint","urlTemplate":"https:\/\/www.nbscett.nb.ca\/en\/?s={search_term_string}"},"query-input":{"@type":"PropertyValueSpecification","valueRequired":true,"valueName":"search_term_string"}}],"inLanguage":"fr-FR"}]}},"_links":{"self":[{"href":"https:\/\/www.nbscett.nb.ca\/fr\/wp-json\/wp\/v2\/pages\/318","targetHints":{"allow":["GET"]}}],"collection":[{"href":"https:\/\/www.nbscett.nb.ca\/fr\/wp-json\/wp\/v2\/pages"}],"about":[{"href":"https:\/\/www.nbscett.nb.ca\/fr\/wp-json\/wp\/v2\/types\/page"}],"author":[{"embeddable":true,"href":"https:\/\/www.nbscett.nb.ca\/fr\/wp-json\/wp\/v2\/users\/2"}],"replies":[{"embeddable":true,"href":"https:\/\/www.nbscett.nb.ca\/fr\/wp-json\/wp\/v2\/comments?post=318"}],"version-history":[{"count":0,"href":"https:\/\/www.nbscett.nb.ca\/fr\/wp-json\/wp\/v2\/pages\/318\/revisions"}],"up":[{"embeddable":true,"href":"https:\/\/www.nbscett.nb.ca\/fr\/wp-json\/wp\/v2\/pages\/317"}],"wp:attachment":[{"href":"https:\/\/www.nbscett.nb.ca\/fr\/wp-json\/wp\/v2\/media?parent=318"}],"curies":[{"name":"wp","href":"https:\/\/api.w.org\/{rel}","templated":true}]}}