{"id":316,"date":"2016-04-26T15:31:57","date_gmt":"2016-04-26T15:31:57","guid":{"rendered":"http:\/\/nbscett.wpengine.com\/fr\/?page_id=316"},"modified":"2023-04-03T23:44:28","modified_gmt":"2023-04-03T23:44:28","slug":"employeurs","status":"publish","type":"page","link":"https:\/\/www.nbscett.nb.ca\/fr\/employeurs\/","title":{"rendered":"Employeurs"},"content":{"rendered":"<div class=\"wpb-content-wrapper\"><p>[vc_row][vc_column][vc_column_text]<a href=\"https:\/\/www.nbscett.nb.ca\/wp-content\/uploads\/2016\/04\/1685808-e1461172810167.jpg\"><img loading=\"lazy\" decoding=\"async\" class=\"alignright wp-image-307\" src=\"https:\/\/www.nbscett.nb.ca\/wp-content\/uploads\/2016\/04\/1685808-300x200.jpg\" alt=\"1685808\" width=\"400\" height=\"267\" \/><\/a><\/p>\n<p>\u00c0 mesure que l&rsquo;agr\u00e9ment des techniciens et des technologues devient de plus en plus r\u00e9pandu, le secteur des affaires, l&rsquo;industrie et le gouvernement vont inclure ces cat\u00e9gories dans leurs structures de travail.\u00a0 Souvent, c&rsquo;est l&#8217;employeur qui motive la personne \u00e0 obtenir l&rsquo;agr\u00e9ment.\u00a0 La SttagN-B a d\u00e9couvert qu\u2019\u00e0 mesure qu&rsquo;un employeur en r\u00e9alise les b\u00e9n\u00e9fices pour son organisation et son personnel technique, il demande ou exige l&rsquo;agr\u00e9ment de tous ses \u00ab\u00a0techs\u00a0\u00bb.<\/p>\n<p>Les employeurs veulent ainsi s&rsquo;assurer de la qualit\u00e9 du personnel qu&rsquo;ils embauchent.\u00a0 Compte tenu des changements constants dans les niveaux de formation, de la vari\u00e9t\u00e9 de personnes form\u00e9es \u00e0 l&rsquo;ext\u00e9rieur de la province et de la vitesse \u00e0 laquelle s&rsquo;effectuent les changements techniques, l&rsquo;agr\u00e9ment de la SttagN-B est un moyen de s&rsquo;assurer que la personne r\u00e9pond aux normes nationales reconnues.\u00a0 La SttagN-B recommande aux employeurs d&rsquo;utiliser la formulation suivante \u00ab\u00a0le candidat doit \u00eatre admissible \u00e0 la Soci\u00e9t\u00e9 des techniciens et des technologues agr\u00e9\u00e9s du g\u00e9nie du Nouveau-Brunswick et maintenir son statut de membre\u00a0\u00bb aussi bien dans l&rsquo;affichage de tous ses postes techniques que dans la description de travail des postes techniques non affich\u00e9s.<\/p>\n<p>Les employeurs font souvent part \u00e0 la SttagN-B du fait qu&rsquo;ils appr\u00e9cient le code d\u00e9ontologique auquel les membres doivent se conformer dans l&rsquo;exercice de leur profession.\u00a0 Ils profitent \u00e9galement de la cr\u00e9dibilit\u00e9 accrue dont b\u00e9n\u00e9ficie leur \u00e9tablissement quand ils d\u00e9clarent ou annoncent avoir du personnel agr\u00e9\u00e9.\u00a0 Cet \u00e9tat de fait se v\u00e9rifie particuli\u00e8rement chez les entrepreneurs et les experts-conseils puisque l&rsquo;agr\u00e9ment illustre le souci de la comp\u00e9tence et de la qualit\u00e9.<\/p>\n<p>La SttagN-B entend maintenir et, au besoin, relever les normes d&rsquo;agr\u00e9ment.\u00a0 Il s&rsquo;agit d&rsquo;un choix vital pour pr\u00e9server la cr\u00e9dibilit\u00e9 et la reconnaissance acquises.\u00a0 Aucun motif valable ne peut justifier l&rsquo;abaissement des normes pour la simple raison d&rsquo;accro\u00eetre le nombre de membres.\u00a0 La valeur de l&rsquo;agr\u00e9ment pour les membres et le public diminuerait \u00e0 coup s\u00fbr.<\/p>\n<p>La SttagN-B s&rsquo;efforce de maintenir la qualit\u00e9 technique dans le r\u00e9seau des coll\u00e8ges communautaires du Nouveau-Brunswick.\u00a0 Elle est active aupr\u00e8s des techniciens qui se perfectionnent en vue d&rsquo;une demande de reclassification \u00e0 technologue.\u00a0 Elle continue \u00e9galement de travailler \u00e0 la reconnaissance des membres et s&rsquo;efforce de convaincre le r\u00e9seau des \u00e9coles \u00e9l\u00e9mentaires et secondaires d&rsquo;orienter les jeunes du Nouveau-Brunswick vers des carri\u00e8res en sciences et en technologie.<\/p>\n<p>La Soci\u00e9t\u00e9 a pour r\u00f4le, d&rsquo;une part, d&rsquo;appliquer la Loi sur les techniques du g\u00e9nie du Nouveau-Brunswick et, d&rsquo;autre part, d&rsquo;appuyer et de maintenir les programmes de formation postsecondaire en g\u00e9nie et en sciences appliqu\u00e9es, reconnus dans tout le pays, par un processus d&rsquo;agr\u00e9ment auquel participent les technologues et les techniciens agr\u00e9\u00e9s du g\u00e9nie du Nouveau-Brunswick et d&rsquo;autres soci\u00e9t\u00e9s de TPC.\u00a0 L&rsquo;\u00e9tude du programme de formation et le processus d&rsquo;accr\u00e9ditation auxquels participent les professionnels agr\u00e9\u00e9s et reconnus par leur industrie peuvent assurer la mise \u00e0 jour du programme d&rsquo;une discipline particuli\u00e8re.<\/p>\n<p>Les effets \u00e0 court et \u00e0 long termes sur ces programmes de formation accr\u00e9dit\u00e9s lorsque les dipl\u00f4m\u00e9s ne tentent pas d&rsquo;obtenir leur statut de membre agr\u00e9\u00e9 dans cet organisme autor\u00e9glement\u00e9 sont assez \u00e9vidents.\u00a0 Puisque le processus national d&rsquo;agr\u00e9ment exige des membres agr\u00e9\u00e9s, si le soutien des membres envers la Soci\u00e9t\u00e9 n&rsquo;est pas maintenu, les programmes de formation actuellement reconnus dans la province ne recevront pas cette d\u00e9signation dans moins de cinq ans.\u00a0 La main-d&rsquo;\u0153uvre du Nouveau-Brunswick sera alors compos\u00e9e de personnes qui auront suivi une formation qui ne sera peut \u00eatre pas d&rsquo;un niveau reconnu pour l&rsquo;agr\u00e9ment, et les employeurs chercheront ailleurs (surtout \u00e0 l&rsquo;ext\u00e9rieur du Nouveau-Brunswick) de nouveaux employ\u00e9s.\u00a0 Le m\u00eame sc\u00e9nario risque de se produire pour les organismes participant \u00e0 la formation d&rsquo;agr\u00e9ment pour l&rsquo;avenir, et si ces organismes ne sont pas appuy\u00e9s.<\/p>\n<p>L&rsquo;avenir \u00e9conomique du Nouveau-Brunswick repose sur les comp\u00e9tences et le savoir de sa main-d&rsquo;\u0153uvre, et sur son efficacit\u00e9 \u00e0 appliquer ces comp\u00e9tences \u00e0 de nouveaux d\u00e9bouch\u00e9s. La SttagN-B participe, au maintien de normes de r\u00e9f\u00e9rence nationales &#8211; normes th\u00e9oriques ax\u00e9es sur la comp\u00e9tence pour les techniciens et les technologues dans les treize disciplines de la technologie : architecture et construction, biosciences, chimie, g\u00e9nie civil, \u00e9lectricit\u00e9, \u00e9lectronique, foresterie, information, instrumentation, m\u00e9canique, ressources min\u00e9rales, production p\u00e9troli\u00e8re et arpentage.<\/p>\n<p>Pour \u00a0plus d\u2019information sur la SttagN-B et ses activit\u00e9s, ou si vous avez besoin d\u2019aide pour trouver des employ\u00e9s qualifi\u00e9s, n\u2019h\u00e9sitez pas \u00e0 communiquer avec notre bureau.[\/vc_column_text][\/vc_column][\/vc_row]<\/p>\n<\/div>","protected":false},"excerpt":{"rendered":"<p>[vc_row][vc_column][vc_column_text] \u00c0 mesure que l&rsquo;agr\u00e9ment des techniciens et des technologues devient de plus en plus r\u00e9pandu, le secteur des affaires, l&rsquo;industrie et le gouvernement vont inclure ces cat\u00e9gories dans leurs structures de travail.\u00a0 Souvent, c&rsquo;est l&#8217;employeur qui motive la personne \u00e0 obtenir l&rsquo;agr\u00e9ment.\u00a0 La SttagN-B a d\u00e9couvert qu\u2019\u00e0 mesure qu&rsquo;un employeur en r\u00e9alise les b\u00e9n\u00e9fices [&hellip;]<\/p>\n","protected":false},"author":2,"featured_media":0,"parent":0,"menu_order":30,"comment_status":"closed","ping_status":"closed","template":"","meta":{"footnotes":""},"class_list":["post-316","page","type-page","status-publish","hentry"],"yoast_head":"<!-- This site is optimized with the Yoast SEO plugin v26.7 - https:\/\/yoast.com\/wordpress\/plugins\/seo\/ -->\n<title>Employeurs - SttagN-B<\/title>\n<meta name=\"robots\" content=\"index, follow, max-snippet:-1, max-image-preview:large, max-video-preview:-1\" \/>\n<link rel=\"canonical\" href=\"https:\/\/www.nbscett.nb.ca\/fr\/employeurs\/\" \/>\n<meta property=\"og:locale\" content=\"fr_FR\" \/>\n<meta property=\"og:type\" content=\"article\" \/>\n<meta property=\"og:title\" content=\"Employeurs - SttagN-B\" \/>\n<meta property=\"og:description\" content=\"[vc_row][vc_column][vc_column_text] \u00c0 mesure que l&rsquo;agr\u00e9ment des techniciens et des technologues devient de plus en plus r\u00e9pandu, le secteur des affaires, l&rsquo;industrie et le gouvernement vont inclure ces cat\u00e9gories dans leurs structures de travail.\u00a0 Souvent, c&rsquo;est l&#8217;employeur qui motive la personne \u00e0 obtenir l&rsquo;agr\u00e9ment.\u00a0 La SttagN-B a d\u00e9couvert qu\u2019\u00e0 mesure qu&rsquo;un employeur en r\u00e9alise les b\u00e9n\u00e9fices [&hellip;]\" \/>\n<meta property=\"og:url\" content=\"https:\/\/www.nbscett.nb.ca\/fr\/employeurs\/\" \/>\n<meta property=\"og:site_name\" content=\"SttagN-B\" \/>\n<meta property=\"article:modified_time\" content=\"2023-04-03T23:44:28+00:00\" \/>\n<meta property=\"og:image\" content=\"https:\/\/www.nbscett.nb.ca\/wp-content\/uploads\/2016\/04\/1685808-300x200.jpg\" \/>\n<meta name=\"twitter:card\" content=\"summary_large_image\" \/>\n<meta name=\"twitter:label1\" content=\"Dur\u00e9e de lecture estim\u00e9e\" \/>\n\t<meta name=\"twitter:data1\" content=\"4 minutes\" \/>\n<script type=\"application\/ld+json\" class=\"yoast-schema-graph\">{\"@context\":\"https:\/\/schema.org\",\"@graph\":[{\"@type\":\"WebPage\",\"@id\":\"https:\/\/www.nbscett.nb.ca\/fr\/employeurs\/\",\"url\":\"https:\/\/www.nbscett.nb.ca\/fr\/employeurs\/\",\"name\":\"Employeurs - SttagN-B\",\"isPartOf\":{\"@id\":\"https:\/\/www.nbscett.nb.ca\/en\/#website\"},\"primaryImageOfPage\":{\"@id\":\"https:\/\/www.nbscett.nb.ca\/fr\/employeurs\/#primaryimage\"},\"image\":{\"@id\":\"https:\/\/www.nbscett.nb.ca\/fr\/employeurs\/#primaryimage\"},\"thumbnailUrl\":\"https:\/\/www.nbscett.nb.ca\/wp-content\/uploads\/2016\/04\/1685808-300x200.jpg\",\"datePublished\":\"2016-04-26T15:31:57+00:00\",\"dateModified\":\"2023-04-03T23:44:28+00:00\",\"breadcrumb\":{\"@id\":\"https:\/\/www.nbscett.nb.ca\/fr\/employeurs\/#breadcrumb\"},\"inLanguage\":\"fr-FR\",\"potentialAction\":[{\"@type\":\"ReadAction\",\"target\":[\"https:\/\/www.nbscett.nb.ca\/fr\/employeurs\/\"]}]},{\"@type\":\"ImageObject\",\"inLanguage\":\"fr-FR\",\"@id\":\"https:\/\/www.nbscett.nb.ca\/fr\/employeurs\/#primaryimage\",\"url\":\"https:\/\/www.nbscett.nb.ca\/wp-content\/uploads\/2016\/04\/1685808-300x200.jpg\",\"contentUrl\":\"https:\/\/www.nbscett.nb.ca\/wp-content\/uploads\/2016\/04\/1685808-300x200.jpg\"},{\"@type\":\"BreadcrumbList\",\"@id\":\"https:\/\/www.nbscett.nb.ca\/fr\/employeurs\/#breadcrumb\",\"itemListElement\":[{\"@type\":\"ListItem\",\"position\":1,\"name\":\"home\",\"item\":\"https:\/\/www.nbscett.nb.ca\/fr\/\"},{\"@type\":\"ListItem\",\"position\":2,\"name\":\"Employeurs\"}]},{\"@type\":\"WebSite\",\"@id\":\"https:\/\/www.nbscett.nb.ca\/en\/#website\",\"url\":\"https:\/\/www.nbscett.nb.ca\/en\/\",\"name\":\"SttagN-B\",\"description\":\"\",\"potentialAction\":[{\"@type\":\"SearchAction\",\"target\":{\"@type\":\"EntryPoint\",\"urlTemplate\":\"https:\/\/www.nbscett.nb.ca\/en\/?s={search_term_string}\"},\"query-input\":{\"@type\":\"PropertyValueSpecification\",\"valueRequired\":true,\"valueName\":\"search_term_string\"}}],\"inLanguage\":\"fr-FR\"}]}<\/script>\n<!-- \/ Yoast SEO plugin. -->","yoast_head_json":{"title":"Employeurs - SttagN-B","robots":{"index":"index","follow":"follow","max-snippet":"max-snippet:-1","max-image-preview":"max-image-preview:large","max-video-preview":"max-video-preview:-1"},"canonical":"https:\/\/www.nbscett.nb.ca\/fr\/employeurs\/","og_locale":"fr_FR","og_type":"article","og_title":"Employeurs - SttagN-B","og_description":"[vc_row][vc_column][vc_column_text] \u00c0 mesure que l&rsquo;agr\u00e9ment des techniciens et des technologues devient de plus en plus r\u00e9pandu, le secteur des affaires, l&rsquo;industrie et le gouvernement vont inclure ces cat\u00e9gories dans leurs structures de travail.\u00a0 Souvent, c&rsquo;est l&#8217;employeur qui motive la personne \u00e0 obtenir l&rsquo;agr\u00e9ment.\u00a0 La SttagN-B a d\u00e9couvert qu\u2019\u00e0 mesure qu&rsquo;un employeur en r\u00e9alise les b\u00e9n\u00e9fices [&hellip;]","og_url":"https:\/\/www.nbscett.nb.ca\/fr\/employeurs\/","og_site_name":"SttagN-B","article_modified_time":"2023-04-03T23:44:28+00:00","og_image":[{"url":"https:\/\/www.nbscett.nb.ca\/wp-content\/uploads\/2016\/04\/1685808-300x200.jpg","type":"","width":"","height":""}],"twitter_card":"summary_large_image","twitter_misc":{"Dur\u00e9e de lecture estim\u00e9e":"4 minutes"},"schema":{"@context":"https:\/\/schema.org","@graph":[{"@type":"WebPage","@id":"https:\/\/www.nbscett.nb.ca\/fr\/employeurs\/","url":"https:\/\/www.nbscett.nb.ca\/fr\/employeurs\/","name":"Employeurs - SttagN-B","isPartOf":{"@id":"https:\/\/www.nbscett.nb.ca\/en\/#website"},"primaryImageOfPage":{"@id":"https:\/\/www.nbscett.nb.ca\/fr\/employeurs\/#primaryimage"},"image":{"@id":"https:\/\/www.nbscett.nb.ca\/fr\/employeurs\/#primaryimage"},"thumbnailUrl":"https:\/\/www.nbscett.nb.ca\/wp-content\/uploads\/2016\/04\/1685808-300x200.jpg","datePublished":"2016-04-26T15:31:57+00:00","dateModified":"2023-04-03T23:44:28+00:00","breadcrumb":{"@id":"https:\/\/www.nbscett.nb.ca\/fr\/employeurs\/#breadcrumb"},"inLanguage":"fr-FR","potentialAction":[{"@type":"ReadAction","target":["https:\/\/www.nbscett.nb.ca\/fr\/employeurs\/"]}]},{"@type":"ImageObject","inLanguage":"fr-FR","@id":"https:\/\/www.nbscett.nb.ca\/fr\/employeurs\/#primaryimage","url":"https:\/\/www.nbscett.nb.ca\/wp-content\/uploads\/2016\/04\/1685808-300x200.jpg","contentUrl":"https:\/\/www.nbscett.nb.ca\/wp-content\/uploads\/2016\/04\/1685808-300x200.jpg"},{"@type":"BreadcrumbList","@id":"https:\/\/www.nbscett.nb.ca\/fr\/employeurs\/#breadcrumb","itemListElement":[{"@type":"ListItem","position":1,"name":"home","item":"https:\/\/www.nbscett.nb.ca\/fr\/"},{"@type":"ListItem","position":2,"name":"Employeurs"}]},{"@type":"WebSite","@id":"https:\/\/www.nbscett.nb.ca\/en\/#website","url":"https:\/\/www.nbscett.nb.ca\/en\/","name":"SttagN-B","description":"","potentialAction":[{"@type":"SearchAction","target":{"@type":"EntryPoint","urlTemplate":"https:\/\/www.nbscett.nb.ca\/en\/?s={search_term_string}"},"query-input":{"@type":"PropertyValueSpecification","valueRequired":true,"valueName":"search_term_string"}}],"inLanguage":"fr-FR"}]}},"_links":{"self":[{"href":"https:\/\/www.nbscett.nb.ca\/fr\/wp-json\/wp\/v2\/pages\/316","targetHints":{"allow":["GET"]}}],"collection":[{"href":"https:\/\/www.nbscett.nb.ca\/fr\/wp-json\/wp\/v2\/pages"}],"about":[{"href":"https:\/\/www.nbscett.nb.ca\/fr\/wp-json\/wp\/v2\/types\/page"}],"author":[{"embeddable":true,"href":"https:\/\/www.nbscett.nb.ca\/fr\/wp-json\/wp\/v2\/users\/2"}],"replies":[{"embeddable":true,"href":"https:\/\/www.nbscett.nb.ca\/fr\/wp-json\/wp\/v2\/comments?post=316"}],"version-history":[{"count":0,"href":"https:\/\/www.nbscett.nb.ca\/fr\/wp-json\/wp\/v2\/pages\/316\/revisions"}],"wp:attachment":[{"href":"https:\/\/www.nbscett.nb.ca\/fr\/wp-json\/wp\/v2\/media?parent=316"}],"curies":[{"name":"wp","href":"https:\/\/api.w.org\/{rel}","templated":true}]}}