{"id":313,"date":"2016-04-26T14:24:12","date_gmt":"2016-04-26T14:24:12","guid":{"rendered":"http:\/\/nbscett.wpengine.com\/fr\/?page_id=313"},"modified":"2025-10-09T13:47:44","modified_gmt":"2025-10-09T13:47:44","slug":"avantages-pour-les-membres","status":"publish","type":"page","link":"https:\/\/www.nbscett.nb.ca\/fr\/agrement-national\/avantages-pour-les-membres\/","title":{"rendered":"Avantages pour les membres"},"content":{"rendered":"<div class=\"wpb-content-wrapper\"><p>[vc_row][vc_column][vc_column_text css=\u00a0\u00bb\u00a0\u00bb]Les membres de la SttagN-B profitent de divers r\u00e9gimes d&rsquo;avantages, et d&rsquo;autres r\u00e9gimes sont envisag\u00e9s pour L&rsquo;avenir.\u00a0 Tous les membres, y compris les \u00e9tudiants, ont acc\u00e8s aux r\u00e9gimes, m\u00eame s&rsquo;ils n&rsquo;estiment pas tous avoir besoin de tous les r\u00e9gimes.\u00a0 Vous pouvez demander des formules d&rsquo;adh\u00e9sion pour certains services par t\u00e9l\u00e9phone ou par courriel \u00e0 la SttagN-B ou directement au num\u00e9ro indiqu\u00e9 ci dessous.<\/p>\n<h2>Le programme de responsabilit\u00e9 professionnelle<\/h2>\n<p>Le programme de responsabilit\u00e9 professionnelle &#8211;\u00a0 pour plus d\u2019information, visitez <a href=\"http:\/\/www.lmsprolink.ca\/\">LMS Prolink<\/a><\/p>\n<h2>Une assurance habitation et auto<\/h2>\n<p><a href=\"https:\/\/www.tdassurance.com\/affinity\/NBSCETT?src=AFFINITYAPDG\"><img loading=\"lazy\" decoding=\"async\" class=\"alignright wp-image-1586 size-full\" src=\"https:\/\/www.nbscett.nb.ca\/wp-content\/uploads\/2025\/10\/24_IN_INM_D_GI-National-Home-Auto_V1_FR_ST_300x250_.jpg\" alt=\"\" width=\"300\" height=\"250\" \/><\/a><strong>Tirez le maximum de votre adh\u00e9sion<\/strong><\/p>\n<p>\u00c0 titre de partenaire de confiance, le programme TD Assurance Meloche Monnex est con\u00e7u pour aider les membres de Corporation des th\u00e9rapeutes du sport du Qu\u00e9bec \u00e0 avoir acc\u00e8s \u00e0 des tarifs d\u2019assurance pr\u00e9f\u00e9rentiels sur la protection d\u2019assurance habitation et auto.<\/p>\n<p>Vous pourriez \u00e9conomiser gros* quand vous combinez vos tarifs pr\u00e9f\u00e9rentiels de membre et que vous regroupez vos assurances habitation et auto.<\/p>\n<p>Chef de file de l\u2019assurance \u00e0 r\u00e9ponse directe au Canada\u2020, TD Assurance offre des produits d\u2019assurance de qualit\u00e9 depuis plus de 65 ans. Qu\u2019il s\u2019agisse d\u2019obtenir une soumission ou de pr\u00e9senter une r\u00e9clamation, des conseillers avis\u00e9s vous aideront \u00e0 trouver des options qui vous conviennent.<\/p>\n<p><a href=\"https:\/\/www.tdassurance.com\/affinity\/NBSCETT?src=AFFINITYAPDG\">Cliquez ici pour savoir comment vous pourriez \u00e9conomiser gros<\/a> &#8211; Sans frais (Canada\/\u00c9.-U.) 1-800-268-8955<\/p>\n<h2>Un service d&rsquo;assurance vie et de planification des investissements<\/h2>\n<p>Un service d&rsquo;assurance vie et de planification des investissements est offert aux membres par la Financi\u00e8re Manuvie.\u00a0 Les techniciens et les technologues ont acc\u00e8s au programme <em>The Great Performer<\/em> offert aux techniciens, aux technologues et aux ing\u00e9nieurs dans l&rsquo;ensemble du Canada \u00e0 des taux tr\u00e8s comp\u00e9titifs\u00a0: assurance vie temporaire, assurance soins m\u00e9dicaux, et soins dentaires, assurance de remplacement du revenu en cas d&rsquo;invalidit\u00e9, assurance frais g\u00e9n\u00e9raux, assurance maladies graves. Pour en savoir plus sur ces produits ou pour obtenir les taux ou une soumission sans aucune obligation de votre part, consultez <a href=\"http:\/\/www1.manulife.com\/can\/Affinity\/Affinity.nsf\/public\/f_pe?open&amp;mkt=AJ8J4\"><strong>le site Web de la Financi\u00e8re Manuvie<\/strong><\/a> ou composez le 1 877 598-2273 (du lundi au vendredi, de 8 h \u00e0 20 h, heure de l&rsquo;Est)<\/p>\n<p>AVIS IMPORTANT : Les personnes qui ont r\u00e9sili\u00e9 leur statut de membre aupr\u00e8s de la SttagN-B ne sont plus admissibles aux m\u00eames r\u00e9gimes collectifs.\u00a0 La SttagN-B avise les entreprises qui offrent des r\u00e9gimes aux personnes qui ont r\u00e9sili\u00e9 leur statut de membre.<\/p>\n<p><strong>\u00a015 <\/strong><strong>services et avantages cl\u00e9s<\/strong><\/p>\n<ul>\n<li>Titres professionnels restreints en vertu de la Loi sur les marques de commerce.<\/li>\n<li>\u00c9tampe ou sceau professionnel<\/li>\n<li>Accr\u00e9ditation des programmes coll\u00e9giaux<\/li>\n<li>Programmes de formation continue<\/li>\n<li>Programme de prix<\/li>\n<li>Anneau du technologue ou du technicien<\/li>\n<li>R\u00e9pertoire des membres<\/li>\n<li>Services de pr\u00e9sentation pour l&#8217;emploi<\/li>\n<li>Carri\u00e8res en technologie : vid\u00e9o, d\u00e9pliants<\/li>\n<li>R\u00e9gimes d&rsquo;assurance : vie, habitation, auto, REER et autres<\/li>\n<li>Sections r\u00e9gionales<\/li>\n<li>Agents de liaison communautaires pour informations locales<\/li>\n<li>\u00a0Insignes pour identifier les membres et faire la promotion de la STTGNB et de notre service principal<\/li>\n<li>Agr\u00e9ment et immatriculation professionnels<\/li>\n<li>Programme d\u2019assurance de responsabilit\u00e9 professionnelle<\/li>\n<\/ul>\n<p>[\/vc_column_text][\/vc_column][\/vc_row]<\/p>\n<\/div>","protected":false},"excerpt":{"rendered":"<p>[vc_row][vc_column][vc_column_text css=\u00a0\u00bb\u00a0\u00bb]Les membres de la SttagN-B profitent de divers r\u00e9gimes d&rsquo;avantages, et d&rsquo;autres r\u00e9gimes sont envisag\u00e9s pour L&rsquo;avenir.\u00a0 Tous les membres, y compris les \u00e9tudiants, ont acc\u00e8s aux r\u00e9gimes, m\u00eame s&rsquo;ils n&rsquo;estiment pas tous avoir besoin de tous les r\u00e9gimes.\u00a0 Vous pouvez demander des formules d&rsquo;adh\u00e9sion pour certains services par t\u00e9l\u00e9phone ou par courriel \u00e0 [&hellip;]<\/p>\n","protected":false},"author":2,"featured_media":0,"parent":309,"menu_order":20,"comment_status":"closed","ping_status":"closed","template":"","meta":{"footnotes":""},"class_list":["post-313","page","type-page","status-publish","hentry"],"yoast_head":"<!-- This site is optimized with the Yoast SEO plugin v26.7 - https:\/\/yoast.com\/wordpress\/plugins\/seo\/ -->\n<title>Avantages pour les membres - SttagN-B<\/title>\n<meta name=\"robots\" content=\"index, follow, max-snippet:-1, max-image-preview:large, max-video-preview:-1\" \/>\n<link rel=\"canonical\" href=\"https:\/\/www.nbscett.nb.ca\/fr\/agrement-national\/avantages-pour-les-membres\/\" \/>\n<meta property=\"og:locale\" content=\"fr_FR\" \/>\n<meta property=\"og:type\" content=\"article\" \/>\n<meta property=\"og:title\" content=\"Avantages pour les membres - SttagN-B\" \/>\n<meta property=\"og:description\" content=\"[vc_row][vc_column][vc_column_text css=\u00a0\u00bb\u00a0\u00bb]Les membres de la SttagN-B profitent de divers r\u00e9gimes d&rsquo;avantages, et d&rsquo;autres r\u00e9gimes sont envisag\u00e9s pour L&rsquo;avenir.\u00a0 Tous les membres, y compris les \u00e9tudiants, ont acc\u00e8s aux r\u00e9gimes, m\u00eame s&rsquo;ils n&rsquo;estiment pas tous avoir besoin de tous les r\u00e9gimes.\u00a0 Vous pouvez demander des formules d&rsquo;adh\u00e9sion pour certains services par t\u00e9l\u00e9phone ou par courriel \u00e0 [&hellip;]\" \/>\n<meta property=\"og:url\" content=\"https:\/\/www.nbscett.nb.ca\/fr\/agrement-national\/avantages-pour-les-membres\/\" \/>\n<meta property=\"og:site_name\" content=\"SttagN-B\" \/>\n<meta property=\"article:modified_time\" content=\"2025-10-09T13:47:44+00:00\" \/>\n<meta property=\"og:image\" content=\"https:\/\/www.nbscett.nb.ca\/wp-content\/uploads\/2025\/10\/24_IN_INM_D_GI-National-Home-Auto_V1_FR_ST_300x250_.jpg\" \/>\n\t<meta property=\"og:image:width\" content=\"300\" \/>\n\t<meta property=\"og:image:height\" content=\"250\" \/>\n\t<meta property=\"og:image:type\" content=\"image\/jpeg\" \/>\n<meta name=\"twitter:card\" content=\"summary_large_image\" \/>\n<meta name=\"twitter:label1\" content=\"Dur\u00e9e de lecture estim\u00e9e\" \/>\n\t<meta name=\"twitter:data1\" content=\"3 minutes\" \/>\n<script type=\"application\/ld+json\" class=\"yoast-schema-graph\">{\"@context\":\"https:\/\/schema.org\",\"@graph\":[{\"@type\":\"WebPage\",\"@id\":\"https:\/\/www.nbscett.nb.ca\/fr\/agrement-national\/avantages-pour-les-membres\/\",\"url\":\"https:\/\/www.nbscett.nb.ca\/fr\/agrement-national\/avantages-pour-les-membres\/\",\"name\":\"Avantages pour les membres - SttagN-B\",\"isPartOf\":{\"@id\":\"https:\/\/www.nbscett.nb.ca\/en\/#website\"},\"primaryImageOfPage\":{\"@id\":\"https:\/\/www.nbscett.nb.ca\/fr\/agrement-national\/avantages-pour-les-membres\/#primaryimage\"},\"image\":{\"@id\":\"https:\/\/www.nbscett.nb.ca\/fr\/agrement-national\/avantages-pour-les-membres\/#primaryimage\"},\"thumbnailUrl\":\"https:\/\/www.nbscett.nb.ca\/wp-content\/uploads\/2025\/10\/24_IN_INM_D_GI-National-Home-Auto_V1_FR_ST_300x250_.jpg\",\"datePublished\":\"2016-04-26T14:24:12+00:00\",\"dateModified\":\"2025-10-09T13:47:44+00:00\",\"breadcrumb\":{\"@id\":\"https:\/\/www.nbscett.nb.ca\/fr\/agrement-national\/avantages-pour-les-membres\/#breadcrumb\"},\"inLanguage\":\"fr-FR\",\"potentialAction\":[{\"@type\":\"ReadAction\",\"target\":[\"https:\/\/www.nbscett.nb.ca\/fr\/agrement-national\/avantages-pour-les-membres\/\"]}]},{\"@type\":\"ImageObject\",\"inLanguage\":\"fr-FR\",\"@id\":\"https:\/\/www.nbscett.nb.ca\/fr\/agrement-national\/avantages-pour-les-membres\/#primaryimage\",\"url\":\"https:\/\/www.nbscett.nb.ca\/wp-content\/uploads\/2025\/10\/24_IN_INM_D_GI-National-Home-Auto_V1_FR_ST_300x250_.jpg\",\"contentUrl\":\"https:\/\/www.nbscett.nb.ca\/wp-content\/uploads\/2025\/10\/24_IN_INM_D_GI-National-Home-Auto_V1_FR_ST_300x250_.jpg\"},{\"@type\":\"BreadcrumbList\",\"@id\":\"https:\/\/www.nbscett.nb.ca\/fr\/agrement-national\/avantages-pour-les-membres\/#breadcrumb\",\"itemListElement\":[{\"@type\":\"ListItem\",\"position\":1,\"name\":\"home\",\"item\":\"https:\/\/www.nbscett.nb.ca\/fr\/\"},{\"@type\":\"ListItem\",\"position\":2,\"name\":\"Agr\u00e9ment national\",\"item\":\"https:\/\/www.nbscett.nb.ca\/fr\/agrement-national\/\"},{\"@type\":\"ListItem\",\"position\":3,\"name\":\"Avantages pour les membres\"}]},{\"@type\":\"WebSite\",\"@id\":\"https:\/\/www.nbscett.nb.ca\/en\/#website\",\"url\":\"https:\/\/www.nbscett.nb.ca\/en\/\",\"name\":\"SttagN-B\",\"description\":\"\",\"potentialAction\":[{\"@type\":\"SearchAction\",\"target\":{\"@type\":\"EntryPoint\",\"urlTemplate\":\"https:\/\/www.nbscett.nb.ca\/en\/?s={search_term_string}\"},\"query-input\":{\"@type\":\"PropertyValueSpecification\",\"valueRequired\":true,\"valueName\":\"search_term_string\"}}],\"inLanguage\":\"fr-FR\"}]}<\/script>\n<!-- \/ Yoast SEO plugin. -->","yoast_head_json":{"title":"Avantages pour les membres - SttagN-B","robots":{"index":"index","follow":"follow","max-snippet":"max-snippet:-1","max-image-preview":"max-image-preview:large","max-video-preview":"max-video-preview:-1"},"canonical":"https:\/\/www.nbscett.nb.ca\/fr\/agrement-national\/avantages-pour-les-membres\/","og_locale":"fr_FR","og_type":"article","og_title":"Avantages pour les membres - SttagN-B","og_description":"[vc_row][vc_column][vc_column_text css=\u00a0\u00bb\u00a0\u00bb]Les membres de la SttagN-B profitent de divers r\u00e9gimes d&rsquo;avantages, et d&rsquo;autres r\u00e9gimes sont envisag\u00e9s pour L&rsquo;avenir.\u00a0 Tous les membres, y compris les \u00e9tudiants, ont acc\u00e8s aux r\u00e9gimes, m\u00eame s&rsquo;ils n&rsquo;estiment pas tous avoir besoin de tous les r\u00e9gimes.\u00a0 Vous pouvez demander des formules d&rsquo;adh\u00e9sion pour certains services par t\u00e9l\u00e9phone ou par courriel \u00e0 [&hellip;]","og_url":"https:\/\/www.nbscett.nb.ca\/fr\/agrement-national\/avantages-pour-les-membres\/","og_site_name":"SttagN-B","article_modified_time":"2025-10-09T13:47:44+00:00","og_image":[{"width":300,"height":250,"url":"https:\/\/www.nbscett.nb.ca\/wp-content\/uploads\/2025\/10\/24_IN_INM_D_GI-National-Home-Auto_V1_FR_ST_300x250_.jpg","type":"image\/jpeg"}],"twitter_card":"summary_large_image","twitter_misc":{"Dur\u00e9e de lecture estim\u00e9e":"3 minutes"},"schema":{"@context":"https:\/\/schema.org","@graph":[{"@type":"WebPage","@id":"https:\/\/www.nbscett.nb.ca\/fr\/agrement-national\/avantages-pour-les-membres\/","url":"https:\/\/www.nbscett.nb.ca\/fr\/agrement-national\/avantages-pour-les-membres\/","name":"Avantages pour les membres - SttagN-B","isPartOf":{"@id":"https:\/\/www.nbscett.nb.ca\/en\/#website"},"primaryImageOfPage":{"@id":"https:\/\/www.nbscett.nb.ca\/fr\/agrement-national\/avantages-pour-les-membres\/#primaryimage"},"image":{"@id":"https:\/\/www.nbscett.nb.ca\/fr\/agrement-national\/avantages-pour-les-membres\/#primaryimage"},"thumbnailUrl":"https:\/\/www.nbscett.nb.ca\/wp-content\/uploads\/2025\/10\/24_IN_INM_D_GI-National-Home-Auto_V1_FR_ST_300x250_.jpg","datePublished":"2016-04-26T14:24:12+00:00","dateModified":"2025-10-09T13:47:44+00:00","breadcrumb":{"@id":"https:\/\/www.nbscett.nb.ca\/fr\/agrement-national\/avantages-pour-les-membres\/#breadcrumb"},"inLanguage":"fr-FR","potentialAction":[{"@type":"ReadAction","target":["https:\/\/www.nbscett.nb.ca\/fr\/agrement-national\/avantages-pour-les-membres\/"]}]},{"@type":"ImageObject","inLanguage":"fr-FR","@id":"https:\/\/www.nbscett.nb.ca\/fr\/agrement-national\/avantages-pour-les-membres\/#primaryimage","url":"https:\/\/www.nbscett.nb.ca\/wp-content\/uploads\/2025\/10\/24_IN_INM_D_GI-National-Home-Auto_V1_FR_ST_300x250_.jpg","contentUrl":"https:\/\/www.nbscett.nb.ca\/wp-content\/uploads\/2025\/10\/24_IN_INM_D_GI-National-Home-Auto_V1_FR_ST_300x250_.jpg"},{"@type":"BreadcrumbList","@id":"https:\/\/www.nbscett.nb.ca\/fr\/agrement-national\/avantages-pour-les-membres\/#breadcrumb","itemListElement":[{"@type":"ListItem","position":1,"name":"home","item":"https:\/\/www.nbscett.nb.ca\/fr\/"},{"@type":"ListItem","position":2,"name":"Agr\u00e9ment national","item":"https:\/\/www.nbscett.nb.ca\/fr\/agrement-national\/"},{"@type":"ListItem","position":3,"name":"Avantages pour les membres"}]},{"@type":"WebSite","@id":"https:\/\/www.nbscett.nb.ca\/en\/#website","url":"https:\/\/www.nbscett.nb.ca\/en\/","name":"SttagN-B","description":"","potentialAction":[{"@type":"SearchAction","target":{"@type":"EntryPoint","urlTemplate":"https:\/\/www.nbscett.nb.ca\/en\/?s={search_term_string}"},"query-input":{"@type":"PropertyValueSpecification","valueRequired":true,"valueName":"search_term_string"}}],"inLanguage":"fr-FR"}]}},"_links":{"self":[{"href":"https:\/\/www.nbscett.nb.ca\/fr\/wp-json\/wp\/v2\/pages\/313","targetHints":{"allow":["GET"]}}],"collection":[{"href":"https:\/\/www.nbscett.nb.ca\/fr\/wp-json\/wp\/v2\/pages"}],"about":[{"href":"https:\/\/www.nbscett.nb.ca\/fr\/wp-json\/wp\/v2\/types\/page"}],"author":[{"embeddable":true,"href":"https:\/\/www.nbscett.nb.ca\/fr\/wp-json\/wp\/v2\/users\/2"}],"replies":[{"embeddable":true,"href":"https:\/\/www.nbscett.nb.ca\/fr\/wp-json\/wp\/v2\/comments?post=313"}],"version-history":[{"count":0,"href":"https:\/\/www.nbscett.nb.ca\/fr\/wp-json\/wp\/v2\/pages\/313\/revisions"}],"up":[{"embeddable":true,"href":"https:\/\/www.nbscett.nb.ca\/fr\/wp-json\/wp\/v2\/pages\/309"}],"wp:attachment":[{"href":"https:\/\/www.nbscett.nb.ca\/fr\/wp-json\/wp\/v2\/media?parent=313"}],"curies":[{"name":"wp","href":"https:\/\/api.w.org\/{rel}","templated":true}]}}