{"id":309,"date":"2016-04-26T14:01:21","date_gmt":"2016-04-26T14:01:21","guid":{"rendered":"http:\/\/nbscett.wpengine.com\/fr\/?page_id=309"},"modified":"2023-02-27T17:20:03","modified_gmt":"2023-02-27T17:20:03","slug":"agrement-national","status":"publish","type":"page","link":"https:\/\/www.nbscett.nb.ca\/fr\/agrement-national\/","title":{"rendered":"Agr\u00e9ment national"},"content":{"rendered":"<div class=\"wpb-content-wrapper\"><p>[vc_row][vc_column][vc_column_text]<img loading=\"lazy\" decoding=\"async\" class=\"alignright wp-image-289\" src=\"https:\/\/www.nbscett.nb.ca\/wp-content\/uploads\/2016\/02\/MetalProcessing-RoboticWelding-300x200.jpg\" alt=\"MetalProcessing-RoboticWelding\" width=\"400\" height=\"267\" srcset=\"https:\/\/www.nbscett.nb.ca\/wp-content\/uploads\/2016\/02\/MetalProcessing-RoboticWelding-300x200.jpg 300w, https:\/\/www.nbscett.nb.ca\/wp-content\/uploads\/2016\/02\/MetalProcessing-RoboticWelding-768x512.jpg 768w, https:\/\/www.nbscett.nb.ca\/wp-content\/uploads\/2016\/02\/MetalProcessing-RoboticWelding-1024x683.jpg 1024w\" sizes=\"auto, (max-width: 400px) 100vw, 400px\" \/><\/p>\n<p>Les d\u00e9signations PTech (depuis 2005) ou CTech (depuis 1999) attribu\u00e9es par la SttagN-B, qui sont une reconnaissance du statut professionnel dans le monde entier, sont prot\u00e9g\u00e9es et leur emploi est r\u00e9serv\u00e9 exclusivement.\u00a0 Seuls les membres agr\u00e9\u00e9s en r\u00e8gle peuvent utiliser ces titres et se pr\u00e9senter comme des techniciens agr\u00e9\u00e9s ou des technologues professionnels.<\/p>\n<p>Les autres d\u00e9signations qui ont \u00e9t\u00e9 attribu\u00e9es par la SttagN-B et qui sont encore reconnues dans le monde entier sont celles de technicien du g\u00e9nie agr\u00e9\u00e9 (CET), de technologue du g\u00e9nie agr\u00e9\u00e9 (CET) et de technologue des sciences appliqu\u00e9es (ASeT).<\/p>\n<p>D\u00e8s qu&rsquo;il a termin\u00e9 avec succ\u00e8s un programme postsecondaire en techniques du g\u00e9nie ou des sciences appliqu\u00e9es d&rsquo;une dur\u00e9e de deux ou trois ans, le dipl\u00f4m\u00e9 au Nouveau-Brunswick peut adh\u00e9rer \u00e0 la Soci\u00e9t\u00e9 comme \u00ab Technicien ou technologue stagiaire \u00bb.\u00a0 Cette cat\u00e9gorie de membre reconna\u00eet que la personne poss\u00e8de les pr\u00e9alables \u00e0 la demande du statut de membre agr\u00e9\u00e9.\u00a0 Pendant qu&rsquo;ils acqui\u00e8rent les 24 mois d&rsquo;exp\u00e9rience en techniques pour la discipline particuli\u00e8re, \u00e9galement exig\u00e9e pour la demande du statut de membre agr\u00e9\u00e9, les techniciens ou technologues stagiaires peuvent se pr\u00e9valoir des avantages relatifs au perfectionnement professionnel, au secteur social et en mati\u00e8re d&#8217;emploi ainsi que des activit\u00e9s connexes de la Soci\u00e9t\u00e9.\u00a0 Tous les dipl\u00f4m\u00e9s du programme des techniques du g\u00e9nie et des sciences appliqu\u00e9es du coll\u00e8ge communautaire agr\u00e9\u00e9 sur le plan national par l&rsquo;Agr\u00e9ment en Technologie du Canada ont suivi le cours d&rsquo;\u00e9thique et de pratique professionnelles de la Soci\u00e9t\u00e9, et pass\u00e9 l&rsquo;examen.\u00a0 Ils n&rsquo;ont pas besoin de subir d&rsquo;autres examens pour pr\u00e9senter leur demande du statut de membre agr\u00e9\u00e9. Tous les candidats qui n&rsquo;ont pas suivi le cours et pass\u00e9 l&rsquo;examen doivent faire les examens d&rsquo;\u00e9thique et de pratique professionnelles dans le cadre du processus de demande du statut de membre agr\u00e9\u00e9 de la Soci\u00e9t\u00e9.\u00a0 L&rsquo;exp\u00e9rience de travail technique dans une discipline particuli\u00e8re dans le cadre d&rsquo;un programme coop\u00e9ratif d&rsquo;un coll\u00e8ge de technologie du g\u00e9nie et des sciences appliqu\u00e9es peut \u00eatre reconnue pour satisfaire partiellement \u00e0 l&rsquo;exigence totale des 24 mois.\u00a0 Le but de l&rsquo;exigence relative \u00e0 l&rsquo;exp\u00e9rience de travail technique pour une discipline particuli\u00e8re est d&rsquo;assurer que le candidat peut appliquer les principes des techniques du g\u00e9nie ou des sciences appliqu\u00e9es acquises durant les \u00e9tudes et poss\u00e8de l&rsquo;exp\u00e9rience minimale exig\u00e9e pour les applications et modalit\u00e9s pratiques requises en milieu de travail.<\/p>\n<p>Chaque demande du statut de membre agr\u00e9\u00e9 est trait\u00e9e de fa\u00e7on rigoureuse par le Comit\u00e9 d&rsquo;agr\u00e9ment de la Soci\u00e9t\u00e9.\u00a0 Apr\u00e8s confirmation des \u00e9tudes et apr\u00e8s r\u00e9ception du curriculum vitae attestant de l&rsquo;exp\u00e9rience de travail technique, de la part des r\u00e9pondants du requ\u00e9rant, les membres agr\u00e9\u00e9s de diverses disciplines participent \u00e0 l&rsquo;\u00e9tude des demandes d&rsquo;agr\u00e9ment.\u00a0 Le Comit\u00e9 d&rsquo;agr\u00e9ment revoit le r\u00e9sum\u00e9 de l&rsquo;exp\u00e9rience technique et \u00e9value les aspects suivants : complexit\u00e9 de la discipline, jugement individuel, responsabilit\u00e9 exig\u00e9e, initiative dont le candidat fait preuve en milieu de travail, activit\u00e9s suppl\u00e9mentaires de perfectionnement professionnel et r\u00e9ponses des r\u00e9pondants.<\/p>\n<h3>Veuillez cliquer sur le lien \u00a0pour demander le <a href=\"https:\/\/www.nbscett.nb.ca\/fr\/membres\/formulaires\/\">statut de membre agr\u00e9\u00e9<\/a>.<\/h3>\n<p>[\/vc_column_text][\/vc_column][\/vc_row]<\/p>\n<\/div>","protected":false},"excerpt":{"rendered":"<p>[vc_row][vc_column][vc_column_text] Les d\u00e9signations PTech (depuis 2005) ou CTech (depuis 1999) attribu\u00e9es par la SttagN-B, qui sont une reconnaissance du statut professionnel dans le monde entier, sont prot\u00e9g\u00e9es et leur emploi est r\u00e9serv\u00e9 exclusivement.\u00a0 Seuls les membres agr\u00e9\u00e9s en r\u00e8gle peuvent utiliser ces titres et se pr\u00e9senter comme des techniciens agr\u00e9\u00e9s ou des technologues professionnels. Les [&hellip;]<\/p>\n","protected":false},"author":2,"featured_media":0,"parent":0,"menu_order":20,"comment_status":"closed","ping_status":"closed","template":"","meta":{"footnotes":""},"class_list":["post-309","page","type-page","status-publish","hentry"],"yoast_head":"<!-- This site is optimized with the Yoast SEO plugin v26.7 - https:\/\/yoast.com\/wordpress\/plugins\/seo\/ -->\n<title>Agr\u00e9ment national - SttagN-B<\/title>\n<meta name=\"robots\" content=\"index, follow, max-snippet:-1, max-image-preview:large, max-video-preview:-1\" \/>\n<link rel=\"canonical\" href=\"https:\/\/www.nbscett.nb.ca\/fr\/agrement-national\/\" \/>\n<meta property=\"og:locale\" content=\"fr_FR\" \/>\n<meta property=\"og:type\" content=\"article\" \/>\n<meta property=\"og:title\" content=\"Agr\u00e9ment national - SttagN-B\" \/>\n<meta property=\"og:description\" content=\"[vc_row][vc_column][vc_column_text] Les d\u00e9signations PTech (depuis 2005) ou CTech (depuis 1999) attribu\u00e9es par la SttagN-B, qui sont une reconnaissance du statut professionnel dans le monde entier, sont prot\u00e9g\u00e9es et leur emploi est r\u00e9serv\u00e9 exclusivement.\u00a0 Seuls les membres agr\u00e9\u00e9s en r\u00e8gle peuvent utiliser ces titres et se pr\u00e9senter comme des techniciens agr\u00e9\u00e9s ou des technologues professionnels. Les [&hellip;]\" \/>\n<meta property=\"og:url\" content=\"https:\/\/www.nbscett.nb.ca\/fr\/agrement-national\/\" \/>\n<meta property=\"og:site_name\" content=\"SttagN-B\" \/>\n<meta property=\"article:modified_time\" content=\"2023-02-27T17:20:03+00:00\" \/>\n<meta property=\"og:image\" content=\"https:\/\/www.nbscett.nb.ca\/wp-content\/uploads\/2016\/02\/MetalProcessing-RoboticWelding-300x200.jpg\" \/>\n<meta name=\"twitter:card\" content=\"summary_large_image\" \/>\n<meta name=\"twitter:label1\" content=\"Dur\u00e9e de lecture estim\u00e9e\" \/>\n\t<meta name=\"twitter:data1\" content=\"3 minutes\" \/>\n<script type=\"application\/ld+json\" class=\"yoast-schema-graph\">{\"@context\":\"https:\/\/schema.org\",\"@graph\":[{\"@type\":\"WebPage\",\"@id\":\"https:\/\/www.nbscett.nb.ca\/fr\/agrement-national\/\",\"url\":\"https:\/\/www.nbscett.nb.ca\/fr\/agrement-national\/\",\"name\":\"Agr\u00e9ment national - SttagN-B\",\"isPartOf\":{\"@id\":\"https:\/\/www.nbscett.nb.ca\/en\/#website\"},\"primaryImageOfPage\":{\"@id\":\"https:\/\/www.nbscett.nb.ca\/fr\/agrement-national\/#primaryimage\"},\"image\":{\"@id\":\"https:\/\/www.nbscett.nb.ca\/fr\/agrement-national\/#primaryimage\"},\"thumbnailUrl\":\"https:\/\/www.nbscett.nb.ca\/wp-content\/uploads\/2016\/02\/MetalProcessing-RoboticWelding-300x200.jpg\",\"datePublished\":\"2016-04-26T14:01:21+00:00\",\"dateModified\":\"2023-02-27T17:20:03+00:00\",\"breadcrumb\":{\"@id\":\"https:\/\/www.nbscett.nb.ca\/fr\/agrement-national\/#breadcrumb\"},\"inLanguage\":\"fr-FR\",\"potentialAction\":[{\"@type\":\"ReadAction\",\"target\":[\"https:\/\/www.nbscett.nb.ca\/fr\/agrement-national\/\"]}]},{\"@type\":\"ImageObject\",\"inLanguage\":\"fr-FR\",\"@id\":\"https:\/\/www.nbscett.nb.ca\/fr\/agrement-national\/#primaryimage\",\"url\":\"https:\/\/www.nbscett.nb.ca\/wp-content\/uploads\/2016\/02\/MetalProcessing-RoboticWelding-300x200.jpg\",\"contentUrl\":\"https:\/\/www.nbscett.nb.ca\/wp-content\/uploads\/2016\/02\/MetalProcessing-RoboticWelding-300x200.jpg\"},{\"@type\":\"BreadcrumbList\",\"@id\":\"https:\/\/www.nbscett.nb.ca\/fr\/agrement-national\/#breadcrumb\",\"itemListElement\":[{\"@type\":\"ListItem\",\"position\":1,\"name\":\"home\",\"item\":\"https:\/\/www.nbscett.nb.ca\/fr\/\"},{\"@type\":\"ListItem\",\"position\":2,\"name\":\"Agr\u00e9ment national\"}]},{\"@type\":\"WebSite\",\"@id\":\"https:\/\/www.nbscett.nb.ca\/en\/#website\",\"url\":\"https:\/\/www.nbscett.nb.ca\/en\/\",\"name\":\"SttagN-B\",\"description\":\"\",\"potentialAction\":[{\"@type\":\"SearchAction\",\"target\":{\"@type\":\"EntryPoint\",\"urlTemplate\":\"https:\/\/www.nbscett.nb.ca\/en\/?s={search_term_string}\"},\"query-input\":{\"@type\":\"PropertyValueSpecification\",\"valueRequired\":true,\"valueName\":\"search_term_string\"}}],\"inLanguage\":\"fr-FR\"}]}<\/script>\n<!-- \/ Yoast SEO plugin. -->","yoast_head_json":{"title":"Agr\u00e9ment national - SttagN-B","robots":{"index":"index","follow":"follow","max-snippet":"max-snippet:-1","max-image-preview":"max-image-preview:large","max-video-preview":"max-video-preview:-1"},"canonical":"https:\/\/www.nbscett.nb.ca\/fr\/agrement-national\/","og_locale":"fr_FR","og_type":"article","og_title":"Agr\u00e9ment national - SttagN-B","og_description":"[vc_row][vc_column][vc_column_text] Les d\u00e9signations PTech (depuis 2005) ou CTech (depuis 1999) attribu\u00e9es par la SttagN-B, qui sont une reconnaissance du statut professionnel dans le monde entier, sont prot\u00e9g\u00e9es et leur emploi est r\u00e9serv\u00e9 exclusivement.\u00a0 Seuls les membres agr\u00e9\u00e9s en r\u00e8gle peuvent utiliser ces titres et se pr\u00e9senter comme des techniciens agr\u00e9\u00e9s ou des technologues professionnels. Les [&hellip;]","og_url":"https:\/\/www.nbscett.nb.ca\/fr\/agrement-national\/","og_site_name":"SttagN-B","article_modified_time":"2023-02-27T17:20:03+00:00","og_image":[{"url":"https:\/\/www.nbscett.nb.ca\/wp-content\/uploads\/2016\/02\/MetalProcessing-RoboticWelding-300x200.jpg","type":"","width":"","height":""}],"twitter_card":"summary_large_image","twitter_misc":{"Dur\u00e9e de lecture estim\u00e9e":"3 minutes"},"schema":{"@context":"https:\/\/schema.org","@graph":[{"@type":"WebPage","@id":"https:\/\/www.nbscett.nb.ca\/fr\/agrement-national\/","url":"https:\/\/www.nbscett.nb.ca\/fr\/agrement-national\/","name":"Agr\u00e9ment national - SttagN-B","isPartOf":{"@id":"https:\/\/www.nbscett.nb.ca\/en\/#website"},"primaryImageOfPage":{"@id":"https:\/\/www.nbscett.nb.ca\/fr\/agrement-national\/#primaryimage"},"image":{"@id":"https:\/\/www.nbscett.nb.ca\/fr\/agrement-national\/#primaryimage"},"thumbnailUrl":"https:\/\/www.nbscett.nb.ca\/wp-content\/uploads\/2016\/02\/MetalProcessing-RoboticWelding-300x200.jpg","datePublished":"2016-04-26T14:01:21+00:00","dateModified":"2023-02-27T17:20:03+00:00","breadcrumb":{"@id":"https:\/\/www.nbscett.nb.ca\/fr\/agrement-national\/#breadcrumb"},"inLanguage":"fr-FR","potentialAction":[{"@type":"ReadAction","target":["https:\/\/www.nbscett.nb.ca\/fr\/agrement-national\/"]}]},{"@type":"ImageObject","inLanguage":"fr-FR","@id":"https:\/\/www.nbscett.nb.ca\/fr\/agrement-national\/#primaryimage","url":"https:\/\/www.nbscett.nb.ca\/wp-content\/uploads\/2016\/02\/MetalProcessing-RoboticWelding-300x200.jpg","contentUrl":"https:\/\/www.nbscett.nb.ca\/wp-content\/uploads\/2016\/02\/MetalProcessing-RoboticWelding-300x200.jpg"},{"@type":"BreadcrumbList","@id":"https:\/\/www.nbscett.nb.ca\/fr\/agrement-national\/#breadcrumb","itemListElement":[{"@type":"ListItem","position":1,"name":"home","item":"https:\/\/www.nbscett.nb.ca\/fr\/"},{"@type":"ListItem","position":2,"name":"Agr\u00e9ment national"}]},{"@type":"WebSite","@id":"https:\/\/www.nbscett.nb.ca\/en\/#website","url":"https:\/\/www.nbscett.nb.ca\/en\/","name":"SttagN-B","description":"","potentialAction":[{"@type":"SearchAction","target":{"@type":"EntryPoint","urlTemplate":"https:\/\/www.nbscett.nb.ca\/en\/?s={search_term_string}"},"query-input":{"@type":"PropertyValueSpecification","valueRequired":true,"valueName":"search_term_string"}}],"inLanguage":"fr-FR"}]}},"_links":{"self":[{"href":"https:\/\/www.nbscett.nb.ca\/fr\/wp-json\/wp\/v2\/pages\/309","targetHints":{"allow":["GET"]}}],"collection":[{"href":"https:\/\/www.nbscett.nb.ca\/fr\/wp-json\/wp\/v2\/pages"}],"about":[{"href":"https:\/\/www.nbscett.nb.ca\/fr\/wp-json\/wp\/v2\/types\/page"}],"author":[{"embeddable":true,"href":"https:\/\/www.nbscett.nb.ca\/fr\/wp-json\/wp\/v2\/users\/2"}],"replies":[{"embeddable":true,"href":"https:\/\/www.nbscett.nb.ca\/fr\/wp-json\/wp\/v2\/comments?post=309"}],"version-history":[{"count":0,"href":"https:\/\/www.nbscett.nb.ca\/fr\/wp-json\/wp\/v2\/pages\/309\/revisions"}],"wp:attachment":[{"href":"https:\/\/www.nbscett.nb.ca\/fr\/wp-json\/wp\/v2\/media?parent=309"}],"curies":[{"name":"wp","href":"https:\/\/api.w.org\/{rel}","templated":true}]}}