{"id":308,"date":"2016-04-26T13:47:08","date_gmt":"2016-04-26T13:47:08","guid":{"rendered":"http:\/\/nbscett.wpengine.com\/fr\/?page_id=308"},"modified":"2016-04-26T15:29:02","modified_gmt":"2016-04-26T15:29:02","slug":"au-sujet-de-la-sttagn-b","status":"publish","type":"page","link":"https:\/\/www.nbscett.nb.ca\/fr\/au-sujet-de-la-sttagn-b\/","title":{"rendered":"Au sujet de la SttagN-B"},"content":{"rendered":"<div class=\"wpb-content-wrapper\"><p>[vc_row][vc_column][vc_column_text]<a href=\"https:\/\/www.nbscett.nb.ca\/wp-content\/uploads\/2016\/04\/NBCC-Fredericton-35-e1461163165294.jpg\"><img loading=\"lazy\" decoding=\"async\" class=\"alignright wp-image-300\" src=\"https:\/\/www.nbscett.nb.ca\/wp-content\/uploads\/2016\/04\/NBCC-Fredericton-35-300x200.jpg\" alt=\"NBCC-Fredericton (35)\" width=\"400\" height=\"267\" \/><\/a><\/p>\n<p>\u00c9tablie en 1968, la SttagN-B est l&rsquo;organisme d&rsquo;agr\u00e9ment ind\u00e9pendant du Nouveau-Brunswick pour les technologues et les technologues du g\u00e9nie et des sciences appliqu\u00e9es.\u00a0 L&rsquo;agr\u00e9ment est accord\u00e9 par un comit\u00e9 d&rsquo;agr\u00e9ment compos\u00e9 d&rsquo;un groupe d&rsquo;experts techniques de diverses disciplines.\u00a0Le comit\u00e9 \u00e9tudie les demandes et recommande au conseil de la Soci\u00e9t\u00e9, l&rsquo;agr\u00e9ment des techniciens et des technologues agr\u00e9\u00e9s du g\u00e9nie et des sciences appliqu\u00e9es du Nouveau-Brunswick qui r\u00e9pondent aux crit\u00e8res nationaux relatifs \u00e0 la formation et \u00e0 l&rsquo;exp\u00e9rience.<\/p>\n<p>La SttagN-B attribue les d\u00e9signations \u00ab\u00a0CTech\u00a0\u00bb et \u00ab\u00a0PTech\u00a0\u00bb qui sont des symboles de l&rsquo;accomplissement en techniques du g\u00e9nie et des sciences appliqu\u00e9es et qui sont prot\u00e9g\u00e9s par loi.\u00a0 L\u2019emplis de ces d\u00e9signations est r\u00e9serv\u00e9 exclusivement aux membres d\u00fbment agr\u00e9\u00e9s.\u00a0 Les autres d\u00e9signations qui ont \u00e9t\u00e9 attribu\u00e9es par la Soci\u00e9t\u00e9 sont \u00ab\u00a0CET\u00a0\u00bb, technicien du g\u00e9nie agr\u00e9\u00e9 et technologue du g\u00e9nie agr\u00e9\u00e9.\u00a0 Ces d\u00e9signations sont reconnues dans l&rsquo;ensemble du Canada par les employeurs et autres professionnels du g\u00e9nie gr\u00e2ce aux efforts des associations provinciales qui font partie du Conseil canadien des techniciens et technologues (CCTT).<\/p>\n<p>SttagN-B &#8230; \u00ab\u00a0L&rsquo;avancement des professions technologiques en sciences appliqu\u00e9es et en g\u00e9nie au Nouveau-Brunswick pour le bien de la soci\u00e9t\u00e9\u00a0\u00bb.<\/p>\n<h3>Objectifs<\/h3>\n<ol>\n<li>Appliquer les statuts de la SttagN-B dans l&rsquo;int\u00e9r\u00eat du public.<\/li>\n<li>Promouvoir la technologie du g\u00e9nie et des sciences appliqu\u00e9es comme une profession reconnue.<\/li>\n<li>Maintenir un niveau \u00e9lev\u00e9 d&rsquo;agr\u00e9ment professionnel, d&rsquo;\u00e9thique et de pratique.<\/li>\n<li>Cr\u00e9er des possibilit\u00e9s de carri\u00e8re int\u00e9ressantes et valorisantes pour les membres.<\/li>\n<li>Maintenir une base solide de membres et une structure organisationnelle efficace et \u00e9conomiquement saine.<\/li>\n<li>Offrir des avantages qui r\u00e9pondent aux besoins \u00e9conomiques, techniques et professionnels des membres.<\/li>\n<li>Exercer une influence positive sur les attitudes du public et la l\u00e9gislation relativement \u00e0 la technologie du g\u00e9nie et des sciences appliqu\u00e9es.<\/li>\n<\/ol>\n<h3>Vision<\/h3>\n<p>Promouvoir un enthousiasme au Nouveau-Brunswick pour la technologie des sciences appliqu\u00e9es et du g\u00e9nie.<\/p>\n<h3>Mission et objectifs<\/h3>\n<p>NBSCETT\/ SttagN-B a pour mission de r\u00e9glementer les services technologiques au Nouveau-Brunswick, de promouvoir l\u2019avancement de la formation accr\u00e9dit\u00e9e et de professionnels agr\u00e9\u00e9s, ainsi que de promouvoir la technologie des sciences appliqu\u00e9es et du g\u00e9nie au Nouveau-Brunswick.<\/p>\n<h3>Principes<\/h3>\n<ol>\n<li>L\u2019int\u00e9r\u00eat du public est primordial<\/li>\n<li>L\u2019am\u00e9lioration continue<\/li>\n<li>La responsabilit\u00e9 financi\u00e8re<\/li>\n<li>La qualit\u00e9 des services aux clients<\/li>\n<li>Un leadership dans la communaut\u00e9<\/li>\n<li>L\u2019utilisation cr\u00e9ative de ressources<\/li>\n<\/ol>\n<h3>Valeurs<\/h3>\n<ul>\n<li>Les contributions essentielles de l\u2019\u00e9quipe et des b\u00e9n\u00e9voles<\/li>\n<li>La diversit\u00e9 et l\u2019individualit\u00e9 de nos relations<\/li>\n<li>Des communications franches et ouvertes, et une int\u00e9grit\u00e9 morale<\/li>\n<li>L\u2019inclusivit\u00e9<\/li>\n<li>La qualit\u00e9<\/li>\n<li>Le soutien mutuel<\/li>\n<li>L\u2019uniformit\u00e9 des objectifs<\/li>\n<li>Un environnement convivial<\/li>\n<\/ul>\n<p>[\/vc_column_text][\/vc_column][\/vc_row]<\/p>\n<\/div>","protected":false},"excerpt":{"rendered":"<p>[vc_row][vc_column][vc_column_text] \u00c9tablie en 1968, la SttagN-B est l&rsquo;organisme d&rsquo;agr\u00e9ment ind\u00e9pendant du Nouveau-Brunswick pour les technologues et les technologues du g\u00e9nie et des sciences appliqu\u00e9es.\u00a0 L&rsquo;agr\u00e9ment est accord\u00e9 par un comit\u00e9 d&rsquo;agr\u00e9ment compos\u00e9 d&rsquo;un groupe d&rsquo;experts techniques de diverses disciplines.\u00a0Le comit\u00e9 \u00e9tudie les demandes et recommande au conseil de la Soci\u00e9t\u00e9, l&rsquo;agr\u00e9ment des techniciens et des [&hellip;]<\/p>\n","protected":false},"author":2,"featured_media":0,"parent":0,"menu_order":10,"comment_status":"closed","ping_status":"closed","template":"","meta":{"footnotes":""},"class_list":["post-308","page","type-page","status-publish","hentry"],"yoast_head":"<!-- This site is optimized with the Yoast SEO plugin v26.7 - https:\/\/yoast.com\/wordpress\/plugins\/seo\/ -->\n<title>Au sujet de la SttagN-B - SttagN-B<\/title>\n<meta name=\"robots\" content=\"index, follow, max-snippet:-1, max-image-preview:large, max-video-preview:-1\" \/>\n<link rel=\"canonical\" href=\"https:\/\/www.nbscett.nb.ca\/fr\/au-sujet-de-la-sttagn-b\/\" \/>\n<meta property=\"og:locale\" content=\"fr_FR\" \/>\n<meta property=\"og:type\" content=\"article\" \/>\n<meta property=\"og:title\" content=\"Au sujet de la SttagN-B - SttagN-B\" \/>\n<meta property=\"og:description\" content=\"[vc_row][vc_column][vc_column_text] \u00c9tablie en 1968, la SttagN-B est l&rsquo;organisme d&rsquo;agr\u00e9ment ind\u00e9pendant du Nouveau-Brunswick pour les technologues et les technologues du g\u00e9nie et des sciences appliqu\u00e9es.\u00a0 L&rsquo;agr\u00e9ment est accord\u00e9 par un comit\u00e9 d&rsquo;agr\u00e9ment compos\u00e9 d&rsquo;un groupe d&rsquo;experts techniques de diverses disciplines.\u00a0Le comit\u00e9 \u00e9tudie les demandes et recommande au conseil de la Soci\u00e9t\u00e9, l&rsquo;agr\u00e9ment des techniciens et des [&hellip;]\" \/>\n<meta property=\"og:url\" content=\"https:\/\/www.nbscett.nb.ca\/fr\/au-sujet-de-la-sttagn-b\/\" \/>\n<meta property=\"og:site_name\" content=\"SttagN-B\" \/>\n<meta property=\"article:modified_time\" content=\"2016-04-26T15:29:02+00:00\" \/>\n<meta property=\"og:image\" content=\"https:\/\/www.nbscett.nb.ca\/wp-content\/uploads\/2016\/04\/NBCC-Fredericton-35-300x200.jpg\" \/>\n<meta name=\"twitter:card\" content=\"summary_large_image\" \/>\n<meta name=\"twitter:label1\" content=\"Dur\u00e9e de lecture estim\u00e9e\" \/>\n\t<meta name=\"twitter:data1\" content=\"2 minutes\" \/>\n<script type=\"application\/ld+json\" class=\"yoast-schema-graph\">{\"@context\":\"https:\/\/schema.org\",\"@graph\":[{\"@type\":\"WebPage\",\"@id\":\"https:\/\/www.nbscett.nb.ca\/fr\/au-sujet-de-la-sttagn-b\/\",\"url\":\"https:\/\/www.nbscett.nb.ca\/fr\/au-sujet-de-la-sttagn-b\/\",\"name\":\"Au sujet de la SttagN-B - SttagN-B\",\"isPartOf\":{\"@id\":\"https:\/\/www.nbscett.nb.ca\/en\/#website\"},\"primaryImageOfPage\":{\"@id\":\"https:\/\/www.nbscett.nb.ca\/fr\/au-sujet-de-la-sttagn-b\/#primaryimage\"},\"image\":{\"@id\":\"https:\/\/www.nbscett.nb.ca\/fr\/au-sujet-de-la-sttagn-b\/#primaryimage\"},\"thumbnailUrl\":\"https:\/\/www.nbscett.nb.ca\/wp-content\/uploads\/2016\/04\/NBCC-Fredericton-35-300x200.jpg\",\"datePublished\":\"2016-04-26T13:47:08+00:00\",\"dateModified\":\"2016-04-26T15:29:02+00:00\",\"breadcrumb\":{\"@id\":\"https:\/\/www.nbscett.nb.ca\/fr\/au-sujet-de-la-sttagn-b\/#breadcrumb\"},\"inLanguage\":\"fr-FR\",\"potentialAction\":[{\"@type\":\"ReadAction\",\"target\":[\"https:\/\/www.nbscett.nb.ca\/fr\/au-sujet-de-la-sttagn-b\/\"]}]},{\"@type\":\"ImageObject\",\"inLanguage\":\"fr-FR\",\"@id\":\"https:\/\/www.nbscett.nb.ca\/fr\/au-sujet-de-la-sttagn-b\/#primaryimage\",\"url\":\"https:\/\/www.nbscett.nb.ca\/wp-content\/uploads\/2016\/04\/NBCC-Fredericton-35-300x200.jpg\",\"contentUrl\":\"https:\/\/www.nbscett.nb.ca\/wp-content\/uploads\/2016\/04\/NBCC-Fredericton-35-300x200.jpg\"},{\"@type\":\"BreadcrumbList\",\"@id\":\"https:\/\/www.nbscett.nb.ca\/fr\/au-sujet-de-la-sttagn-b\/#breadcrumb\",\"itemListElement\":[{\"@type\":\"ListItem\",\"position\":1,\"name\":\"home\",\"item\":\"https:\/\/www.nbscett.nb.ca\/fr\/\"},{\"@type\":\"ListItem\",\"position\":2,\"name\":\"Au sujet de la SttagN-B\"}]},{\"@type\":\"WebSite\",\"@id\":\"https:\/\/www.nbscett.nb.ca\/en\/#website\",\"url\":\"https:\/\/www.nbscett.nb.ca\/en\/\",\"name\":\"SttagN-B\",\"description\":\"\",\"potentialAction\":[{\"@type\":\"SearchAction\",\"target\":{\"@type\":\"EntryPoint\",\"urlTemplate\":\"https:\/\/www.nbscett.nb.ca\/en\/?s={search_term_string}\"},\"query-input\":{\"@type\":\"PropertyValueSpecification\",\"valueRequired\":true,\"valueName\":\"search_term_string\"}}],\"inLanguage\":\"fr-FR\"}]}<\/script>\n<!-- \/ Yoast SEO plugin. -->","yoast_head_json":{"title":"Au sujet de la SttagN-B - SttagN-B","robots":{"index":"index","follow":"follow","max-snippet":"max-snippet:-1","max-image-preview":"max-image-preview:large","max-video-preview":"max-video-preview:-1"},"canonical":"https:\/\/www.nbscett.nb.ca\/fr\/au-sujet-de-la-sttagn-b\/","og_locale":"fr_FR","og_type":"article","og_title":"Au sujet de la SttagN-B - SttagN-B","og_description":"[vc_row][vc_column][vc_column_text] \u00c9tablie en 1968, la SttagN-B est l&rsquo;organisme d&rsquo;agr\u00e9ment ind\u00e9pendant du Nouveau-Brunswick pour les technologues et les technologues du g\u00e9nie et des sciences appliqu\u00e9es.\u00a0 L&rsquo;agr\u00e9ment est accord\u00e9 par un comit\u00e9 d&rsquo;agr\u00e9ment compos\u00e9 d&rsquo;un groupe d&rsquo;experts techniques de diverses disciplines.\u00a0Le comit\u00e9 \u00e9tudie les demandes et recommande au conseil de la Soci\u00e9t\u00e9, l&rsquo;agr\u00e9ment des techniciens et des [&hellip;]","og_url":"https:\/\/www.nbscett.nb.ca\/fr\/au-sujet-de-la-sttagn-b\/","og_site_name":"SttagN-B","article_modified_time":"2016-04-26T15:29:02+00:00","og_image":[{"url":"https:\/\/www.nbscett.nb.ca\/wp-content\/uploads\/2016\/04\/NBCC-Fredericton-35-300x200.jpg","type":"","width":"","height":""}],"twitter_card":"summary_large_image","twitter_misc":{"Dur\u00e9e de lecture estim\u00e9e":"2 minutes"},"schema":{"@context":"https:\/\/schema.org","@graph":[{"@type":"WebPage","@id":"https:\/\/www.nbscett.nb.ca\/fr\/au-sujet-de-la-sttagn-b\/","url":"https:\/\/www.nbscett.nb.ca\/fr\/au-sujet-de-la-sttagn-b\/","name":"Au sujet de la SttagN-B - SttagN-B","isPartOf":{"@id":"https:\/\/www.nbscett.nb.ca\/en\/#website"},"primaryImageOfPage":{"@id":"https:\/\/www.nbscett.nb.ca\/fr\/au-sujet-de-la-sttagn-b\/#primaryimage"},"image":{"@id":"https:\/\/www.nbscett.nb.ca\/fr\/au-sujet-de-la-sttagn-b\/#primaryimage"},"thumbnailUrl":"https:\/\/www.nbscett.nb.ca\/wp-content\/uploads\/2016\/04\/NBCC-Fredericton-35-300x200.jpg","datePublished":"2016-04-26T13:47:08+00:00","dateModified":"2016-04-26T15:29:02+00:00","breadcrumb":{"@id":"https:\/\/www.nbscett.nb.ca\/fr\/au-sujet-de-la-sttagn-b\/#breadcrumb"},"inLanguage":"fr-FR","potentialAction":[{"@type":"ReadAction","target":["https:\/\/www.nbscett.nb.ca\/fr\/au-sujet-de-la-sttagn-b\/"]}]},{"@type":"ImageObject","inLanguage":"fr-FR","@id":"https:\/\/www.nbscett.nb.ca\/fr\/au-sujet-de-la-sttagn-b\/#primaryimage","url":"https:\/\/www.nbscett.nb.ca\/wp-content\/uploads\/2016\/04\/NBCC-Fredericton-35-300x200.jpg","contentUrl":"https:\/\/www.nbscett.nb.ca\/wp-content\/uploads\/2016\/04\/NBCC-Fredericton-35-300x200.jpg"},{"@type":"BreadcrumbList","@id":"https:\/\/www.nbscett.nb.ca\/fr\/au-sujet-de-la-sttagn-b\/#breadcrumb","itemListElement":[{"@type":"ListItem","position":1,"name":"home","item":"https:\/\/www.nbscett.nb.ca\/fr\/"},{"@type":"ListItem","position":2,"name":"Au sujet de la SttagN-B"}]},{"@type":"WebSite","@id":"https:\/\/www.nbscett.nb.ca\/en\/#website","url":"https:\/\/www.nbscett.nb.ca\/en\/","name":"SttagN-B","description":"","potentialAction":[{"@type":"SearchAction","target":{"@type":"EntryPoint","urlTemplate":"https:\/\/www.nbscett.nb.ca\/en\/?s={search_term_string}"},"query-input":{"@type":"PropertyValueSpecification","valueRequired":true,"valueName":"search_term_string"}}],"inLanguage":"fr-FR"}]}},"_links":{"self":[{"href":"https:\/\/www.nbscett.nb.ca\/fr\/wp-json\/wp\/v2\/pages\/308","targetHints":{"allow":["GET"]}}],"collection":[{"href":"https:\/\/www.nbscett.nb.ca\/fr\/wp-json\/wp\/v2\/pages"}],"about":[{"href":"https:\/\/www.nbscett.nb.ca\/fr\/wp-json\/wp\/v2\/types\/page"}],"author":[{"embeddable":true,"href":"https:\/\/www.nbscett.nb.ca\/fr\/wp-json\/wp\/v2\/users\/2"}],"replies":[{"embeddable":true,"href":"https:\/\/www.nbscett.nb.ca\/fr\/wp-json\/wp\/v2\/comments?post=308"}],"version-history":[{"count":0,"href":"https:\/\/www.nbscett.nb.ca\/fr\/wp-json\/wp\/v2\/pages\/308\/revisions"}],"wp:attachment":[{"href":"https:\/\/www.nbscett.nb.ca\/fr\/wp-json\/wp\/v2\/media?parent=308"}],"curies":[{"name":"wp","href":"https:\/\/api.w.org\/{rel}","templated":true}]}}