{"id":1245,"date":"2023-05-17T20:25:46","date_gmt":"2023-05-17T20:25:46","guid":{"rendered":"https:\/\/www.nbscett.nb.ca\/?page_id=1245"},"modified":"2023-05-17T20:26:06","modified_gmt":"2023-05-17T20:26:06","slug":"loi-sur-les-techniques-du-genie","status":"publish","type":"page","link":"https:\/\/www.nbscett.nb.ca\/fr\/au-sujet-de-la-sttagn-b\/loi-sur-les-techniques-du-genie\/","title":{"rendered":"Loi sur les techniques du g\u00e9nie"},"content":{"rendered":"<h3>T\u00e9l\u00e9charger un version PDF de la\u00a0<a href=\"\/wp-content\/uploads\/2023\/02\/NBSCETT-French-Act-CONSOLIDATED.pdf\">Loi sur les techniques du g\u00e9nie<\/a><\/h3>\n<p>** \u00c0 noter qu&rsquo;il vous faut le lecteur PDF pour pouvoir lire ces fichiers ** <a href=\"http:\/\/www.adobe.com\/products\/acrobat\/readstep.html\" target=\"_blank\" rel=\"noopener\">http:\/\/www.adobe.com\/products\/acrobat\/readstep.html<\/a><\/p>\n","protected":false},"excerpt":{"rendered":"<p>T\u00e9l\u00e9charger un version PDF de la\u00a0Loi sur les techniques du g\u00e9nie ** \u00c0 noter qu&rsquo;il vous faut le lecteur PDF pour pouvoir lire ces fichiers ** http:\/\/www.adobe.com\/products\/acrobat\/readstep.html<\/p>\n","protected":false},"author":2,"featured_media":0,"parent":308,"menu_order":0,"comment_status":"closed","ping_status":"closed","template":"","meta":{"footnotes":""},"class_list":["post-1245","page","type-page","status-publish","hentry"],"yoast_head":"<!-- This site is optimized with the Yoast SEO plugin v26.7 - https:\/\/yoast.com\/wordpress\/plugins\/seo\/ -->\n<title>Loi sur les techniques du g\u00e9nie - SttagN-B<\/title>\n<meta name=\"robots\" content=\"index, follow, max-snippet:-1, max-image-preview:large, max-video-preview:-1\" \/>\n<link rel=\"canonical\" href=\"https:\/\/www.nbscett.nb.ca\/fr\/au-sujet-de-la-sttagn-b\/loi-sur-les-techniques-du-genie\/\" \/>\n<meta property=\"og:locale\" content=\"fr_FR\" \/>\n<meta property=\"og:type\" content=\"article\" \/>\n<meta property=\"og:title\" content=\"Loi sur les techniques du g\u00e9nie - SttagN-B\" \/>\n<meta property=\"og:description\" content=\"T\u00e9l\u00e9charger un version PDF de la\u00a0Loi sur les techniques du g\u00e9nie ** \u00c0 noter qu&rsquo;il vous faut le lecteur PDF pour pouvoir lire ces fichiers ** http:\/\/www.adobe.com\/products\/acrobat\/readstep.html\" \/>\n<meta property=\"og:url\" content=\"https:\/\/www.nbscett.nb.ca\/fr\/au-sujet-de-la-sttagn-b\/loi-sur-les-techniques-du-genie\/\" \/>\n<meta property=\"og:site_name\" content=\"SttagN-B\" \/>\n<meta property=\"article:modified_time\" content=\"2023-05-17T20:26:06+00:00\" \/>\n<meta name=\"twitter:card\" content=\"summary_large_image\" \/>\n<meta name=\"twitter:label1\" content=\"Dur\u00e9e de lecture estim\u00e9e\" \/>\n\t<meta name=\"twitter:data1\" content=\"1 minute\" \/>\n<script type=\"application\/ld+json\" class=\"yoast-schema-graph\">{\"@context\":\"https:\/\/schema.org\",\"@graph\":[{\"@type\":\"WebPage\",\"@id\":\"https:\/\/www.nbscett.nb.ca\/fr\/au-sujet-de-la-sttagn-b\/loi-sur-les-techniques-du-genie\/\",\"url\":\"https:\/\/www.nbscett.nb.ca\/fr\/au-sujet-de-la-sttagn-b\/loi-sur-les-techniques-du-genie\/\",\"name\":\"Loi sur les techniques du g\u00e9nie - SttagN-B\",\"isPartOf\":{\"@id\":\"https:\/\/www.nbscett.nb.ca\/en\/#website\"},\"datePublished\":\"2023-05-17T20:25:46+00:00\",\"dateModified\":\"2023-05-17T20:26:06+00:00\",\"breadcrumb\":{\"@id\":\"https:\/\/www.nbscett.nb.ca\/fr\/au-sujet-de-la-sttagn-b\/loi-sur-les-techniques-du-genie\/#breadcrumb\"},\"inLanguage\":\"fr-FR\",\"potentialAction\":[{\"@type\":\"ReadAction\",\"target\":[\"https:\/\/www.nbscett.nb.ca\/fr\/au-sujet-de-la-sttagn-b\/loi-sur-les-techniques-du-genie\/\"]}]},{\"@type\":\"BreadcrumbList\",\"@id\":\"https:\/\/www.nbscett.nb.ca\/fr\/au-sujet-de-la-sttagn-b\/loi-sur-les-techniques-du-genie\/#breadcrumb\",\"itemListElement\":[{\"@type\":\"ListItem\",\"position\":1,\"name\":\"home\",\"item\":\"https:\/\/www.nbscett.nb.ca\/fr\/\"},{\"@type\":\"ListItem\",\"position\":2,\"name\":\"Au sujet de la SttagN-B\",\"item\":\"https:\/\/www.nbscett.nb.ca\/fr\/au-sujet-de-la-sttagn-b\/\"},{\"@type\":\"ListItem\",\"position\":3,\"name\":\"Loi sur les techniques du g\u00e9nie\"}]},{\"@type\":\"WebSite\",\"@id\":\"https:\/\/www.nbscett.nb.ca\/en\/#website\",\"url\":\"https:\/\/www.nbscett.nb.ca\/en\/\",\"name\":\"SttagN-B\",\"description\":\"\",\"potentialAction\":[{\"@type\":\"SearchAction\",\"target\":{\"@type\":\"EntryPoint\",\"urlTemplate\":\"https:\/\/www.nbscett.nb.ca\/en\/?s={search_term_string}\"},\"query-input\":{\"@type\":\"PropertyValueSpecification\",\"valueRequired\":true,\"valueName\":\"search_term_string\"}}],\"inLanguage\":\"fr-FR\"}]}<\/script>\n<!-- \/ Yoast SEO plugin. -->","yoast_head_json":{"title":"Loi sur les techniques du g\u00e9nie - SttagN-B","robots":{"index":"index","follow":"follow","max-snippet":"max-snippet:-1","max-image-preview":"max-image-preview:large","max-video-preview":"max-video-preview:-1"},"canonical":"https:\/\/www.nbscett.nb.ca\/fr\/au-sujet-de-la-sttagn-b\/loi-sur-les-techniques-du-genie\/","og_locale":"fr_FR","og_type":"article","og_title":"Loi sur les techniques du g\u00e9nie - SttagN-B","og_description":"T\u00e9l\u00e9charger un version PDF de la\u00a0Loi sur les techniques du g\u00e9nie ** \u00c0 noter qu&rsquo;il vous faut le lecteur PDF pour pouvoir lire ces fichiers ** http:\/\/www.adobe.com\/products\/acrobat\/readstep.html","og_url":"https:\/\/www.nbscett.nb.ca\/fr\/au-sujet-de-la-sttagn-b\/loi-sur-les-techniques-du-genie\/","og_site_name":"SttagN-B","article_modified_time":"2023-05-17T20:26:06+00:00","twitter_card":"summary_large_image","twitter_misc":{"Dur\u00e9e de lecture estim\u00e9e":"1 minute"},"schema":{"@context":"https:\/\/schema.org","@graph":[{"@type":"WebPage","@id":"https:\/\/www.nbscett.nb.ca\/fr\/au-sujet-de-la-sttagn-b\/loi-sur-les-techniques-du-genie\/","url":"https:\/\/www.nbscett.nb.ca\/fr\/au-sujet-de-la-sttagn-b\/loi-sur-les-techniques-du-genie\/","name":"Loi sur les techniques du g\u00e9nie - SttagN-B","isPartOf":{"@id":"https:\/\/www.nbscett.nb.ca\/en\/#website"},"datePublished":"2023-05-17T20:25:46+00:00","dateModified":"2023-05-17T20:26:06+00:00","breadcrumb":{"@id":"https:\/\/www.nbscett.nb.ca\/fr\/au-sujet-de-la-sttagn-b\/loi-sur-les-techniques-du-genie\/#breadcrumb"},"inLanguage":"fr-FR","potentialAction":[{"@type":"ReadAction","target":["https:\/\/www.nbscett.nb.ca\/fr\/au-sujet-de-la-sttagn-b\/loi-sur-les-techniques-du-genie\/"]}]},{"@type":"BreadcrumbList","@id":"https:\/\/www.nbscett.nb.ca\/fr\/au-sujet-de-la-sttagn-b\/loi-sur-les-techniques-du-genie\/#breadcrumb","itemListElement":[{"@type":"ListItem","position":1,"name":"home","item":"https:\/\/www.nbscett.nb.ca\/fr\/"},{"@type":"ListItem","position":2,"name":"Au sujet de la SttagN-B","item":"https:\/\/www.nbscett.nb.ca\/fr\/au-sujet-de-la-sttagn-b\/"},{"@type":"ListItem","position":3,"name":"Loi sur les techniques du g\u00e9nie"}]},{"@type":"WebSite","@id":"https:\/\/www.nbscett.nb.ca\/en\/#website","url":"https:\/\/www.nbscett.nb.ca\/en\/","name":"SttagN-B","description":"","potentialAction":[{"@type":"SearchAction","target":{"@type":"EntryPoint","urlTemplate":"https:\/\/www.nbscett.nb.ca\/en\/?s={search_term_string}"},"query-input":{"@type":"PropertyValueSpecification","valueRequired":true,"valueName":"search_term_string"}}],"inLanguage":"fr-FR"}]}},"_links":{"self":[{"href":"https:\/\/www.nbscett.nb.ca\/fr\/wp-json\/wp\/v2\/pages\/1245","targetHints":{"allow":["GET"]}}],"collection":[{"href":"https:\/\/www.nbscett.nb.ca\/fr\/wp-json\/wp\/v2\/pages"}],"about":[{"href":"https:\/\/www.nbscett.nb.ca\/fr\/wp-json\/wp\/v2\/types\/page"}],"author":[{"embeddable":true,"href":"https:\/\/www.nbscett.nb.ca\/fr\/wp-json\/wp\/v2\/users\/2"}],"replies":[{"embeddable":true,"href":"https:\/\/www.nbscett.nb.ca\/fr\/wp-json\/wp\/v2\/comments?post=1245"}],"version-history":[{"count":0,"href":"https:\/\/www.nbscett.nb.ca\/fr\/wp-json\/wp\/v2\/pages\/1245\/revisions"}],"up":[{"embeddable":true,"href":"https:\/\/www.nbscett.nb.ca\/fr\/wp-json\/wp\/v2\/pages\/308"}],"wp:attachment":[{"href":"https:\/\/www.nbscett.nb.ca\/fr\/wp-json\/wp\/v2\/media?parent=1245"}],"curies":[{"name":"wp","href":"https:\/\/api.w.org\/{rel}","templated":true}]}}