{"id":110,"date":"2015-12-08T21:01:59","date_gmt":"2015-12-08T21:01:59","guid":{"rendered":"http:\/\/nbscett.local\/en\/?page_id=110"},"modified":"2023-04-04T18:26:33","modified_gmt":"2023-04-04T18:26:33","slug":"landing","status":"publish","type":"page","link":"https:\/\/www.nbscett.nb.ca\/","title":{"rendered":"Landing"},"content":{"rendered":"<div class=\"wpb-content-wrapper\"><p>[vc_row css=&#8221;.vc_custom_1462895221602{margin-top: 0px !important;}&#8221;][vc_column width=&#8221;1\/12&#8243; offset=&#8221;vc_col-lg-2 vc_col-md-1 vc_hidden-xs&#8221;][\/vc_column][vc_column width=&#8221;5\/6&#8243; offset=&#8221;vc_col-lg-8 vc_col-md-10&#8243;][vc_single_image image=&#8221;69&#8243; img_size=&#8221;full&#8221; css=&#8221;.vc_custom_1449604468487{margin-top: 0px !important;margin-bottom: 0px !important;padding-top: 0px !important;padding-bottom: 0px !important;}&#8221; el_class=&#8221;landing-img&#8221;][vc_row_inner css=&#8221;.vc_custom_1449607472049{margin-bottom: 15px !important;padding-right: 0px !important;padding-left: 0px !important;}&#8221; el_class=&#8221;landing-content&#8221;][vc_column_inner width=&#8221;1\/2&#8243; css=&#8221;.vc_custom_1449607355026{padding-right: 0px !important;}&#8221;][vc_column_text el_class=&#8221;landing-text&#8221; css=&#8221;.vc_custom_1461875331822{margin-top: 0px !important;margin-bottom: 0px !important;padding-top: 30px !important;padding-right: 105px !important;padding-bottom: 30px !important;padding-left: 30px !important;}&#8221;]<\/p>\n<h2>SttagN-B<\/h2>\n<p>Soci\u00e9t\u00e9 des techniciens et des technologues agr\u00e9\u00e9s du g\u00e9nie du Nouveau Brunswick[\/vc_column_text][vc_column_text el_class=&#8221;landing-link&#8221; css=&#8221;.vc_custom_1449676354188{margin-top: 0px !important;margin-bottom: 0px !important;padding-top: 0px !important;padding-right: 0px !important;padding-bottom: 0px !important;padding-left: 0px !important;}&#8221;]<a href=\"\/fr\">Bienvenue<i class=\"material-icons\">\ue5c8<\/i><\/a>[\/vc_column_text][\/vc_column_inner][vc_column_inner width=&#8221;1\/2&#8243; css=&#8221;.vc_custom_1449607367091{padding-left: 0px !important;}&#8221;][vc_column_text el_class=&#8221;landing-text&#8221; css=&#8221;.vc_custom_1466608761832{margin-top: 0px !important;margin-bottom: 0px !important;padding-top: 30px !important;padding-right: 105px !important;padding-bottom: 30px !important;padding-left: 30px !important;}&#8221;]<\/p>\n<h2>NBSCETT<\/h2>\n<p>New Brunswick Society of Certified Engineering Technicians and Technologists[\/vc_column_text][vc_column_text el_class=&#8221;landing-link&#8221; css=&#8221;.vc_custom_1449676340556{margin-top: 0px !important;margin-bottom: 0px !important;padding-top: 0px !important;padding-right: 0px !important;padding-bottom: 0px !important;padding-left: 0px !important;}&#8221;]<a href=\"\/en\">Welcome<i class=\"material-icons\">\ue5c8<\/i><\/a>[\/vc_column_text][\/vc_column_inner][\/vc_row_inner][vc_row_inner el_class=&#8221;landing-footer&#8221; css=&#8221;.vc_custom_1449603311279{margin-top: 0px !important;margin-bottom: 0px !important;}&#8221;][vc_column_inner width=&#8221;4\/12&#8243;][vc_column_text css=&#8221;.vc_custom_1641940978064{margin-top: 0px !important;}&#8221;]P.O. Box 3269, Station B<br \/>\nFredericton, N.B. E3A 5H1[\/vc_column_text][\/vc_column_inner][vc_column_inner width=&#8221;4\/12&#8243;][vc_column_text]E: <a href=\"mailto:nbscett@nbscett.nb.ca\">nbscett@nbscett.nb.ca<\/a><br \/>\nT: <a href=\"tel:5064546124\">(506) 454-6124<br \/>\n<\/a>[\/vc_column_text][\/vc_column_inner][vc_column_inner width=&#8221;1\/12&#8243;][\/vc_column_inner][vc_column_inner width=&#8221;1\/12&#8243;][vc_icon icon_fontawesome=&#8221;fab fa-facebook-square&#8221; color=&#8221;custom&#8221; align=&#8221;right&#8221; link=&#8221;url:https%3A%2F%2Fwww.facebook.com%2Fnbscett|title:Facebook||&#8221; css=&#8221;.vc_custom_1677791480456{margin-top: -10px !important;}&#8221; custom_color=&#8221;#1877f2&#8243;][\/vc_column_inner][vc_column_inner width=&#8221;1\/12&#8243;][vc_icon icon_fontawesome=&#8221;fab fa-linkedin&#8221; color=&#8221;custom&#8221; align=&#8221;right&#8221; link=&#8221;url:https%3A%2F%2Fwww.linkedin.com%2Fcompany%2Fnbscett-sttagnb&#8221; custom_color=&#8221;#0a66c2&#8243; css=&#8221;.vc_custom_1677791716798{margin-top: -10px !important;}&#8221;][\/vc_column_inner][vc_column_inner width=&#8221;1\/12&#8243;][vc_icon icon_fontawesome=&#8221;fab fa-twitter-square&#8221; color=&#8221;custom&#8221; align=&#8221;right&#8221; custom_color=&#8221;#1d9bf0&#8243; css=&#8221;.vc_custom_1677791760630{margin-top: -10px !important;}&#8221; link=&#8221;url:https%3A%2F%2Fwww.twitter.com%2Fnbscett&#8221;][\/vc_column_inner][\/vc_row_inner][vc_row_inner][vc_column_inner width=&#8221;1\/12&#8243;][\/vc_column_inner][vc_column_inner width=&#8221;1\/12&#8243; css=&#8221;.vc_custom_1463509442503{padding-right: 0px !important;padding-left: 0px !important;}&#8221;][vc_single_image image=&#8221;487&#8243; img_size=&#8221;full&#8221; alignment=&#8221;center&#8221; onclick=&#8221;custom_link&#8221; img_link_target=&#8221;_blank&#8221; link=&#8221;http:\/\/www.aettnl.com\/&#8221;][\/vc_column_inner][vc_column_inner width=&#8221;1\/12&#8243; css=&#8221;.vc_custom_1463509449391{padding-right: 0px !important;padding-left: 0px !important;}&#8221;][vc_single_image image=&#8221;496&#8243; img_size=&#8221;full&#8221; alignment=&#8221;center&#8221; onclick=&#8221;custom_link&#8221; img_link_target=&#8221;_blank&#8221; link=&#8221;http:\/\/www.techpei.ca\/&#8221;][\/vc_column_inner][vc_column_inner width=&#8221;1\/12&#8243; css=&#8221;.vc_custom_1463509468910{padding-right: 0px !important;padding-left: 0px !important;}&#8221;][vc_single_image image=&#8221;495&#8243; img_size=&#8221;full&#8221; alignment=&#8221;center&#8221; onclick=&#8221;custom_link&#8221; img_link_target=&#8221;_blank&#8221; link=&#8221;http:\/\/www.technova.ca\/&#8221;][\/vc_column_inner][vc_column_inner width=&#8221;1\/12&#8243; css=&#8221;.vc_custom_1463509490832{padding-right: 0px !important;padding-left: 0px !important;}&#8221;][vc_single_image image=&#8221;802&#8243; img_size=&#8221;full&#8221; onclick=&#8221;custom_link&#8221; img_link_target=&#8221;_blank&#8221; link=&#8221;http:\/\/www.technologyprofessionals.ca\/&#8221; css=&#8221;.vc_custom_1585752262630{padding-top: 15px !important;}&#8221;][\/vc_column_inner][vc_column_inner width=&#8221;1\/12&#8243; css=&#8221;.vc_custom_1463509484368{padding-right: 0px !important;padding-left: 0px !important;}&#8221;][vc_single_image image=&#8221;493&#8243; img_size=&#8221;full&#8221; alignment=&#8221;center&#8221; onclick=&#8221;custom_link&#8221; img_link_target=&#8221;_blank&#8221; link=&#8221;http:\/\/www.otpq.qc.ca\/&#8221;][\/vc_column_inner][vc_column_inner width=&#8221;1\/12&#8243; css=&#8221;.vc_custom_1463509504536{padding-right: 0px !important;padding-left: 0px !important;}&#8221;][vc_single_image image=&#8221;492&#8243; img_size=&#8221;full&#8221; alignment=&#8221;center&#8221; onclick=&#8221;custom_link&#8221; img_link_target=&#8221;_blank&#8221; link=&#8221;https:\/\/www.oacett.org\/&#8221;][\/vc_column_inner][vc_column_inner width=&#8221;1\/12&#8243; css=&#8221;.vc_custom_1463509511691{padding-right: 0px !important;padding-left: 0px !important;}&#8221;][vc_single_image image=&#8221;491&#8243; img_size=&#8221;full&#8221; alignment=&#8221;center&#8221; onclick=&#8221;custom_link&#8221; img_link_target=&#8221;_blank&#8221; link=&#8221;http:\/\/www.cttam.com\/&#8221;][\/vc_column_inner][vc_column_inner width=&#8221;1\/12&#8243; css=&#8221;.vc_custom_1463509596940{padding-right: 0px !important;padding-left: 0px !important;}&#8221;][vc_single_image image=&#8221;1231&#8243; img_size=&#8221;full&#8221; alignment=&#8221;center&#8221; onclick=&#8221;custom_link&#8221; link=&#8221;http:\/\/www.tpsk.ca\/&#8221; css=&#8221;.vc_custom_1680632769753{padding-top: 20px !important;padding-right: 0px !important;padding-left: 0px !important;}&#8221;][\/vc_column_inner][vc_column_inner width=&#8221;1\/12&#8243; css=&#8221;.vc_custom_1463509731538{padding-right: 0px !important;padding-left: 0px !important;}&#8221;][vc_single_image image=&#8221;488&#8243; img_size=&#8221;full&#8221; alignment=&#8221;center&#8221; onclick=&#8221;custom_link&#8221; img_link_target=&#8221;_blank&#8221; link=&#8221;http:\/\/www.aset.ab.ca\/&#8221; css=&#8221;.vc_custom_1463509799914{padding-right: 0px !important;padding-left: 0px !important;}&#8221;][\/vc_column_inner][vc_column_inner width=&#8221;1\/12&#8243; css=&#8221;.vc_custom_1463509604483{padding-right: 0px !important;padding-left: 0px !important;}&#8221;][vc_single_image image=&#8221;489&#8243; img_size=&#8221;full&#8221; alignment=&#8221;center&#8221; onclick=&#8221;custom_link&#8221; img_link_target=&#8221;_blank&#8221; link=&#8221;http:\/\/www.asttbc.org\/&#8221; css=&#8221;.vc_custom_1463509805217{padding-right: 0px !important;padding-left: 0px !important;}&#8221;][\/vc_column_inner][vc_column_inner width=&#8221;1\/12&#8243;][\/vc_column_inner][\/vc_row_inner][vc_row_inner][vc_column_inner][vc_column_text el_class=&#8221;landing-copy&#8221;]<\/p>\n<p style=\"text-align: center;\">April 10, 2026<\/p>\n<p style=\"text-align: center;\">Copyright \u00a9 2016 All rights reserved NBSCETT |\u00a0<a href=\"\/wp-content\/uploads\/2016\/04\/PrivacyPolicy-_05.pdf\">Privacy policy<\/a><\/p>\n<p>[\/vc_column_text][\/vc_column_inner][\/vc_row_inner][\/vc_column][vc_column width=&#8221;1\/6&#8243; offset=&#8221;vc_col-lg-2 vc_col-md-1 vc_hidden-xs&#8221;][\/vc_column][\/vc_row]<\/p>\n<\/div>","protected":false},"excerpt":{"rendered":"<p>[vc_row css=&#8221;.vc_custom_1462895221602{margin-top: 0px !important;}&#8221;][vc_column width=&#8221;1\/12&#8243; offset=&#8221;vc_col-lg-2 vc_col-md-1 vc_hidden-xs&#8221;][\/vc_column][vc_column width=&#8221;5\/6&#8243; offset=&#8221;vc_col-lg-8 vc_col-md-10&#8243;][vc_single_image image=&#8221;69&#8243; img_size=&#8221;full&#8221; css=&#8221;.vc_custom_1449604468487{margin-top: 0px !important;margin-bottom: 0px !important;padding-top: 0px !important;padding-bottom: 0px !important;}&#8221; el_class=&#8221;landing-img&#8221;][vc_row_inner css=&#8221;.vc_custom_1449607472049{margin-bottom: 15px !important;padding-right: 0px !important;padding-left: 0px !important;}&#8221; el_class=&#8221;landing-content&#8221;][vc_column_inner width=&#8221;1\/2&#8243; css=&#8221;.vc_custom_1449607355026{padding-right: 0px !important;}&#8221;][vc_column_text el_class=&#8221;landing-text&#8221; css=&#8221;.vc_custom_1461875331822{margin-top: 0px !important;margin-bottom: 0px !important;padding-top: 30px !important;padding-right: 105px !important;padding-bottom: 30px !important;padding-left: 30px !important;}&#8221;] SttagN-B Soci\u00e9t\u00e9 des techniciens et des [&hellip;]<\/p>\n","protected":false},"author":1,"featured_media":0,"parent":0,"menu_order":0,"comment_status":"closed","ping_status":"open","template":"","meta":{"footnotes":""},"class_list":["post-110","page","type-page","status-publish","hentry"],"yoast_head":"<!-- This site is optimized with the Yoast SEO plugin v26.7 - https:\/\/yoast.com\/wordpress\/plugins\/seo\/ -->\n<title>Sttag N-B -\u00a0NBSCETT\u00a0<\/title>\n<meta name=\"robots\" content=\"index, follow, max-snippet:-1, max-image-preview:large, max-video-preview:-1\" \/>\n<link rel=\"canonical\" href=\"https:\/\/www.nbscett.nb.ca\/\" \/>\n<meta property=\"og:locale\" content=\"en_US\" \/>\n<meta property=\"og:type\" content=\"article\" \/>\n<meta property=\"og:title\" content=\"Sttag N-B -\u00a0NBSCETT\u00a0\" \/>\n<meta property=\"og:description\" content=\"[vc_row css=&#8221;.vc_custom_1462895221602{margin-top: 0px !important;}&#8221;][vc_column width=&#8221;1\/12&#8243; offset=&#8221;vc_col-lg-2 vc_col-md-1 vc_hidden-xs&#8221;][\/vc_column][vc_column width=&#8221;5\/6&#8243; offset=&#8221;vc_col-lg-8 vc_col-md-10&#8243;][vc_single_image image=&#8221;69&#8243; img_size=&#8221;full&#8221; css=&#8221;.vc_custom_1449604468487{margin-top: 0px !important;margin-bottom: 0px !important;padding-top: 0px !important;padding-bottom: 0px !important;}&#8221; el_class=&#8221;landing-img&#8221;][vc_row_inner css=&#8221;.vc_custom_1449607472049{margin-bottom: 15px !important;padding-right: 0px !important;padding-left: 0px !important;}&#8221; el_class=&#8221;landing-content&#8221;][vc_column_inner width=&#8221;1\/2&#8243; css=&#8221;.vc_custom_1449607355026{padding-right: 0px !important;}&#8221;][vc_column_text el_class=&#8221;landing-text&#8221; css=&#8221;.vc_custom_1461875331822{margin-top: 0px !important;margin-bottom: 0px !important;padding-top: 30px !important;padding-right: 105px !important;padding-bottom: 30px !important;padding-left: 30px !important;}&#8221;] SttagN-B Soci\u00e9t\u00e9 des techniciens et des [&hellip;]\" \/>\n<meta property=\"og:url\" content=\"https:\/\/www.nbscett.nb.ca\/\" \/>\n<meta property=\"og:site_name\" content=\"NBSCETT\" \/>\n<meta property=\"article:modified_time\" content=\"2023-04-04T18:26:33+00:00\" \/>\n<meta name=\"twitter:card\" content=\"summary_large_image\" \/>\n<meta name=\"twitter:label1\" content=\"Est. reading time\" \/>\n\t<meta name=\"twitter:data1\" content=\"2 minutes\" \/>\n<script type=\"application\/ld+json\" class=\"yoast-schema-graph\">{\"@context\":\"https:\/\/schema.org\",\"@graph\":[{\"@type\":\"WebPage\",\"@id\":\"https:\/\/www.nbscett.nb.ca\/\",\"url\":\"https:\/\/www.nbscett.nb.ca\/\",\"name\":\"Sttag N-B -\u00a0NBSCETT\u00a0\",\"isPartOf\":{\"@id\":\"https:\/\/www.nbscett.nb.ca\/en\/#website\"},\"datePublished\":\"2015-12-08T21:01:59+00:00\",\"dateModified\":\"2023-04-04T18:26:33+00:00\",\"breadcrumb\":{\"@id\":\"https:\/\/www.nbscett.nb.ca\/#breadcrumb\"},\"inLanguage\":\"en-US\",\"potentialAction\":[{\"@type\":\"ReadAction\",\"target\":[\"https:\/\/www.nbscett.nb.ca\/\"]}]},{\"@type\":\"BreadcrumbList\",\"@id\":\"https:\/\/www.nbscett.nb.ca\/#breadcrumb\",\"itemListElement\":[{\"@type\":\"ListItem\",\"position\":1,\"name\":\"home\",\"item\":\"https:\/\/www.nbscett.nb.ca\/en\/\"},{\"@type\":\"ListItem\",\"position\":2,\"name\":\"Landing\"}]},{\"@type\":\"WebSite\",\"@id\":\"https:\/\/www.nbscett.nb.ca\/en\/#website\",\"url\":\"https:\/\/www.nbscett.nb.ca\/en\/\",\"name\":\"NBSCETT\",\"description\":\"\",\"potentialAction\":[{\"@type\":\"SearchAction\",\"target\":{\"@type\":\"EntryPoint\",\"urlTemplate\":\"https:\/\/www.nbscett.nb.ca\/en\/?s={search_term_string}\"},\"query-input\":{\"@type\":\"PropertyValueSpecification\",\"valueRequired\":true,\"valueName\":\"search_term_string\"}}],\"inLanguage\":\"en-US\"}]}<\/script>\n<!-- \/ Yoast SEO plugin. -->","yoast_head_json":{"title":"Sttag N-B -\u00a0NBSCETT\u00a0","robots":{"index":"index","follow":"follow","max-snippet":"max-snippet:-1","max-image-preview":"max-image-preview:large","max-video-preview":"max-video-preview:-1"},"canonical":"https:\/\/www.nbscett.nb.ca\/","og_locale":"en_US","og_type":"article","og_title":"Sttag N-B -\u00a0NBSCETT\u00a0","og_description":"[vc_row css=&#8221;.vc_custom_1462895221602{margin-top: 0px !important;}&#8221;][vc_column width=&#8221;1\/12&#8243; offset=&#8221;vc_col-lg-2 vc_col-md-1 vc_hidden-xs&#8221;][\/vc_column][vc_column width=&#8221;5\/6&#8243; offset=&#8221;vc_col-lg-8 vc_col-md-10&#8243;][vc_single_image image=&#8221;69&#8243; img_size=&#8221;full&#8221; css=&#8221;.vc_custom_1449604468487{margin-top: 0px !important;margin-bottom: 0px !important;padding-top: 0px !important;padding-bottom: 0px !important;}&#8221; el_class=&#8221;landing-img&#8221;][vc_row_inner css=&#8221;.vc_custom_1449607472049{margin-bottom: 15px !important;padding-right: 0px !important;padding-left: 0px !important;}&#8221; el_class=&#8221;landing-content&#8221;][vc_column_inner width=&#8221;1\/2&#8243; css=&#8221;.vc_custom_1449607355026{padding-right: 0px !important;}&#8221;][vc_column_text el_class=&#8221;landing-text&#8221; css=&#8221;.vc_custom_1461875331822{margin-top: 0px !important;margin-bottom: 0px !important;padding-top: 30px !important;padding-right: 105px !important;padding-bottom: 30px !important;padding-left: 30px !important;}&#8221;] SttagN-B Soci\u00e9t\u00e9 des techniciens et des [&hellip;]","og_url":"https:\/\/www.nbscett.nb.ca\/","og_site_name":"NBSCETT","article_modified_time":"2023-04-04T18:26:33+00:00","twitter_card":"summary_large_image","twitter_misc":{"Est. reading time":"2 minutes"},"schema":{"@context":"https:\/\/schema.org","@graph":[{"@type":"WebPage","@id":"https:\/\/www.nbscett.nb.ca\/","url":"https:\/\/www.nbscett.nb.ca\/","name":"Sttag N-B -\u00a0NBSCETT\u00a0","isPartOf":{"@id":"https:\/\/www.nbscett.nb.ca\/en\/#website"},"datePublished":"2015-12-08T21:01:59+00:00","dateModified":"2023-04-04T18:26:33+00:00","breadcrumb":{"@id":"https:\/\/www.nbscett.nb.ca\/#breadcrumb"},"inLanguage":"en-US","potentialAction":[{"@type":"ReadAction","target":["https:\/\/www.nbscett.nb.ca\/"]}]},{"@type":"BreadcrumbList","@id":"https:\/\/www.nbscett.nb.ca\/#breadcrumb","itemListElement":[{"@type":"ListItem","position":1,"name":"home","item":"https:\/\/www.nbscett.nb.ca\/en\/"},{"@type":"ListItem","position":2,"name":"Landing"}]},{"@type":"WebSite","@id":"https:\/\/www.nbscett.nb.ca\/en\/#website","url":"https:\/\/www.nbscett.nb.ca\/en\/","name":"NBSCETT","description":"","potentialAction":[{"@type":"SearchAction","target":{"@type":"EntryPoint","urlTemplate":"https:\/\/www.nbscett.nb.ca\/en\/?s={search_term_string}"},"query-input":{"@type":"PropertyValueSpecification","valueRequired":true,"valueName":"search_term_string"}}],"inLanguage":"en-US"}]}},"_links":{"self":[{"href":"https:\/\/www.nbscett.nb.ca\/en\/wp-json\/wp\/v2\/pages\/110","targetHints":{"allow":["GET"]}}],"collection":[{"href":"https:\/\/www.nbscett.nb.ca\/en\/wp-json\/wp\/v2\/pages"}],"about":[{"href":"https:\/\/www.nbscett.nb.ca\/en\/wp-json\/wp\/v2\/types\/page"}],"author":[{"embeddable":true,"href":"https:\/\/www.nbscett.nb.ca\/en\/wp-json\/wp\/v2\/users\/1"}],"replies":[{"embeddable":true,"href":"https:\/\/www.nbscett.nb.ca\/en\/wp-json\/wp\/v2\/comments?post=110"}],"version-history":[{"count":0,"href":"https:\/\/www.nbscett.nb.ca\/en\/wp-json\/wp\/v2\/pages\/110\/revisions"}],"wp:attachment":[{"href":"https:\/\/www.nbscett.nb.ca\/en\/wp-json\/wp\/v2\/media?parent=110"}],"curies":[{"name":"wp","href":"https:\/\/api.w.org\/{rel}","templated":true}]}}